{"id":898,"date":"2022-02-09T13:22:11","date_gmt":"2022-02-09T13:22:11","guid":{"rendered":"https:\/\/www.gsccanarias.com\/gsc\/?page_id=898"},"modified":"2026-04-27T06:03:16","modified_gmt":"2026-04-27T06:03:16","slug":"informacion-sobre-transparencia","status":"publish","type":"page","link":"https:\/\/www.gsccanarias.com\/gsc\/transparencia\/informacion-sobre-transparencia\/","title":{"rendered":"Informaci\u00f3n sobre transparencia"},"content":{"rendered":"<p>[vc_row css_animation=\u00bb\u00bb row_type=\u00bbrow\u00bb use_row_as_full_screen_section=\u00bbno\u00bb type=\u00bbgrid\u00bb angled_section=\u00bbno\u00bb text_align=\u00bbleft\u00bb background_image_as_pattern=\u00bbwithout_pattern\u00bb z_index=\u00bb\u00bb][vc_column width=\u00bb1\/3&#8243; offset=\u00bbvc_col-lg-3&#8243;][vc_empty_space height=\u00bb100px\u00bb][vc_column_text][\/vc_column_text][vc_empty_space height=\u00bb50px\u00bb][vc_widget_sidebar sidebar_id=\u00bbMenu transparencia\u00bb][\/vc_column][vc_column width=\u00bb2\/3&#8243; offset=\u00bbvc_col-lg-9&#8243;][vc_row_inner row_type=\u00bbrow\u00bb type=\u00bbfull_width\u00bb text_align=\u00bbleft\u00bb css_animation=\u00bb\u00bb][vc_column_inner offset=\u00bbvc_hidden-xs\u00bb][vc_empty_space height=\u00bb100px\u00bb][\/vc_column_inner][vc_column_inner offset=\u00bbvc_hidden-lg vc_hidden-md vc_hidden-sm\u00bb][vc_empty_space height=\u00bb50px\u00bb][\/vc_column_inner][\/vc_row_inner][vc_column_text]<\/p>\n<div class=\"content-links\">\n<ul class=\"nav nav-tabs nav-stacked\">\n<li class=\"content-links-a\"><a href=\"https:\/\/www.boe.es\/buscar\/act.php?id=BOE-A-2015-1114\" target=\"_blank\" rel=\"nofollow noopener noreferrer\">Ley 12\/2014, de 26 de diciembre, de transparencia y de acceso a la informaci\u00f3n p\u00fablica.(boe.es)<\/a><\/li>\n<li class=\"content-links-b\"><a href=\"https:\/\/www.boe.es\/boe\/dias\/2013\/12\/10\/pdfs\/BOE-A-2013-12887.pdf\" target=\"_blank\" rel=\"nofollow noopener\">Ley 19\/2013, de 9 de diciembre, de transparencia, acceso a la informaci\u00f3n p\u00fablica y buen gobierno<\/a><\/li>\n<\/ul>\n<\/div>\n<p>En cumplimiento de lo establecido en la\u00a0<strong>Ley 12\/2014 de 26 de diciembre, de transparencia y de acceso a la informaci\u00f3n p\u00fablica<\/strong>, esta sociedad pone a disposici\u00f3n de los ciudadanos toda la informaci\u00f3n relativa a esta empresa p\u00fablica.<\/p>\n<p>Con esta acci\u00f3n,\u00a0el ciudadano\u00a0podr\u00e1 encontrar y descargar desde aqu\u00ed, de una forma sencilla y accesible, los estatutos y otros documentos constitutivos, el objeto social, la financiaci\u00f3n, \u00f3rganos y composici\u00f3n, as\u00ed como las personas titulares, el organigrama, las cuentas anuales y la contrataci\u00f3n, y cualquier otro item que se debiera poner al alcance de la ciudadan\u00eda en general para su conocimiento y consulta.<\/p>\n<p>En el men\u00fa\u00a0 de Transparencia\u00a0tiene las opciones disponibles para\u00a0su acceso a la documentaci\u00f3n facilitada.<\/p>\n<p>Atentamente,\u00a0Gerencia de GSC<\/p>\n<p>&nbsp;<\/p>\n<ul>\n<li>Comisionado-Evaluaci\u00f3n de Transparencia 2023-2024: Nota 10 (sobre 10)<\/li>\n<li><a href=\"https:\/\/www.gsccanarias.com\/gsc\/wp-content\/uploads\/2025\/03\/GSC_2022-2023_Evaluacion_de_transparencia.pdf\" target=\"_blank\" rel=\"noopener\">Comisionado-Evaluaci\u00f3n de Transparencia 2022~2023: Nota 6,27 (sobre 10).<\/a><\/li>\n<li><a href=\"https:\/\/transparenciacanarias.org\/puntuaciones\/\" target=\"_blank\" rel=\"noopener\">Comisionado-Evaluaci\u00f3n de Transparencia 2021: Nota 9,91 (sobre 10).<\/a><\/li>\n<li><a href=\"https:\/\/www.gsccanarias.com\/gsc\/wp-content\/uploads\/2022\/02\/GSC2020_Acreditacion-Transparencia.pdf\" target=\"_blank\" rel=\"noopener\">Comisionado-Evaluaci\u00f3n de Transparencia 2020: Nota 9,83 (sobre 10)<\/a><\/li>\n<li><a href=\"https:\/\/www.gsccanarias.com\/gsc\/wp-content\/uploads\/2022\/02\/GSC_evaluaciontransparencia_2019.pdf\" target=\"_blank\" rel=\"noopener noreferrer\">Comisionado-Evaluaci\u00f3n de Transparencia 2019: Nota 9,45 (sobre 10)<\/a><\/li>\n<li><a href=\"https:\/\/sede.gobcan.es\/sede\/tramites\/4177\" target=\"_blank\" rel=\"noopener noreferrer\">Solicitud de\u00a0Acceso a la Informaci\u00f3n P\u00fablica<\/a><\/li>\n<li><a href=\"https:\/\/transparenciacanarias.org\/\" target=\"_blank\" rel=\"noopener noreferrer\">Comisionado de Transparencia y Acceso a la informaci\u00f3n<\/a>\n<ul>\n<li><a href=\"https:\/\/transparenciacanarias.org\/como-reclamar\/\" target=\"_blank\" rel=\"noopener\">C\u00f3mo reclamar<\/a><\/li>\n<\/ul>\n<\/li>\n<li><a href=\"http:\/\/www.gobcan.es\/transparencia\/\" target=\"_blank\" rel=\"noopener noreferrer\">Portal de Transparencia del Gobierno de Canarias<\/a><\/li>\n<\/ul>\n<p>&nbsp;<\/p>\n<ul>\n<li><a href=\"https:\/\/www.gsccanarias.com\/gsc\/canal-de-comunicaciones\/\" target=\"_blank\" rel=\"noopener\">Acceso a canal de denuncias<\/a><\/li>\n<\/ul>\n<p>[\/vc_column_text][vc_empty_space height=\u00bb100px\u00bb][vc_column_text]<\/p>\n<h2>Datos b\u00e1sicos<\/h2>\n<p>[\/vc_column_text][vc_empty_space height=\u00bb50px\u00bb][vc_column_text]Sociedad an\u00f3nima unipersonal.<\/p>\n<p><strong>Fecha de constituci\u00f3n y modificaci\u00f3n:<\/strong><\/p>\n<p><strong>Constituci\u00f3n:<\/strong> 30 de septiembre de 1994.<\/p>\n<p><strong>Modificaci\u00f3n de objeto social:<\/strong> 6 de abril de 2021.<\/p>\n<p><strong>Modificaci\u00f3n de la denominaci\u00f3n social (Gesti\u00f3n de Servicios para la Salud y Seguridad en Canarias):<\/strong> 13 de febrero de 2025.<\/p>\n<p><strong>Accionariado:<\/strong> 100% p\u00fablico del Gobierno de Canarias.<\/p>\n<p><strong>Capital Social:<\/strong> 474.360,81\u20ac euros.[\/vc_column_text][vc_empty_space height=\u00bb50px\u00bb][vc_row_inner row_type=\u00bbrow\u00bb type=\u00bbfull_width\u00bb text_align=\u00bbleft\u00bb css_animation=\u00bb\u00bb][vc_column_inner width=\u00bb1\/2&#8243;][vc_column_text]<strong>A\u00f1o 1994 Escritura de Constituci\u00f3n de la empresa.<\/strong>[\/vc_column_text][vc_empty_space height=\u00bb5px\u00bb]<a  itemprop=\"url\" href=\"https:\/\/www.gsccanarias.com\/gsc\/wp-content\/uploads\/2022\/01\/A1994EscrituraConstitucionEmpresa.pdf\" target=\"_blank\" data-hover-background-color='#1c4f86' data-hover-border-color='#1c4f86' data-hover-color='#ffffff' class=\"qbutton  medium default\" style=\"color: #1c4f86; border-color: #1c4f86; background-color: #ffffff;\">Descargar A\u00f1o 1994<i class=\"qode_icon_font_awesome fa fa-download qode_button_icon_element\" style=\"\" ><\/i><\/a>[vc_empty_space height=\u00bb15px\u00bb][vc_column_text]<strong>A\u00f1o 2004 Escritura Refundici\u00f3n Estatutos Sociales.<\/strong>[\/vc_column_text][vc_empty_space height=\u00bb5px\u00bb]<a  itemprop=\"url\" href=\"https:\/\/www.gsccanarias.com\/gsc\/wp-content\/uploads\/2022\/01\/A2004EscrituraRefundicionEstatutosSociales.pdf\" target=\"_blank\" data-hover-background-color='#1c4f86' data-hover-border-color='#1c4f86' data-hover-color='#ffffff' class=\"qbutton  medium default\" style=\"color: #1c4f86; border-color: #1c4f86; background-color: #ffffff;\">Descargar A\u00f1o 2004<i class=\"qode_icon_font_awesome fa fa-download qode_button_icon_element\" style=\"\" ><\/i><\/a>[vc_empty_space height=\u00bb15px\u00bb][vc_column_text]<strong>A\u00f1o 2008 Escritura Modificaci\u00f3n Estatutos Sociales.<\/strong>[\/vc_column_text][vc_empty_space height=\u00bb5px\u00bb]<a  itemprop=\"url\" href=\"https:\/\/www.gsccanarias.com\/gsc\/wp-content\/uploads\/2022\/01\/A2008EscrituraModificacionEstatutosSociales.pdf\" target=\"_blank\" data-hover-background-color='#1c4f86' data-hover-border-color='#1c4f86' data-hover-color='#ffffff' class=\"qbutton  medium default\" style=\"color: #1c4f86; border-color: #1c4f86; background-color: #ffffff;\">Descargar A\u00f1o 2008<i class=\"qode_icon_font_awesome fa fa-download qode_button_icon_element\" style=\"\" ><\/i><\/a>[vc_empty_space height=\u00bb15px\u00bb][\/vc_column_inner][vc_column_inner width=\u00bb1\/2&#8243;][vc_column_text]<strong>A\u00f1o 2012 Escritura Cambio de Domicilio Social.<\/strong>[\/vc_column_text][vc_empty_space height=\u00bb5px\u00bb]<a  itemprop=\"url\" href=\"https:\/\/www.gsccanarias.com\/gsc\/wp-content\/uploads\/2022\/01\/A2012EscrituraCambioDomicilioSocial.pdf\" target=\"_blank\" data-hover-background-color='#1c4f86' data-hover-border-color='#1c4f86' data-hover-color='#ffffff' class=\"qbutton  medium default\" style=\"color: #1c4f86; border-color: #1c4f86; background-color: #ffffff;\">Descargar A\u00f1o 2012<i class=\"qode_icon_font_awesome fa fa-download qode_button_icon_element\" style=\"\" ><\/i><\/a>[vc_empty_space height=\u00bb15px\u00bb][vc_column_text]<strong>A\u00f1o 2015 Escritura Reducci\u00f3n de Capital.<\/strong>[\/vc_column_text][vc_empty_space height=\u00bb5px\u00bb]<a  itemprop=\"url\" href=\"https:\/\/www.gsccanarias.com\/gsc\/wp-content\/uploads\/2022\/01\/A2015EscrituraReduccionCapital.pdf\" target=\"_blank\" data-hover-background-color='#1c4f86' data-hover-border-color='#1c4f86' data-hover-color='#ffffff' class=\"qbutton  medium default\" style=\"color: #1c4f86; border-color: #1c4f86; background-color: #ffffff;\">Descargar A\u00f1o 2015<i class=\"qode_icon_font_awesome fa fa-download qode_button_icon_element\" style=\"\" ><\/i><\/a>[vc_empty_space height=\u00bb15px\u00bb][vc_column_text]<strong>A\u00f1o 2021 Escrituras 1.025 y 2.245 Modificaci\u00f3n Estatutaria Medio Propio.<\/strong>[\/vc_column_text][vc_empty_space height=\u00bb5px\u00bb]<a  itemprop=\"url\" href=\"https:\/\/www.gsccanarias.com\/gsc\/wp-content\/uploads\/2022\/01\/A2021Escritura-no-1.025-y-no-2.245-Modificacio\u0301n-Estatutaria-Medio-Propio.pdf\" target=\"_blank\" data-hover-background-color='#1c4f86' data-hover-border-color='#1c4f86' data-hover-color='#ffffff' class=\"qbutton  medium default\" style=\"color: #1c4f86; border-color: #1c4f86; background-color: #ffffff;\">Descargar A\u00f1o 2021<i class=\"qode_icon_font_awesome fa fa-download qode_button_icon_element\" style=\"\" ><\/i><\/a>[vc_empty_space height=\u00bb15px\u00bb][vc_column_text]<strong>A\u00f1o 2025 Escritura Cambio de Domicilio Social.<\/strong>[\/vc_column_text][vc_empty_space height=\u00bb5px\u00bb]<a  itemprop=\"url\" href=\"https:\/\/www.gsccanarias.com\/gsc\/wp-content\/uploads\/2025\/03\/Escritura_215_Modificacion_Domicilio_Social.pdf\" target=\"_blank\" data-hover-background-color='#1c4f86' data-hover-border-color='#1c4f86' data-hover-color='#ffffff' class=\"qbutton  medium default\" style=\"color: #1c4f86; border-color: #1c4f86; background-color: #ffffff;\">Descargar A\u00f1o 2025<i class=\"qode_icon_font_awesome fa fa-download qode_button_icon_element\" style=\"\" ><\/i><\/a>[\/vc_column_inner][\/vc_row_inner][vc_empty_space height=\u00bb100px\u00bb][\/vc_column][\/vc_row]<\/p>\n<div class=\"print\"><span class=\"page_title\">P\u00e1gina: <span>Informaci\u00f3n sobre transparencia<\/span><\/span>\n\t\t\t\t\t\t\t\t\t\t\t<span class=\"page_title\">Fecha de impresi\u00f3n: <span>01\/05\/2026 - 19:19:29 UTC<\/span><\/span>\n\t\t\t\t\t\t\t\t\t\t\t<span class=\"stmp_trans_date\">\u00daltima actualizaci\u00f3n: <span>27\/04\/2026 - 06:03:16<\/span><\/span>\n\t\t\t\t\t\t\t\t\t\t\t<span class=\"stmp_trans_date\">Fecha publicaci\u00f3n: <span>09\/02\/2022 - 13:22:11<\/span><\/span>\n\t\t\t\t\t\t\t\t\t\t\t<span class=\"stmp_trans_date\">Fecha creaci\u00f3n: <span>09\/02\/2022 - 13:22:11<\/span><\/span><\/div>\n\t","protected":false},"excerpt":{"rendered":"<p>[vc_row css_animation=\u00bb\u00bb row_type=\u00bbrow\u00bb use_row_as_full_screen_section=\u00bbno\u00bb type=\u00bbgrid\u00bb angled_section=\u00bbno\u00bb text_align=\u00bbleft\u00bb background_image_as_pattern=\u00bbwithout_pattern\u00bb z_index=\u00bb\u00bb][vc_column width=\u00bb1\/3&#8243; offset=\u00bbvc_col-lg-3&#8243;][vc_empty_space height=\u00bb100px\u00bb][vc_column_text][\/vc_column_text][vc_empty_space height=\u00bb50px\u00bb][vc_widget_sidebar sidebar_id=\u00bbMenu transparencia\u00bb][\/vc_column][vc_column width=\u00bb2\/3&#8243; offset=\u00bbvc_col-lg-9&#8243;][vc_row_inner row_type=\u00bbrow\u00bb type=\u00bbfull_width\u00bb text_align=\u00bbleft\u00bb css_animation=\u00bb\u00bb][vc_column_inner offset=\u00bbvc_hidden-xs\u00bb][vc_empty_space height=\u00bb100px\u00bb][\/vc_column_inner][vc_column_inner offset=\u00bbvc_hidden-lg vc_hidden-md vc_hidden-sm\u00bb][vc_empty_space height=\u00bb50px\u00bb][\/vc_column_inner][\/vc_row_inner][vc_column_text] Ley 12\/2014, de 26 de diciembre, de transparencia y de acceso a la informaci\u00f3n p\u00fablica.(boe.es) Ley 19\/2013, de&#8230;<\/p>\n","protected":false},"author":1,"featured_media":0,"parent":53,"menu_order":0,"comment_status":"closed","ping_status":"closed","template":"full_width.php","meta":{"footnotes":""},"class_list":["post-898","page","type-page","status-publish","has-post-thumbnail","hentry"],"a3_pvc":{"activated":false,"total_views":0,"today_views":0},"yoast_head":"<!-- This site is optimized with the Yoast SEO plugin v27.5 - https:\/\/yoast.com\/product\/yoast-seo-wordpress\/ -->\n<title>Informaci\u00f3n sobre transparencia - GSC<\/title>\n<meta name=\"robots\" content=\"index, follow, max-snippet:-1, max-image-preview:large, max-video-preview:-1\" \/>\n<link rel=\"canonical\" href=\"https:\/\/www.gsccanarias.com\/gsc\/transparencia\/informacion-sobre-transparencia\/\" \/>\n<meta property=\"og:locale\" content=\"es_ES\" \/>\n<meta property=\"og:type\" content=\"article\" \/>\n<meta property=\"og:title\" content=\"Informaci\u00f3n sobre transparencia - GSC\" \/>\n<meta property=\"og:description\" content=\"[vc_row css_animation=\u00bb\u00bb row_type=\u00bbrow\u00bb use_row_as_full_screen_section=\u00bbno\u00bb type=\u00bbgrid\u00bb angled_section=\u00bbno\u00bb text_align=\u00bbleft\u00bb background_image_as_pattern=\u00bbwithout_pattern\u00bb z_index=\u00bb\u00bb][vc_column width=\u00bb1\/3&#8243; offset=\u00bbvc_col-lg-3&#8243;][vc_empty_space height=\u00bb100px\u00bb][vc_column_text][\/vc_column_text][vc_empty_space height=\u00bb50px\u00bb][vc_widget_sidebar sidebar_id=\u00bbMenu transparencia\u00bb][\/vc_column][vc_column width=\u00bb2\/3&#8243; offset=\u00bbvc_col-lg-9&#8243;][vc_row_inner row_type=\u00bbrow\u00bb type=\u00bbfull_width\u00bb text_align=\u00bbleft\u00bb css_animation=\u00bb\u00bb][vc_column_inner offset=\u00bbvc_hidden-xs\u00bb][vc_empty_space height=\u00bb100px\u00bb][\/vc_column_inner][vc_column_inner offset=\u00bbvc_hidden-lg vc_hidden-md vc_hidden-sm\u00bb][vc_empty_space height=\u00bb50px\u00bb][\/vc_column_inner][\/vc_row_inner][vc_column_text] Ley 12\/2014, de 26 de diciembre, de transparencia y de acceso a la informaci\u00f3n p\u00fablica.(boe.es) Ley 19\/2013, de...\" \/>\n<meta property=\"og:url\" content=\"https:\/\/www.gsccanarias.com\/gsc\/transparencia\/informacion-sobre-transparencia\/\" \/>\n<meta property=\"og:site_name\" content=\"GSC\" \/>\n<meta property=\"article:modified_time\" content=\"2026-04-27T06:03:16+00:00\" \/>\n<meta property=\"og:image\" content=\"https:\/\/www.gsccanarias.com\/gsc\/wp-content\/uploads\/2022\/05\/icon_informacion.svg\" \/>\n<meta name=\"twitter:card\" content=\"summary_large_image\" \/>\n<meta name=\"twitter:label1\" content=\"Tiempo de lectura\" \/>\n\t<meta name=\"twitter:data1\" content=\"5 minutos\" \/>\n<script type=\"application\/ld+json\" class=\"yoast-schema-graph\">{\"@context\":\"https:\\\/\\\/schema.org\",\"@graph\":[{\"@type\":\"WebPage\",\"@id\":\"https:\\\/\\\/www.gsccanarias.com\\\/gsc\\\/transparencia\\\/informacion-sobre-transparencia\\\/\",\"url\":\"https:\\\/\\\/www.gsccanarias.com\\\/gsc\\\/transparencia\\\/informacion-sobre-transparencia\\\/\",\"name\":\"Informaci\u00f3n sobre transparencia - GSC\",\"isPartOf\":{\"@id\":\"https:\\\/\\\/www.gsccanarias.com\\\/gsc\\\/#website\"},\"primaryImageOfPage\":{\"@id\":\"https:\\\/\\\/www.gsccanarias.com\\\/gsc\\\/transparencia\\\/informacion-sobre-transparencia\\\/#primaryimage\"},\"image\":{\"@id\":\"https:\\\/\\\/www.gsccanarias.com\\\/gsc\\\/transparencia\\\/informacion-sobre-transparencia\\\/#primaryimage\"},\"thumbnailUrl\":\"https:\\\/\\\/www.gsccanarias.com\\\/gsc\\\/wp-content\\\/uploads\\\/2022\\\/05\\\/icon_informacion.svg\",\"datePublished\":\"2022-02-09T13:22:11+00:00\",\"dateModified\":\"2026-04-27T06:03:16+00:00\",\"breadcrumb\":{\"@id\":\"https:\\\/\\\/www.gsccanarias.com\\\/gsc\\\/transparencia\\\/informacion-sobre-transparencia\\\/#breadcrumb\"},\"inLanguage\":\"es\",\"potentialAction\":[{\"@type\":\"ReadAction\",\"target\":[\"https:\\\/\\\/www.gsccanarias.com\\\/gsc\\\/transparencia\\\/informacion-sobre-transparencia\\\/\"]}]},{\"@type\":\"ImageObject\",\"inLanguage\":\"es\",\"@id\":\"https:\\\/\\\/www.gsccanarias.com\\\/gsc\\\/transparencia\\\/informacion-sobre-transparencia\\\/#primaryimage\",\"url\":\"https:\\\/\\\/www.gsccanarias.com\\\/gsc\\\/wp-content\\\/uploads\\\/2022\\\/05\\\/icon_informacion.svg\",\"contentUrl\":\"https:\\\/\\\/www.gsccanarias.com\\\/gsc\\\/wp-content\\\/uploads\\\/2022\\\/05\\\/icon_informacion.svg\"},{\"@type\":\"BreadcrumbList\",\"@id\":\"https:\\\/\\\/www.gsccanarias.com\\\/gsc\\\/transparencia\\\/informacion-sobre-transparencia\\\/#breadcrumb\",\"itemListElement\":[{\"@type\":\"ListItem\",\"position\":1,\"name\":\"Portada\",\"item\":\"https:\\\/\\\/www.gsccanarias.com\\\/gsc\\\/\"},{\"@type\":\"ListItem\",\"position\":2,\"name\":\"Transparencia\",\"item\":\"https:\\\/\\\/www.gsccanarias.com\\\/gsc\\\/transparencia\\\/\"},{\"@type\":\"ListItem\",\"position\":3,\"name\":\"Informaci\u00f3n sobre transparencia\"}]},{\"@type\":\"WebSite\",\"@id\":\"https:\\\/\\\/www.gsccanarias.com\\\/gsc\\\/#website\",\"url\":\"https:\\\/\\\/www.gsccanarias.com\\\/gsc\\\/\",\"name\":\"GSC\",\"description\":\"Administramos servicios relacionados con la salud, las emergencias, la seguridad y el transporte sanitario\",\"potentialAction\":[{\"@type\":\"SearchAction\",\"target\":{\"@type\":\"EntryPoint\",\"urlTemplate\":\"https:\\\/\\\/www.gsccanarias.com\\\/gsc\\\/?s={search_term_string}\"},\"query-input\":{\"@type\":\"PropertyValueSpecification\",\"valueRequired\":true,\"valueName\":\"search_term_string\"}}],\"inLanguage\":\"es\"}]}<\/script>\n<!-- \/ Yoast SEO plugin. -->","yoast_head_json":{"title":"Informaci\u00f3n sobre transparencia - GSC","robots":{"index":"index","follow":"follow","max-snippet":"max-snippet:-1","max-image-preview":"max-image-preview:large","max-video-preview":"max-video-preview:-1"},"canonical":"https:\/\/www.gsccanarias.com\/gsc\/transparencia\/informacion-sobre-transparencia\/","og_locale":"es_ES","og_type":"article","og_title":"Informaci\u00f3n sobre transparencia - GSC","og_description":"[vc_row css_animation=\u00bb\u00bb row_type=\u00bbrow\u00bb use_row_as_full_screen_section=\u00bbno\u00bb type=\u00bbgrid\u00bb angled_section=\u00bbno\u00bb text_align=\u00bbleft\u00bb background_image_as_pattern=\u00bbwithout_pattern\u00bb z_index=\u00bb\u00bb][vc_column width=\u00bb1\/3&#8243; offset=\u00bbvc_col-lg-3&#8243;][vc_empty_space height=\u00bb100px\u00bb][vc_column_text][\/vc_column_text][vc_empty_space height=\u00bb50px\u00bb][vc_widget_sidebar sidebar_id=\u00bbMenu transparencia\u00bb][\/vc_column][vc_column width=\u00bb2\/3&#8243; offset=\u00bbvc_col-lg-9&#8243;][vc_row_inner row_type=\u00bbrow\u00bb type=\u00bbfull_width\u00bb text_align=\u00bbleft\u00bb css_animation=\u00bb\u00bb][vc_column_inner offset=\u00bbvc_hidden-xs\u00bb][vc_empty_space height=\u00bb100px\u00bb][\/vc_column_inner][vc_column_inner offset=\u00bbvc_hidden-lg vc_hidden-md vc_hidden-sm\u00bb][vc_empty_space height=\u00bb50px\u00bb][\/vc_column_inner][\/vc_row_inner][vc_column_text] Ley 12\/2014, de 26 de diciembre, de transparencia y de acceso a la informaci\u00f3n p\u00fablica.(boe.es) Ley 19\/2013, de...","og_url":"https:\/\/www.gsccanarias.com\/gsc\/transparencia\/informacion-sobre-transparencia\/","og_site_name":"GSC","article_modified_time":"2026-04-27T06:03:16+00:00","og_image":[{"url":"https:\/\/www.gsccanarias.com\/gsc\/wp-content\/uploads\/2022\/05\/icon_informacion.svg","type":"","width":"","height":""}],"twitter_card":"summary_large_image","twitter_misc":{"Tiempo de lectura":"5 minutos"},"schema":{"@context":"https:\/\/schema.org","@graph":[{"@type":"WebPage","@id":"https:\/\/www.gsccanarias.com\/gsc\/transparencia\/informacion-sobre-transparencia\/","url":"https:\/\/www.gsccanarias.com\/gsc\/transparencia\/informacion-sobre-transparencia\/","name":"Informaci\u00f3n sobre transparencia - GSC","isPartOf":{"@id":"https:\/\/www.gsccanarias.com\/gsc\/#website"},"primaryImageOfPage":{"@id":"https:\/\/www.gsccanarias.com\/gsc\/transparencia\/informacion-sobre-transparencia\/#primaryimage"},"image":{"@id":"https:\/\/www.gsccanarias.com\/gsc\/transparencia\/informacion-sobre-transparencia\/#primaryimage"},"thumbnailUrl":"https:\/\/www.gsccanarias.com\/gsc\/wp-content\/uploads\/2022\/05\/icon_informacion.svg","datePublished":"2022-02-09T13:22:11+00:00","dateModified":"2026-04-27T06:03:16+00:00","breadcrumb":{"@id":"https:\/\/www.gsccanarias.com\/gsc\/transparencia\/informacion-sobre-transparencia\/#breadcrumb"},"inLanguage":"es","potentialAction":[{"@type":"ReadAction","target":["https:\/\/www.gsccanarias.com\/gsc\/transparencia\/informacion-sobre-transparencia\/"]}]},{"@type":"ImageObject","inLanguage":"es","@id":"https:\/\/www.gsccanarias.com\/gsc\/transparencia\/informacion-sobre-transparencia\/#primaryimage","url":"https:\/\/www.gsccanarias.com\/gsc\/wp-content\/uploads\/2022\/05\/icon_informacion.svg","contentUrl":"https:\/\/www.gsccanarias.com\/gsc\/wp-content\/uploads\/2022\/05\/icon_informacion.svg"},{"@type":"BreadcrumbList","@id":"https:\/\/www.gsccanarias.com\/gsc\/transparencia\/informacion-sobre-transparencia\/#breadcrumb","itemListElement":[{"@type":"ListItem","position":1,"name":"Portada","item":"https:\/\/www.gsccanarias.com\/gsc\/"},{"@type":"ListItem","position":2,"name":"Transparencia","item":"https:\/\/www.gsccanarias.com\/gsc\/transparencia\/"},{"@type":"ListItem","position":3,"name":"Informaci\u00f3n sobre transparencia"}]},{"@type":"WebSite","@id":"https:\/\/www.gsccanarias.com\/gsc\/#website","url":"https:\/\/www.gsccanarias.com\/gsc\/","name":"GSC","description":"Administramos servicios relacionados con la salud, las emergencias, la seguridad y el transporte sanitario","potentialAction":[{"@type":"SearchAction","target":{"@type":"EntryPoint","urlTemplate":"https:\/\/www.gsccanarias.com\/gsc\/?s={search_term_string}"},"query-input":{"@type":"PropertyValueSpecification","valueRequired":true,"valueName":"search_term_string"}}],"inLanguage":"es"}]}},"publishpress_future_workflow_manual_trigger":{"enabledWorkflows":[]},"_links":{"self":[{"href":"https:\/\/www.gsccanarias.com\/gsc\/wp-json\/wp\/v2\/pages\/898","targetHints":{"allow":["GET"]}}],"collection":[{"href":"https:\/\/www.gsccanarias.com\/gsc\/wp-json\/wp\/v2\/pages"}],"about":[{"href":"https:\/\/www.gsccanarias.com\/gsc\/wp-json\/wp\/v2\/types\/page"}],"author":[{"embeddable":true,"href":"https:\/\/www.gsccanarias.com\/gsc\/wp-json\/wp\/v2\/users\/1"}],"replies":[{"embeddable":true,"href":"https:\/\/www.gsccanarias.com\/gsc\/wp-json\/wp\/v2\/comments?post=898"}],"version-history":[{"count":28,"href":"https:\/\/www.gsccanarias.com\/gsc\/wp-json\/wp\/v2\/pages\/898\/revisions"}],"predecessor-version":[{"id":17999,"href":"https:\/\/www.gsccanarias.com\/gsc\/wp-json\/wp\/v2\/pages\/898\/revisions\/17999"}],"up":[{"embeddable":true,"href":"https:\/\/www.gsccanarias.com\/gsc\/wp-json\/wp\/v2\/pages\/53"}],"wp:attachment":[{"href":"https:\/\/www.gsccanarias.com\/gsc\/wp-json\/wp\/v2\/media?parent=898"}],"curies":[{"name":"wp","href":"https:\/\/api.w.org\/{rel}","templated":true}]}}