{"id":843,"date":"2022-02-09T10:27:10","date_gmt":"2022-02-09T10:27:10","guid":{"rendered":"https:\/\/www.gsccanarias.com\/gsc\/?page_id=843"},"modified":"2023-05-24T07:55:22","modified_gmt":"2023-05-24T07:55:22","slug":"charlas","status":"publish","type":"page","link":"https:\/\/www.gsccanarias.com\/gsc\/charlas\/","title":{"rendered":"Charlas"},"content":{"rendered":"<p>[vc_row css_animation=\u00bb\u00bb row_type=\u00bbrow\u00bb use_row_as_full_screen_section=\u00bbno\u00bb type=\u00bbfull_width\u00bb angled_section=\u00bbno\u00bb text_align=\u00bbleft\u00bb background_image_as_pattern=\u00bbwithout_pattern\u00bb z_index=\u00bb\u00bb][vc_column width=\u00bb1\/6&#8243; css=\u00bb.vc_custom_1684914392786{background-image: url(https:\/\/www.gsccanarias.com\/gsc\/wp-content\/uploads\/2023\/05\/240523foto-recortada.jpg?id=13377) !important;background-position: center !important;background-repeat: no-repeat !important;background-size: cover !important;}\u00bb][vc_row_inner row_type=\u00bbrow\u00bb type=\u00bbfull_width\u00bb text_align=\u00bbleft\u00bb css_animation=\u00bb\u00bb][vc_column_inner offset=\u00bbvc_hidden-xs\u00bb][vc_empty_space height=\u00bb850px\u00bb][\/vc_column_inner][vc_column_inner offset=\u00bbvc_hidden-lg vc_hidden-md vc_hidden-sm\u00bb][vc_empty_space height=\u00bb400px\u00bb][\/vc_column_inner][\/vc_row_inner][\/vc_column][vc_column width=\u00bb2\/3&#8243;][vc_empty_space height=\u00bb100px\u00bb][vc_row_inner row_type=\u00bbrow\u00bb type=\u00bbfull_width\u00bb text_align=\u00bbleft\u00bb css_animation=\u00bb\u00bb][vc_column_inner width=\u00bb1\/12&#8243;][\/vc_column_inner][vc_column_inner el_class=\u00bbpadding\u00bb width=\u00bb5\/6&#8243; offset=\u00bbvc_col-lg-5 vc_col-md-5&#8243;][vc_column_text]<\/p>\n<h1>Charlas<\/h1>\n<p>[\/vc_column_text][\/vc_column_inner][vc_column_inner width=\u00bb5\/12&#8243;][\/vc_column_inner][vc_column_inner width=\u00bb1\/12&#8243;][\/vc_column_inner][\/vc_row_inner][vc_row_inner row_type=\u00bbrow\u00bb type=\u00bbfull_width\u00bb text_align=\u00bbleft\u00bb css_animation=\u00bb\u00bb][vc_column_inner width=\u00bb1\/12&#8243;][\/vc_column_inner][vc_column_inner el_class=\u00bbpadding\u00bb width=\u00bb11\/12&#8243; offset=\u00bbvc_col-md-10&#8243;][vc_column_text]Gesti\u00f3n de Servicios para la Salud y Seguridad en Canarias (GSC), empresa p\u00fablica del Gobierno de Canarias, que gestiona el 1-1-2 Canarias y el Servicio de Urgencias Canario (SUC), incluye en su objeto social la formaci\u00f3n en materia de atenci\u00f3n y gesti\u00f3n de las urgencias y las emergencias, as\u00ed como la educaci\u00f3n para la salud.<\/p>\n<p>Dentro de las actividades divulgativas de GSC, el 1-1-2 Canarias lleva varios a\u00f1os promoviendo la formaci\u00f3n en primeros auxilios, as\u00ed como el conocimiento y buen uso del tel\u00e9fono de emergencias 1-1-2 entre diferentes sectores sociales.[\/vc_column_text][\/vc_column_inner][vc_column_inner width=\u00bb1\/12&#8243;][\/vc_column_inner][\/vc_row_inner][vc_row_inner row_type=\u00bbrow\u00bb type=\u00bbfull_width\u00bb text_align=\u00bbleft\u00bb css_animation=\u00bb\u00bb][vc_column_inner width=\u00bb1\/12&#8243;][\/vc_column_inner][vc_column_inner el_class=\u00bbpadding\u00bb width=\u00bb11\/12&#8243; offset=\u00bbvc_col-md-10&#8243;][vc_empty_space height=\u00bb30px\u00bb]<div class=\"qode-accordion-holder clearfix qode-toggle qode-initial \">\n\t<h4 class=\"clearfix qode-title-holder\">\n<span class=\"qode-tab-title\">\n\t    <span class=\"qode-tab-title-inner\">\n        1-1-2 Canarias    <\/span>\n<\/span>\n<span class=\"qode-accordion-mark\">\n    <span class=\"qode-accordion-mark-icon\">\n        <span class=\"icon_plus\"><\/span>\n        <span class=\"icon_minus-06\"><\/span>\n    <\/span>\n<\/span>\n<\/h4>\n<div  class=\"qode-accordion-content \" >\n    <div class=\"qode-accordion-content-inner\">\n        [vc_column_text]El\u00a0 CECOES 1-1-2 Canarias imparte charlas formativas para escolares y otros colectivos sociales con el objetivo principal de fomentar la cultura preventiva y mejorar la capacidad de reacci\u00f3n de la poblaci\u00f3n ante situaciones de emergencia. Para ello, es vital que conozcan qu\u00e9 es y para qu\u00e9 sirve el 1-1-2, as\u00ed como los consejos de autoprotecci\u00f3n ante alertas meteorol\u00f3gicas y los avances tecnol\u00f3gicos con que cuenta el 1-1-2 Canarias para llevar a cabo la gesti\u00f3n de las emergencias, como la localizaci\u00f3n de llamadas.<\/p>\n<p>Para solicitar estas charlas presenciales o encuentros virtuales deber\u00e1n rellenar el siguiente formulario[\/vc_column_text]    <\/div>\n<\/div><h4 class=\"clearfix qode-title-holder\">\n<span class=\"qode-tab-title\">\n\t    <span class=\"qode-tab-title-inner\">\n        SUC    <\/span>\n<\/span>\n<span class=\"qode-accordion-mark\">\n    <span class=\"qode-accordion-mark-icon\">\n        <span class=\"icon_plus\"><\/span>\n        <span class=\"icon_minus-06\"><\/span>\n    <\/span>\n<\/span>\n<\/h4>\n<div  class=\"qode-accordion-content \" >\n    <div class=\"qode-accordion-content-inner\">\n        [vc_column_text]El Servicio de Urgencias Canario ha dise\u00f1ado un programa que persigue formar a la poblaci\u00f3n en primeros auxilios para que disponga de unos conocimientos b\u00e1sicos que permitan proporcionar una correcta ayuda mientras llega la asistencia sanitaria profesional.<\/p>\n<p>Consejos te\u00f3ricos y pr\u00e1cticos sobre c\u00f3mo prevenir situaciones de riesgo y c\u00f3mo actuar ante una emergencia y talleres de masaje cardiaco en caso de parada cardiorrespiratoria.<\/p>\n<p>Para solicitar estas charlas presenciales o encuentros virtuales deber\u00e1n rellenar el siguiente formulario[\/vc_column_text]    <\/div>\n<\/div><\/div>[\/vc_column_inner][vc_column_inner width=\u00bb1\/12&#8243;][\/vc_column_inner][\/vc_row_inner][vc_empty_space height=\u00bb70px\u00bb][vc_row_inner row_type=\u00bbrow\u00bb type=\u00bbfull_width\u00bb text_align=\u00bbleft\u00bb css_animation=\u00bb\u00bb][vc_column_inner width=\u00bb1\/12&#8243;][\/vc_column_inner][vc_column_inner el_class=\u00bbpadding\u00bb width=\u00bb5\/6&#8243; offset=\u00bbvc_col-md-5&#8243;][vc_column_text]<\/p>\n<h2>Formulario<\/h2>\n<p>[\/vc_column_text][\/vc_column_inner][vc_column_inner width=\u00bb5\/12&#8243;][\/vc_column_inner][vc_column_inner width=\u00bb1\/12&#8243;][\/vc_column_inner][\/vc_row_inner][vc_row_inner row_type=\u00bbrow\u00bb type=\u00bbgrid\u00bb text_align=\u00bbleft\u00bb css_animation=\u00bb\u00bb][vc_column_inner width=\u00bb1\/12&#8243;][\/vc_column_inner][vc_column_inner width=\u00bb10\/12&#8243;][vc_column_text el_class=\u00bbTextosLegales\u00bb]<\/p>\n<p style=\"text-align: left;\" align=\"justify\"><strong>Formulario web de Gesti\u00f3n de Servicios para la Salud y Seguridad en Canarias<br \/>\nINFORMACI\u00d3N B\u00c1SICA DE PROTECCI\u00d3N DE DATOS<br \/>\n<\/strong><\/p>\n<p style=\"text-align: left;\" align=\"justify\">Responsable del tratamiento GESTI\u00d3N DE SERVICIOS PARA LA SALUD Y SEGURIDAD EN CANARIAS S.A. &#8211; CIF A35378066 Contacto con el Delegado de Protecci\u00f3n de Datos: gscdpo@gsccanarias.com<br \/>\n<strong>Finalidad:<\/strong>\u00a0Los datos ser\u00e1n utilizados para la prestaci\u00f3n de los servicios, atender su solicitud y para la remisi\u00f3n de informaci\u00f3n de nuestra entidad si nos ha prestado su consentimiento.<br \/>\n<strong>Legitimaci\u00f3n:<\/strong>\u00a0Ejecuci\u00f3n de un contrato\/precontrato, obligaci\u00f3n legal y consentimiento del interesado.<br \/>\n<strong>Destinatarios:<\/strong>\u00a0Organismos obligados por Ley.<br \/>\n<strong>Derechos:<\/strong>\u00a0Pueden ejercer sus derechos de acceso, rectificaci\u00f3n, supresi\u00f3n y oposici\u00f3n, portabilidad, limitaci\u00f3n y a no ser objeto de decisiones automatizadas o retirar el consentimiento prestado.<br \/>\nSi no quiere recibir informaci\u00f3n de nuestra entidad puede revocar el consentimiento enviando un correo-e a gscprotecciondedatos@gsccanarias.com indicando en el apartado asunto \u00abBaja informaci\u00f3n\u00bb.<br \/>\n<strong>Informaci\u00f3n adicional:<\/strong>\u00a0Puede consultar la informaci\u00f3n adicional y detallada sobre protecci\u00f3n de datos en cualquiera de nuestras web www.gsccanarias.com , www.112canarias.com o www.succanarias.com o solicitar una copia a: gscprotecciondedatos@gsccanarias.com.<\/p>\n<p>[\/vc_column_text]\n<div class=\"wpcf7 no-js\" id=\"wpcf7-f923-o1\" lang=\"es-ES\" dir=\"ltr\" data-wpcf7-id=\"923\">\n<div class=\"screen-reader-response\"><p role=\"status\" aria-live=\"polite\" aria-atomic=\"true\"><\/p> <ul><\/ul><\/div>\n<form action=\"\/gsc\/wp-json\/wp\/v2\/pages\/843#wpcf7-f923-o1\" method=\"post\" class=\"wpcf7-form init default\" aria-label=\"Formulario de contacto\" novalidate=\"novalidate\" data-status=\"init\">\n<fieldset class=\"hidden-fields-container\"><input type=\"hidden\" name=\"_wpcf7\" value=\"923\" \/><input type=\"hidden\" name=\"_wpcf7_version\" value=\"6.1.5\" \/><input type=\"hidden\" name=\"_wpcf7_locale\" value=\"es_ES\" \/><input type=\"hidden\" name=\"_wpcf7_unit_tag\" value=\"wpcf7-f923-o1\" \/><input type=\"hidden\" name=\"_wpcf7_container_post\" value=\"0\" \/><input type=\"hidden\" name=\"_wpcf7_posted_data_hash\" value=\"\" \/><input type=\"hidden\" name=\"_wpcf7_recaptcha_response\" value=\"\" \/>\n<\/fieldset>\n<p><label> Nombre*<br \/>\n<span class=\"wpcf7-form-control-wrap\" data-name=\"your-name\"><input size=\"40\" maxlength=\"400\" class=\"wpcf7-form-control wpcf7-text wpcf7-validates-as-required\" aria-required=\"true\" aria-invalid=\"false\" placeholder=\"(OBLIGATORIO) - Ind\u00edquenos su nombre completo para poder dirigirnos a usted.\" value=\"\" type=\"text\" name=\"your-name\" \/><\/span> <\/label>\n<\/p>\n<p><label> Correo electr\u00f3nico*<br \/>\n<span class=\"wpcf7-form-control-wrap\" data-name=\"your-email\"><input size=\"40\" maxlength=\"400\" class=\"wpcf7-form-control wpcf7-email wpcf7-validates-as-required wpcf7-text wpcf7-validates-as-email\" aria-required=\"true\" aria-invalid=\"false\" placeholder=\"(OBLIGATORIO) - Ind\u00edquenos la direcci\u00f3n de correo electr\u00f3nico por la que podamos ponernos en contacto con usted.\" value=\"\" type=\"email\" name=\"your-email\" \/><\/span> <\/label>\n<\/p>\n<p><label> Servicios*<br \/>\n<span class=\"wpcf7-form-control-wrap\" data-name=\"servicio\"><select class=\"wpcf7-form-control wpcf7-select\" aria-invalid=\"false\" name=\"servicio\"><option value=\"1-1-2 Canarias\">1-1-2 Canarias<\/option><option value=\"SUC\">SUC<\/option><\/select><\/span> <\/label>\n<\/p>\n<p><label> Asunto*<br \/>\n<span class=\"wpcf7-form-control-wrap\" data-name=\"your-subject\"><input size=\"40\" maxlength=\"400\" class=\"wpcf7-form-control wpcf7-text wpcf7-validates-as-required\" aria-required=\"true\" aria-invalid=\"false\" placeholder=\"(OBLIGATORIO) - Ind\u00edquenos de forma concisa el motivo por el cual nos contacta.\" value=\"\" type=\"text\" name=\"your-subject\" \/><\/span><\/label>\n<\/p>\n<p><label> Mensaje<br \/>\n<span class=\"wpcf7-form-control-wrap\" data-name=\"your-message\"><textarea cols=\"40\" rows=\"10\" maxlength=\"2000\" class=\"wpcf7-form-control wpcf7-textarea\" aria-invalid=\"false\" placeholder=\"(OPCIONAL) - En este apartado puede desarrollar el motivo de su mensaje.\" name=\"your-message\"><\/textarea><\/span><\/label>\n<\/p>\n<p><span class=\"wpcf7-form-control-wrap\" data-name=\"acceptance-180\"><span class=\"wpcf7-form-control wpcf7-acceptance\"><span class=\"wpcf7-list-item\"><input type=\"checkbox\" name=\"acceptance-180\" value=\"1\" aria-invalid=\"false\" \/><\/span><\/span><\/span> (OBLIGATORIO) - He le\u00eddo el Aviso legal, la Pol\u00edtica de Privacidad y la Pol\u00edtica de Cookies [entrar desde enlaces inferiores del final de la p\u00e1gina] y Autorizo a que Gesti\u00f3n de Servicios para la Salud y Seguridad en Canarias trate mis datos personales para contactar conmigo [\/acceptance]\n<\/p>\n<span class=\"wpcf7-form-control-wrap recaptcha\" data-name=\"recaptcha\"><span data-sitekey=\"6Le4EKYUAAAAAARgiV2e21N1n-_BXruQ5po0ymCB\" class=\"wpcf7-form-control wpcf7-recaptcha g-recaptcha\"><\/span>\r\n<noscript>\r\n\t<div class=\"grecaptcha-noscript\">\r\n\t\t<iframe loading=\"lazy\" src=\"https:\/\/www.google.com\/recaptcha\/api\/fallback?k=6Le4EKYUAAAAAARgiV2e21N1n-_BXruQ5po0ymCB\" frameborder=\"0\" scrolling=\"no\" width=\"310\" height=\"430\">\r\n\t\t<\/iframe>\r\n\t\t<textarea name=\"g-recaptcha-response\" rows=\"3\" cols=\"40\" placeholder=\"Aqu\u00ed la respuesta de reCAPTCHA\">\r\n\t\t<\/textarea>\r\n\t<\/div>\r\n<\/noscript>\r\n<\/span>\n<p><input class=\"wpcf7-form-control wpcf7-submit has-spinner\" type=\"submit\" value=\"Enviar\" \/>\n<\/p><div class=\"wpcf7-response-output\" aria-hidden=\"true\"><\/div>\n<\/form>\n<\/div>\n[\/vc_column_inner][vc_column_inner width=\u00bb1\/12&#8243;][\/vc_column_inner][\/vc_row_inner][vc_empty_space height=\u00bb70px\u00bb][\/vc_column][vc_column width=\u00bb1\/6&#8243;][\/vc_column][\/vc_row]<\/p>\n<div class=\"print\"><span class=\"page_title\">P\u00e1gina: <span>Charlas<\/span><\/span>\n\t\t\t\t\t\t\t\t\t\t\t<span class=\"page_title\">Fecha de impresi\u00f3n: <span>12\/04\/2026 - 10:02:34 UTC<\/span><\/span>\n\t\t\t\t\t\t\t\t\t\t\t<span class=\"stmp_trans_date\">\u00daltima actualizaci\u00f3n: <span>24\/05\/2023 - 07:55:22<\/span><\/span>\n\t\t\t\t\t\t\t\t\t\t\t<span class=\"stmp_trans_date\">Fecha publicaci\u00f3n: <span>09\/02\/2022 - 10:27:10<\/span><\/span>\n\t\t\t\t\t\t\t\t\t\t\t<span class=\"stmp_trans_date\">Fecha creaci\u00f3n: <span>09\/02\/2022 - 10:27:10<\/span><\/span><\/div>\n\t","protected":false},"excerpt":{"rendered":"<p>[vc_row css_animation=\u00bb\u00bb row_type=\u00bbrow\u00bb use_row_as_full_screen_section=\u00bbno\u00bb type=\u00bbfull_width\u00bb angled_section=\u00bbno\u00bb text_align=\u00bbleft\u00bb background_image_as_pattern=\u00bbwithout_pattern\u00bb z_index=\u00bb\u00bb][vc_column width=\u00bb1\/6&#8243; css=\u00bb.vc_custom_1684914392786{background-image: url(https:\/\/www.gsccanarias.com\/gsc\/wp-content\/uploads\/2023\/05\/240523foto-recortada.jpg?id=13377) !important;background-position: center !important;background-repeat: no-repeat !important;background-size: cover !important;}\u00bb][vc_row_inner row_type=\u00bbrow\u00bb type=\u00bbfull_width\u00bb text_align=\u00bbleft\u00bb css_animation=\u00bb\u00bb][vc_column_inner offset=\u00bbvc_hidden-xs\u00bb][vc_empty_space height=\u00bb850px\u00bb][\/vc_column_inner][vc_column_inner offset=\u00bbvc_hidden-lg vc_hidden-md vc_hidden-sm\u00bb][vc_empty_space height=\u00bb400px\u00bb][\/vc_column_inner][\/vc_row_inner][\/vc_column][vc_column width=\u00bb2\/3&#8243;][vc_empty_space height=\u00bb100px\u00bb][vc_row_inner row_type=\u00bbrow\u00bb type=\u00bbfull_width\u00bb text_align=\u00bbleft\u00bb css_animation=\u00bb\u00bb][vc_column_inner width=\u00bb1\/12&#8243;][\/vc_column_inner][vc_column_inner el_class=\u00bbpadding\u00bb width=\u00bb5\/6&#8243; offset=\u00bbvc_col-lg-5 vc_col-md-5&#8243;][vc_column_text] Charlas [\/vc_column_text][\/vc_column_inner][vc_column_inner width=\u00bb5\/12&#8243;][\/vc_column_inner][vc_column_inner width=\u00bb1\/12&#8243;][\/vc_column_inner][\/vc_row_inner][vc_row_inner row_type=\u00bbrow\u00bb&#8230;<\/p>\n","protected":false},"author":1,"featured_media":0,"parent":0,"menu_order":0,"comment_status":"closed","ping_status":"closed","template":"full_width.php","meta":{"footnotes":""},"class_list":["post-843","page","type-page","status-publish","has-post-thumbnail","hentry"],"publishpress_future_workflow_manual_trigger":{"enabledWorkflows":[]},"_links":{"self":[{"href":"https:\/\/www.gsccanarias.com\/gsc\/wp-json\/wp\/v2\/pages\/843","targetHints":{"allow":["GET"]}}],"collection":[{"href":"https:\/\/www.gsccanarias.com\/gsc\/wp-json\/wp\/v2\/pages"}],"about":[{"href":"https:\/\/www.gsccanarias.com\/gsc\/wp-json\/wp\/v2\/types\/page"}],"author":[{"embeddable":true,"href":"https:\/\/www.gsccanarias.com\/gsc\/wp-json\/wp\/v2\/users\/1"}],"replies":[{"embeddable":true,"href":"https:\/\/www.gsccanarias.com\/gsc\/wp-json\/wp\/v2\/comments?post=843"}],"version-history":[{"count":17,"href":"https:\/\/www.gsccanarias.com\/gsc\/wp-json\/wp\/v2\/pages\/843\/revisions"}],"predecessor-version":[{"id":13379,"href":"https:\/\/www.gsccanarias.com\/gsc\/wp-json\/wp\/v2\/pages\/843\/revisions\/13379"}],"wp:attachment":[{"href":"https:\/\/www.gsccanarias.com\/gsc\/wp-json\/wp\/v2\/media?parent=843"}],"curies":[{"name":"wp","href":"https:\/\/api.w.org\/{rel}","templated":true}]}}