{"id":55,"date":"2021-12-27T11:52:30","date_gmt":"2021-12-27T11:52:30","guid":{"rendered":"https:\/\/www.gsccanarias.com\/gsc\/?page_id=55"},"modified":"2022-07-07T08:00:13","modified_gmt":"2022-07-07T08:00:13","slug":"servicios","status":"publish","type":"page","link":"https:\/\/www.gsccanarias.com\/gsc\/servicios\/","title":{"rendered":"Servicios"},"content":{"rendered":"<p>[vc_row css_animation=\u00bb\u00bb row_type=\u00bbrow\u00bb use_row_as_full_screen_section=\u00bbno\u00bb type=\u00bbfull_width\u00bb angled_section=\u00bbno\u00bb text_align=\u00bbleft\u00bb background_image_as_pattern=\u00bbwithout_pattern\u00bb][vc_column width=\u00bb5\/12&#8243; css=\u00bb.vc_custom_1649073711069{padding-right: 30px !important;padding-left: 30px !important;}\u00bb offset=\u00bbvc_col-lg-3 vc_col-md-5&#8243;][vc_row_inner row_type=\u00bbrow\u00bb type=\u00bbfull_width\u00bb text_align=\u00bbleft\u00bb css_animation=\u00bb\u00bb][vc_column_inner offset=\u00bbvc_hidden-lg vc_hidden-md vc_hidden-xs\u00bb][vc_empty_space height=\u00bb20px\u00bb][\/vc_column_inner][vc_column_inner offset=\u00bbvc_hidden-xs\u00bb][vc_empty_space height=\u00bb100px\u00bb][\/vc_column_inner][vc_column_inner offset=\u00bbvc_hidden-lg vc_hidden-md vc_hidden-sm\u00bb][vc_empty_space height=\u00bb100px\u00bb][\/vc_column_inner][\/vc_row_inner]<a  itemprop=\"url\" href=\"https:\/\/www.gsccanarias.com\/gsc\/servicios\/cecoes-1-1-2-canarias\/\" target=\"_self\"  class=\"qbutton  big_large_full_width default\" style=\"\">CECOES 1-1-2 Canarias<\/a>[vc_empty_space height=\u00bb10px\u00bb]<a  itemprop=\"url\" href=\"https:\/\/www.gsccanarias.com\/gsc\/servicios\/servicio-de-urgencia-canario\/\" target=\"_self\"  class=\"qbutton  big_large_full_width default\" style=\"\">Servicio de Urgencias Canario<\/a>[vc_empty_space height=\u00bb10px\u00bb]<a  itemprop=\"url\" href=\"https:\/\/www.gsccanarias.com\/gsc\/servicios\/transporte-sanitario-no-urgente\/\" target=\"_self\"  class=\"qbutton  big_large_full_width default\" style=\"\">Transporte Sanitario no Urgente<\/a>[vc_empty_space height=\u00bb10px\u00bb]<a  itemprop=\"url\" href=\"https:\/\/www.gsccanarias.com\/gsc\/servicios\/atencion-a-la-mujer-vvg\/\" target=\"_self\"  class=\"qbutton  big_large_full_width default\" style=\"\">Atenci\u00f3n a la mujer VVG<\/a>[vc_empty_space height=\u00bb10px\u00bb]<a  itemprop=\"url\" href=\"https:\/\/www.gsccanarias.com\/gsc\/servicios\/gestion-servicio\/\" target=\"_self\"  class=\"qbutton  big_large_full_width default\" style=\"\">+ Gesti\u00f3n + Servicios<\/a>[vc_empty_space height=\u00bb40px\u00bb][\/vc_column][vc_column width=\u00bb7\/12&#8243;][vc_row_inner row_type=\u00bbrow\u00bb type=\u00bbfull_width\u00bb text_align=\u00bbleft\u00bb css_animation=\u00bb\u00bb][vc_column_inner offset=\u00bbvc_hidden-xs\u00bb][vc_empty_space height=\u00bb100px\u00bb][\/vc_column_inner][\/vc_row_inner][vc_row_inner row_type=\u00bbrow\u00bb type=\u00bbfull_width\u00bb text_align=\u00bbleft\u00bb css_animation=\u00bb\u00bb][vc_column_inner css=\u00bb.vc_custom_1640858843705{padding-right: 40px !important;padding-left: 40px !important;}\u00bb][vc_column_text]La empresa p\u00fablica GSC gestiona servicios relacionados con la coordinaci\u00f3n de las emergencias, las urgencias y el transporte sanitario, la formaci\u00f3n para la salud y la seguridad p\u00fablica o la recaudaci\u00f3n sanitaria. Sus principales marcas de cara al exterior son el Servicio de Urgencias Canario (SUC), el Centro Coordinador de Emergencias y Seguridad (CECOES) 1-1-2, pero administra el[\/vc_column_text][vc_column_text]Transporte Sanitario No Urgente (TSNU); el servicio de Atenci\u00f3n a la Mujer V\u00edctima de Violencia de G\u00e9nero; la l\u00ednea de atenci\u00f3n e informaci\u00f3n del Coronavirus; el servicio de Farmacovigilancia e Informaci\u00f3n terap\u00e9utica de Canarias y el servicio de Recaudaci\u00f3n y Facturaci\u00f3n del Servicio Canario de la Salud.[\/vc_column_text][\/vc_column_inner][\/vc_row_inner][vc_empty_space height=\u00bb100px\u00bb][\/vc_column][vc_column width=\u00bb1\/6&#8243; css=\u00bb.vc_custom_1649073126648{background-image: url(https:\/\/www.gsccanarias.com\/gsc\/wp-content\/uploads\/2022\/02\/Servicios-1.jpg?id=930) !important;}\u00bb offset=\u00bbvc_hidden-md vc_hidden-sm vc_hidden-xs\u00bb][vc_empty_space height=\u00bb500px\u00bb][\/vc_column][\/vc_row]<\/p>\n<div class=\"print\"><span class=\"page_title\">P\u00e1gina: <span>Servicios<\/span><\/span>\n\t\t\t\t\t\t\t\t\t\t\t<span class=\"page_title\">Fecha de impresi\u00f3n: <span>05\/04\/2026 - 16:03:59 UTC<\/span><\/span>\n\t\t\t\t\t\t\t\t\t\t\t<span class=\"stmp_trans_date\">\u00daltima actualizaci\u00f3n: <span>07\/07\/2022 - 08:00:13<\/span><\/span>\n\t\t\t\t\t\t\t\t\t\t\t<span class=\"stmp_trans_date\">Fecha publicaci\u00f3n: <span>27\/12\/2021 - 11:52:30<\/span><\/span>\n\t\t\t\t\t\t\t\t\t\t\t<span class=\"stmp_trans_date\">Fecha creaci\u00f3n: <span>27\/12\/2021 - 11:52:30<\/span><\/span><\/div>\n\t","protected":false},"excerpt":{"rendered":"<p>[vc_row css_animation=\u00bb\u00bb row_type=\u00bbrow\u00bb use_row_as_full_screen_section=\u00bbno\u00bb type=\u00bbfull_width\u00bb angled_section=\u00bbno\u00bb text_align=\u00bbleft\u00bb background_image_as_pattern=\u00bbwithout_pattern\u00bb][vc_column width=\u00bb5\/12&#8243; css=\u00bb.vc_custom_1649073711069{padding-right: 30px !important;padding-left: 30px !important;}\u00bb offset=\u00bbvc_col-lg-3 vc_col-md-5&#8243;][vc_row_inner row_type=\u00bbrow\u00bb type=\u00bbfull_width\u00bb text_align=\u00bbleft\u00bb css_animation=\u00bb\u00bb][vc_column_inner offset=\u00bbvc_hidden-lg vc_hidden-md vc_hidden-xs\u00bb][vc_empty_space height=\u00bb20px\u00bb][\/vc_column_inner][vc_column_inner offset=\u00bbvc_hidden-xs\u00bb][vc_empty_space height=\u00bb100px\u00bb][\/vc_column_inner][vc_column_inner offset=\u00bbvc_hidden-lg vc_hidden-md vc_hidden-sm\u00bb][vc_empty_space height=\u00bb100px\u00bb][\/vc_column_inner][\/vc_row_inner][vc_empty_space height=\u00bb10px\u00bb][vc_empty_space height=\u00bb10px\u00bb][vc_empty_space height=\u00bb10px\u00bb][vc_empty_space height=\u00bb10px\u00bb][vc_empty_space height=\u00bb40px\u00bb][\/vc_column][vc_column width=\u00bb7\/12&#8243;][vc_row_inner row_type=\u00bbrow\u00bb type=\u00bbfull_width\u00bb text_align=\u00bbleft\u00bb css_animation=\u00bb\u00bb][vc_column_inner offset=\u00bbvc_hidden-xs\u00bb][vc_empty_space height=\u00bb100px\u00bb][\/vc_column_inner][\/vc_row_inner][vc_row_inner row_type=\u00bbrow\u00bb type=\u00bbfull_width\u00bb text_align=\u00bbleft\u00bb&#8230;<\/p>\n","protected":false},"author":1,"featured_media":0,"parent":0,"menu_order":0,"comment_status":"closed","ping_status":"closed","template":"full_width.php","meta":{"footnotes":""},"class_list":["post-55","page","type-page","status-publish","has-post-thumbnail","hentry"],"publishpress_future_workflow_manual_trigger":{"enabledWorkflows":[]},"_links":{"self":[{"href":"https:\/\/www.gsccanarias.com\/gsc\/wp-json\/wp\/v2\/pages\/55","targetHints":{"allow":["GET"]}}],"collection":[{"href":"https:\/\/www.gsccanarias.com\/gsc\/wp-json\/wp\/v2\/pages"}],"about":[{"href":"https:\/\/www.gsccanarias.com\/gsc\/wp-json\/wp\/v2\/types\/page"}],"author":[{"embeddable":true,"href":"https:\/\/www.gsccanarias.com\/gsc\/wp-json\/wp\/v2\/users\/1"}],"replies":[{"embeddable":true,"href":"https:\/\/www.gsccanarias.com\/gsc\/wp-json\/wp\/v2\/comments?post=55"}],"version-history":[{"count":42,"href":"https:\/\/www.gsccanarias.com\/gsc\/wp-json\/wp\/v2\/pages\/55\/revisions"}],"predecessor-version":[{"id":12499,"href":"https:\/\/www.gsccanarias.com\/gsc\/wp-json\/wp\/v2\/pages\/55\/revisions\/12499"}],"wp:attachment":[{"href":"https:\/\/www.gsccanarias.com\/gsc\/wp-json\/wp\/v2\/media?parent=55"}],"curies":[{"name":"wp","href":"https:\/\/api.w.org\/{rel}","templated":true}]}}