{"id":547,"date":"2022-01-21T09:57:22","date_gmt":"2022-01-21T09:57:22","guid":{"rendered":"https:\/\/www.gsccanarias.com\/gsc\/?page_id=547"},"modified":"2025-03-07T10:29:19","modified_gmt":"2025-03-07T10:29:19","slug":"relacion-de-personal-por-categorias","status":"publish","type":"page","link":"https:\/\/www.gsccanarias.com\/gsc\/transparencia\/empleo-en-el-sector-publico\/relacion-de-personal-por-categorias\/","title":{"rendered":"Relaci\u00f3n de personal por Categor\u00edas"},"content":{"rendered":"<p>[vc_row css_animation=\u00bb\u00bb row_type=\u00bbrow\u00bb use_row_as_full_screen_section=\u00bbno\u00bb type=\u00bbgrid\u00bb angled_section=\u00bbno\u00bb text_align=\u00bbleft\u00bb background_image_as_pattern=\u00bbwithout_pattern\u00bb z_index=\u00bb\u00bb][vc_column width=\u00bb1\/3&#8243; offset=\u00bbvc_col-lg-3&#8243;][vc_empty_space height=\u00bb100px\u00bb][vc_column_text][\/vc_column_text][vc_empty_space height=\u00bb50px\u00bb][vc_widget_sidebar sidebar_id=\u00bbMenu transparencia\u00bb][\/vc_column][vc_column width=\u00bb2\/3&#8243; offset=\u00bbvc_col-lg-9&#8243;][vc_row_inner row_type=\u00bbrow\u00bb type=\u00bbfull_width\u00bb text_align=\u00bbleft\u00bb css_animation=\u00bb\u00bb][vc_column_inner offset=\u00bbvc_hidden-xs\u00bb][vc_empty_space height=\u00bb100px\u00bb][\/vc_column_inner][vc_column_inner offset=\u00bbvc_hidden-lg vc_hidden-md vc_hidden-sm\u00bb][vc_empty_space height=\u00bb30px\u00bb][\/vc_column_inner][\/vc_row_inner][vc_column_text]En el siguiente conjunto de datos podr\u00e1 encontrar la relaci\u00f3n de personal de nuestra Empresa P\u00fablica desglosado por Categor\u00edas Profesionales en el conjunto de la empresa, a 31\/12\/2024.<\/p>\n<p><strong>A fecha 31\/12\/2024 no hay puestos vacantes.<\/strong>[\/vc_column_text][vc_empty_space height=\u00bb20px\u00bb]<a  itemprop=\"url\" href=\"https:\/\/www.gsccanarias.com\/gsc\/wp-content\/uploads\/2025\/03\/RELACION-PERSONAL-CATEGORIAS-2024.odt\" target=\"_self\"  class=\"qbutton  default\" style=\"\">Documento Open Document<i class=\"qode_icon_font_awesome fa fa-download qode_button_icon_element\" style=\"\" ><\/i><\/a>[vc_empty_space height=\u00bb100px\u00bb][vc_column_text]<\/p>\n<table width=\"662\" cellspacing=\"0\" cellpadding=\"8\">\n<tbody>\n<tr valign=\"top\">\n<td width=\"300\"><span style=\"font-family: Arial, sans-serif;\"><span style=\"font-size: small;\"><b>CATEGORIA PROFESIONAL<\/b><\/span><\/span><\/td>\n<td width=\"151\"><span style=\"font-family: Arial, sans-serif;\"><span style=\"font-size: small;\"><b>N\u00ba TRABAJADORES POR CATEGORIA<\/b><\/span><\/span><\/td>\n<td width=\"66\"><span style=\"font-family: Arial, sans-serif;\"><span style=\"font-size: small;\"><b>Fijos<\/b><\/span><\/span><\/td>\n<td width=\"81\"><span style=\"font-family: Arial, sans-serif;\"><span style=\"font-size: small;\"><b>Temporales<\/b><\/span><\/span><\/td>\n<\/tr>\n<tr valign=\"top\">\n<td width=\"300\"><span style=\"color: #444444;\"><span style=\"font-family: Arial, sans-serif;\"><span style=\"font-size: small;\">ADMINISTRATIVO I<\/span><\/span><\/span><\/td>\n<td width=\"151\"><span style=\"color: #444444;\"><span style=\"font-family: Arial, sans-serif;\"><span style=\"font-size: small;\">5<\/span><\/span><\/span><\/td>\n<td width=\"66\"><span style=\"color: #444444;\"><span style=\"font-family: Arial, sans-serif;\"><span style=\"font-size: small;\">5<\/span><\/span><\/span><\/td>\n<td width=\"81\"><span style=\"color: #444444;\"><span style=\"font-family: Arial, sans-serif;\"><span style=\"font-size: small;\">0<\/span><\/span><\/span><\/td>\n<\/tr>\n<tr valign=\"top\">\n<td width=\"300\"><span style=\"color: #444444;\"><span style=\"font-family: Arial, sans-serif;\"><span style=\"font-size: small;\">ADMINISTRATIVO II<\/span><\/span><\/span><\/td>\n<td width=\"151\"><span style=\"color: #444444;\"><span style=\"font-family: Arial, sans-serif;\"><span style=\"font-size: small;\">19<\/span><\/span><\/span><\/td>\n<td width=\"66\"><span style=\"color: #444444;\"><span style=\"font-family: Arial, sans-serif;\"><span style=\"font-size: small;\">17<\/span><\/span><\/span><\/td>\n<td width=\"81\"><span style=\"color: #444444;\"><span style=\"font-family: Arial, sans-serif;\"><span style=\"font-size: small;\">2<\/span><\/span><\/span><\/td>\n<\/tr>\n<tr valign=\"top\">\n<td width=\"300\"><span style=\"color: #444444;\"><span style=\"font-family: Arial, sans-serif;\"><span style=\"font-size: small;\">COORD. MULTISECTORIAL<\/span><\/span><\/span><\/td>\n<td width=\"151\"><span style=\"color: #444444;\"><span style=\"font-family: Arial, sans-serif;\"><span style=\"font-size: small;\">17<\/span><\/span><\/span><\/td>\n<td width=\"66\"><span style=\"color: #444444;\"><span style=\"font-family: Arial, sans-serif;\"><span style=\"font-size: small;\">15<\/span><\/span><\/span><\/td>\n<td width=\"81\"><span style=\"color: #444444;\"><span style=\"font-family: Arial, sans-serif;\"><span style=\"font-size: small;\">2<\/span><\/span><\/span><\/td>\n<\/tr>\n<tr valign=\"top\">\n<td width=\"300\"><span style=\"color: #444444;\"><span style=\"font-family: Arial, sans-serif;\"><span style=\"font-size: small;\">GESTOR DE RECURSOS<\/span><\/span><\/span><\/td>\n<td width=\"151\"><span style=\"color: #444444;\"><span style=\"font-family: Arial, sans-serif;\"><span style=\"font-size: small;\">89<\/span><\/span><\/span><\/td>\n<td width=\"66\"><span style=\"color: #444444;\"><span style=\"font-family: Arial, sans-serif;\"><span style=\"font-size: small;\">44<\/span><\/span><\/span><\/td>\n<td width=\"81\"><span style=\"color: #444444;\"><span style=\"font-family: Arial, sans-serif;\"><span style=\"font-size: small;\">45<\/span><\/span><\/span><\/td>\n<\/tr>\n<tr valign=\"top\">\n<td width=\"300\"><span style=\"color: #444444;\"><span style=\"font-family: Arial, sans-serif;\"><span style=\"font-size: small;\">GESTOR OPERATIVO<\/span><\/span><\/span><\/td>\n<td width=\"151\"><span style=\"color: #444444;\"><span style=\"font-family: Arial, sans-serif;\"><span style=\"font-size: small;\">19<\/span><\/span><\/span><\/td>\n<td width=\"66\"><span style=\"color: #444444;\"><span style=\"font-family: Arial, sans-serif;\"><span style=\"font-size: small;\">19<\/span><\/span><\/span><\/td>\n<td width=\"81\"><span style=\"color: #444444;\"><span style=\"font-family: Arial, sans-serif;\"><span style=\"font-size: small;\">0<\/span><\/span><\/span><\/td>\n<\/tr>\n<tr valign=\"top\">\n<td width=\"300\"><span style=\"color: #444444;\"><span style=\"font-family: Arial, sans-serif;\"><span style=\"font-size: small;\">DIRECTORES<\/span><\/span><\/span><\/td>\n<td width=\"151\"><span style=\"color: #444444;\"><span style=\"font-family: Arial, sans-serif;\"><span style=\"font-size: small;\">4<\/span><\/span><\/span><\/td>\n<td width=\"66\"><span style=\"color: #444444;\"><span style=\"font-family: Arial, sans-serif;\"><span style=\"font-size: small;\">4<\/span><\/span><\/span><\/td>\n<td width=\"81\"><span style=\"color: #444444;\"><span style=\"font-family: Arial, sans-serif;\"><span style=\"font-size: small;\">0<\/span><\/span><\/span><\/td>\n<\/tr>\n<tr valign=\"top\">\n<td width=\"300\"><span style=\"color: #444444;\"><span style=\"font-family: Arial, sans-serif;\"><span style=\"font-size: small;\">DIRECTOR GERENTE<\/span><\/span><\/span><\/td>\n<td width=\"151\"><span style=\"color: #444444;\"><span style=\"font-family: Arial, sans-serif;\"><span style=\"font-size: small;\">1<\/span><\/span><\/span><\/td>\n<td width=\"66\"><span style=\"color: #444444;\"><span style=\"font-family: Arial, sans-serif;\"><span style=\"font-size: small;\">1<\/span><\/span><\/span><\/td>\n<td width=\"81\"><span style=\"color: #444444;\"><span style=\"font-family: Arial, sans-serif;\"><span style=\"font-size: small;\">0<\/span><\/span><\/span><\/td>\n<\/tr>\n<tr valign=\"top\">\n<td width=\"300\"><span style=\"color: #444444;\"><span style=\"font-family: Arial, sans-serif;\"><span style=\"font-size: small;\">RESPONSABLES<\/span><\/span><\/span><\/td>\n<td width=\"151\"><span style=\"color: #444444;\"><span style=\"font-family: Arial, sans-serif;\"><span style=\"font-size: small;\">15<\/span><\/span><\/span><\/td>\n<td width=\"66\"><span style=\"color: #444444;\"><span style=\"font-family: Arial, sans-serif;\"><span style=\"font-size: small;\">14<\/span><\/span><\/span><\/td>\n<td width=\"81\"><span style=\"color: #444444;\"><span style=\"font-family: Arial, sans-serif;\"><span style=\"font-size: small;\">1<\/span><\/span><\/span><\/td>\n<\/tr>\n<tr valign=\"top\">\n<td width=\"300\"><span style=\"color: #444444;\"><span style=\"font-family: Arial, sans-serif;\"><span style=\"font-size: small;\">TECNICO I<\/span><\/span><\/span><\/td>\n<td width=\"151\"><span style=\"color: #444444;\"><span style=\"font-family: Arial, sans-serif;\"><span style=\"font-size: small;\">3<\/span><\/span><\/span><\/td>\n<td width=\"66\"><span style=\"color: #444444;\"><span style=\"font-family: Arial, sans-serif;\"><span style=\"font-size: small;\">3<\/span><\/span><\/span><\/td>\n<td width=\"81\"><span style=\"color: #444444;\"><span style=\"font-family: Arial, sans-serif;\"><span style=\"font-size: small;\">0<\/span><\/span><\/span><\/td>\n<\/tr>\n<tr valign=\"top\">\n<td width=\"300\"><span style=\"color: #444444;\"><span style=\"font-family: Arial, sans-serif;\"><span style=\"font-size: small;\">TECNICO II<\/span><\/span><\/span><\/td>\n<td width=\"151\"><span style=\"color: #444444;\"><span style=\"font-family: Arial, sans-serif;\"><span style=\"font-size: small;\">13<\/span><\/span><\/span><\/td>\n<td width=\"66\"><span style=\"color: #444444;\"><span style=\"font-family: Arial, sans-serif;\"><span style=\"font-size: small;\">12<\/span><\/span><\/span><\/td>\n<td width=\"81\"><span style=\"color: #444444;\"><span style=\"font-family: Arial, sans-serif;\"><span style=\"font-size: small;\">1<\/span><\/span><\/span><\/td>\n<\/tr>\n<tr valign=\"top\">\n<td width=\"300\"><span style=\"color: #444444;\"><span style=\"font-family: Arial, sans-serif;\"><span style=\"font-size: small;\">TECNICO III<\/span><\/span><\/span><\/td>\n<td width=\"151\"><span style=\"color: #444444;\"><span style=\"font-family: Arial, sans-serif;\"><span style=\"font-size: small;\">5<\/span><\/span><\/span><\/td>\n<td width=\"66\"><span style=\"color: #444444;\"><span style=\"font-family: Arial, sans-serif;\"><span style=\"font-size: small;\">5<\/span><\/span><\/span><\/td>\n<td width=\"81\"><span style=\"color: #444444;\"><span style=\"font-family: Arial, sans-serif;\"><span style=\"font-size: small;\">0<\/span><\/span><\/span><\/td>\n<\/tr>\n<tr valign=\"top\">\n<td width=\"300\">\n<p lang=\"it-IT\"><span style=\"color: #444444;\"><span style=\"font-family: Arial, sans-serif;\"><span style=\"font-size: small;\">TECNICO II PDP C.O.<\/span><\/span><\/span><\/p>\n<\/td>\n<td width=\"151\"><span style=\"color: #444444;\"><span style=\"font-family: Arial, sans-serif;\"><span style=\"font-size: small;\">2<\/span><\/span><\/span><\/td>\n<td width=\"66\"><span style=\"color: #444444;\"><span style=\"font-family: Arial, sans-serif;\"><span style=\"font-size: small;\">2<\/span><\/span><\/span><\/td>\n<td width=\"81\"><span style=\"color: #444444;\"><span style=\"font-family: Arial, sans-serif;\"><span style=\"font-size: small;\">0<\/span><\/span><\/span><\/td>\n<\/tr>\n<tr valign=\"top\">\n<td width=\"300\"><span style=\"color: #444444;\"><span style=\"font-family: Arial, sans-serif;\"><span style=\"font-size: small;\">TECNICO III PDP<\/span><\/span><\/span><\/td>\n<td width=\"151\"><span style=\"color: #444444;\"><span style=\"font-family: Arial, sans-serif;\"><span style=\"font-size: small;\">1<\/span><\/span><\/span><\/td>\n<td width=\"66\"><span style=\"color: #444444;\"><span style=\"font-family: Arial, sans-serif;\"><span style=\"font-size: small;\">1<\/span><\/span><\/span><\/td>\n<td width=\"81\"><span style=\"color: #444444;\"><span style=\"font-family: Arial, sans-serif;\"><span style=\"font-size: small;\">0<\/span><\/span><\/span><\/td>\n<\/tr>\n<tr valign=\"top\">\n<td width=\"300\"><span style=\"color: #444444;\"><span style=\"font-family: Arial, sans-serif;\"><span style=\"font-size: small;\">ENFERMERO ASISTENCIAL RECURSOS AEREOS<\/span><\/span><\/span><\/td>\n<td width=\"151\"><span style=\"color: #444444;\"><span style=\"font-family: Arial, sans-serif;\"><span style=\"font-size: small;\">13<\/span><\/span><\/span><\/td>\n<td width=\"66\"><span style=\"color: #444444;\"><span style=\"font-family: Arial, sans-serif;\"><span style=\"font-size: small;\">9<\/span><\/span><\/span><\/td>\n<td width=\"81\"><span style=\"color: #444444;\"><span style=\"font-family: Arial, sans-serif;\"><span style=\"font-size: small;\">4<\/span><\/span><\/span><\/td>\n<\/tr>\n<tr valign=\"top\">\n<td width=\"300\"><span style=\"color: #444444;\"><span style=\"font-family: Arial, sans-serif;\"><span style=\"font-size: small;\">MEDICO ASISTENCIAL RECURSOS AEREOS<\/span><\/span><\/span><\/td>\n<td width=\"151\"><span style=\"color: #444444;\"><span style=\"font-family: Arial, sans-serif;\"><span style=\"font-size: small;\">13<\/span><\/span><\/span><\/td>\n<td width=\"66\"><span style=\"color: #444444;\"><span style=\"font-family: Arial, sans-serif;\"><span style=\"font-size: small;\">8<\/span><\/span><\/span><\/td>\n<td width=\"81\"><span style=\"color: #444444;\"><span style=\"font-family: Arial, sans-serif;\"><span style=\"font-size: small;\">5<\/span><\/span><\/span><\/td>\n<\/tr>\n<tr valign=\"top\">\n<td width=\"300\"><span style=\"color: #444444;\"><span style=\"font-family: Arial, sans-serif;\"><span style=\"font-size: small;\">MEDICO COORDINADOR<\/span><\/span><\/span><\/td>\n<td width=\"151\"><span style=\"color: #444444;\"><span style=\"font-family: Arial, sans-serif;\"><span style=\"font-size: small;\">46<\/span><\/span><\/span><\/td>\n<td width=\"66\"><span style=\"color: #444444;\"><span style=\"font-family: Arial, sans-serif;\"><span style=\"font-size: small;\">23<\/span><\/span><\/span><\/td>\n<td width=\"81\"><span style=\"color: #444444;\"><span style=\"font-family: Arial, sans-serif;\"><span style=\"font-size: small;\">23<\/span><\/span><\/span><\/td>\n<\/tr>\n<tr valign=\"top\">\n<td width=\"300\"><span style=\"color: #444444;\"><span style=\"font-family: Arial, sans-serif;\"><span style=\"font-size: small;\">ENFERMERO COORDINADOR<\/span><\/span><\/span><\/td>\n<td width=\"151\"><span style=\"color: #444444;\"><span style=\"font-family: Arial, sans-serif;\"><span style=\"font-size: small;\">23<\/span><\/span><\/span><\/td>\n<td width=\"66\"><span style=\"color: #444444;\"><span style=\"font-family: Arial, sans-serif;\"><span style=\"font-size: small;\">10<\/span><\/span><\/span><\/td>\n<td width=\"81\"><span style=\"color: #444444;\"><span style=\"font-family: Arial, sans-serif;\"><span style=\"font-size: small;\">13<\/span><\/span><\/span><\/td>\n<\/tr>\n<tr valign=\"top\">\n<td width=\"300\"><span style=\"color: #444444;\"><span style=\"font-family: Arial, sans-serif;\"><span style=\"font-size: small;\">TECNICO II PDP SUC<\/span><\/span><\/span><\/td>\n<td width=\"151\"><span style=\"color: #444444;\"><span style=\"font-family: Arial, sans-serif;\"><span style=\"font-size: small;\">2<\/span><\/span><\/span><\/td>\n<td width=\"66\"><span style=\"color: #444444;\"><span style=\"font-family: Arial, sans-serif;\"><span style=\"font-size: small;\">2<\/span><\/span><\/span><\/td>\n<td width=\"81\"><span style=\"color: #444444;\"><span style=\"font-family: Arial, sans-serif;\"><span style=\"font-size: small;\">0<\/span><\/span><\/span><\/td>\n<\/tr>\n<tr valign=\"top\">\n<td width=\"300\"><span style=\"color: #444444;\"><span style=\"font-family: Arial, sans-serif;\"><span style=\"font-size: small;\">TECNICO III PDP SUC<\/span><\/span><\/span><\/td>\n<td width=\"151\"><span style=\"color: #444444;\"><span style=\"font-family: Arial, sans-serif;\"><span style=\"font-size: small;\">5<\/span><\/span><\/span><\/td>\n<td width=\"66\"><span style=\"color: #444444;\"><span style=\"font-family: Arial, sans-serif;\"><span style=\"font-size: small;\">5<\/span><\/span><\/span><\/td>\n<td width=\"81\"><span style=\"color: #444444;\"><span style=\"font-family: Arial, sans-serif;\"><span style=\"font-size: small;\">0<\/span><\/span><\/span><\/td>\n<\/tr>\n<tr valign=\"top\">\n<td width=\"300\"><span style=\"color: #444444;\"><span style=\"font-family: Arial, sans-serif;\"><span style=\"font-size: small;\">TECNICO EN<br \/>\nFARMACOVIGILANCIA(TECNICOS I)<\/span><\/span><\/span><\/td>\n<td width=\"151\"><span style=\"color: #444444;\"><span style=\"font-family: Arial, sans-serif;\"><span style=\"font-size: small;\">2<\/span><\/span><\/span><\/td>\n<td width=\"66\"><span style=\"color: #444444;\"><span style=\"font-family: Arial, sans-serif;\"><span style=\"font-size: small;\">2<\/span><\/span><\/span><\/td>\n<td width=\"81\"><span style=\"color: #444444;\"><span style=\"font-family: Arial, sans-serif;\"><span style=\"font-size: small;\">0<\/span><\/span><\/span><\/td>\n<\/tr>\n<tr valign=\"top\">\n<td width=\"300\"><span style=\"color: #444444;\"><span style=\"font-family: Arial, sans-serif;\"><span style=\"font-size: small;\">TECNICO II DE ATENCION A LA<br \/>\nMUJER<\/span><\/span><\/span><\/td>\n<td width=\"151\"><span style=\"color: #444444;\"><span style=\"font-family: Arial, sans-serif;\"><span style=\"font-size: small;\">11<\/span><\/span><\/span><\/td>\n<td width=\"66\"><span style=\"color: #444444;\"><span style=\"font-family: Arial, sans-serif;\"><span style=\"font-size: small;\">8<\/span><\/span><\/span><\/td>\n<td width=\"81\"><span style=\"color: #444444;\"><span style=\"font-family: Arial, sans-serif;\"><span style=\"font-size: small;\">3<\/span><\/span><\/span><\/td>\n<\/tr>\n<tr valign=\"top\">\n<td width=\"300\"><span style=\"color: #444444;\"><span style=\"font-family: Arial, sans-serif;\"><span style=\"font-size: small;\">ASISTENTE DIRECCI\u00d3N GERENCIA<\/span><\/span><\/span><\/td>\n<td width=\"151\"><span style=\"color: #444444;\"><span style=\"font-family: Arial, sans-serif;\"><span style=\"font-size: small;\">1<\/span><\/span><\/span><\/td>\n<td width=\"66\"><span style=\"color: #444444;\"><span style=\"font-family: Arial, sans-serif;\"><span style=\"font-size: small;\">1<\/span><\/span><\/span><\/td>\n<td width=\"81\"><span style=\"color: #444444;\"><span style=\"font-family: Arial, sans-serif;\"><span style=\"font-size: small;\">0<\/span><\/span><\/span><\/td>\n<\/tr>\n<tr valign=\"top\">\n<td width=\"300\"><span style=\"color: #444444;\"><span style=\"font-family: Arial, sans-serif;\"><span style=\"font-size: small;\">TECNICO I CAP<\/span><\/span><\/span><\/td>\n<td width=\"151\"><span style=\"color: #444444;\"><span style=\"font-family: Arial, sans-serif;\"><span style=\"font-size: small;\">5<\/span><\/span><\/span><\/td>\n<td width=\"66\"><span style=\"color: #444444;\"><span style=\"font-family: Arial, sans-serif;\"><span style=\"font-size: small;\">2<\/span><\/span><\/span><\/td>\n<td width=\"81\"><span style=\"color: #444444;\"><span style=\"font-family: Arial, sans-serif;\"><span style=\"font-size: small;\">3<\/span><\/span><\/span><\/td>\n<\/tr>\n<tr valign=\"top\">\n<td width=\"300\">\n<p lang=\"it-IT\"><span style=\"color: #444444;\"><span style=\"font-family: Arial, sans-serif;\"><span style=\"font-size: small;\">TECNICO II PDP U.I.D.<\/span><\/span><\/span><\/p>\n<\/td>\n<td width=\"151\"><span style=\"color: #444444;\"><span style=\"font-family: Arial, sans-serif;\"><span style=\"font-size: small;\">7<\/span><\/span><\/span><\/td>\n<td width=\"66\"><span style=\"color: #444444;\"><span style=\"font-family: Arial, sans-serif;\"><span style=\"font-size: small;\">7<\/span><\/span><\/span><\/td>\n<td width=\"81\"><span style=\"color: #444444;\"><span style=\"font-family: Arial, sans-serif;\"><span style=\"font-size: small;\">0<\/span><\/span><\/span><\/td>\n<\/tr>\n<tr valign=\"top\">\n<td width=\"300\">\n<p lang=\"it-IT\"><span style=\"color: #444444;\"><span style=\"font-family: Arial, sans-serif;\"><span style=\"font-size: small;\">TECNICO III PDP U.I.D.<\/span><\/span><\/span><\/p>\n<\/td>\n<td width=\"151\"><span style=\"color: #444444;\"><span style=\"font-family: Arial, sans-serif;\"><span style=\"font-size: small;\">4<\/span><\/span><\/span><\/td>\n<td width=\"66\"><span style=\"color: #444444;\"><span style=\"font-family: Arial, sans-serif;\"><span style=\"font-size: small;\">2<\/span><\/span><\/span><\/td>\n<td width=\"81\"><span style=\"color: #444444;\"><span style=\"font-family: Arial, sans-serif;\"><span style=\"font-size: small;\">2<\/span><\/span><\/span><\/td>\n<\/tr>\n<tr valign=\"top\">\n<td width=\"300\"><span style=\"color: #444444;\"><span style=\"font-family: Arial, sans-serif;\"><span style=\"font-size: small;\"><b>TOTAL<\/b><\/span><\/span><\/span><\/td>\n<td width=\"151\">325<\/td>\n<td width=\"66\">221<\/td>\n<td width=\"81\">104<\/td>\n<\/tr>\n<\/tbody>\n<\/table>\n<p>[\/vc_column_text][vc_empty_space height=\u00bb100px\u00bb][\/vc_column][\/vc_row]<\/p>\n<div class=\"print\"><span class=\"page_title\">P\u00e1gina: <span>Relaci\u00f3n de personal por Categor\u00edas<\/span><\/span>\n\t\t\t\t\t\t\t\t\t\t\t<span class=\"page_title\">Fecha de impresi\u00f3n: <span>17\/04\/2026 - 00:29:52 UTC<\/span><\/span>\n\t\t\t\t\t\t\t\t\t\t\t<span class=\"stmp_trans_date\">\u00daltima actualizaci\u00f3n: <span>07\/03\/2025 - 10:29:19<\/span><\/span>\n\t\t\t\t\t\t\t\t\t\t\t<span class=\"stmp_trans_date\">Fecha publicaci\u00f3n: <span>21\/01\/2022 - 09:57:22<\/span><\/span>\n\t\t\t\t\t\t\t\t\t\t\t<span class=\"stmp_trans_date\">Fecha creaci\u00f3n: <span>21\/01\/2022 - 09:57:22<\/span><\/span><\/div>\n\t","protected":false},"excerpt":{"rendered":"<p>[vc_row css_animation=\u00bb\u00bb row_type=\u00bbrow\u00bb use_row_as_full_screen_section=\u00bbno\u00bb type=\u00bbgrid\u00bb angled_section=\u00bbno\u00bb text_align=\u00bbleft\u00bb background_image_as_pattern=\u00bbwithout_pattern\u00bb z_index=\u00bb\u00bb][vc_column width=\u00bb1\/3&#8243; offset=\u00bbvc_col-lg-3&#8243;][vc_empty_space height=\u00bb100px\u00bb][vc_column_text][\/vc_column_text][vc_empty_space height=\u00bb50px\u00bb][vc_widget_sidebar sidebar_id=\u00bbMenu transparencia\u00bb][\/vc_column][vc_column width=\u00bb2\/3&#8243; offset=\u00bbvc_col-lg-9&#8243;][vc_row_inner row_type=\u00bbrow\u00bb type=\u00bbfull_width\u00bb text_align=\u00bbleft\u00bb css_animation=\u00bb\u00bb][vc_column_inner offset=\u00bbvc_hidden-xs\u00bb][vc_empty_space height=\u00bb100px\u00bb][\/vc_column_inner][vc_column_inner offset=\u00bbvc_hidden-lg vc_hidden-md vc_hidden-sm\u00bb][vc_empty_space height=\u00bb30px\u00bb][\/vc_column_inner][\/vc_row_inner][vc_column_text]En el siguiente conjunto de datos podr\u00e1 encontrar la relaci\u00f3n de personal de nuestra Empresa P\u00fablica desglosado por Categor\u00edas&#8230;<\/p>\n","protected":false},"author":1,"featured_media":0,"parent":205,"menu_order":0,"comment_status":"closed","ping_status":"closed","template":"full_width.php","meta":{"footnotes":""},"class_list":["post-547","page","type-page","status-publish","has-post-thumbnail","hentry"],"publishpress_future_workflow_manual_trigger":{"enabledWorkflows":[]},"_links":{"self":[{"href":"https:\/\/www.gsccanarias.com\/gsc\/wp-json\/wp\/v2\/pages\/547","targetHints":{"allow":["GET"]}}],"collection":[{"href":"https:\/\/www.gsccanarias.com\/gsc\/wp-json\/wp\/v2\/pages"}],"about":[{"href":"https:\/\/www.gsccanarias.com\/gsc\/wp-json\/wp\/v2\/types\/page"}],"author":[{"embeddable":true,"href":"https:\/\/www.gsccanarias.com\/gsc\/wp-json\/wp\/v2\/users\/1"}],"replies":[{"embeddable":true,"href":"https:\/\/www.gsccanarias.com\/gsc\/wp-json\/wp\/v2\/comments?post=547"}],"version-history":[{"count":19,"href":"https:\/\/www.gsccanarias.com\/gsc\/wp-json\/wp\/v2\/pages\/547\/revisions"}],"predecessor-version":[{"id":16326,"href":"https:\/\/www.gsccanarias.com\/gsc\/wp-json\/wp\/v2\/pages\/547\/revisions\/16326"}],"up":[{"embeddable":true,"href":"https:\/\/www.gsccanarias.com\/gsc\/wp-json\/wp\/v2\/pages\/205"}],"wp:attachment":[{"href":"https:\/\/www.gsccanarias.com\/gsc\/wp-json\/wp\/v2\/media?parent=547"}],"curies":[{"name":"wp","href":"https:\/\/api.w.org\/{rel}","templated":true}]}}