{"id":47,"date":"2021-12-27T11:51:51","date_gmt":"2021-12-27T11:51:51","guid":{"rendered":"https:\/\/www.gsccanarias.com\/gsc\/?page_id=47"},"modified":"2023-12-19T07:18:20","modified_gmt":"2023-12-19T07:18:20","slug":"la-empresa","status":"publish","type":"page","link":"https:\/\/www.gsccanarias.com\/gsc\/la-empresa\/","title":{"rendered":"La Empresa"},"content":{"rendered":"<p>[vc_row css_animation=\u00bb\u00bb row_type=\u00bbrow\u00bb use_row_as_full_screen_section=\u00bbno\u00bb type=\u00bbfull_width\u00bb angled_section=\u00bbno\u00bb text_align=\u00bbleft\u00bb background_image_as_pattern=\u00bbwithout_pattern\u00bb][vc_column width=\u00bb1\/6&#8243; css=\u00bb.vc_custom_1649147149609{background-image: url(https:\/\/www.gsccanarias.com\/gsc\/wp-content\/uploads\/2022\/01\/img_0000_Recursos-SUC.jpg?id=506) !important;background-position: center !important;background-repeat: no-repeat !important;background-size: cover !important;}\u00bb offset=\u00bbvc_hidden-xs\u00bb][vc_row_inner row_type=\u00bbrow\u00bb type=\u00bbfull_width\u00bb text_align=\u00bbleft\u00bb css_animation=\u00bb\u00bb][vc_column_inner offset=\u00bbvc_hidden-xs\u00bb][vc_empty_space height=\u00bb850px\u00bb][\/vc_column_inner][vc_column_inner offset=\u00bbvc_hidden-lg vc_hidden-md vc_hidden-sm\u00bb][vc_empty_space height=\u00bb400px\u00bb][\/vc_column_inner][\/vc_row_inner][\/vc_column][vc_column width=\u00bb2\/3&#8243;][vc_row_inner row_type=\u00bbrow\u00bb type=\u00bbfull_width\u00bb text_align=\u00bbleft\u00bb css_animation=\u00bb\u00bb][vc_column_inner offset=\u00bbvc_hidden-lg vc_hidden-md vc_hidden-xs\u00bb][vc_empty_space height=\u00bb15px\u00bb][\/vc_column_inner][\/vc_row_inner][vc_empty_space height=\u00bb100px\u00bb][vc_row_inner row_type=\u00bbrow\u00bb type=\u00bbgrid\u00bb text_align=\u00bbleft\u00bb css_animation=\u00bb\u00bb][vc_column_inner width=\u00bb1\/12&#8243;][\/vc_column_inner][vc_column_inner el_class=\u00bbpadding\u00bb offset=\u00bbvc_col-lg-5 vc_col-md-5&#8243;][vc_column_text]<\/p>\n<h1>Qui\u00e9nes somos<\/h1>\n<p>[\/vc_column_text][\/vc_column_inner][vc_column_inner width=\u00bb5\/12&#8243;][\/vc_column_inner][vc_column_inner width=\u00bb1\/12&#8243;][\/vc_column_inner][\/vc_row_inner][vc_row_inner row_type=\u00bbrow\u00bb type=\u00bbgrid\u00bb text_align=\u00bbleft\u00bb css_animation=\u00bb\u00bb][vc_column_inner width=\u00bb1\/12&#8243;][\/vc_column_inner][vc_column_inner el_class=\u00bbpadding\u00bb offset=\u00bbvc_col-lg-5 vc_col-md-5 vc_col-xs-12&#8243;][vc_column_text]Gesti\u00f3n de Servicios para la Salud y Seguridad en Canarias (GSC) es una empresa p\u00fablica del Gobierno de Canarias, adscrita a la Consejer\u00eda de Sanidad y a la Consejer\u00eda de Pol\u00edtica Territorial, Cohesi\u00f3n Territorial y Aguas, que tiene encomendada en su objeto social una amplia cartera de servicios, como son las urgencias y el transporte sanitario, la coordinaci\u00f3n de las emergencias, la formaci\u00f3n para la salud y la seguridad p\u00fablica o la gesti\u00f3n econ\u00f3mica y la recaudaci\u00f3n sanitaria.<\/p>\n<p>Sus principales marcas son el Servicio de Urgencias Canario (SUC) y el Centro Coordinador de Emergencias y Seguridad (CECOES) 1-1-2, pero adem\u00e1s gestiona el Transporte Sanitario No Urgente (TSNU); el servicio de Atenci\u00f3n a la Mujer V\u00edctima de Violencia de G\u00e9nero; la l\u00ednea de atenci\u00f3n e informaci\u00f3n del Coronavirus, el servicio de Farmacovigilancia e Informaci\u00f3n terap\u00e9utica de Canarias y el servicio de Recaudaci\u00f3n y Facturaci\u00f3n del Servicio Canario de la Salud.[\/vc_column_text][\/vc_column_inner][vc_column_inner el_class=\u00bbpadding\u00bb offset=\u00bbvc_col-lg-5 vc_col-md-5 vc_col-xs-12&#8243;][vc_column_text]La empresa se constituy\u00f3 el 30 de septiembre de 1994 como Gesti\u00f3n Sanitaria de Canarias, modificando su denominaci\u00f3n social por Gesti\u00f3n de Servicios para la Salud y Seguridad en Canarias el 18 de julio de 2000.<br \/>\n[\/vc_column_text][vc_empty_space height=\u00bb30px\u00bb]<a  itemprop=\"url\" href=\"https:\/\/www.gsccanarias.com\/gsc\/transparencia\/organizativa\/#datosBasicos\" target=\"_self\"  class=\"qbutton  big_large_full_width default\" style=\"\">Datos b\u00e1sicos<i class=\"qode_icon_font_awesome fa fa-external-link qode_button_icon_element\" style=\"\" ><\/i><\/a>[vc_empty_space height=\u00bb10px\u00bb]<a  itemprop=\"url\" href=\"https:\/\/www.gsccanarias.com\/gsc\/transparencia\/institucional\/\" target=\"_self\"  class=\"qbutton  big_large_full_width default\" style=\"\">Objeto social<i class=\"qode_icon_font_awesome fa fa-external-link qode_button_icon_element\" style=\"\" ><\/i><\/a>[vc_empty_space height=\u00bb10px\u00bb]<a  itemprop=\"url\" href=\"https:\/\/www.gsccanarias.com\/gsc\/transparencia\/estructura-organica\/consejo-de-administracion\/\" target=\"_self\"  class=\"qbutton  big_large_full_width default\" style=\"\">Consejo de Administraci\u00f3n<i class=\"qode_icon_font_awesome fa fa-external-link qode_button_icon_element\" style=\"\" ><\/i><\/a>[vc_empty_space height=\u00bb10px\u00bb]<a  itemprop=\"url\" href=\"https:\/\/www.gsccanarias.com\/gsc\/transparencia\/estructura-organica\/equipo-directivo\/\" target=\"_self\"  class=\"qbutton  big_large_full_width default\" style=\"\">Comit\u00e9 de Direcci\u00f3n<i class=\"qode_icon_font_awesome fa fa-external-link qode_button_icon_element\" style=\"\" ><\/i><\/a>[vc_empty_space height=\u00bb10px\u00bb]<a  itemprop=\"url\" href=\"https:\/\/www.gsccanarias.com\/gsc\/transparencia\/organizativa\/#organigrama\" target=\"_self\"  class=\"qbutton  big_large_full_width default\" style=\"\">Organigrama<i class=\"qode_icon_font_awesome fa fa-external-link qode_button_icon_element\" style=\"\" ><\/i><\/a>[\/vc_column_inner][vc_column_inner width=\u00bb1\/12&#8243;][\/vc_column_inner][\/vc_row_inner][vc_empty_space height=\u00bb70px\u00bb][\/vc_column][vc_column width=\u00bb1\/6&#8243;][\/vc_column][\/vc_row][vc_row css_animation=\u00bb\u00bb row_type=\u00bbrow\u00bb use_row_as_full_screen_section=\u00bbno\u00bb type=\u00bbfull_width\u00bb angled_section=\u00bbno\u00bb text_align=\u00bbleft\u00bb background_image_as_pattern=\u00bbwithout_pattern\u00bb css=\u00bb.vc_custom_1640615168355{background-color: #ffffff !important;}\u00bb z_index=\u00bb\u00bb][vc_column width=\u00bb1\/6&#8243; css=\u00bb.vc_custom_1649152017561{background-image: url(https:\/\/www.gsccanarias.com\/gsc\/wp-content\/uploads\/2022\/01\/img_0022_PORTADA112-2.jpg?id=484) !important;background-position: center !important;background-repeat: no-repeat !important;background-size: cover !important;}\u00bb offset=\u00bbvc_hidden-xs\u00bb][vc_row_inner row_type=\u00bbrow\u00bb type=\u00bbfull_width\u00bb text_align=\u00bbleft\u00bb css_animation=\u00bb\u00bb][vc_column_inner offset=\u00bbvc_hidden-xs\u00bb][vc_empty_space height=\u00bb700px\u00bb][\/vc_column_inner][\/vc_row_inner][vc_row_inner row_type=\u00bbrow\u00bb type=\u00bbfull_width\u00bb text_align=\u00bbleft\u00bb css_animation=\u00bb\u00bb][vc_column_inner offset=\u00bbvc_hidden-lg vc_hidden-md vc_hidden-sm\u00bb][vc_empty_space height=\u00bb400px\u00bb][\/vc_column_inner][\/vc_row_inner][\/vc_column][vc_column width=\u00bb2\/3&#8243;][vc_empty_space height=\u00bb100px\u00bb][vc_row_inner row_type=\u00bbrow\u00bb type=\u00bbgrid\u00bb text_align=\u00bbleft\u00bb css_animation=\u00bb\u00bb][vc_column_inner width=\u00bb1\/12&#8243;][\/vc_column_inner][vc_column_inner el_class=\u00bbpadding\u00bb offset=\u00bbvc_col-lg-5 vc_col-md-5&#8243;][vc_column_text]<\/p>\n<h2>Nuestro compromiso<\/h2>\n<p>[\/vc_column_text][\/vc_column_inner][vc_column_inner width=\u00bb5\/12&#8243;][\/vc_column_inner][vc_column_inner width=\u00bb1\/12&#8243;][\/vc_column_inner][\/vc_row_inner][vc_row_inner row_type=\u00bbrow\u00bb type=\u00bbgrid\u00bb text_align=\u00bbleft\u00bb css_animation=\u00bb\u00bb][vc_column_inner width=\u00bb1\/12&#8243;][\/vc_column_inner][vc_column_inner el_class=\u00bbpadding\u00bb offset=\u00bbvc_col-lg-5 vc_col-md-5&#8243;][vc_column_text]GSC dispone de un c\u00f3digo de conducta que recoge las normas y principios generales de gobierno corporativo y de conducta profesional que resultan de aplicaci\u00f3n a todos los profesionales de GSC y que resultan v\u00e1lidos para establecer los par\u00e1metros orientadores de la cultura corporativa de nuestra organizaci\u00f3n.<\/p>\n<p>GSC aspira a mantener una relaci\u00f3n de confianza en los \u00e1mbitos en los que desarrolla su actividad con todos los agentes sociales y econ\u00f3micos con los que se relaciona, esto es, con aquellas categor\u00edas de grupos, instituciones o personas cuya aportaci\u00f3n es necesaria para hacer realidad la misi\u00f3n de GSC.[\/vc_column_text][\/vc_column_inner][vc_column_inner el_class=\u00bbpadding\u00bb offset=\u00bbvc_col-lg-5 vc_col-md-5&#8243;][vc_column_text]Proponemos y fomentamos una conducta \u00e9tica que promueva la relaci\u00f3n de confianza entre GSC y los agentes implicados. Quienes componemos esta organizaci\u00f3n consideramos que la buena reputaci\u00f3n es un recurso intangible esencial y favorece nuestra relaci\u00f3n interna y externa con todos los agentes con los que nos relacionamos.[\/vc_column_text][vc_empty_space height=\u00bb30px\u00bb]<a  itemprop=\"url\" href=\"https:\/\/www.gsccanarias.com\/gsc\/wp-content\/uploads\/2022\/02\/gsc-codigo-de-conducta_20170519.pdf\" target=\"_blank\"  class=\"qbutton  big_large_full_width default\" style=\"\">C\u00f3digo de conducta<i class=\"qode_icon_font_awesome fa fa-download qode_button_icon_element\" style=\"\" ><\/i><\/a>[vc_empty_space height=\u00bb10px\u00bb]<a  itemprop=\"url\" href=\"https:\/\/www.gsccanarias.com\/gsc\/canal-de-comunicaciones\/\" target=\"_self\"  class=\"qbutton  big_large_full_width default\" style=\"\">Canal de comunicaci\u00f3n<i class=\"qode_icon_font_awesome fa fa-external-link qode_button_icon_element\" style=\"\" ><\/i><\/a>[vc_empty_space height=\u00bb10px\u00bb]<a  itemprop=\"url\" href=\"https:\/\/www.gsccanarias.com\/gsc\/wp-content\/uploads\/2022\/08\/Politica-de-calidad-SGC-GSC-V1.pdf\" target=\"_blank\"  class=\"qbutton  big_large_full_width default\" style=\"\">Pol\u00edtica de Calidad de GSC<i class=\"qode_icon_font_awesome fa fa-external-link qode_button_icon_element\" style=\"\" ><\/i><\/a>[vc_empty_space height=\u00bb10px\u00bb][\/vc_column_inner][vc_column_inner width=\u00bb1\/12&#8243;][\/vc_column_inner][\/vc_row_inner][vc_empty_space height=\u00bb90px\u00bb][\/vc_column][vc_column width=\u00bb1\/6&#8243;][\/vc_column][\/vc_row]<\/p>\n<div class=\"print\"><span class=\"page_title\">P\u00e1gina: <span>La Empresa<\/span><\/span>\n\t\t\t\t\t\t\t\t\t\t\t<span class=\"page_title\">Fecha de impresi\u00f3n: <span>06\/05\/2026 - 15:18:05 UTC<\/span><\/span>\n\t\t\t\t\t\t\t\t\t\t\t<span class=\"stmp_trans_date\">\u00daltima actualizaci\u00f3n: <span>19\/12\/2023 - 07:18:20<\/span><\/span>\n\t\t\t\t\t\t\t\t\t\t\t<span class=\"stmp_trans_date\">Fecha publicaci\u00f3n: <span>27\/12\/2021 - 11:51:51<\/span><\/span>\n\t\t\t\t\t\t\t\t\t\t\t<span class=\"stmp_trans_date\">Fecha creaci\u00f3n: <span>27\/12\/2021 - 11:51:51<\/span><\/span><\/div>\n\t","protected":false},"excerpt":{"rendered":"<p>[vc_row css_animation=\u00bb\u00bb row_type=\u00bbrow\u00bb use_row_as_full_screen_section=\u00bbno\u00bb type=\u00bbfull_width\u00bb angled_section=\u00bbno\u00bb text_align=\u00bbleft\u00bb background_image_as_pattern=\u00bbwithout_pattern\u00bb][vc_column width=\u00bb1\/6&#8243; css=\u00bb.vc_custom_1649147149609{background-image: url(https:\/\/www.gsccanarias.com\/gsc\/wp-content\/uploads\/2022\/01\/img_0000_Recursos-SUC.jpg?id=506) !important;background-position: center !important;background-repeat: no-repeat !important;background-size: cover !important;}\u00bb offset=\u00bbvc_hidden-xs\u00bb][vc_row_inner row_type=\u00bbrow\u00bb type=\u00bbfull_width\u00bb text_align=\u00bbleft\u00bb css_animation=\u00bb\u00bb][vc_column_inner offset=\u00bbvc_hidden-xs\u00bb][vc_empty_space height=\u00bb850px\u00bb][\/vc_column_inner][vc_column_inner offset=\u00bbvc_hidden-lg vc_hidden-md vc_hidden-sm\u00bb][vc_empty_space height=\u00bb400px\u00bb][\/vc_column_inner][\/vc_row_inner][\/vc_column][vc_column width=\u00bb2\/3&#8243;][vc_row_inner row_type=\u00bbrow\u00bb type=\u00bbfull_width\u00bb text_align=\u00bbleft\u00bb css_animation=\u00bb\u00bb][vc_column_inner offset=\u00bbvc_hidden-lg vc_hidden-md vc_hidden-xs\u00bb][vc_empty_space height=\u00bb15px\u00bb][\/vc_column_inner][\/vc_row_inner][vc_empty_space height=\u00bb100px\u00bb][vc_row_inner row_type=\u00bbrow\u00bb type=\u00bbgrid\u00bb text_align=\u00bbleft\u00bb css_animation=\u00bb\u00bb][vc_column_inner width=\u00bb1\/12&#8243;][\/vc_column_inner][vc_column_inner el_class=\u00bbpadding\u00bb&#8230;<\/p>\n","protected":false},"author":1,"featured_media":0,"parent":0,"menu_order":0,"comment_status":"closed","ping_status":"closed","template":"full_width.php","meta":{"footnotes":""},"class_list":["post-47","page","type-page","status-publish","has-post-thumbnail","hentry"],"a3_pvc":{"activated":false,"total_views":0,"today_views":0},"yoast_head":"<!-- This site is optimized with the Yoast SEO plugin v27.5 - https:\/\/yoast.com\/product\/yoast-seo-wordpress\/ -->\n<title>La Empresa - GSC<\/title>\n<meta name=\"robots\" content=\"index, follow, max-snippet:-1, max-image-preview:large, max-video-preview:-1\" \/>\n<link rel=\"canonical\" href=\"https:\/\/www.gsccanarias.com\/gsc\/la-empresa\/\" \/>\n<meta property=\"og:locale\" content=\"es_ES\" \/>\n<meta property=\"og:type\" content=\"article\" \/>\n<meta property=\"og:title\" content=\"La Empresa - GSC\" \/>\n<meta property=\"og:description\" content=\"[vc_row css_animation=\u00bb\u00bb row_type=\u00bbrow\u00bb use_row_as_full_screen_section=\u00bbno\u00bb type=\u00bbfull_width\u00bb angled_section=\u00bbno\u00bb text_align=\u00bbleft\u00bb background_image_as_pattern=\u00bbwithout_pattern\u00bb][vc_column width=\u00bb1\/6&#8243; css=\u00bb.vc_custom_1649147149609{background-image: url(https:\/\/www.gsccanarias.com\/gsc\/wp-content\/uploads\/2022\/01\/img_0000_Recursos-SUC.jpg?id=506) !important;background-position: center !important;background-repeat: no-repeat !important;background-size: cover !important;}\u00bb offset=\u00bbvc_hidden-xs\u00bb][vc_row_inner row_type=\u00bbrow\u00bb type=\u00bbfull_width\u00bb text_align=\u00bbleft\u00bb css_animation=\u00bb\u00bb][vc_column_inner offset=\u00bbvc_hidden-xs\u00bb][vc_empty_space height=\u00bb850px\u00bb][\/vc_column_inner][vc_column_inner offset=\u00bbvc_hidden-lg vc_hidden-md vc_hidden-sm\u00bb][vc_empty_space height=\u00bb400px\u00bb][\/vc_column_inner][\/vc_row_inner][\/vc_column][vc_column width=\u00bb2\/3&#8243;][vc_row_inner row_type=\u00bbrow\u00bb type=\u00bbfull_width\u00bb text_align=\u00bbleft\u00bb css_animation=\u00bb\u00bb][vc_column_inner offset=\u00bbvc_hidden-lg vc_hidden-md vc_hidden-xs\u00bb][vc_empty_space height=\u00bb15px\u00bb][\/vc_column_inner][\/vc_row_inner][vc_empty_space height=\u00bb100px\u00bb][vc_row_inner row_type=\u00bbrow\u00bb type=\u00bbgrid\u00bb text_align=\u00bbleft\u00bb css_animation=\u00bb\u00bb][vc_column_inner width=\u00bb1\/12&#8243;][\/vc_column_inner][vc_column_inner el_class=\u00bbpadding\u00bb...\" \/>\n<meta property=\"og:url\" content=\"https:\/\/www.gsccanarias.com\/gsc\/la-empresa\/\" \/>\n<meta property=\"og:site_name\" content=\"GSC\" \/>\n<meta property=\"article:modified_time\" content=\"2023-12-19T07:18:20+00:00\" \/>\n<meta name=\"twitter:card\" content=\"summary_large_image\" \/>\n<meta name=\"twitter:label1\" content=\"Tiempo de lectura\" \/>\n\t<meta name=\"twitter:data1\" content=\"6 minutos\" \/>\n<script type=\"application\/ld+json\" class=\"yoast-schema-graph\">{\"@context\":\"https:\\\/\\\/schema.org\",\"@graph\":[{\"@type\":\"WebPage\",\"@id\":\"https:\\\/\\\/www.gsccanarias.com\\\/gsc\\\/la-empresa\\\/\",\"url\":\"https:\\\/\\\/www.gsccanarias.com\\\/gsc\\\/la-empresa\\\/\",\"name\":\"La Empresa - GSC\",\"isPartOf\":{\"@id\":\"https:\\\/\\\/www.gsccanarias.com\\\/gsc\\\/#website\"},\"datePublished\":\"2021-12-27T11:51:51+00:00\",\"dateModified\":\"2023-12-19T07:18:20+00:00\",\"breadcrumb\":{\"@id\":\"https:\\\/\\\/www.gsccanarias.com\\\/gsc\\\/la-empresa\\\/#breadcrumb\"},\"inLanguage\":\"es\",\"potentialAction\":[{\"@type\":\"ReadAction\",\"target\":[\"https:\\\/\\\/www.gsccanarias.com\\\/gsc\\\/la-empresa\\\/\"]}]},{\"@type\":\"BreadcrumbList\",\"@id\":\"https:\\\/\\\/www.gsccanarias.com\\\/gsc\\\/la-empresa\\\/#breadcrumb\",\"itemListElement\":[{\"@type\":\"ListItem\",\"position\":1,\"name\":\"Portada\",\"item\":\"https:\\\/\\\/www.gsccanarias.com\\\/gsc\\\/\"},{\"@type\":\"ListItem\",\"position\":2,\"name\":\"La Empresa\"}]},{\"@type\":\"WebSite\",\"@id\":\"https:\\\/\\\/www.gsccanarias.com\\\/gsc\\\/#website\",\"url\":\"https:\\\/\\\/www.gsccanarias.com\\\/gsc\\\/\",\"name\":\"GSC\",\"description\":\"Administramos servicios relacionados con la salud, las emergencias, la seguridad y el transporte sanitario\",\"potentialAction\":[{\"@type\":\"SearchAction\",\"target\":{\"@type\":\"EntryPoint\",\"urlTemplate\":\"https:\\\/\\\/www.gsccanarias.com\\\/gsc\\\/?s={search_term_string}\"},\"query-input\":{\"@type\":\"PropertyValueSpecification\",\"valueRequired\":true,\"valueName\":\"search_term_string\"}}],\"inLanguage\":\"es\"}]}<\/script>\n<!-- \/ Yoast SEO plugin. -->","yoast_head_json":{"title":"La Empresa - GSC","robots":{"index":"index","follow":"follow","max-snippet":"max-snippet:-1","max-image-preview":"max-image-preview:large","max-video-preview":"max-video-preview:-1"},"canonical":"https:\/\/www.gsccanarias.com\/gsc\/la-empresa\/","og_locale":"es_ES","og_type":"article","og_title":"La Empresa - GSC","og_description":"[vc_row css_animation=\u00bb\u00bb row_type=\u00bbrow\u00bb use_row_as_full_screen_section=\u00bbno\u00bb type=\u00bbfull_width\u00bb angled_section=\u00bbno\u00bb text_align=\u00bbleft\u00bb background_image_as_pattern=\u00bbwithout_pattern\u00bb][vc_column width=\u00bb1\/6&#8243; css=\u00bb.vc_custom_1649147149609{background-image: url(https:\/\/www.gsccanarias.com\/gsc\/wp-content\/uploads\/2022\/01\/img_0000_Recursos-SUC.jpg?id=506) !important;background-position: center !important;background-repeat: no-repeat !important;background-size: cover !important;}\u00bb offset=\u00bbvc_hidden-xs\u00bb][vc_row_inner row_type=\u00bbrow\u00bb type=\u00bbfull_width\u00bb text_align=\u00bbleft\u00bb css_animation=\u00bb\u00bb][vc_column_inner offset=\u00bbvc_hidden-xs\u00bb][vc_empty_space height=\u00bb850px\u00bb][\/vc_column_inner][vc_column_inner offset=\u00bbvc_hidden-lg vc_hidden-md vc_hidden-sm\u00bb][vc_empty_space height=\u00bb400px\u00bb][\/vc_column_inner][\/vc_row_inner][\/vc_column][vc_column width=\u00bb2\/3&#8243;][vc_row_inner row_type=\u00bbrow\u00bb type=\u00bbfull_width\u00bb text_align=\u00bbleft\u00bb css_animation=\u00bb\u00bb][vc_column_inner offset=\u00bbvc_hidden-lg vc_hidden-md vc_hidden-xs\u00bb][vc_empty_space height=\u00bb15px\u00bb][\/vc_column_inner][\/vc_row_inner][vc_empty_space height=\u00bb100px\u00bb][vc_row_inner row_type=\u00bbrow\u00bb type=\u00bbgrid\u00bb text_align=\u00bbleft\u00bb css_animation=\u00bb\u00bb][vc_column_inner width=\u00bb1\/12&#8243;][\/vc_column_inner][vc_column_inner el_class=\u00bbpadding\u00bb...","og_url":"https:\/\/www.gsccanarias.com\/gsc\/la-empresa\/","og_site_name":"GSC","article_modified_time":"2023-12-19T07:18:20+00:00","twitter_card":"summary_large_image","twitter_misc":{"Tiempo de lectura":"6 minutos"},"schema":{"@context":"https:\/\/schema.org","@graph":[{"@type":"WebPage","@id":"https:\/\/www.gsccanarias.com\/gsc\/la-empresa\/","url":"https:\/\/www.gsccanarias.com\/gsc\/la-empresa\/","name":"La Empresa - GSC","isPartOf":{"@id":"https:\/\/www.gsccanarias.com\/gsc\/#website"},"datePublished":"2021-12-27T11:51:51+00:00","dateModified":"2023-12-19T07:18:20+00:00","breadcrumb":{"@id":"https:\/\/www.gsccanarias.com\/gsc\/la-empresa\/#breadcrumb"},"inLanguage":"es","potentialAction":[{"@type":"ReadAction","target":["https:\/\/www.gsccanarias.com\/gsc\/la-empresa\/"]}]},{"@type":"BreadcrumbList","@id":"https:\/\/www.gsccanarias.com\/gsc\/la-empresa\/#breadcrumb","itemListElement":[{"@type":"ListItem","position":1,"name":"Portada","item":"https:\/\/www.gsccanarias.com\/gsc\/"},{"@type":"ListItem","position":2,"name":"La Empresa"}]},{"@type":"WebSite","@id":"https:\/\/www.gsccanarias.com\/gsc\/#website","url":"https:\/\/www.gsccanarias.com\/gsc\/","name":"GSC","description":"Administramos servicios relacionados con la salud, las emergencias, la seguridad y el transporte sanitario","potentialAction":[{"@type":"SearchAction","target":{"@type":"EntryPoint","urlTemplate":"https:\/\/www.gsccanarias.com\/gsc\/?s={search_term_string}"},"query-input":{"@type":"PropertyValueSpecification","valueRequired":true,"valueName":"search_term_string"}}],"inLanguage":"es"}]}},"publishpress_future_workflow_manual_trigger":{"enabledWorkflows":[]},"_links":{"self":[{"href":"https:\/\/www.gsccanarias.com\/gsc\/wp-json\/wp\/v2\/pages\/47","targetHints":{"allow":["GET"]}}],"collection":[{"href":"https:\/\/www.gsccanarias.com\/gsc\/wp-json\/wp\/v2\/pages"}],"about":[{"href":"https:\/\/www.gsccanarias.com\/gsc\/wp-json\/wp\/v2\/types\/page"}],"author":[{"embeddable":true,"href":"https:\/\/www.gsccanarias.com\/gsc\/wp-json\/wp\/v2\/users\/1"}],"replies":[{"embeddable":true,"href":"https:\/\/www.gsccanarias.com\/gsc\/wp-json\/wp\/v2\/comments?post=47"}],"version-history":[{"count":71,"href":"https:\/\/www.gsccanarias.com\/gsc\/wp-json\/wp\/v2\/pages\/47\/revisions"}],"predecessor-version":[{"id":12429,"href":"https:\/\/www.gsccanarias.com\/gsc\/wp-json\/wp\/v2\/pages\/47\/revisions\/12429"}],"wp:attachment":[{"href":"https:\/\/www.gsccanarias.com\/gsc\/wp-json\/wp\/v2\/media?parent=47"}],"curies":[{"name":"wp","href":"https:\/\/api.w.org\/{rel}","templated":true}]}}