{"id":3981,"date":"2022-06-06T10:06:28","date_gmt":"2022-06-06T10:06:28","guid":{"rendered":"https:\/\/www.gsccanarias.com\/gsc\/?page_id=3981"},"modified":"2022-07-25T11:03:23","modified_gmt":"2022-07-25T11:03:23","slug":"atajos-de-teclado","status":"publish","type":"page","link":"https:\/\/www.gsccanarias.com\/gsc\/atajos-de-teclado\/","title":{"rendered":"Atajos de teclado"},"content":{"rendered":"<p>[vc_row css_animation=\u00bb\u00bb row_type=\u00bbrow\u00bb use_row_as_full_screen_section=\u00bbno\u00bb type=\u00bbfull_width\u00bb angled_section=\u00bbno\u00bb text_align=\u00bbleft\u00bb background_image_as_pattern=\u00bbwithout_pattern\u00bb][vc_column][vc_empty_space height=\u00bb100px\u00bb][\/vc_column][\/vc_row][vc_row css_animation=\u00bb\u00bb row_type=\u00bbrow\u00bb use_row_as_full_screen_section=\u00bbno\u00bb type=\u00bbgrid\u00bb angled_section=\u00bbno\u00bb text_align=\u00bbleft\u00bb background_image_as_pattern=\u00bbwithout_pattern\u00bb z_index=\u00bb\u00bb][vc_column][vc_column_text]<\/p>\n<div class=\"page-header\">\n<h2><strong>Atajos de teclado para lector de pantalla y navegadores Chrome, Firefox y Edge<\/strong><\/h2>\n<\/div>\n<p>[\/vc_column_text][vc_empty_space height=\u00bb50px\u00bb][vc_column_text]<strong><span style=\"color: #3b4b7d;\"> <\/span>Atajos de teclado para Lector de pantalla.<\/strong><\/p>\n<p>Claves de acceso<br \/>\nBot\u00f3n de play=P<br \/>\nBot\u00f3n de pausa=E<br \/>\nBot\u00f3n Detener=S<br \/>\nAumentar el bot\u00f3n de fuente=O<br \/>\nBot\u00f3n para disminuir la fuente=U<br \/>\nBot\u00f3n de reinicio=R<br \/>\nBot\u00f3n predeterminado de alto contraste=H<br \/>\n2 botones alternativos de alto contraste=J<br \/>\n3 botones alternativos de alto contraste=K<br \/>\nbot\u00f3n disl\u00e9xico=D<br \/>\nBot\u00f3n tonos grises=G<br \/>\nAumentar bot\u00f3n de espaciado=M<br \/>\nBot\u00f3n para disminuir el espacio=N<br \/>\nCursor ampliado=W<br \/>\nGu\u00edas de lectura=V<br \/>\nModo de lectura=Q<br \/>\nOcultar im\u00e1genes=F<br \/>\nSaltar a contenidos=C<br \/>\nbarra de herramientas minimizada=L<br \/>\nTeclas de acceso al volumen de audio<br \/>\nAumentar el volumen de audio (plantilla accesible)=+<br \/>\nDisminuir el volumen de audio (plantilla accesible)= &#8211;<\/p>\n<p>&nbsp;<\/p>\n<p><strong><span style=\"color: #3b4b7d;\"> <\/span>Atajos de Teclado para navegadores Chrome, Firefox, Edge y compatibles<\/strong><\/p>\n<p><strong>CTRL + T<\/strong><br \/>\nAbre una pesta\u00f1a nueva.<\/p>\n<p><strong>CTRL + W<\/strong><br \/>\nCierre la pesta\u00f1a actual.<\/p>\n<p><strong>CTRL + MAY\u00daS + T<\/strong><br \/>\nAbrir pesta\u00f1a previamente cerrada.<\/p>\n<p><strong>CTRL + TAB<\/strong><br \/>\nCambiar entre pesta\u00f1as abiertas.<\/p>\n<p><strong>CTRL + 1 a 8<\/strong><br \/>\nCambie a la pesta\u00f1a del n\u00famero correspondiente de izquierda a derecha.<\/p>\n<p><strong>CTRL + 1<\/strong><br \/>\nCambia a la primera pesta\u00f1a.<\/p>\n<p><strong>CTRL + 9<\/strong><br \/>\nCambia a la \u00faltima pesta\u00f1a.<\/p>\n<p><strong>CTRL + N<\/strong><br \/>\nAbre una nueva ventana del navegador.<\/p>\n<p><strong>ALT + F4<\/strong><br \/>\nCierra la ventana actual del navegador. Este m\u00e9todo abreviado de teclado funciona en Windows.<\/p>\n<p><strong>F11<\/strong><br \/>\nIr a pantalla completa<\/p>\n<p><strong>ALT + Inicio<\/strong><br \/>\nAbre la p\u00e1gina de inicio.<\/p>\n<p><strong>Retroceso o ALT + flecha izquierda<\/strong><br \/>\nRegresa.<\/p>\n<p><strong>ALT + flecha derecha<\/strong><br \/>\nAvanzar.<\/p>\n<p><strong>F5 o CTRL + R<\/strong><br \/>\nRecargar la p\u00e1gina actual.<\/p>\n<p><strong>Esc<\/strong><br \/>\nDetener la carga de la p\u00e1gina web.<\/p>\n<p><strong>CTRL + P<\/strong><br \/>\nImprime la p\u00e1gina web.<\/p>\n<p><strong>CTRL + S<\/strong><br \/>\nGuarde la p\u00e1gina web en su computadora. Lea sobre la descarga de un sitio web completo para su uso sin conexi\u00f3n.<\/p>\n<p><strong>CTRL + O<\/strong><br \/>\nAbra un archivo almacenado en su computadora. Los navegadores modernos admiten archivos PDF. Por lo tanto, puede usar este acceso directo para abrir un archivo PDF, o cualquier otro archivo, como una imagen, en su navegador web.<\/p>\n<p><strong>CTRL + H<\/strong><br \/>\nAbrir el historial del navegador.<\/p>\n<p><strong>CTRL + J<\/strong><br \/>\nAbrir el historial de descargas.<\/p>\n<p><strong>CTRL + D<\/strong><br \/>\nAgregue la p\u00e1gina web actual a los marcadores.<\/p>\n<p><strong>CTRL + Entrar<\/strong><br \/>\nAgrega www y .com al nombre del sitio web escrito en la barra de direcciones. Por ejemplo, escriba Fossbytes en la barra de direcciones y presione CTRL + Entrar. Se completar\u00e1 autom\u00e1ticamente en www.fossbytes.com<\/p>\n<p><strong>CTRL +<\/strong><br \/>\nAcercarse.<\/p>\n<p><strong>CTRL &#8211;<\/strong><br \/>\nDisminuir el zoom.<\/p>\n<p><strong>CTRL + 0<\/strong><br \/>\nRestablecer zoom.<\/p>\n<p><strong>Casa<\/strong><br \/>\nVe a la parte superior de la p\u00e1gina web.<\/p>\n<p><strong>Fin<\/strong><br \/>\nVaya al final de la p\u00e1gina web.<\/p>\n<p><strong>CTRL + F<\/strong><br \/>\nBusca en la p\u00e1gina web<\/p>\n<p><strong>CTRL + L o F6 o ALT + D<\/strong><br \/>\nSalta a la barra de direcciones. Tambi\u00e9n puede usar ALT + Entrar para abrir la direcci\u00f3n web escrita en la barra de direcciones en una nueva pesta\u00f1a.<\/p>\n<p><strong>CTRL + MAY\u00daS + Eliminar<\/strong><br \/>\nAbra la opci\u00f3n Borrar datos de navegaci\u00f3n.<\/p>\n<p>&nbsp;<\/p>\n<p>Estos son los 30 m\u00e9todos abreviados de teclado del navegador para Chrome, Firefox y Edge en el sistema operativo Windows, siendo considerados como los b\u00e1sicos.[\/vc_column_text][\/vc_column][\/vc_row][vc_row css_animation=\u00bb\u00bb row_type=\u00bbrow\u00bb use_row_as_full_screen_section=\u00bbno\u00bb type=\u00bbfull_width\u00bb angled_section=\u00bbno\u00bb text_align=\u00bbleft\u00bb background_image_as_pattern=\u00bbwithout_pattern\u00bb][vc_column][vc_empty_space height=\u00bb100px\u00bb][\/vc_column][\/vc_row]<\/p>\n<div class=\"print\"><span class=\"page_title\">P\u00e1gina: <span>Atajos de teclado<\/span><\/span>\n\t\t\t\t\t\t\t\t\t\t\t<span class=\"page_title\">Fecha de impresi\u00f3n: <span>12\/05\/2026 - 20:46:11 UTC<\/span><\/span>\n\t\t\t\t\t\t\t\t\t\t\t<span class=\"stmp_trans_date\">\u00daltima actualizaci\u00f3n: <span>25\/07\/2022 - 11:03:23<\/span><\/span>\n\t\t\t\t\t\t\t\t\t\t\t<span class=\"stmp_trans_date\">Fecha publicaci\u00f3n: <span>06\/06\/2022 - 10:06:28<\/span><\/span>\n\t\t\t\t\t\t\t\t\t\t\t<span class=\"stmp_trans_date\">Fecha creaci\u00f3n: <span>06\/06\/2022 - 10:06:28<\/span><\/span><\/div>\n\t","protected":false},"excerpt":{"rendered":"<p>[vc_row css_animation=\u00bb\u00bb row_type=\u00bbrow\u00bb use_row_as_full_screen_section=\u00bbno\u00bb type=\u00bbfull_width\u00bb angled_section=\u00bbno\u00bb text_align=\u00bbleft\u00bb background_image_as_pattern=\u00bbwithout_pattern\u00bb][vc_column][vc_empty_space height=\u00bb100px\u00bb][\/vc_column][\/vc_row][vc_row css_animation=\u00bb\u00bb row_type=\u00bbrow\u00bb use_row_as_full_screen_section=\u00bbno\u00bb type=\u00bbgrid\u00bb angled_section=\u00bbno\u00bb text_align=\u00bbleft\u00bb background_image_as_pattern=\u00bbwithout_pattern\u00bb z_index=\u00bb\u00bb][vc_column][vc_column_text] Atajos de teclado para lector de pantalla y navegadores Chrome, Firefox y Edge [\/vc_column_text][vc_empty_space height=\u00bb50px\u00bb][vc_column_text] Atajos de teclado para Lector de pantalla. Claves de acceso Bot\u00f3n de play=P&#8230;<\/p>\n","protected":false},"author":1,"featured_media":0,"parent":0,"menu_order":0,"comment_status":"closed","ping_status":"closed","template":"full_width.php","meta":{"footnotes":""},"class_list":["post-3981","page","type-page","status-publish","has-post-thumbnail","hentry"],"a3_pvc":{"activated":false,"total_views":0,"today_views":0},"yoast_head":"<!-- This site is optimized with the Yoast SEO plugin v27.5 - https:\/\/yoast.com\/product\/yoast-seo-wordpress\/ -->\n<title>Atajos de teclado - GSC<\/title>\n<meta name=\"robots\" content=\"index, follow, max-snippet:-1, max-image-preview:large, max-video-preview:-1\" \/>\n<link rel=\"canonical\" href=\"https:\/\/www.gsccanarias.com\/gsc\/atajos-de-teclado\/\" \/>\n<meta property=\"og:locale\" content=\"es_ES\" \/>\n<meta property=\"og:type\" content=\"article\" \/>\n<meta property=\"og:title\" content=\"Atajos de teclado - GSC\" \/>\n<meta property=\"og:description\" content=\"[vc_row css_animation=\u00bb\u00bb row_type=\u00bbrow\u00bb use_row_as_full_screen_section=\u00bbno\u00bb type=\u00bbfull_width\u00bb angled_section=\u00bbno\u00bb text_align=\u00bbleft\u00bb background_image_as_pattern=\u00bbwithout_pattern\u00bb][vc_column][vc_empty_space height=\u00bb100px\u00bb][\/vc_column][\/vc_row][vc_row css_animation=\u00bb\u00bb row_type=\u00bbrow\u00bb use_row_as_full_screen_section=\u00bbno\u00bb type=\u00bbgrid\u00bb angled_section=\u00bbno\u00bb text_align=\u00bbleft\u00bb background_image_as_pattern=\u00bbwithout_pattern\u00bb z_index=\u00bb\u00bb][vc_column][vc_column_text] Atajos de teclado para lector de pantalla y navegadores Chrome, Firefox y Edge [\/vc_column_text][vc_empty_space height=\u00bb50px\u00bb][vc_column_text] Atajos de teclado para Lector de pantalla. Claves de acceso Bot\u00f3n de play=P...\" \/>\n<meta property=\"og:url\" content=\"https:\/\/www.gsccanarias.com\/gsc\/atajos-de-teclado\/\" \/>\n<meta property=\"og:site_name\" content=\"GSC\" \/>\n<meta property=\"article:modified_time\" content=\"2022-07-25T11:03:23+00:00\" \/>\n<meta property=\"og:image\" content=\"https:\/\/www.gsccanarias.com\/gsc\/wp-content\/uploads\/2019\/03\/Division.png\" \/>\n<meta name=\"twitter:card\" content=\"summary_large_image\" \/>\n<meta name=\"twitter:label1\" content=\"Tiempo de lectura\" \/>\n\t<meta name=\"twitter:data1\" content=\"3 minutos\" \/>\n<script type=\"application\/ld+json\" class=\"yoast-schema-graph\">{\"@context\":\"https:\\\/\\\/schema.org\",\"@graph\":[{\"@type\":\"WebPage\",\"@id\":\"https:\\\/\\\/www.gsccanarias.com\\\/gsc\\\/atajos-de-teclado\\\/\",\"url\":\"https:\\\/\\\/www.gsccanarias.com\\\/gsc\\\/atajos-de-teclado\\\/\",\"name\":\"Atajos de teclado - GSC\",\"isPartOf\":{\"@id\":\"https:\\\/\\\/www.gsccanarias.com\\\/gsc\\\/#website\"},\"primaryImageOfPage\":{\"@id\":\"https:\\\/\\\/www.gsccanarias.com\\\/gsc\\\/atajos-de-teclado\\\/#primaryimage\"},\"image\":{\"@id\":\"https:\\\/\\\/www.gsccanarias.com\\\/gsc\\\/atajos-de-teclado\\\/#primaryimage\"},\"thumbnailUrl\":\"https:\\\/\\\/www.gsccanarias.com\\\/gsc\\\/wp-content\\\/uploads\\\/2019\\\/03\\\/Division.png\",\"datePublished\":\"2022-06-06T10:06:28+00:00\",\"dateModified\":\"2022-07-25T11:03:23+00:00\",\"breadcrumb\":{\"@id\":\"https:\\\/\\\/www.gsccanarias.com\\\/gsc\\\/atajos-de-teclado\\\/#breadcrumb\"},\"inLanguage\":\"es\",\"potentialAction\":[{\"@type\":\"ReadAction\",\"target\":[\"https:\\\/\\\/www.gsccanarias.com\\\/gsc\\\/atajos-de-teclado\\\/\"]}]},{\"@type\":\"ImageObject\",\"inLanguage\":\"es\",\"@id\":\"https:\\\/\\\/www.gsccanarias.com\\\/gsc\\\/atajos-de-teclado\\\/#primaryimage\",\"url\":\"https:\\\/\\\/www.gsccanarias.com\\\/gsc\\\/wp-content\\\/uploads\\\/2019\\\/03\\\/Division.png\",\"contentUrl\":\"https:\\\/\\\/www.gsccanarias.com\\\/gsc\\\/wp-content\\\/uploads\\\/2019\\\/03\\\/Division.png\",\"width\":9,\"height\":10,\"caption\":\"->\"},{\"@type\":\"BreadcrumbList\",\"@id\":\"https:\\\/\\\/www.gsccanarias.com\\\/gsc\\\/atajos-de-teclado\\\/#breadcrumb\",\"itemListElement\":[{\"@type\":\"ListItem\",\"position\":1,\"name\":\"Portada\",\"item\":\"https:\\\/\\\/www.gsccanarias.com\\\/gsc\\\/\"},{\"@type\":\"ListItem\",\"position\":2,\"name\":\"Atajos de teclado\"}]},{\"@type\":\"WebSite\",\"@id\":\"https:\\\/\\\/www.gsccanarias.com\\\/gsc\\\/#website\",\"url\":\"https:\\\/\\\/www.gsccanarias.com\\\/gsc\\\/\",\"name\":\"GSC\",\"description\":\"Administramos servicios relacionados con la salud, las emergencias, la seguridad y el transporte sanitario\",\"potentialAction\":[{\"@type\":\"SearchAction\",\"target\":{\"@type\":\"EntryPoint\",\"urlTemplate\":\"https:\\\/\\\/www.gsccanarias.com\\\/gsc\\\/?s={search_term_string}\"},\"query-input\":{\"@type\":\"PropertyValueSpecification\",\"valueRequired\":true,\"valueName\":\"search_term_string\"}}],\"inLanguage\":\"es\"}]}<\/script>\n<!-- \/ Yoast SEO plugin. -->","yoast_head_json":{"title":"Atajos de teclado - GSC","robots":{"index":"index","follow":"follow","max-snippet":"max-snippet:-1","max-image-preview":"max-image-preview:large","max-video-preview":"max-video-preview:-1"},"canonical":"https:\/\/www.gsccanarias.com\/gsc\/atajos-de-teclado\/","og_locale":"es_ES","og_type":"article","og_title":"Atajos de teclado - GSC","og_description":"[vc_row css_animation=\u00bb\u00bb row_type=\u00bbrow\u00bb use_row_as_full_screen_section=\u00bbno\u00bb type=\u00bbfull_width\u00bb angled_section=\u00bbno\u00bb text_align=\u00bbleft\u00bb background_image_as_pattern=\u00bbwithout_pattern\u00bb][vc_column][vc_empty_space height=\u00bb100px\u00bb][\/vc_column][\/vc_row][vc_row css_animation=\u00bb\u00bb row_type=\u00bbrow\u00bb use_row_as_full_screen_section=\u00bbno\u00bb type=\u00bbgrid\u00bb angled_section=\u00bbno\u00bb text_align=\u00bbleft\u00bb background_image_as_pattern=\u00bbwithout_pattern\u00bb z_index=\u00bb\u00bb][vc_column][vc_column_text] Atajos de teclado para lector de pantalla y navegadores Chrome, Firefox y Edge [\/vc_column_text][vc_empty_space height=\u00bb50px\u00bb][vc_column_text] Atajos de teclado para Lector de pantalla. Claves de acceso Bot\u00f3n de play=P...","og_url":"https:\/\/www.gsccanarias.com\/gsc\/atajos-de-teclado\/","og_site_name":"GSC","article_modified_time":"2022-07-25T11:03:23+00:00","og_image":[{"url":"https:\/\/www.gsccanarias.com\/gsc\/wp-content\/uploads\/2019\/03\/Division.png","type":"","width":"","height":""}],"twitter_card":"summary_large_image","twitter_misc":{"Tiempo de lectura":"3 minutos"},"schema":{"@context":"https:\/\/schema.org","@graph":[{"@type":"WebPage","@id":"https:\/\/www.gsccanarias.com\/gsc\/atajos-de-teclado\/","url":"https:\/\/www.gsccanarias.com\/gsc\/atajos-de-teclado\/","name":"Atajos de teclado - GSC","isPartOf":{"@id":"https:\/\/www.gsccanarias.com\/gsc\/#website"},"primaryImageOfPage":{"@id":"https:\/\/www.gsccanarias.com\/gsc\/atajos-de-teclado\/#primaryimage"},"image":{"@id":"https:\/\/www.gsccanarias.com\/gsc\/atajos-de-teclado\/#primaryimage"},"thumbnailUrl":"https:\/\/www.gsccanarias.com\/gsc\/wp-content\/uploads\/2019\/03\/Division.png","datePublished":"2022-06-06T10:06:28+00:00","dateModified":"2022-07-25T11:03:23+00:00","breadcrumb":{"@id":"https:\/\/www.gsccanarias.com\/gsc\/atajos-de-teclado\/#breadcrumb"},"inLanguage":"es","potentialAction":[{"@type":"ReadAction","target":["https:\/\/www.gsccanarias.com\/gsc\/atajos-de-teclado\/"]}]},{"@type":"ImageObject","inLanguage":"es","@id":"https:\/\/www.gsccanarias.com\/gsc\/atajos-de-teclado\/#primaryimage","url":"https:\/\/www.gsccanarias.com\/gsc\/wp-content\/uploads\/2019\/03\/Division.png","contentUrl":"https:\/\/www.gsccanarias.com\/gsc\/wp-content\/uploads\/2019\/03\/Division.png","width":9,"height":10,"caption":"->"},{"@type":"BreadcrumbList","@id":"https:\/\/www.gsccanarias.com\/gsc\/atajos-de-teclado\/#breadcrumb","itemListElement":[{"@type":"ListItem","position":1,"name":"Portada","item":"https:\/\/www.gsccanarias.com\/gsc\/"},{"@type":"ListItem","position":2,"name":"Atajos de teclado"}]},{"@type":"WebSite","@id":"https:\/\/www.gsccanarias.com\/gsc\/#website","url":"https:\/\/www.gsccanarias.com\/gsc\/","name":"GSC","description":"Administramos servicios relacionados con la salud, las emergencias, la seguridad y el transporte sanitario","potentialAction":[{"@type":"SearchAction","target":{"@type":"EntryPoint","urlTemplate":"https:\/\/www.gsccanarias.com\/gsc\/?s={search_term_string}"},"query-input":{"@type":"PropertyValueSpecification","valueRequired":true,"valueName":"search_term_string"}}],"inLanguage":"es"}]}},"publishpress_future_workflow_manual_trigger":{"enabledWorkflows":[]},"_links":{"self":[{"href":"https:\/\/www.gsccanarias.com\/gsc\/wp-json\/wp\/v2\/pages\/3981","targetHints":{"allow":["GET"]}}],"collection":[{"href":"https:\/\/www.gsccanarias.com\/gsc\/wp-json\/wp\/v2\/pages"}],"about":[{"href":"https:\/\/www.gsccanarias.com\/gsc\/wp-json\/wp\/v2\/types\/page"}],"author":[{"embeddable":true,"href":"https:\/\/www.gsccanarias.com\/gsc\/wp-json\/wp\/v2\/users\/1"}],"replies":[{"embeddable":true,"href":"https:\/\/www.gsccanarias.com\/gsc\/wp-json\/wp\/v2\/comments?post=3981"}],"version-history":[{"count":4,"href":"https:\/\/www.gsccanarias.com\/gsc\/wp-json\/wp\/v2\/pages\/3981\/revisions"}],"predecessor-version":[{"id":12653,"href":"https:\/\/www.gsccanarias.com\/gsc\/wp-json\/wp\/v2\/pages\/3981\/revisions\/12653"}],"wp:attachment":[{"href":"https:\/\/www.gsccanarias.com\/gsc\/wp-json\/wp\/v2\/media?parent=3981"}],"curies":[{"name":"wp","href":"https:\/\/api.w.org\/{rel}","templated":true}]}}