{"id":382,"date":"2022-01-19T11:56:48","date_gmt":"2022-01-19T11:56:48","guid":{"rendered":"https:\/\/www.gsccanarias.com\/gsc\/?page_id=382"},"modified":"2022-01-19T11:58:11","modified_gmt":"2022-01-19T11:58:11","slug":"sr-d-elias-castro-feliciano-director-gerente","status":"publish","type":"page","link":"https:\/\/www.gsccanarias.com\/gsc\/sr-d-elias-castro-feliciano-director-gerente\/","title":{"rendered":"Sr. D. El\u00edas Castro Feliciano &#8211; Director Gerente"},"content":{"rendered":"<p>[vc_row css_animation=\u00bb\u00bb row_type=\u00bbrow\u00bb use_row_as_full_screen_section=\u00bbno\u00bb type=\u00bbfull_width\u00bb angled_section=\u00bbno\u00bb text_align=\u00bbleft\u00bb background_image_as_pattern=\u00bbwithout_pattern\u00bb][vc_column][vc_empty_space height=\u00bb100px\u00bb][\/vc_column][\/vc_row][vc_row css_animation=\u00bb\u00bb row_type=\u00bbrow\u00bb use_row_as_full_screen_section=\u00bbno\u00bb type=\u00bbgrid\u00bb angled_section=\u00bbno\u00bb text_align=\u00bbleft\u00bb background_image_as_pattern=\u00bbwithout_pattern\u00bb z_index=\u00bb\u00bb][vc_column][vc_column_text]<\/p>\n<h2><strong>Informaci\u00f3n relativa al personal directivo empresas p\u00fablicas<\/strong><\/h2>\n<p><strong>\u00a0<\/strong><\/p>\n<p><strong>GESTI\u00d3N DE SERVICIOS PARA LA SALUD Y SEGURIDAD EN CANARIAS (GSC)<\/strong><strong>\u00a0<\/strong><\/p>\n<p><strong>El\u00edas Castro Feliciano<\/strong><\/p>\n<ul>\n<li>Director Gerente<\/li>\n<li>Gesti\u00f3n de Servicios para la Salud y Seguridad en Canarias (GSC), empresa p\u00fablica del Gobierno de Canarias adscrita a la Consejer\u00eda de Sanidad y a la Consejer\u00eda de Administraciones P\u00fablicas, Justicia y Seguridad<\/li>\n<\/ul>\n<p><strong>\u00a0<\/strong><\/p>\n<p><strong>M\u00e9ritos acad\u00e9micos:<\/strong><\/p>\n<ul>\n<li>Licenciado en Derecho por la Universidad de La Laguna<\/li>\n<li>T\u00edtulo de Competencia Profesional en Transporte de Viajeros por Carretera<\/li>\n<\/ul>\n<p>&nbsp;<\/p>\n<p><strong>Trayectoria profesional:<\/strong><\/p>\n<ul>\n<li>Asesor del Presidente del Cabildo Insular de La Palma en materia de transporte regular de viajeros (2017 \u2013 2019).<\/li>\n<li>Experto en la Comisi\u00f3n de Estudio del Parlamento de Canarias sobre la situaci\u00f3n del transporte en las Islas (abril 2018).<\/li>\n<li>Director General de Transportes. Consejer\u00eda de Obras P\u00fablicas y Transportes del Gobierno de Canarias (septiembre 2015 &#8211; diciembre 2016).<\/li>\n<li>Asesor jur\u00eddico-laboral de las empresas estibadoras y de la Sociedad de la estiba del Puerto de La Luz y de Las Palmas, en materia de negociaciones regionales y nacionales del III Acuerdo Marco de la Estiba y de los convenios colectivos con las empresas consignatarias del puerto. SESTIBA (2000 \u2013 2008).<\/li>\n<li>Propietario y gerente del despacho de abogados Castro Afonso Abogados (junio 1993 &#8211; agosto 2015). Asesoramiento en materia administrativa, laboral y mercantil para empresas del transporte y para la Administraci\u00f3n P\u00fablica.<\/li>\n<li>Miembro del Consejo de Administraci\u00f3n de la Autoridad Portuaria de Las Palmas en representaci\u00f3n de Puertos del Estado (1996 \u2013 1997).<\/li>\n<li>Secretario General de la Federaci\u00f3n de Empresarios de Transportes de Canarias-FET (marzo de 1996 &#8211; marzo de 1997). Negociaci\u00f3n de convenios colectivos provinciales de Las Palmas y Tenerife de Transportes de Viajeros y Mercanc\u00edas, desde 1994 a 2010.<\/li>\n<li>Director General del Gabinete del Presidente. Gobierno de Canarias. (noviembre 1991 &#8211; abril 1993).<\/li>\n<li>Director General de Industria del Gobierno de Canarias (agosto 1991 &#8211; noviembre 1990).<\/li>\n<li>Presidente de la Asociaci\u00f3n de Empresarios de Transportes de Tenerife- Viajeros y Mercanc\u00edas. De diciembre 1988 a junio 1990.<\/li>\n<li>Director Gerente de la empresa de transporte p\u00fablico discrecional de viajeros Tenerifebus S. A. Transporte escolar y tur\u00edstico (octubre 1988 &#8211; junio 1990).<\/li>\n<li>Director Gerente de TITSA, empresa p\u00fablica de transportes interurbanos de Tenerife (noviembre de 1986 &#8211; septiembre de 1988).<\/li>\n<li>Profesor de la Facultad de Ciencias Empresariales, Universidad de La Laguna, impartiendo asignaturas de Derecho del Trabajo y Derecho Econ\u00f3mico-Administrativo (junio 1983 &#8211; septiembre 1985).<\/li>\n<li>Director Gerente de Guaguas Municipales S.A., empresa municipal de transporte urbano de Las Palmas de Gran Canaria (octubre 1979 &#8211; octubre 1986 y agosto 1990 &#8211; julio1991).<\/li>\n<li>Pr\u00e1cticas jur\u00eddicas en la asesor\u00eda laboral de la UGT en Las Palmas de Gran Canaria (1978 &#8211; 1979).<\/li>\n<li>Asesor del Consejero de Trabajo en la Junta Preauton\u00f3mica de Canarias (octubre de 1978 &#8211; abril de 1979)<\/li>\n<li>Ejercicio profesional de la Abogac\u00eda desde 1980 en los Colegios de Abogados de Santa Cruz de Tenerife y Las Palmas.<\/li>\n<\/ul>\n<p>&nbsp;<\/p>\n<p><strong>Nombramiento, funciones y contacto:<\/strong><\/p>\n<p><strong>Nombramiento:<\/strong><\/p>\n<p>Acuerdo del Consejo de Administraci\u00f3n de GSC con fecha 16 de marzo de 2020<\/p>\n<p><strong>Funciones:<\/strong><\/p>\n<p>Dirigir los recursos humanos, econ\u00f3micos y t\u00e9cnicos de la empresa p\u00fablica para cumplir con las encomiendas del Gobierno de Canarias, entre otras, la gesti\u00f3n del transporte sanitario en Canarias, la prestaci\u00f3n de la asistencia sanitaria urgente prehospitalaria y el funcionamiento del Centro Coordinador de Emergencias y Seguridad 1-1-2.<\/p>\n<p><strong>Contacto:<\/strong><\/p>\n<p>GRAN CANARIA:<\/p>\n<p>C\/ Real del Castillo, 152. Quinta Planta.<br \/>\nHospital Juan Carlos I. Ala Centro.<br \/>\n35014\u00a0<strong>Las Palmas de Gran Canaria<\/strong><br \/>\nTel\u00e9fono: 928 498 600<br \/>\nFax: 928 274 274<\/p>\n<p>TENERIFE<\/p>\n<p>Carretera de La Esperanza, N\u00ba 10.<br \/>\n38291\u00a0<strong>San Crist\u00f3bal de La Laguna<\/strong><br \/>\nTel\u00e9fono: 922 238 600<br \/>\nFax: 922 249 392<\/p>\n<p>&nbsp;<\/p>\n<p><span id=\"cloak20c60d12b6ee710358aacb3887f15149\"><a href=\"mailto:gsc@gsccanarias.com\">gsc@gsccanarias.com<\/a><\/span><\/p>\n<p>&nbsp;<\/p>\n<p><strong>\u00d3rganos colegiados administrativos o sociales de los que es miembro:<\/strong><\/p>\n<p>Ninguno<\/p>\n<p><strong>Actividades p\u00fablicas y privadas para las que se le ha concedido la compatibilidad:<\/strong><\/p>\n<p>Ninguna[\/vc_column_text][\/vc_column][\/vc_row][vc_row css_animation=\u00bb\u00bb row_type=\u00bbrow\u00bb use_row_as_full_screen_section=\u00bbno\u00bb type=\u00bbfull_width\u00bb angled_section=\u00bbno\u00bb text_align=\u00bbleft\u00bb background_image_as_pattern=\u00bbwithout_pattern\u00bb][vc_column][vc_empty_space height=\u00bb100px\u00bb][\/vc_column][\/vc_row]<\/p>\n<div class=\"print\"><span class=\"page_title\">P\u00e1gina: <span>Sr. D. El\u00edas Castro Feliciano &#8211; Director Gerente<\/span><\/span>\n\t\t\t\t\t\t\t\t\t\t\t<span class=\"page_title\">Fecha de impresi\u00f3n: <span>12\/05\/2026 - 20:57:34 UTC<\/span><\/span>\n\t\t\t\t\t\t\t\t\t\t\t<span class=\"stmp_trans_date\">\u00daltima actualizaci\u00f3n: <span>19\/01\/2022 - 11:58:11<\/span><\/span>\n\t\t\t\t\t\t\t\t\t\t\t<span class=\"stmp_trans_date\">Fecha publicaci\u00f3n: <span>19\/01\/2022 - 11:56:48<\/span><\/span>\n\t\t\t\t\t\t\t\t\t\t\t<span class=\"stmp_trans_date\">Fecha creaci\u00f3n: <span>19\/01\/2022 - 11:56:48<\/span><\/span><\/div>\n\t","protected":false},"excerpt":{"rendered":"<p>[vc_row css_animation=\u00bb\u00bb row_type=\u00bbrow\u00bb use_row_as_full_screen_section=\u00bbno\u00bb type=\u00bbfull_width\u00bb angled_section=\u00bbno\u00bb text_align=\u00bbleft\u00bb background_image_as_pattern=\u00bbwithout_pattern\u00bb][vc_column][vc_empty_space height=\u00bb100px\u00bb][\/vc_column][\/vc_row][vc_row css_animation=\u00bb\u00bb row_type=\u00bbrow\u00bb use_row_as_full_screen_section=\u00bbno\u00bb type=\u00bbgrid\u00bb angled_section=\u00bbno\u00bb text_align=\u00bbleft\u00bb background_image_as_pattern=\u00bbwithout_pattern\u00bb z_index=\u00bb\u00bb][vc_column][vc_column_text] Informaci\u00f3n relativa al personal directivo empresas p\u00fablicas \u00a0 GESTI\u00d3N DE SERVICIOS PARA LA SALUD Y SEGURIDAD EN CANARIAS (GSC)\u00a0 El\u00edas Castro Feliciano Director Gerente Gesti\u00f3n de Servicios para&#8230;<\/p>\n","protected":false},"author":1,"featured_media":0,"parent":0,"menu_order":0,"comment_status":"closed","ping_status":"closed","template":"full_width.php","meta":{"footnotes":""},"class_list":["post-382","page","type-page","status-publish","has-post-thumbnail","hentry"],"a3_pvc":{"activated":false,"total_views":0,"today_views":0},"yoast_head":"<!-- This site is optimized with the Yoast SEO plugin v27.5 - https:\/\/yoast.com\/product\/yoast-seo-wordpress\/ -->\n<title>Sr. D. El\u00edas Castro Feliciano - Director Gerente - GSC<\/title>\n<meta name=\"robots\" content=\"index, follow, max-snippet:-1, max-image-preview:large, max-video-preview:-1\" \/>\n<link rel=\"canonical\" href=\"https:\/\/www.gsccanarias.com\/gsc\/sr-d-elias-castro-feliciano-director-gerente\/\" \/>\n<meta property=\"og:locale\" content=\"es_ES\" \/>\n<meta property=\"og:type\" content=\"article\" \/>\n<meta property=\"og:title\" content=\"Sr. D. El\u00edas Castro Feliciano - Director Gerente - GSC\" \/>\n<meta property=\"og:description\" content=\"[vc_row css_animation=\u00bb\u00bb row_type=\u00bbrow\u00bb use_row_as_full_screen_section=\u00bbno\u00bb type=\u00bbfull_width\u00bb angled_section=\u00bbno\u00bb text_align=\u00bbleft\u00bb background_image_as_pattern=\u00bbwithout_pattern\u00bb][vc_column][vc_empty_space height=\u00bb100px\u00bb][\/vc_column][\/vc_row][vc_row css_animation=\u00bb\u00bb row_type=\u00bbrow\u00bb use_row_as_full_screen_section=\u00bbno\u00bb type=\u00bbgrid\u00bb angled_section=\u00bbno\u00bb text_align=\u00bbleft\u00bb background_image_as_pattern=\u00bbwithout_pattern\u00bb z_index=\u00bb\u00bb][vc_column][vc_column_text] Informaci\u00f3n relativa al personal directivo empresas p\u00fablicas \u00a0 GESTI\u00d3N DE SERVICIOS PARA LA SALUD Y SEGURIDAD EN CANARIAS (GSC)\u00a0 El\u00edas Castro Feliciano Director Gerente Gesti\u00f3n de Servicios para...\" \/>\n<meta property=\"og:url\" content=\"https:\/\/www.gsccanarias.com\/gsc\/sr-d-elias-castro-feliciano-director-gerente\/\" \/>\n<meta property=\"og:site_name\" content=\"GSC\" \/>\n<meta property=\"article:modified_time\" content=\"2022-01-19T11:58:11+00:00\" \/>\n<meta name=\"twitter:card\" content=\"summary_large_image\" \/>\n<meta name=\"twitter:label1\" content=\"Tiempo de lectura\" \/>\n\t<meta name=\"twitter:data1\" content=\"4 minutos\" \/>\n<script type=\"application\/ld+json\" class=\"yoast-schema-graph\">{\"@context\":\"https:\\\/\\\/schema.org\",\"@graph\":[{\"@type\":\"WebPage\",\"@id\":\"https:\\\/\\\/www.gsccanarias.com\\\/gsc\\\/sr-d-elias-castro-feliciano-director-gerente\\\/\",\"url\":\"https:\\\/\\\/www.gsccanarias.com\\\/gsc\\\/sr-d-elias-castro-feliciano-director-gerente\\\/\",\"name\":\"Sr. D. El\u00edas Castro Feliciano - Director Gerente - GSC\",\"isPartOf\":{\"@id\":\"https:\\\/\\\/www.gsccanarias.com\\\/gsc\\\/#website\"},\"datePublished\":\"2022-01-19T11:56:48+00:00\",\"dateModified\":\"2022-01-19T11:58:11+00:00\",\"breadcrumb\":{\"@id\":\"https:\\\/\\\/www.gsccanarias.com\\\/gsc\\\/sr-d-elias-castro-feliciano-director-gerente\\\/#breadcrumb\"},\"inLanguage\":\"es\",\"potentialAction\":[{\"@type\":\"ReadAction\",\"target\":[\"https:\\\/\\\/www.gsccanarias.com\\\/gsc\\\/sr-d-elias-castro-feliciano-director-gerente\\\/\"]}]},{\"@type\":\"BreadcrumbList\",\"@id\":\"https:\\\/\\\/www.gsccanarias.com\\\/gsc\\\/sr-d-elias-castro-feliciano-director-gerente\\\/#breadcrumb\",\"itemListElement\":[{\"@type\":\"ListItem\",\"position\":1,\"name\":\"Portada\",\"item\":\"https:\\\/\\\/www.gsccanarias.com\\\/gsc\\\/\"},{\"@type\":\"ListItem\",\"position\":2,\"name\":\"Sr. D. El\u00edas Castro Feliciano &#8211; Director Gerente\"}]},{\"@type\":\"WebSite\",\"@id\":\"https:\\\/\\\/www.gsccanarias.com\\\/gsc\\\/#website\",\"url\":\"https:\\\/\\\/www.gsccanarias.com\\\/gsc\\\/\",\"name\":\"GSC\",\"description\":\"Administramos servicios relacionados con la salud, las emergencias, la seguridad y el transporte sanitario\",\"potentialAction\":[{\"@type\":\"SearchAction\",\"target\":{\"@type\":\"EntryPoint\",\"urlTemplate\":\"https:\\\/\\\/www.gsccanarias.com\\\/gsc\\\/?s={search_term_string}\"},\"query-input\":{\"@type\":\"PropertyValueSpecification\",\"valueRequired\":true,\"valueName\":\"search_term_string\"}}],\"inLanguage\":\"es\"}]}<\/script>\n<!-- \/ Yoast SEO plugin. -->","yoast_head_json":{"title":"Sr. D. El\u00edas Castro Feliciano - Director Gerente - GSC","robots":{"index":"index","follow":"follow","max-snippet":"max-snippet:-1","max-image-preview":"max-image-preview:large","max-video-preview":"max-video-preview:-1"},"canonical":"https:\/\/www.gsccanarias.com\/gsc\/sr-d-elias-castro-feliciano-director-gerente\/","og_locale":"es_ES","og_type":"article","og_title":"Sr. D. El\u00edas Castro Feliciano - Director Gerente - GSC","og_description":"[vc_row css_animation=\u00bb\u00bb row_type=\u00bbrow\u00bb use_row_as_full_screen_section=\u00bbno\u00bb type=\u00bbfull_width\u00bb angled_section=\u00bbno\u00bb text_align=\u00bbleft\u00bb background_image_as_pattern=\u00bbwithout_pattern\u00bb][vc_column][vc_empty_space height=\u00bb100px\u00bb][\/vc_column][\/vc_row][vc_row css_animation=\u00bb\u00bb row_type=\u00bbrow\u00bb use_row_as_full_screen_section=\u00bbno\u00bb type=\u00bbgrid\u00bb angled_section=\u00bbno\u00bb text_align=\u00bbleft\u00bb background_image_as_pattern=\u00bbwithout_pattern\u00bb z_index=\u00bb\u00bb][vc_column][vc_column_text] Informaci\u00f3n relativa al personal directivo empresas p\u00fablicas \u00a0 GESTI\u00d3N DE SERVICIOS PARA LA SALUD Y SEGURIDAD EN CANARIAS (GSC)\u00a0 El\u00edas Castro Feliciano Director Gerente Gesti\u00f3n de Servicios para...","og_url":"https:\/\/www.gsccanarias.com\/gsc\/sr-d-elias-castro-feliciano-director-gerente\/","og_site_name":"GSC","article_modified_time":"2022-01-19T11:58:11+00:00","twitter_card":"summary_large_image","twitter_misc":{"Tiempo de lectura":"4 minutos"},"schema":{"@context":"https:\/\/schema.org","@graph":[{"@type":"WebPage","@id":"https:\/\/www.gsccanarias.com\/gsc\/sr-d-elias-castro-feliciano-director-gerente\/","url":"https:\/\/www.gsccanarias.com\/gsc\/sr-d-elias-castro-feliciano-director-gerente\/","name":"Sr. D. El\u00edas Castro Feliciano - Director Gerente - GSC","isPartOf":{"@id":"https:\/\/www.gsccanarias.com\/gsc\/#website"},"datePublished":"2022-01-19T11:56:48+00:00","dateModified":"2022-01-19T11:58:11+00:00","breadcrumb":{"@id":"https:\/\/www.gsccanarias.com\/gsc\/sr-d-elias-castro-feliciano-director-gerente\/#breadcrumb"},"inLanguage":"es","potentialAction":[{"@type":"ReadAction","target":["https:\/\/www.gsccanarias.com\/gsc\/sr-d-elias-castro-feliciano-director-gerente\/"]}]},{"@type":"BreadcrumbList","@id":"https:\/\/www.gsccanarias.com\/gsc\/sr-d-elias-castro-feliciano-director-gerente\/#breadcrumb","itemListElement":[{"@type":"ListItem","position":1,"name":"Portada","item":"https:\/\/www.gsccanarias.com\/gsc\/"},{"@type":"ListItem","position":2,"name":"Sr. D. El\u00edas Castro Feliciano &#8211; Director Gerente"}]},{"@type":"WebSite","@id":"https:\/\/www.gsccanarias.com\/gsc\/#website","url":"https:\/\/www.gsccanarias.com\/gsc\/","name":"GSC","description":"Administramos servicios relacionados con la salud, las emergencias, la seguridad y el transporte sanitario","potentialAction":[{"@type":"SearchAction","target":{"@type":"EntryPoint","urlTemplate":"https:\/\/www.gsccanarias.com\/gsc\/?s={search_term_string}"},"query-input":{"@type":"PropertyValueSpecification","valueRequired":true,"valueName":"search_term_string"}}],"inLanguage":"es"}]}},"publishpress_future_workflow_manual_trigger":{"enabledWorkflows":[]},"_links":{"self":[{"href":"https:\/\/www.gsccanarias.com\/gsc\/wp-json\/wp\/v2\/pages\/382","targetHints":{"allow":["GET"]}}],"collection":[{"href":"https:\/\/www.gsccanarias.com\/gsc\/wp-json\/wp\/v2\/pages"}],"about":[{"href":"https:\/\/www.gsccanarias.com\/gsc\/wp-json\/wp\/v2\/types\/page"}],"author":[{"embeddable":true,"href":"https:\/\/www.gsccanarias.com\/gsc\/wp-json\/wp\/v2\/users\/1"}],"replies":[{"embeddable":true,"href":"https:\/\/www.gsccanarias.com\/gsc\/wp-json\/wp\/v2\/comments?post=382"}],"version-history":[{"count":5,"href":"https:\/\/www.gsccanarias.com\/gsc\/wp-json\/wp\/v2\/pages\/382\/revisions"}],"predecessor-version":[{"id":387,"href":"https:\/\/www.gsccanarias.com\/gsc\/wp-json\/wp\/v2\/pages\/382\/revisions\/387"}],"wp:attachment":[{"href":"https:\/\/www.gsccanarias.com\/gsc\/wp-json\/wp\/v2\/media?parent=382"}],"curies":[{"name":"wp","href":"https:\/\/api.w.org\/{rel}","templated":true}]}}