{"id":269,"date":"2022-01-18T11:43:39","date_gmt":"2022-01-18T11:43:39","guid":{"rendered":"https:\/\/www.gsccanarias.com\/gsc\/?page_id=269"},"modified":"2023-04-25T19:09:38","modified_gmt":"2023-04-25T19:09:38","slug":"atencion-a-la-mujer-vvg","status":"publish","type":"page","link":"https:\/\/www.gsccanarias.com\/gsc\/servicios\/atencion-a-la-mujer-vvg\/","title":{"rendered":"Atenci\u00f3n a la Mujer VVG"},"content":{"rendered":"<p>[vc_row css_animation=\u00bb\u00bb row_type=\u00bbrow\u00bb use_row_as_full_screen_section=\u00bbno\u00bb type=\u00bbfull_width\u00bb angled_section=\u00bbno\u00bb text_align=\u00bbleft\u00bb background_image_as_pattern=\u00bbwithout_pattern\u00bb][vc_column width=\u00bb5\/12&#8243; css=\u00bb.vc_custom_1649077393976{padding-right: 30px !important;padding-left: 30px !important;}\u00bb offset=\u00bbvc_col-lg-3&#8243;][vc_row_inner row_type=\u00bbrow\u00bb type=\u00bbfull_width\u00bb text_align=\u00bbleft\u00bb css_animation=\u00bb\u00bb][vc_column_inner offset=\u00bbvc_hidden-lg vc_hidden-md vc_hidden-xs\u00bb][vc_empty_space height=\u00bb20px\u00bb][\/vc_column_inner][vc_column_inner][vc_empty_space height=\u00bb100px\u00bb][\/vc_column_inner][\/vc_row_inner]<a  itemprop=\"url\" href=\"https:\/\/www.gsccanarias.com\/gsc\/servicios\/cecoes-1-1-2-canarias\/\" target=\"_self\"  class=\"qbutton  big_large_full_width default\" style=\"\">CECOES 1-1-2 Canarias<\/a>[vc_empty_space height=\u00bb10px\u00bb]<a  itemprop=\"url\" href=\"https:\/\/www.gsccanarias.com\/gsc\/servicios\/servicio-de-urgencia-canario\/\" target=\"_self\"  class=\"qbutton  big_large_full_width default\" style=\"\">Servicio de Urgencias Canario<\/a>[vc_empty_space height=\u00bb10px\u00bb]<a  itemprop=\"url\" href=\"https:\/\/www.gsccanarias.com\/gsc\/servicios\/transporte-sanitario-no-urgente\/\" target=\"_self\"  class=\"qbutton  big_large_full_width default\" style=\"\">Transporte Sanitario no Urgente<\/a>[vc_empty_space height=\u00bb10px\u00bb]<a  itemprop=\"url\" href=\"https:\/\/www.gsccanarias.com\/gsc\/servicios\/atencion-a-la-mujer-vvg\/\" target=\"_self\"  class=\"qbutton  big_large_full_width default\" style=\"\">Atenci\u00f3n a la mujer VVG<\/a>[vc_empty_space height=\u00bb10px\u00bb]<a  itemprop=\"url\" href=\"https:\/\/www.gsccanarias.com\/gsc\/servicios\/gestion-servicio\/\" target=\"_self\"  class=\"qbutton  big_large_full_width default\" style=\"\">+ Gesti\u00f3n + Servicios<\/a>[vc_empty_space height=\u00bb40px\u00bb][\/vc_column][vc_column width=\u00bb7\/12&#8243;][vc_row_inner row_type=\u00bbrow\u00bb type=\u00bbfull_width\u00bb text_align=\u00bbleft\u00bb css_animation=\u00bb\u00bb][vc_column_inner offset=\u00bbvc_hidden-xs\u00bb][vc_empty_space height=\u00bb100px\u00bb][\/vc_column_inner][\/vc_row_inner][vc_row_inner row_type=\u00bbrow\u00bb type=\u00bbfull_width\u00bb text_align=\u00bbleft\u00bb css_animation=\u00bb\u00bb][vc_column_inner css=\u00bb.vc_custom_1649077403459{padding-right: 40px !important;padding-left: 40px !important;}\u00bb offset=\u00bbvc_col-lg-6&#8243;][vc_column_text]El Servicio de Atenci\u00f3n a Mujeres V\u00edctimas de Violencia de G\u00e9nero del Instituto Canario de Igualdad (ICI), est\u00e1 integrado en el Centro Coordinador de Emergencias y Seguridad del Gobierno de Canarias (CECOES 1-1-2). Este servicio ofrece una respuesta integral a la demanda de la ciudadan\u00eda por violencia de g\u00e9nero, con informaci\u00f3n espec\u00edfica a las mujeres sobre sus derechos, medidas de protecci\u00f3n y recursos disponibles, adem\u00e1s de prestar asistencia en caso de una situaci\u00f3n de riesgo, gracias a la coordinaci\u00f3n del 1-1-2 y a un equipo de profesionales especializado en violencia de g\u00e9nero: las T\u00e9cnicas de Atenci\u00f3n a la Mujer (TAM).<\/p>\n<p>Las TAM prestan un servicio telef\u00f3nico espec\u00edfico ante las demandas de la ciudadan\u00eda por violencia de g\u00e9nero en cualquiera de sus manifestaciones (violencia f\u00edsica, psicol\u00f3gica y sexual, \u2026) y \u00e1mbitos (familiar, de las relaciones de pareja, laboral, docente o social).<\/p>\n<p>Act\u00faa en coordinaci\u00f3n con otros servicios de urgencias y emergencias, para dar una respuesta eficaz y, de manera especial, moviliza los recursos que existen de atenci\u00f3n social especializada para mujeres v\u00edctimas de violencia de g\u00e9nero en Canarias, como es el caso del Dispositivo de Emergencias para Mujeres Agredidas (DEMA).[\/vc_column_text][\/vc_column_inner][vc_column_inner css=\u00bb.vc_custom_1649077410106{padding-right: 40px !important;padding-left: 40px !important;}\u00bb offset=\u00bbvc_col-lg-6&#8243;][vc_column_text]Cualquier persona, profesional o las propias mujeres, que conozcan o se encuentren en una situaci\u00f3n de riesgo, pueden solicitar que se activen los servicios de atenci\u00f3n inmediata llamando al 1-1-2. Esta alerta puede ser el punto de partida para activar la actuaci\u00f3n coordinada de los recursos que en cada caso deban intervenir, tanto de protecci\u00f3n y seguridad ciudadana, como de los sanitarios y los sociales.<\/p>\n<p>Bas\u00e1ndonos en el conocimiento acumulado por nuestras T\u00e9cnicas de Atenci\u00f3n a la Mujer (TAM), profesionales todas ellas con un alto nivel de especializaci\u00f3n en esta materia, que desde 1999 vienen prestando el Servicio de Atenci\u00f3n a Mujeres V\u00edctimas de Violencia de G\u00e9nero en las salas operativas del 1-1-2 Canarias, hemos elaborado una Gu\u00eda de Intervenci\u00f3n para Servicios de Seguridad y Emergencias en incidentes de violencia de g\u00e9nero.<\/p>\n<p>Conscientes de la gravedad y las consecuencias que se derivan de la violencia contra las Mujeres en cualquiera de sus manifestaciones, GSC quiere contribuir con esta Gu\u00eda a una sociedad m\u00e1s justa entre mujeres y hombres, en la que la Violencia contra las Mujeres sea desterrada, no s\u00f3lo por la acci\u00f3n de la Justicia, sino por el rechazo social hacia quienes la ejercen y practican en cualquiera de sus dimensiones.<\/p>\n<p>[\/vc_column_text][\/vc_column_inner][\/vc_row_inner][vc_row_inner row_type=\u00bbrow\u00bb type=\u00bbfull_width\u00bb text_align=\u00bbleft\u00bb css_animation=\u00bb\u00bb][vc_column_inner css=\u00bb.vc_custom_1649077410106{padding-right: 40px !important;padding-left: 40px !important;}\u00bb offset=\u00bbvc_col-lg-6&#8243;][vc_empty_space height=\u00bb40px\u00bb]<a  itemprop=\"url\" href=\"https:\/\/www.gsccanarias.com\/gsc\/wp-content\/uploads\/2022\/06\/Gui\u0301a-de-Intervencio\u0301n-para-Servicios-de-Seguridad-y-Emergencias-en-Incidentes-de-Violencia-de-Ge\u0301nero_IMPRIMIR.pdf\" target=\"_self\"  class=\"qbutton  default\" style=\"\">Gu\u00eda de intervenci\u00f3n<\/a>[vc_empty_space height=\u00bb10px\u00bb]<a  itemprop=\"url\" href=\"https:\/\/www.112canarias.com\/112\" target=\"_blank\"  class=\"qbutton  default\" style=\"\">www.112canarias.com<\/a>[\/vc_column_inner][vc_column_inner css=\u00bb.vc_custom_1649077403459{padding-right: 40px !important;padding-left: 40px !important;}\u00bb offset=\u00bbvc_col-lg-6&#8243;][vc_empty_space height=\u00bb40px\u00bb][\/vc_column_inner][\/vc_row_inner][vc_empty_space height=\u00bb100px\u00bb][\/vc_column][vc_column width=\u00bb1\/6&#8243; css=\u00bb.vc_custom_1682449774635{background-image: url(https:\/\/www.gsccanarias.com\/gsc\/wp-content\/uploads\/2023\/04\/TAM-3.jpg?id=13239) !important;background-position: 0 0 !important;background-repeat: no-repeat !important;}\u00bb offset=\u00bbvc_col-xs-2 vc_hidden-xs\u00bb][vc_empty_space height=\u00bb800px\u00bb][\/vc_column][\/vc_row]<\/p>\n<div class=\"print\"><span class=\"page_title\">P\u00e1gina: <span>Atenci\u00f3n a la Mujer VVG<\/span><\/span>\n\t\t\t\t\t\t\t\t\t\t\t<span class=\"page_title\">Fecha de impresi\u00f3n: <span>01\/05\/2026 - 04:20:16 UTC<\/span><\/span>\n\t\t\t\t\t\t\t\t\t\t\t<span class=\"stmp_trans_date\">\u00daltima actualizaci\u00f3n: <span>25\/04\/2023 - 19:09:38<\/span><\/span>\n\t\t\t\t\t\t\t\t\t\t\t<span class=\"stmp_trans_date\">Fecha publicaci\u00f3n: <span>18\/01\/2022 - 11:43:39<\/span><\/span>\n\t\t\t\t\t\t\t\t\t\t\t<span class=\"stmp_trans_date\">Fecha creaci\u00f3n: <span>18\/01\/2022 - 11:43:39<\/span><\/span><\/div>\n\t","protected":false},"excerpt":{"rendered":"<p>[vc_row css_animation=\u00bb\u00bb row_type=\u00bbrow\u00bb use_row_as_full_screen_section=\u00bbno\u00bb type=\u00bbfull_width\u00bb angled_section=\u00bbno\u00bb text_align=\u00bbleft\u00bb background_image_as_pattern=\u00bbwithout_pattern\u00bb][vc_column width=\u00bb5\/12&#8243; css=\u00bb.vc_custom_1649077393976{padding-right: 30px !important;padding-left: 30px !important;}\u00bb offset=\u00bbvc_col-lg-3&#8243;][vc_row_inner row_type=\u00bbrow\u00bb type=\u00bbfull_width\u00bb text_align=\u00bbleft\u00bb css_animation=\u00bb\u00bb][vc_column_inner offset=\u00bbvc_hidden-lg vc_hidden-md vc_hidden-xs\u00bb][vc_empty_space height=\u00bb20px\u00bb][\/vc_column_inner][vc_column_inner][vc_empty_space height=\u00bb100px\u00bb][\/vc_column_inner][\/vc_row_inner][vc_empty_space height=\u00bb10px\u00bb][vc_empty_space height=\u00bb10px\u00bb][vc_empty_space height=\u00bb10px\u00bb][vc_empty_space height=\u00bb10px\u00bb][vc_empty_space height=\u00bb40px\u00bb][\/vc_column][vc_column width=\u00bb7\/12&#8243;][vc_row_inner row_type=\u00bbrow\u00bb type=\u00bbfull_width\u00bb text_align=\u00bbleft\u00bb css_animation=\u00bb\u00bb][vc_column_inner offset=\u00bbvc_hidden-xs\u00bb][vc_empty_space height=\u00bb100px\u00bb][\/vc_column_inner][\/vc_row_inner][vc_row_inner row_type=\u00bbrow\u00bb type=\u00bbfull_width\u00bb text_align=\u00bbleft\u00bb css_animation=\u00bb\u00bb][vc_column_inner css=\u00bb.vc_custom_1649077403459{padding-right: 40px !important;padding-left: 40px !important;}\u00bb&#8230;<\/p>\n","protected":false},"author":1,"featured_media":0,"parent":55,"menu_order":0,"comment_status":"closed","ping_status":"closed","template":"full_width.php","meta":{"footnotes":""},"class_list":["post-269","page","type-page","status-publish","has-post-thumbnail","hentry"],"a3_pvc":{"activated":false,"total_views":0,"today_views":0},"yoast_head":"<!-- This site is optimized with the Yoast SEO plugin v27.5 - https:\/\/yoast.com\/product\/yoast-seo-wordpress\/ -->\n<title>Atenci\u00f3n a la Mujer VVG - GSC<\/title>\n<meta name=\"robots\" content=\"index, follow, max-snippet:-1, max-image-preview:large, max-video-preview:-1\" \/>\n<link rel=\"canonical\" href=\"https:\/\/www.gsccanarias.com\/gsc\/servicios\/atencion-a-la-mujer-vvg\/\" \/>\n<meta property=\"og:locale\" content=\"es_ES\" \/>\n<meta property=\"og:type\" content=\"article\" \/>\n<meta property=\"og:title\" content=\"Atenci\u00f3n a la Mujer VVG - GSC\" \/>\n<meta property=\"og:description\" content=\"[vc_row css_animation=\u00bb\u00bb row_type=\u00bbrow\u00bb use_row_as_full_screen_section=\u00bbno\u00bb type=\u00bbfull_width\u00bb angled_section=\u00bbno\u00bb text_align=\u00bbleft\u00bb background_image_as_pattern=\u00bbwithout_pattern\u00bb][vc_column width=\u00bb5\/12&#8243; css=\u00bb.vc_custom_1649077393976{padding-right: 30px !important;padding-left: 30px !important;}\u00bb offset=\u00bbvc_col-lg-3&#8243;][vc_row_inner row_type=\u00bbrow\u00bb type=\u00bbfull_width\u00bb text_align=\u00bbleft\u00bb css_animation=\u00bb\u00bb][vc_column_inner offset=\u00bbvc_hidden-lg vc_hidden-md vc_hidden-xs\u00bb][vc_empty_space height=\u00bb20px\u00bb][\/vc_column_inner][vc_column_inner][vc_empty_space height=\u00bb100px\u00bb][\/vc_column_inner][\/vc_row_inner][vc_empty_space height=\u00bb10px\u00bb][vc_empty_space height=\u00bb10px\u00bb][vc_empty_space height=\u00bb10px\u00bb][vc_empty_space height=\u00bb10px\u00bb][vc_empty_space height=\u00bb40px\u00bb][\/vc_column][vc_column width=\u00bb7\/12&#8243;][vc_row_inner row_type=\u00bbrow\u00bb type=\u00bbfull_width\u00bb text_align=\u00bbleft\u00bb css_animation=\u00bb\u00bb][vc_column_inner offset=\u00bbvc_hidden-xs\u00bb][vc_empty_space height=\u00bb100px\u00bb][\/vc_column_inner][\/vc_row_inner][vc_row_inner row_type=\u00bbrow\u00bb type=\u00bbfull_width\u00bb text_align=\u00bbleft\u00bb css_animation=\u00bb\u00bb][vc_column_inner css=\u00bb.vc_custom_1649077403459{padding-right: 40px !important;padding-left: 40px !important;}\u00bb...\" \/>\n<meta property=\"og:url\" content=\"https:\/\/www.gsccanarias.com\/gsc\/servicios\/atencion-a-la-mujer-vvg\/\" \/>\n<meta property=\"og:site_name\" content=\"GSC\" \/>\n<meta property=\"article:modified_time\" content=\"2023-04-25T19:09:38+00:00\" \/>\n<meta name=\"twitter:card\" content=\"summary_large_image\" \/>\n<meta name=\"twitter:label1\" content=\"Tiempo de lectura\" \/>\n\t<meta name=\"twitter:data1\" content=\"5 minutos\" \/>\n<script type=\"application\/ld+json\" class=\"yoast-schema-graph\">{\"@context\":\"https:\\\/\\\/schema.org\",\"@graph\":[{\"@type\":\"WebPage\",\"@id\":\"https:\\\/\\\/www.gsccanarias.com\\\/gsc\\\/servicios\\\/atencion-a-la-mujer-vvg\\\/\",\"url\":\"https:\\\/\\\/www.gsccanarias.com\\\/gsc\\\/servicios\\\/atencion-a-la-mujer-vvg\\\/\",\"name\":\"Atenci\u00f3n a la Mujer VVG - GSC\",\"isPartOf\":{\"@id\":\"https:\\\/\\\/www.gsccanarias.com\\\/gsc\\\/#website\"},\"datePublished\":\"2022-01-18T11:43:39+00:00\",\"dateModified\":\"2023-04-25T19:09:38+00:00\",\"breadcrumb\":{\"@id\":\"https:\\\/\\\/www.gsccanarias.com\\\/gsc\\\/servicios\\\/atencion-a-la-mujer-vvg\\\/#breadcrumb\"},\"inLanguage\":\"es\",\"potentialAction\":[{\"@type\":\"ReadAction\",\"target\":[\"https:\\\/\\\/www.gsccanarias.com\\\/gsc\\\/servicios\\\/atencion-a-la-mujer-vvg\\\/\"]}]},{\"@type\":\"BreadcrumbList\",\"@id\":\"https:\\\/\\\/www.gsccanarias.com\\\/gsc\\\/servicios\\\/atencion-a-la-mujer-vvg\\\/#breadcrumb\",\"itemListElement\":[{\"@type\":\"ListItem\",\"position\":1,\"name\":\"Portada\",\"item\":\"https:\\\/\\\/www.gsccanarias.com\\\/gsc\\\/\"},{\"@type\":\"ListItem\",\"position\":2,\"name\":\"Servicios\",\"item\":\"https:\\\/\\\/www.gsccanarias.com\\\/gsc\\\/servicios\\\/\"},{\"@type\":\"ListItem\",\"position\":3,\"name\":\"Atenci\u00f3n a la Mujer VVG\"}]},{\"@type\":\"WebSite\",\"@id\":\"https:\\\/\\\/www.gsccanarias.com\\\/gsc\\\/#website\",\"url\":\"https:\\\/\\\/www.gsccanarias.com\\\/gsc\\\/\",\"name\":\"GSC\",\"description\":\"Administramos servicios relacionados con la salud, las emergencias, la seguridad y el transporte sanitario\",\"potentialAction\":[{\"@type\":\"SearchAction\",\"target\":{\"@type\":\"EntryPoint\",\"urlTemplate\":\"https:\\\/\\\/www.gsccanarias.com\\\/gsc\\\/?s={search_term_string}\"},\"query-input\":{\"@type\":\"PropertyValueSpecification\",\"valueRequired\":true,\"valueName\":\"search_term_string\"}}],\"inLanguage\":\"es\"}]}<\/script>\n<!-- \/ Yoast SEO plugin. -->","yoast_head_json":{"title":"Atenci\u00f3n a la Mujer VVG - GSC","robots":{"index":"index","follow":"follow","max-snippet":"max-snippet:-1","max-image-preview":"max-image-preview:large","max-video-preview":"max-video-preview:-1"},"canonical":"https:\/\/www.gsccanarias.com\/gsc\/servicios\/atencion-a-la-mujer-vvg\/","og_locale":"es_ES","og_type":"article","og_title":"Atenci\u00f3n a la Mujer VVG - GSC","og_description":"[vc_row css_animation=\u00bb\u00bb row_type=\u00bbrow\u00bb use_row_as_full_screen_section=\u00bbno\u00bb type=\u00bbfull_width\u00bb angled_section=\u00bbno\u00bb text_align=\u00bbleft\u00bb background_image_as_pattern=\u00bbwithout_pattern\u00bb][vc_column width=\u00bb5\/12&#8243; css=\u00bb.vc_custom_1649077393976{padding-right: 30px !important;padding-left: 30px !important;}\u00bb offset=\u00bbvc_col-lg-3&#8243;][vc_row_inner row_type=\u00bbrow\u00bb type=\u00bbfull_width\u00bb text_align=\u00bbleft\u00bb css_animation=\u00bb\u00bb][vc_column_inner offset=\u00bbvc_hidden-lg vc_hidden-md vc_hidden-xs\u00bb][vc_empty_space height=\u00bb20px\u00bb][\/vc_column_inner][vc_column_inner][vc_empty_space height=\u00bb100px\u00bb][\/vc_column_inner][\/vc_row_inner][vc_empty_space height=\u00bb10px\u00bb][vc_empty_space height=\u00bb10px\u00bb][vc_empty_space height=\u00bb10px\u00bb][vc_empty_space height=\u00bb10px\u00bb][vc_empty_space height=\u00bb40px\u00bb][\/vc_column][vc_column width=\u00bb7\/12&#8243;][vc_row_inner row_type=\u00bbrow\u00bb type=\u00bbfull_width\u00bb text_align=\u00bbleft\u00bb css_animation=\u00bb\u00bb][vc_column_inner offset=\u00bbvc_hidden-xs\u00bb][vc_empty_space height=\u00bb100px\u00bb][\/vc_column_inner][\/vc_row_inner][vc_row_inner row_type=\u00bbrow\u00bb type=\u00bbfull_width\u00bb text_align=\u00bbleft\u00bb css_animation=\u00bb\u00bb][vc_column_inner css=\u00bb.vc_custom_1649077403459{padding-right: 40px !important;padding-left: 40px !important;}\u00bb...","og_url":"https:\/\/www.gsccanarias.com\/gsc\/servicios\/atencion-a-la-mujer-vvg\/","og_site_name":"GSC","article_modified_time":"2023-04-25T19:09:38+00:00","twitter_card":"summary_large_image","twitter_misc":{"Tiempo de lectura":"5 minutos"},"schema":{"@context":"https:\/\/schema.org","@graph":[{"@type":"WebPage","@id":"https:\/\/www.gsccanarias.com\/gsc\/servicios\/atencion-a-la-mujer-vvg\/","url":"https:\/\/www.gsccanarias.com\/gsc\/servicios\/atencion-a-la-mujer-vvg\/","name":"Atenci\u00f3n a la Mujer VVG - GSC","isPartOf":{"@id":"https:\/\/www.gsccanarias.com\/gsc\/#website"},"datePublished":"2022-01-18T11:43:39+00:00","dateModified":"2023-04-25T19:09:38+00:00","breadcrumb":{"@id":"https:\/\/www.gsccanarias.com\/gsc\/servicios\/atencion-a-la-mujer-vvg\/#breadcrumb"},"inLanguage":"es","potentialAction":[{"@type":"ReadAction","target":["https:\/\/www.gsccanarias.com\/gsc\/servicios\/atencion-a-la-mujer-vvg\/"]}]},{"@type":"BreadcrumbList","@id":"https:\/\/www.gsccanarias.com\/gsc\/servicios\/atencion-a-la-mujer-vvg\/#breadcrumb","itemListElement":[{"@type":"ListItem","position":1,"name":"Portada","item":"https:\/\/www.gsccanarias.com\/gsc\/"},{"@type":"ListItem","position":2,"name":"Servicios","item":"https:\/\/www.gsccanarias.com\/gsc\/servicios\/"},{"@type":"ListItem","position":3,"name":"Atenci\u00f3n a la Mujer VVG"}]},{"@type":"WebSite","@id":"https:\/\/www.gsccanarias.com\/gsc\/#website","url":"https:\/\/www.gsccanarias.com\/gsc\/","name":"GSC","description":"Administramos servicios relacionados con la salud, las emergencias, la seguridad y el transporte sanitario","potentialAction":[{"@type":"SearchAction","target":{"@type":"EntryPoint","urlTemplate":"https:\/\/www.gsccanarias.com\/gsc\/?s={search_term_string}"},"query-input":{"@type":"PropertyValueSpecification","valueRequired":true,"valueName":"search_term_string"}}],"inLanguage":"es"}]}},"publishpress_future_workflow_manual_trigger":{"enabledWorkflows":[]},"_links":{"self":[{"href":"https:\/\/www.gsccanarias.com\/gsc\/wp-json\/wp\/v2\/pages\/269","targetHints":{"allow":["GET"]}}],"collection":[{"href":"https:\/\/www.gsccanarias.com\/gsc\/wp-json\/wp\/v2\/pages"}],"about":[{"href":"https:\/\/www.gsccanarias.com\/gsc\/wp-json\/wp\/v2\/types\/page"}],"author":[{"embeddable":true,"href":"https:\/\/www.gsccanarias.com\/gsc\/wp-json\/wp\/v2\/users\/1"}],"replies":[{"embeddable":true,"href":"https:\/\/www.gsccanarias.com\/gsc\/wp-json\/wp\/v2\/comments?post=269"}],"version-history":[{"count":47,"href":"https:\/\/www.gsccanarias.com\/gsc\/wp-json\/wp\/v2\/pages\/269\/revisions"}],"predecessor-version":[{"id":12273,"href":"https:\/\/www.gsccanarias.com\/gsc\/wp-json\/wp\/v2\/pages\/269\/revisions\/12273"}],"up":[{"embeddable":true,"href":"https:\/\/www.gsccanarias.com\/gsc\/wp-json\/wp\/v2\/pages\/55"}],"wp:attachment":[{"href":"https:\/\/www.gsccanarias.com\/gsc\/wp-json\/wp\/v2\/media?parent=269"}],"curies":[{"name":"wp","href":"https:\/\/api.w.org\/{rel}","templated":true}]}}