{"id":267,"date":"2022-01-18T11:43:22","date_gmt":"2022-01-18T11:43:22","guid":{"rendered":"https:\/\/www.gsccanarias.com\/gsc\/?page_id=267"},"modified":"2022-06-29T07:24:39","modified_gmt":"2022-06-29T07:24:39","slug":"transporte-sanitario-no-urgente","status":"publish","type":"page","link":"https:\/\/www.gsccanarias.com\/gsc\/servicios\/transporte-sanitario-no-urgente\/","title":{"rendered":"Transporte Sanitario no Urgente"},"content":{"rendered":"<p>[vc_row css_animation=\u00bb\u00bb row_type=\u00bbrow\u00bb use_row_as_full_screen_section=\u00bbno\u00bb type=\u00bbfull_width\u00bb angled_section=\u00bbno\u00bb text_align=\u00bbleft\u00bb background_image_as_pattern=\u00bbwithout_pattern\u00bb][vc_column width=\u00bb5\/12&#8243; css=\u00bb.vc_custom_1649076313252{padding-right: 30px !important;padding-left: 30px !important;}\u00bb offset=\u00bbvc_col-lg-3&#8243;][vc_row_inner row_type=\u00bbrow\u00bb type=\u00bbfull_width\u00bb text_align=\u00bbleft\u00bb css_animation=\u00bb\u00bb][vc_column_inner offset=\u00bbvc_hidden-lg vc_hidden-md vc_hidden-xs\u00bb][vc_empty_space height=\u00bb20px\u00bb][\/vc_column_inner][vc_column_inner][vc_empty_space height=\u00bb100px\u00bb][\/vc_column_inner][\/vc_row_inner]<a  itemprop=\"url\" href=\"https:\/\/www.gsccanarias.com\/gsc\/servicios\/cecoes-1-1-2-canarias\/\" target=\"_self\"  class=\"qbutton  big_large_full_width default\" style=\"\">CECOES 1-1-2 Canarias<\/a>[vc_empty_space height=\u00bb10px\u00bb]<a  itemprop=\"url\" href=\"https:\/\/www.gsccanarias.com\/gsc\/servicios\/servicio-de-urgencia-canario\/\" target=\"_self\"  class=\"qbutton  big_large_full_width default\" style=\"\">Servicio de Urgencias Canario<\/a>[vc_empty_space height=\u00bb10px\u00bb]<a  itemprop=\"url\" href=\"https:\/\/www.gsccanarias.com\/gsc\/servicios\/transporte-sanitario-no-urgente\/\" target=\"_self\"  class=\"qbutton  big_large_full_width default\" style=\"\">Transporte Sanitario no Urgente<\/a>[vc_empty_space height=\u00bb10px\u00bb]<a  itemprop=\"url\" href=\"https:\/\/www.gsccanarias.com\/gsc\/servicios\/atencion-a-la-mujer-vvg\/\" target=\"_self\"  class=\"qbutton  big_large_full_width default\" style=\"\">Atenci\u00f3n a la mujer VVG<\/a>[vc_empty_space height=\u00bb10px\u00bb]<a  itemprop=\"url\" href=\"https:\/\/www.gsccanarias.com\/gsc\/servicios\/gestion-servicio\/\" target=\"_self\"  class=\"qbutton  big_large_full_width default\" style=\"\">+ Gesti\u00f3n + Servicios<\/a>[vc_empty_space height=\u00bb40px\u00bb][\/vc_column][vc_column width=\u00bb7\/12&#8243;][vc_row_inner row_type=\u00bbrow\u00bb type=\u00bbfull_width\u00bb text_align=\u00bbleft\u00bb css_animation=\u00bb\u00bb][vc_column_inner offset=\u00bbvc_hidden-xs\u00bb][vc_empty_space height=\u00bb100px\u00bb][\/vc_column_inner][\/vc_row_inner][vc_row_inner row_type=\u00bbrow\u00bb type=\u00bbfull_width\u00bb text_align=\u00bbleft\u00bb css_animation=\u00bb\u00bb][vc_column_inner el_class=\u00bbcolumnaUrgencia\u00bb css=\u00bb.vc_custom_1649153511175{padding-right: 40px !important;padding-left: 40px !important;}\u00bb offset=\u00bbvc_col-lg-6&#8243;][vc_column_text]GSC tiene encomendados desde el a\u00f1o 2000 los servicios de transporte sanitario no urgente (programado y diferido), mediante ambulancias de traslado individual y veh\u00edculos de transporte colectivo en Canarias.<\/p>\n<p>Adem\u00e1s, durante el a\u00f1o 2002 se puso en marcha la denominada Mesa de Transporte Sanitario, creada para la gesti\u00f3n directa y optimizaci\u00f3n del transporte sanitario no urgente.<\/p>\n<p>El Transporte Sanitario no Urgente comprende aquellos servicios de traslado de pacientes solicitados tras la valoraci\u00f3n por un facultativo del Servicio Canario de Salud (SCS) que, debido a la situaci\u00f3n cl\u00ednica o a la imposibilidad f\u00edsica de los mismos, no puedan hacer uso de medios ordinarios de transporte.<\/p>\n<p>La Mesa de Transporte es una unidad de coordinaci\u00f3n a la que se le ha encomendado la gesti\u00f3n, control y optimizaci\u00f3n de las solicitudes de transporte sanitario no urgente en la CCAA., encargada de la gesti\u00f3n y el control de los recursos, as\u00ed como del engranaje de los diferentes elementos que intervienen en el TSNU, como son las empresas prestatarias, los usuarios y los centros sanitarios, ya que de todos depende el buen funcionamiento del mismo.[\/vc_column_text][\/vc_column_inner][vc_column_inner el_class=\u00bbcolumnaUrgencia\u00bb css=\u00bb.vc_custom_1649153513887{padding-right: 40px !important;padding-left: 40px !important;}\u00bb offset=\u00bbvc_col-lg-6&#8243;][vc_column_text]La Mesa de Transporte Sanitario No Urgente cuenta tambi\u00e9n con m\u00e9dicos coordinadores, gestores de recursos y operadores que llevan a cabo la gesti\u00f3n, control y optimizaci\u00f3n de las solicitudes de transporte sanitario no urgente en toda la Comunidad Aut\u00f3noma, encargada de la gesti\u00f3n y el control de los recursos, as\u00ed como del engranaje de los diferentes elementos que intervienen en el transporte sanitario no urgente, como son las empresas prestatarias, los usuarios y los centros sanitarios.<\/p>\n<p>El Transporte Sanitario No Urgente puede ser diferido o programado y se encarga de trasladar los pacientes a diferentes servicios o centros, ya sea para la realizaci\u00f3n de pruebas diagn\u00f3sticas o para recibir tratamiento, as\u00ed como su regreso a domicilio. Las causas de los traslados son: consultas, alta en urgencias, alta en planta, rehabilitaci\u00f3n, hemodi\u00e1lisis, quimioterapia, radioterapia, hospital de d\u00eda, curas, pruebas diagn\u00f3sticas, valoraci\u00f3n en urgencias, intercentros, ingresos, entre otros.[\/vc_column_text][\/vc_column_inner][\/vc_row_inner][vc_row_inner row_type=\u00bbrow\u00bb type=\u00bbfull_width\u00bb text_align=\u00bbleft\u00bb css_animation=\u00bb\u00bb][vc_column_inner el_class=\u00bbcolumnaUrgencia\u00bb css=\u00bb.vc_custom_1649153511175{padding-right: 40px !important;padding-left: 40px !important;}\u00bb offset=\u00bbvc_col-lg-6&#8243;][vc_empty_space height=\u00bb30px\u00bb]<a  itemprop=\"url\" href=\"https:\/\/www.succanarias.com\/suc\/\" target=\"_self\"  class=\"qbutton  default\" style=\"\">www.succanarias.com<\/a>[\/vc_column_inner][vc_column_inner el_class=\u00bbcolumnaUrgencia\u00bb css=\u00bb.vc_custom_1649153513887{padding-right: 40px !important;padding-left: 40px !important;}\u00bb offset=\u00bbvc_col-lg-6&#8243;][\/vc_column_inner][\/vc_row_inner][vc_empty_space height=\u00bb100px\u00bb][\/vc_column][vc_column width=\u00bb1\/6&#8243; css=\u00bb.vc_custom_1649076305536{background-image: url(https:\/\/www.gsccanarias.com\/gsc\/wp-content\/uploads\/2022\/02\/Transporte-sanitario-no-urgente.jpg?id=838) !important;}\u00bb offset=\u00bbvc_hidden-md vc_hidden-sm\u00bb][vc_empty_space height=\u00bb800px\u00bb][\/vc_column][\/vc_row]<\/p>\n<div class=\"print\"><span class=\"page_title\">P\u00e1gina: <span>Transporte Sanitario no Urgente<\/span><\/span>\n\t\t\t\t\t\t\t\t\t\t\t<span class=\"page_title\">Fecha de impresi\u00f3n: <span>01\/05\/2026 - 01:10:55 UTC<\/span><\/span>\n\t\t\t\t\t\t\t\t\t\t\t<span class=\"stmp_trans_date\">\u00daltima actualizaci\u00f3n: <span>29\/06\/2022 - 07:24:39<\/span><\/span>\n\t\t\t\t\t\t\t\t\t\t\t<span class=\"stmp_trans_date\">Fecha publicaci\u00f3n: <span>18\/01\/2022 - 11:43:22<\/span><\/span>\n\t\t\t\t\t\t\t\t\t\t\t<span class=\"stmp_trans_date\">Fecha creaci\u00f3n: <span>18\/01\/2022 - 11:43:22<\/span><\/span><\/div>\n\t","protected":false},"excerpt":{"rendered":"<p>[vc_row css_animation=\u00bb\u00bb row_type=\u00bbrow\u00bb use_row_as_full_screen_section=\u00bbno\u00bb type=\u00bbfull_width\u00bb angled_section=\u00bbno\u00bb text_align=\u00bbleft\u00bb background_image_as_pattern=\u00bbwithout_pattern\u00bb][vc_column width=\u00bb5\/12&#8243; css=\u00bb.vc_custom_1649076313252{padding-right: 30px !important;padding-left: 30px !important;}\u00bb offset=\u00bbvc_col-lg-3&#8243;][vc_row_inner row_type=\u00bbrow\u00bb type=\u00bbfull_width\u00bb text_align=\u00bbleft\u00bb css_animation=\u00bb\u00bb][vc_column_inner offset=\u00bbvc_hidden-lg vc_hidden-md vc_hidden-xs\u00bb][vc_empty_space height=\u00bb20px\u00bb][\/vc_column_inner][vc_column_inner][vc_empty_space height=\u00bb100px\u00bb][\/vc_column_inner][\/vc_row_inner][vc_empty_space height=\u00bb10px\u00bb][vc_empty_space height=\u00bb10px\u00bb][vc_empty_space height=\u00bb10px\u00bb][vc_empty_space height=\u00bb10px\u00bb][vc_empty_space height=\u00bb40px\u00bb][\/vc_column][vc_column width=\u00bb7\/12&#8243;][vc_row_inner row_type=\u00bbrow\u00bb type=\u00bbfull_width\u00bb text_align=\u00bbleft\u00bb css_animation=\u00bb\u00bb][vc_column_inner offset=\u00bbvc_hidden-xs\u00bb][vc_empty_space height=\u00bb100px\u00bb][\/vc_column_inner][\/vc_row_inner][vc_row_inner row_type=\u00bbrow\u00bb type=\u00bbfull_width\u00bb text_align=\u00bbleft\u00bb css_animation=\u00bb\u00bb][vc_column_inner el_class=\u00bbcolumnaUrgencia\u00bb css=\u00bb.vc_custom_1649153511175{padding-right: 40px !important;padding-left: 40px&#8230;<\/p>\n","protected":false},"author":1,"featured_media":0,"parent":55,"menu_order":0,"comment_status":"closed","ping_status":"closed","template":"full_width.php","meta":{"footnotes":""},"class_list":["post-267","page","type-page","status-publish","has-post-thumbnail","hentry"],"a3_pvc":{"activated":false,"total_views":0,"today_views":0},"yoast_head":"<!-- This site is optimized with the Yoast SEO plugin v27.5 - https:\/\/yoast.com\/product\/yoast-seo-wordpress\/ -->\n<title>Transporte Sanitario no Urgente - GSC<\/title>\n<meta name=\"robots\" content=\"index, follow, max-snippet:-1, max-image-preview:large, max-video-preview:-1\" \/>\n<link rel=\"canonical\" href=\"https:\/\/www.gsccanarias.com\/gsc\/servicios\/transporte-sanitario-no-urgente\/\" \/>\n<meta property=\"og:locale\" content=\"es_ES\" \/>\n<meta property=\"og:type\" content=\"article\" \/>\n<meta property=\"og:title\" content=\"Transporte Sanitario no Urgente - GSC\" \/>\n<meta property=\"og:description\" content=\"[vc_row css_animation=\u00bb\u00bb row_type=\u00bbrow\u00bb use_row_as_full_screen_section=\u00bbno\u00bb type=\u00bbfull_width\u00bb angled_section=\u00bbno\u00bb text_align=\u00bbleft\u00bb background_image_as_pattern=\u00bbwithout_pattern\u00bb][vc_column width=\u00bb5\/12&#8243; css=\u00bb.vc_custom_1649076313252{padding-right: 30px !important;padding-left: 30px !important;}\u00bb offset=\u00bbvc_col-lg-3&#8243;][vc_row_inner row_type=\u00bbrow\u00bb type=\u00bbfull_width\u00bb text_align=\u00bbleft\u00bb css_animation=\u00bb\u00bb][vc_column_inner offset=\u00bbvc_hidden-lg vc_hidden-md vc_hidden-xs\u00bb][vc_empty_space height=\u00bb20px\u00bb][\/vc_column_inner][vc_column_inner][vc_empty_space height=\u00bb100px\u00bb][\/vc_column_inner][\/vc_row_inner][vc_empty_space height=\u00bb10px\u00bb][vc_empty_space height=\u00bb10px\u00bb][vc_empty_space height=\u00bb10px\u00bb][vc_empty_space height=\u00bb10px\u00bb][vc_empty_space height=\u00bb40px\u00bb][\/vc_column][vc_column width=\u00bb7\/12&#8243;][vc_row_inner row_type=\u00bbrow\u00bb type=\u00bbfull_width\u00bb text_align=\u00bbleft\u00bb css_animation=\u00bb\u00bb][vc_column_inner offset=\u00bbvc_hidden-xs\u00bb][vc_empty_space height=\u00bb100px\u00bb][\/vc_column_inner][\/vc_row_inner][vc_row_inner row_type=\u00bbrow\u00bb type=\u00bbfull_width\u00bb text_align=\u00bbleft\u00bb css_animation=\u00bb\u00bb][vc_column_inner el_class=\u00bbcolumnaUrgencia\u00bb css=\u00bb.vc_custom_1649153511175{padding-right: 40px !important;padding-left: 40px...\" \/>\n<meta property=\"og:url\" content=\"https:\/\/www.gsccanarias.com\/gsc\/servicios\/transporte-sanitario-no-urgente\/\" \/>\n<meta property=\"og:site_name\" content=\"GSC\" \/>\n<meta property=\"article:modified_time\" content=\"2022-06-29T07:24:39+00:00\" \/>\n<meta name=\"twitter:card\" content=\"summary_large_image\" \/>\n<meta name=\"twitter:label1\" content=\"Tiempo de lectura\" \/>\n\t<meta name=\"twitter:data1\" content=\"4 minutos\" \/>\n<script type=\"application\/ld+json\" class=\"yoast-schema-graph\">{\"@context\":\"https:\\\/\\\/schema.org\",\"@graph\":[{\"@type\":\"WebPage\",\"@id\":\"https:\\\/\\\/www.gsccanarias.com\\\/gsc\\\/servicios\\\/transporte-sanitario-no-urgente\\\/\",\"url\":\"https:\\\/\\\/www.gsccanarias.com\\\/gsc\\\/servicios\\\/transporte-sanitario-no-urgente\\\/\",\"name\":\"Transporte Sanitario no Urgente - GSC\",\"isPartOf\":{\"@id\":\"https:\\\/\\\/www.gsccanarias.com\\\/gsc\\\/#website\"},\"datePublished\":\"2022-01-18T11:43:22+00:00\",\"dateModified\":\"2022-06-29T07:24:39+00:00\",\"breadcrumb\":{\"@id\":\"https:\\\/\\\/www.gsccanarias.com\\\/gsc\\\/servicios\\\/transporte-sanitario-no-urgente\\\/#breadcrumb\"},\"inLanguage\":\"es\",\"potentialAction\":[{\"@type\":\"ReadAction\",\"target\":[\"https:\\\/\\\/www.gsccanarias.com\\\/gsc\\\/servicios\\\/transporte-sanitario-no-urgente\\\/\"]}]},{\"@type\":\"BreadcrumbList\",\"@id\":\"https:\\\/\\\/www.gsccanarias.com\\\/gsc\\\/servicios\\\/transporte-sanitario-no-urgente\\\/#breadcrumb\",\"itemListElement\":[{\"@type\":\"ListItem\",\"position\":1,\"name\":\"Portada\",\"item\":\"https:\\\/\\\/www.gsccanarias.com\\\/gsc\\\/\"},{\"@type\":\"ListItem\",\"position\":2,\"name\":\"Servicios\",\"item\":\"https:\\\/\\\/www.gsccanarias.com\\\/gsc\\\/servicios\\\/\"},{\"@type\":\"ListItem\",\"position\":3,\"name\":\"Transporte Sanitario no Urgente\"}]},{\"@type\":\"WebSite\",\"@id\":\"https:\\\/\\\/www.gsccanarias.com\\\/gsc\\\/#website\",\"url\":\"https:\\\/\\\/www.gsccanarias.com\\\/gsc\\\/\",\"name\":\"GSC\",\"description\":\"Administramos servicios relacionados con la salud, las emergencias, la seguridad y el transporte sanitario\",\"potentialAction\":[{\"@type\":\"SearchAction\",\"target\":{\"@type\":\"EntryPoint\",\"urlTemplate\":\"https:\\\/\\\/www.gsccanarias.com\\\/gsc\\\/?s={search_term_string}\"},\"query-input\":{\"@type\":\"PropertyValueSpecification\",\"valueRequired\":true,\"valueName\":\"search_term_string\"}}],\"inLanguage\":\"es\"}]}<\/script>\n<!-- \/ Yoast SEO plugin. -->","yoast_head_json":{"title":"Transporte Sanitario no Urgente - GSC","robots":{"index":"index","follow":"follow","max-snippet":"max-snippet:-1","max-image-preview":"max-image-preview:large","max-video-preview":"max-video-preview:-1"},"canonical":"https:\/\/www.gsccanarias.com\/gsc\/servicios\/transporte-sanitario-no-urgente\/","og_locale":"es_ES","og_type":"article","og_title":"Transporte Sanitario no Urgente - GSC","og_description":"[vc_row css_animation=\u00bb\u00bb row_type=\u00bbrow\u00bb use_row_as_full_screen_section=\u00bbno\u00bb type=\u00bbfull_width\u00bb angled_section=\u00bbno\u00bb text_align=\u00bbleft\u00bb background_image_as_pattern=\u00bbwithout_pattern\u00bb][vc_column width=\u00bb5\/12&#8243; css=\u00bb.vc_custom_1649076313252{padding-right: 30px !important;padding-left: 30px !important;}\u00bb offset=\u00bbvc_col-lg-3&#8243;][vc_row_inner row_type=\u00bbrow\u00bb type=\u00bbfull_width\u00bb text_align=\u00bbleft\u00bb css_animation=\u00bb\u00bb][vc_column_inner offset=\u00bbvc_hidden-lg vc_hidden-md vc_hidden-xs\u00bb][vc_empty_space height=\u00bb20px\u00bb][\/vc_column_inner][vc_column_inner][vc_empty_space height=\u00bb100px\u00bb][\/vc_column_inner][\/vc_row_inner][vc_empty_space height=\u00bb10px\u00bb][vc_empty_space height=\u00bb10px\u00bb][vc_empty_space height=\u00bb10px\u00bb][vc_empty_space height=\u00bb10px\u00bb][vc_empty_space height=\u00bb40px\u00bb][\/vc_column][vc_column width=\u00bb7\/12&#8243;][vc_row_inner row_type=\u00bbrow\u00bb type=\u00bbfull_width\u00bb text_align=\u00bbleft\u00bb css_animation=\u00bb\u00bb][vc_column_inner offset=\u00bbvc_hidden-xs\u00bb][vc_empty_space height=\u00bb100px\u00bb][\/vc_column_inner][\/vc_row_inner][vc_row_inner row_type=\u00bbrow\u00bb type=\u00bbfull_width\u00bb text_align=\u00bbleft\u00bb css_animation=\u00bb\u00bb][vc_column_inner el_class=\u00bbcolumnaUrgencia\u00bb css=\u00bb.vc_custom_1649153511175{padding-right: 40px !important;padding-left: 40px...","og_url":"https:\/\/www.gsccanarias.com\/gsc\/servicios\/transporte-sanitario-no-urgente\/","og_site_name":"GSC","article_modified_time":"2022-06-29T07:24:39+00:00","twitter_card":"summary_large_image","twitter_misc":{"Tiempo de lectura":"4 minutos"},"schema":{"@context":"https:\/\/schema.org","@graph":[{"@type":"WebPage","@id":"https:\/\/www.gsccanarias.com\/gsc\/servicios\/transporte-sanitario-no-urgente\/","url":"https:\/\/www.gsccanarias.com\/gsc\/servicios\/transporte-sanitario-no-urgente\/","name":"Transporte Sanitario no Urgente - GSC","isPartOf":{"@id":"https:\/\/www.gsccanarias.com\/gsc\/#website"},"datePublished":"2022-01-18T11:43:22+00:00","dateModified":"2022-06-29T07:24:39+00:00","breadcrumb":{"@id":"https:\/\/www.gsccanarias.com\/gsc\/servicios\/transporte-sanitario-no-urgente\/#breadcrumb"},"inLanguage":"es","potentialAction":[{"@type":"ReadAction","target":["https:\/\/www.gsccanarias.com\/gsc\/servicios\/transporte-sanitario-no-urgente\/"]}]},{"@type":"BreadcrumbList","@id":"https:\/\/www.gsccanarias.com\/gsc\/servicios\/transporte-sanitario-no-urgente\/#breadcrumb","itemListElement":[{"@type":"ListItem","position":1,"name":"Portada","item":"https:\/\/www.gsccanarias.com\/gsc\/"},{"@type":"ListItem","position":2,"name":"Servicios","item":"https:\/\/www.gsccanarias.com\/gsc\/servicios\/"},{"@type":"ListItem","position":3,"name":"Transporte Sanitario no Urgente"}]},{"@type":"WebSite","@id":"https:\/\/www.gsccanarias.com\/gsc\/#website","url":"https:\/\/www.gsccanarias.com\/gsc\/","name":"GSC","description":"Administramos servicios relacionados con la salud, las emergencias, la seguridad y el transporte sanitario","potentialAction":[{"@type":"SearchAction","target":{"@type":"EntryPoint","urlTemplate":"https:\/\/www.gsccanarias.com\/gsc\/?s={search_term_string}"},"query-input":{"@type":"PropertyValueSpecification","valueRequired":true,"valueName":"search_term_string"}}],"inLanguage":"es"}]}},"publishpress_future_workflow_manual_trigger":{"enabledWorkflows":[]},"_links":{"self":[{"href":"https:\/\/www.gsccanarias.com\/gsc\/wp-json\/wp\/v2\/pages\/267","targetHints":{"allow":["GET"]}}],"collection":[{"href":"https:\/\/www.gsccanarias.com\/gsc\/wp-json\/wp\/v2\/pages"}],"about":[{"href":"https:\/\/www.gsccanarias.com\/gsc\/wp-json\/wp\/v2\/types\/page"}],"author":[{"embeddable":true,"href":"https:\/\/www.gsccanarias.com\/gsc\/wp-json\/wp\/v2\/users\/1"}],"replies":[{"embeddable":true,"href":"https:\/\/www.gsccanarias.com\/gsc\/wp-json\/wp\/v2\/comments?post=267"}],"version-history":[{"count":22,"href":"https:\/\/www.gsccanarias.com\/gsc\/wp-json\/wp\/v2\/pages\/267\/revisions"}],"predecessor-version":[{"id":12355,"href":"https:\/\/www.gsccanarias.com\/gsc\/wp-json\/wp\/v2\/pages\/267\/revisions\/12355"}],"up":[{"embeddable":true,"href":"https:\/\/www.gsccanarias.com\/gsc\/wp-json\/wp\/v2\/pages\/55"}],"wp:attachment":[{"href":"https:\/\/www.gsccanarias.com\/gsc\/wp-json\/wp\/v2\/media?parent=267"}],"curies":[{"name":"wp","href":"https:\/\/api.w.org\/{rel}","templated":true}]}}