{"id":261,"date":"2022-01-18T11:42:29","date_gmt":"2022-01-18T11:42:29","guid":{"rendered":"https:\/\/www.gsccanarias.com\/gsc\/?page_id=261"},"modified":"2022-06-28T13:06:23","modified_gmt":"2022-06-28T13:06:23","slug":"servicio-de-urgencia-canario","status":"publish","type":"page","link":"https:\/\/www.gsccanarias.com\/gsc\/servicios\/servicio-de-urgencia-canario\/","title":{"rendered":"Servicio de Urgencias Canario (SUC)"},"content":{"rendered":"<p>[vc_row css_animation=\u00bb\u00bb row_type=\u00bbrow\u00bb use_row_as_full_screen_section=\u00bbno\u00bb type=\u00bbfull_width\u00bb angled_section=\u00bbno\u00bb text_align=\u00bbleft\u00bb background_image_as_pattern=\u00bbwithout_pattern\u00bb z_index=\u00bb\u00bb][vc_column width=\u00bb5\/12&#8243; css=\u00bb.vc_custom_1649076376456{padding-right: 30px !important;padding-left: 30px !important;}\u00bb offset=\u00bbvc_col-lg-3&#8243;][vc_row_inner row_type=\u00bbrow\u00bb type=\u00bbfull_width\u00bb text_align=\u00bbleft\u00bb css_animation=\u00bb\u00bb][vc_column_inner offset=\u00bbvc_hidden-lg vc_hidden-md vc_hidden-xs\u00bb][vc_empty_space height=\u00bb20px\u00bb][\/vc_column_inner][vc_column_inner][vc_empty_space height=\u00bb100px\u00bb][\/vc_column_inner][\/vc_row_inner]<a  itemprop=\"url\" href=\"https:\/\/www.gsccanarias.com\/gsc\/servicios\/cecoes-1-1-2-canarias\/\" target=\"_self\"  class=\"qbutton  big_large_full_width default\" style=\"\">CECOES 1-1-2 Canarias<\/a>[vc_empty_space height=\u00bb10px\u00bb]<a  itemprop=\"url\" href=\"https:\/\/www.gsccanarias.com\/gsc\/servicios\/servicio-de-urgencia-canario\/\" target=\"_self\"  class=\"qbutton  big_large_full_width default\" style=\"\">Servicio de Urgencias Canario<\/a>[vc_empty_space height=\u00bb10px\u00bb]<a  itemprop=\"url\" href=\"https:\/\/www.gsccanarias.com\/gsc\/servicios\/transporte-sanitario-no-urgente\/\" target=\"_self\"  class=\"qbutton  big_large_full_width default\" style=\"\">Transporte Sanitario no Urgente<\/a>[vc_empty_space height=\u00bb10px\u00bb]<a  itemprop=\"url\" href=\"https:\/\/www.gsccanarias.com\/gsc\/servicios\/atencion-a-la-mujer-vvg\/\" target=\"_self\"  class=\"qbutton  big_large_full_width default\" style=\"\">Atenci\u00f3n a la mujer VVG<\/a>[vc_empty_space height=\u00bb10px\u00bb]<a  itemprop=\"url\" href=\"https:\/\/www.gsccanarias.com\/gsc\/servicios\/gestion-servicio\/\" target=\"_self\"  class=\"qbutton  big_large_full_width default\" style=\"\">+ Gesti\u00f3n + Servicios<\/a>[vc_empty_space height=\u00bb40px\u00bb][\/vc_column][vc_column width=\u00bb7\/12&#8243;][vc_row_inner row_type=\u00bbrow\u00bb type=\u00bbfull_width\u00bb text_align=\u00bbleft\u00bb css_animation=\u00bb\u00bb][vc_column_inner offset=\u00bbvc_hidden-xs\u00bb][vc_empty_space height=\u00bb100px\u00bb][\/vc_column_inner][\/vc_row_inner][vc_row_inner row_type=\u00bbrow\u00bb type=\u00bbfull_width\u00bb text_align=\u00bbleft\u00bb css_animation=\u00bb\u00bb el_class=\u00bbpaddingTablet\u00bb][vc_column_inner el_class=\u00bbcolumnaUrgencia\u00bb offset=\u00bbvc_col-lg-6&#8243;][vc_column_text]El Servicio de Urgencias Canario (SUC), adscrito a la Consejer\u00eda de Sanidad, lleva a cabo el transporte sanitario urgente en las Islas desde 1994, entonces bajo el nombre Urgencias Sanitarias 061. Con la puesta en marcha del 1-1-2 Canarias en 1998, este servicio cambia su tel\u00e9fono de acceso, que hasta ese momento era el 061, y modifica tambi\u00e9n su denominaci\u00f3n por la de Servicio de Urgencias Canario (SUC).<\/p>\n<p>El SUC es un servicio p\u00fablico en alerta las 24 horas del d\u00eda durante todo el a\u00f1o, que permite movilizar de forma r\u00e1pida y eficaz los recursos necesarios para atender todas las urgencias sanitarias que se produzcan en cualquier punto del Archipi\u00e9lago.<\/p>\n<p>A trav\u00e9s de la alerta recibida en el 1-1-2, se movilizan de forma r\u00e1pida y eficaz los recursos necesarios para atender a aquellas personas que ya sea por enfermedad, accidente u otra causa, necesiten asistencia sanitaria en el lugar del incidente o durante su traslado a un centro sanitario.<\/p>\n<p>Un equipo formado por m\u00e9dicos, enfermeros y gestores, en cada sala operativa, dirige este dispositivo. Los coordinadores sanitarios, presentes permanentemente en el Centro Coordinador, determinan el env\u00edo de los recursos adecuados para cada caso y ofrecen teleasistencia en caso necesario, es decir, dan instrucciones de actuaci\u00f3n hasta la llegada de los recursos o durante el traslado de los pacientes al centro hospitalario elegido.[\/vc_column_text][\/vc_column_inner][vc_column_inner offset=\u00bbvc_col-lg-6&#8243;][vc_column_text]Mientras, un gestor de recursos sanitarios realiza un seguimiento continuo de la intervenci\u00f3n de los veh\u00edculos asignados, lo que permite al SUC conocer en todo momento la disponibilidad de su flota para su mejor optimizaci\u00f3n.<\/p>\n<p>Esta flota de veh\u00edculos o recursos m\u00f3viles terrestres disponen de m\u00e9dico, enfermero, conductor-t\u00e9cnico en el caso de las ambulancias medicalizadas; de enfermero y conductor en las ambulancias sanitarizadas; y de conductor y t\u00e9cnico de transporte en el caso de las ambulancias de soporte vital b\u00e1sico. El veh\u00edculo de intervenci\u00f3n r\u00e1pida incorpora en su dotaci\u00f3n a un m\u00e9dico, un enfermero y un gestor de recursos sanitarios con experiencia y formaci\u00f3n en t\u00e9cnico de transporte sanitario.<\/p>\n<p>Por su parte, los recursos a\u00e9reos, dos helic\u00f3pteros y un avi\u00f3n medicalizados, cuentan entre su dotaci\u00f3n con m\u00e9dicos y enfermeros asistenciales, pilotos, copilotos y mec\u00e1nicos.<\/p>\n<p>Adem\u00e1s de estos recursos, el SUC cuenta con equipos de asistencia a m\u00faltiples v\u00edctimas o cat\u00e1strofes con una Unidad m\u00f3vil para cat\u00e1strofes (UMCAT), Veh\u00edculos de apoyo log\u00edstico (VAL), Equipos de respuesta sanitaria inmediata (ERSI) y remolques especiales para el traslado de material sanitario.[\/vc_column_text][\/vc_column_inner][\/vc_row_inner][vc_row_inner row_type=\u00bbrow\u00bb type=\u00bbfull_width\u00bb text_align=\u00bbleft\u00bb css_animation=\u00bb\u00bb el_class=\u00bbpaddingTablet\u00bb][vc_column_inner el_class=\u00bbcolumnaUrgencia\u00bb offset=\u00bbvc_col-lg-6&#8243;][vc_empty_space height=\u00bb30px\u00bb]<a  itemprop=\"url\" href=\"https:\/\/www.succanarias.com\/suc\" target=\"_blank\"  class=\"qbutton  default\" style=\"\">www.succanarias.com<\/a>[\/vc_column_inner][vc_column_inner offset=\u00bbvc_col-lg-6&#8243;][\/vc_column_inner][\/vc_row_inner][vc_empty_space height=\u00bb100px\u00bb][\/vc_column][vc_column width=\u00bb1\/6&#8243; css=\u00bb.vc_custom_1649076643591{background-image: url(https:\/\/www.gsccanarias.com\/gsc\/wp-content\/uploads\/2022\/03\/SUC.jpg?id=1080) !important;}\u00bb offset=\u00bbvc_hidden-md vc_hidden-sm\u00bb][vc_empty_space height=\u00bb800px\u00bb][\/vc_column][\/vc_row]<\/p>\n<div class=\"print\"><span class=\"page_title\">P\u00e1gina: <span>Servicio de Urgencias Canario (SUC)<\/span><\/span>\n\t\t\t\t\t\t\t\t\t\t\t<span class=\"page_title\">Fecha de impresi\u00f3n: <span>01\/05\/2026 - 00:13:54 UTC<\/span><\/span>\n\t\t\t\t\t\t\t\t\t\t\t<span class=\"stmp_trans_date\">\u00daltima actualizaci\u00f3n: <span>28\/06\/2022 - 13:06:23<\/span><\/span>\n\t\t\t\t\t\t\t\t\t\t\t<span class=\"stmp_trans_date\">Fecha publicaci\u00f3n: <span>18\/01\/2022 - 11:42:29<\/span><\/span>\n\t\t\t\t\t\t\t\t\t\t\t<span class=\"stmp_trans_date\">Fecha creaci\u00f3n: <span>18\/01\/2022 - 11:42:29<\/span><\/span><\/div>\n\t","protected":false},"excerpt":{"rendered":"<p>[vc_row css_animation=\u00bb\u00bb row_type=\u00bbrow\u00bb use_row_as_full_screen_section=\u00bbno\u00bb type=\u00bbfull_width\u00bb angled_section=\u00bbno\u00bb text_align=\u00bbleft\u00bb background_image_as_pattern=\u00bbwithout_pattern\u00bb z_index=\u00bb\u00bb][vc_column width=\u00bb5\/12&#8243; css=\u00bb.vc_custom_1649076376456{padding-right: 30px !important;padding-left: 30px !important;}\u00bb offset=\u00bbvc_col-lg-3&#8243;][vc_row_inner row_type=\u00bbrow\u00bb type=\u00bbfull_width\u00bb text_align=\u00bbleft\u00bb css_animation=\u00bb\u00bb][vc_column_inner offset=\u00bbvc_hidden-lg vc_hidden-md vc_hidden-xs\u00bb][vc_empty_space height=\u00bb20px\u00bb][\/vc_column_inner][vc_column_inner][vc_empty_space height=\u00bb100px\u00bb][\/vc_column_inner][\/vc_row_inner][vc_empty_space height=\u00bb10px\u00bb][vc_empty_space height=\u00bb10px\u00bb][vc_empty_space height=\u00bb10px\u00bb][vc_empty_space height=\u00bb10px\u00bb][vc_empty_space height=\u00bb40px\u00bb][\/vc_column][vc_column width=\u00bb7\/12&#8243;][vc_row_inner row_type=\u00bbrow\u00bb type=\u00bbfull_width\u00bb text_align=\u00bbleft\u00bb css_animation=\u00bb\u00bb][vc_column_inner offset=\u00bbvc_hidden-xs\u00bb][vc_empty_space height=\u00bb100px\u00bb][\/vc_column_inner][\/vc_row_inner][vc_row_inner row_type=\u00bbrow\u00bb type=\u00bbfull_width\u00bb text_align=\u00bbleft\u00bb css_animation=\u00bb\u00bb el_class=\u00bbpaddingTablet\u00bb][vc_column_inner el_class=\u00bbcolumnaUrgencia\u00bb offset=\u00bbvc_col-lg-6&#8243;][vc_column_text]El Servicio&#8230;<\/p>\n","protected":false},"author":1,"featured_media":0,"parent":55,"menu_order":0,"comment_status":"closed","ping_status":"closed","template":"full_width.php","meta":{"footnotes":""},"class_list":["post-261","page","type-page","status-publish","has-post-thumbnail","hentry"],"a3_pvc":{"activated":false,"total_views":0,"today_views":0},"yoast_head":"<!-- This site is optimized with the Yoast SEO plugin v27.5 - https:\/\/yoast.com\/product\/yoast-seo-wordpress\/ -->\n<title>Servicio de Urgencias Canario (SUC) - GSC<\/title>\n<meta name=\"robots\" content=\"index, follow, max-snippet:-1, max-image-preview:large, max-video-preview:-1\" \/>\n<link rel=\"canonical\" href=\"https:\/\/www.gsccanarias.com\/gsc\/servicios\/servicio-de-urgencia-canario\/\" \/>\n<meta property=\"og:locale\" content=\"es_ES\" \/>\n<meta property=\"og:type\" content=\"article\" \/>\n<meta property=\"og:title\" content=\"Servicio de Urgencias Canario (SUC) - GSC\" \/>\n<meta property=\"og:description\" content=\"[vc_row css_animation=\u00bb\u00bb row_type=\u00bbrow\u00bb use_row_as_full_screen_section=\u00bbno\u00bb type=\u00bbfull_width\u00bb angled_section=\u00bbno\u00bb text_align=\u00bbleft\u00bb background_image_as_pattern=\u00bbwithout_pattern\u00bb z_index=\u00bb\u00bb][vc_column width=\u00bb5\/12&#8243; css=\u00bb.vc_custom_1649076376456{padding-right: 30px !important;padding-left: 30px !important;}\u00bb offset=\u00bbvc_col-lg-3&#8243;][vc_row_inner row_type=\u00bbrow\u00bb type=\u00bbfull_width\u00bb text_align=\u00bbleft\u00bb css_animation=\u00bb\u00bb][vc_column_inner offset=\u00bbvc_hidden-lg vc_hidden-md vc_hidden-xs\u00bb][vc_empty_space height=\u00bb20px\u00bb][\/vc_column_inner][vc_column_inner][vc_empty_space height=\u00bb100px\u00bb][\/vc_column_inner][\/vc_row_inner][vc_empty_space height=\u00bb10px\u00bb][vc_empty_space height=\u00bb10px\u00bb][vc_empty_space height=\u00bb10px\u00bb][vc_empty_space height=\u00bb10px\u00bb][vc_empty_space height=\u00bb40px\u00bb][\/vc_column][vc_column width=\u00bb7\/12&#8243;][vc_row_inner row_type=\u00bbrow\u00bb type=\u00bbfull_width\u00bb text_align=\u00bbleft\u00bb css_animation=\u00bb\u00bb][vc_column_inner offset=\u00bbvc_hidden-xs\u00bb][vc_empty_space height=\u00bb100px\u00bb][\/vc_column_inner][\/vc_row_inner][vc_row_inner row_type=\u00bbrow\u00bb type=\u00bbfull_width\u00bb text_align=\u00bbleft\u00bb css_animation=\u00bb\u00bb el_class=\u00bbpaddingTablet\u00bb][vc_column_inner el_class=\u00bbcolumnaUrgencia\u00bb offset=\u00bbvc_col-lg-6&#8243;][vc_column_text]El Servicio...\" \/>\n<meta property=\"og:url\" content=\"https:\/\/www.gsccanarias.com\/gsc\/servicios\/servicio-de-urgencia-canario\/\" \/>\n<meta property=\"og:site_name\" content=\"GSC\" \/>\n<meta property=\"article:modified_time\" content=\"2022-06-28T13:06:23+00:00\" \/>\n<meta name=\"twitter:card\" content=\"summary_large_image\" \/>\n<meta name=\"twitter:label1\" content=\"Tiempo de lectura\" \/>\n\t<meta name=\"twitter:data1\" content=\"4 minutos\" \/>\n<script type=\"application\/ld+json\" class=\"yoast-schema-graph\">{\"@context\":\"https:\\\/\\\/schema.org\",\"@graph\":[{\"@type\":\"WebPage\",\"@id\":\"https:\\\/\\\/www.gsccanarias.com\\\/gsc\\\/servicios\\\/servicio-de-urgencia-canario\\\/\",\"url\":\"https:\\\/\\\/www.gsccanarias.com\\\/gsc\\\/servicios\\\/servicio-de-urgencia-canario\\\/\",\"name\":\"Servicio de Urgencias Canario (SUC) - GSC\",\"isPartOf\":{\"@id\":\"https:\\\/\\\/www.gsccanarias.com\\\/gsc\\\/#website\"},\"datePublished\":\"2022-01-18T11:42:29+00:00\",\"dateModified\":\"2022-06-28T13:06:23+00:00\",\"breadcrumb\":{\"@id\":\"https:\\\/\\\/www.gsccanarias.com\\\/gsc\\\/servicios\\\/servicio-de-urgencia-canario\\\/#breadcrumb\"},\"inLanguage\":\"es\",\"potentialAction\":[{\"@type\":\"ReadAction\",\"target\":[\"https:\\\/\\\/www.gsccanarias.com\\\/gsc\\\/servicios\\\/servicio-de-urgencia-canario\\\/\"]}]},{\"@type\":\"BreadcrumbList\",\"@id\":\"https:\\\/\\\/www.gsccanarias.com\\\/gsc\\\/servicios\\\/servicio-de-urgencia-canario\\\/#breadcrumb\",\"itemListElement\":[{\"@type\":\"ListItem\",\"position\":1,\"name\":\"Portada\",\"item\":\"https:\\\/\\\/www.gsccanarias.com\\\/gsc\\\/\"},{\"@type\":\"ListItem\",\"position\":2,\"name\":\"Servicios\",\"item\":\"https:\\\/\\\/www.gsccanarias.com\\\/gsc\\\/servicios\\\/\"},{\"@type\":\"ListItem\",\"position\":3,\"name\":\"Servicio de Urgencias Canario (SUC)\"}]},{\"@type\":\"WebSite\",\"@id\":\"https:\\\/\\\/www.gsccanarias.com\\\/gsc\\\/#website\",\"url\":\"https:\\\/\\\/www.gsccanarias.com\\\/gsc\\\/\",\"name\":\"GSC\",\"description\":\"Administramos servicios relacionados con la salud, las emergencias, la seguridad y el transporte sanitario\",\"potentialAction\":[{\"@type\":\"SearchAction\",\"target\":{\"@type\":\"EntryPoint\",\"urlTemplate\":\"https:\\\/\\\/www.gsccanarias.com\\\/gsc\\\/?s={search_term_string}\"},\"query-input\":{\"@type\":\"PropertyValueSpecification\",\"valueRequired\":true,\"valueName\":\"search_term_string\"}}],\"inLanguage\":\"es\"}]}<\/script>\n<!-- \/ Yoast SEO plugin. -->","yoast_head_json":{"title":"Servicio de Urgencias Canario (SUC) - GSC","robots":{"index":"index","follow":"follow","max-snippet":"max-snippet:-1","max-image-preview":"max-image-preview:large","max-video-preview":"max-video-preview:-1"},"canonical":"https:\/\/www.gsccanarias.com\/gsc\/servicios\/servicio-de-urgencia-canario\/","og_locale":"es_ES","og_type":"article","og_title":"Servicio de Urgencias Canario (SUC) - GSC","og_description":"[vc_row css_animation=\u00bb\u00bb row_type=\u00bbrow\u00bb use_row_as_full_screen_section=\u00bbno\u00bb type=\u00bbfull_width\u00bb angled_section=\u00bbno\u00bb text_align=\u00bbleft\u00bb background_image_as_pattern=\u00bbwithout_pattern\u00bb z_index=\u00bb\u00bb][vc_column width=\u00bb5\/12&#8243; css=\u00bb.vc_custom_1649076376456{padding-right: 30px !important;padding-left: 30px !important;}\u00bb offset=\u00bbvc_col-lg-3&#8243;][vc_row_inner row_type=\u00bbrow\u00bb type=\u00bbfull_width\u00bb text_align=\u00bbleft\u00bb css_animation=\u00bb\u00bb][vc_column_inner offset=\u00bbvc_hidden-lg vc_hidden-md vc_hidden-xs\u00bb][vc_empty_space height=\u00bb20px\u00bb][\/vc_column_inner][vc_column_inner][vc_empty_space height=\u00bb100px\u00bb][\/vc_column_inner][\/vc_row_inner][vc_empty_space height=\u00bb10px\u00bb][vc_empty_space height=\u00bb10px\u00bb][vc_empty_space height=\u00bb10px\u00bb][vc_empty_space height=\u00bb10px\u00bb][vc_empty_space height=\u00bb40px\u00bb][\/vc_column][vc_column width=\u00bb7\/12&#8243;][vc_row_inner row_type=\u00bbrow\u00bb type=\u00bbfull_width\u00bb text_align=\u00bbleft\u00bb css_animation=\u00bb\u00bb][vc_column_inner offset=\u00bbvc_hidden-xs\u00bb][vc_empty_space height=\u00bb100px\u00bb][\/vc_column_inner][\/vc_row_inner][vc_row_inner row_type=\u00bbrow\u00bb type=\u00bbfull_width\u00bb text_align=\u00bbleft\u00bb css_animation=\u00bb\u00bb el_class=\u00bbpaddingTablet\u00bb][vc_column_inner el_class=\u00bbcolumnaUrgencia\u00bb offset=\u00bbvc_col-lg-6&#8243;][vc_column_text]El Servicio...","og_url":"https:\/\/www.gsccanarias.com\/gsc\/servicios\/servicio-de-urgencia-canario\/","og_site_name":"GSC","article_modified_time":"2022-06-28T13:06:23+00:00","twitter_card":"summary_large_image","twitter_misc":{"Tiempo de lectura":"4 minutos"},"schema":{"@context":"https:\/\/schema.org","@graph":[{"@type":"WebPage","@id":"https:\/\/www.gsccanarias.com\/gsc\/servicios\/servicio-de-urgencia-canario\/","url":"https:\/\/www.gsccanarias.com\/gsc\/servicios\/servicio-de-urgencia-canario\/","name":"Servicio de Urgencias Canario (SUC) - GSC","isPartOf":{"@id":"https:\/\/www.gsccanarias.com\/gsc\/#website"},"datePublished":"2022-01-18T11:42:29+00:00","dateModified":"2022-06-28T13:06:23+00:00","breadcrumb":{"@id":"https:\/\/www.gsccanarias.com\/gsc\/servicios\/servicio-de-urgencia-canario\/#breadcrumb"},"inLanguage":"es","potentialAction":[{"@type":"ReadAction","target":["https:\/\/www.gsccanarias.com\/gsc\/servicios\/servicio-de-urgencia-canario\/"]}]},{"@type":"BreadcrumbList","@id":"https:\/\/www.gsccanarias.com\/gsc\/servicios\/servicio-de-urgencia-canario\/#breadcrumb","itemListElement":[{"@type":"ListItem","position":1,"name":"Portada","item":"https:\/\/www.gsccanarias.com\/gsc\/"},{"@type":"ListItem","position":2,"name":"Servicios","item":"https:\/\/www.gsccanarias.com\/gsc\/servicios\/"},{"@type":"ListItem","position":3,"name":"Servicio de Urgencias Canario (SUC)"}]},{"@type":"WebSite","@id":"https:\/\/www.gsccanarias.com\/gsc\/#website","url":"https:\/\/www.gsccanarias.com\/gsc\/","name":"GSC","description":"Administramos servicios relacionados con la salud, las emergencias, la seguridad y el transporte sanitario","potentialAction":[{"@type":"SearchAction","target":{"@type":"EntryPoint","urlTemplate":"https:\/\/www.gsccanarias.com\/gsc\/?s={search_term_string}"},"query-input":{"@type":"PropertyValueSpecification","valueRequired":true,"valueName":"search_term_string"}}],"inLanguage":"es"}]}},"publishpress_future_workflow_manual_trigger":{"enabledWorkflows":[]},"_links":{"self":[{"href":"https:\/\/www.gsccanarias.com\/gsc\/wp-json\/wp\/v2\/pages\/261","targetHints":{"allow":["GET"]}}],"collection":[{"href":"https:\/\/www.gsccanarias.com\/gsc\/wp-json\/wp\/v2\/pages"}],"about":[{"href":"https:\/\/www.gsccanarias.com\/gsc\/wp-json\/wp\/v2\/types\/page"}],"author":[{"embeddable":true,"href":"https:\/\/www.gsccanarias.com\/gsc\/wp-json\/wp\/v2\/users\/1"}],"replies":[{"embeddable":true,"href":"https:\/\/www.gsccanarias.com\/gsc\/wp-json\/wp\/v2\/comments?post=261"}],"version-history":[{"count":41,"href":"https:\/\/www.gsccanarias.com\/gsc\/wp-json\/wp\/v2\/pages\/261\/revisions"}],"predecessor-version":[{"id":12346,"href":"https:\/\/www.gsccanarias.com\/gsc\/wp-json\/wp\/v2\/pages\/261\/revisions\/12346"}],"up":[{"embeddable":true,"href":"https:\/\/www.gsccanarias.com\/gsc\/wp-json\/wp\/v2\/pages\/55"}],"wp:attachment":[{"href":"https:\/\/www.gsccanarias.com\/gsc\/wp-json\/wp\/v2\/media?parent=261"}],"curies":[{"name":"wp","href":"https:\/\/api.w.org\/{rel}","templated":true}]}}