{"id":228,"date":"2022-01-18T11:07:26","date_gmt":"2022-01-18T11:07:26","guid":{"rendered":"https:\/\/www.gsccanarias.com\/gsc\/?page_id=228"},"modified":"2025-11-17T09:00:36","modified_gmt":"2025-11-17T09:00:36","slug":"aviso-legal","status":"publish","type":"page","link":"https:\/\/www.gsccanarias.com\/gsc\/aviso-legal\/","title":{"rendered":"Aviso legal"},"content":{"rendered":"<p>[vc_row css_animation=\u00bb\u00bb row_type=\u00bbrow\u00bb use_row_as_full_screen_section=\u00bbno\u00bb type=\u00bbfull_width\u00bb angled_section=\u00bbno\u00bb text_align=\u00bbleft\u00bb background_image_as_pattern=\u00bbwithout_pattern\u00bb][vc_column][vc_empty_space height=\u00bb100px\u00bb][\/vc_column][\/vc_row][vc_row css_animation=\u00bb\u00bb row_type=\u00bbrow\u00bb use_row_as_full_screen_section=\u00bbno\u00bb type=\u00bbgrid\u00bb angled_section=\u00bbno\u00bb text_align=\u00bbleft\u00bb background_image_as_pattern=\u00bbwithout_pattern\u00bb z_index=\u00bb\u00bb][vc_column][vc_column_text]AVISO LEGAL\u00a0 \u00a0 &#8211;\u00a0 \u00a0 \u00a0[<a href=\"https:\/\/www.gsccanarias.com\/gsc\/wp-content\/uploads\/2025\/11\/2511052698_WEB_AVISO_LEGAL.pdf\" target=\"_blank\" rel=\"noopener\"><em>Versi\u00f3n descargable\/imprimible aqu\u00ed<\/em><\/a>]<\/p>\n<h2>1.\u00a0 OBJETO Y ACEPTACI\u00d3N<\/h2>\n<p>El presente aviso legal regula el uso del sitio Web: www.gsccanarias.com<\/p>\n<p>El sitio web www.gsccanarias.com presta servicios cuyo objetivo primordial es permitir el contacto entre los usuarios y la entidad, bien para ponerse en contacto con nosotros, responder a su solicitud, gestionar su reclamaci\u00f3n, ejercitar sus derechos en protecci\u00f3n de datos.<\/p>\n<p>La navegaci\u00f3n por la p\u00e1gina www.gsccanarias.com atribuye la condici\u00f3n de usuario de la misma e implica la aceptaci\u00f3n plena y sin reservas de todas y cada una de las disposiciones incluidas en este Aviso Legal, que pueden sufrir modificaciones.<\/p>\n<p>El usuario se obliga a hacer un uso correcto del sitio Web de conformidad con las leyes, la buena fe, el orden p\u00fablico, los usos del tr\u00e1fico y el presente Aviso Legal. El Usuario responder\u00e1 frente a GESTION DE SERVICIOS PARA LA SALUD Y SEGURIDAD EN CANARIAS S.A. y frente a terceros, de los da\u00f1os y perjuicios que pudieran causarse como consecuencia del incumplimiento de dicha obligaci\u00f3n.<\/p>\n<h2>2.\u00a0 TITULARIDAD DE LA WEB E IDENTIFICACI\u00d3N DEL PRESTADOR DE SERVICIOS DE LA SOCIEDAD DE LA INFORMACI\u00d3N<\/h2>\n<p>Con la finalidad de dar cumplimiento al principio de Informaci\u00f3n general exigido por el Art\u00edculo 10 de la Ley 34\/2002, de 11 de julio, de servicios de la sociedad de la informaci\u00f3n y de comercio electr\u00f3nico informamos a nuestros usuarios que el presente sitio web pertenece a GESTION DE SERVICIOS PARA LA SALUD Y SEGURIDAD EN CANARIAS S.A. con CIF A35378066, inscrita en el Registro Mercantil de Las Palmas de Gran Canaria en la hoja GC-11232, Folio 193, del tomo 1184, de la Secci\u00f3n 1.<\/p>\n<table width=\"100%\">\n<tbody>\n<tr>\n<td width=\"132\">Direcci\u00f3n:<\/td>\n<td width=\"510\">LE\u00d3N Y CASTILLO 431, 3\u00ba PLANTA, EDIFICIO USOS MULTIPLES VI 35007 &#8211; LAS PALMAS DE GRAN CANARIA<\/td>\n<\/tr>\n<tr>\n<td width=\"132\">Correo-e:<\/td>\n<td width=\"510\">gsc@gsccanarias.com<\/td>\n<\/tr>\n<tr>\n<td width=\"132\">Tel\u00e9fono:<\/td>\n<td width=\"510\">928498600<\/td>\n<\/tr>\n<tr>\n<td width=\"132\">Web alojada por:<\/td>\n<td width=\"510\">Acens Technologies (Telef\u00f3nica Soluciones De Inform\u00e1tica Y Comunicaciones De Espa\u00f1a S A U)<\/td>\n<\/tr>\n<\/tbody>\n<\/table>\n<p>&nbsp;<\/p>\n<h2>3.\u00a0 CONDICIONES GENERALES DE ACCESO Y UTILIZACI\u00d3N<\/h2>\n<p>El acceso al sitio web y a sus servicios es libre y gratuito. No obstante, el uso de determinadas \u00e1reas o servicios puede requerir la cumplimentaci\u00f3n de formularios de recogida de datos personales.<\/p>\n<p>Solo las personas mayores de 18 a\u00f1os pueden facilitar datos a trav\u00e9s de la web. Los menores de 14 a\u00f1os no podr\u00e1n hacerlo sin el consentimiento previo de sus padres, madres o tutores legales. En el caso de usuarios con edades comprendidas entre 14 y 18 a\u00f1os, se recomienda contar igualmente con la autorizaci\u00f3n de sus representantes legales antes de proporcionar cualquier dato personal.<\/p>\n<p>El Usuario garantiza la autenticidad y actualidad de todos aquellos datos que comunique a\u00a0GESTION DE SERVICIOS PARA LA SALUD Y SEGURIDAD EN CANARIAS S.A.\u00a0y ser\u00e1 el \u00fanico responsable de las manifestaciones falsas o inexactas que realice. www.gsccanarias.com\u00a0tiene los siguientes tipos de usuarios:<\/p>\n<ul>\n<li>Usuarios que no han contactado con GESTION DE SERVICIOS PARA LA SALUD Y SEGURIDAD EN CANARIAS S.A. pero de los que se recogen datos: Datos proporcionados por las cookies.<\/li>\n<li>Usuarios que aportan datos en cualquiera de los formularios disponibles: Los datos personales que GESTION DE SERVICIOS PARA LA SALUD Y SEGURIDAD EN CANARIAS S.A. solicita incluye el nombre y direcci\u00f3n electr\u00f3nica y los proporcionados por el propio usuario al rellenar los formularios.<\/li>\n<\/ul>\n<p>&nbsp;<\/p>\n<p><strong>3.1<\/strong> <strong>Reglas y prohibiciones de uso para usuarios de nuestros servicios<\/strong><\/p>\n<p>El Usuario se compromete expresamente a hacer un uso adecuado de los contenidos y servicios ofrecidos y a no emplearlos para:<\/p>\n<ul>\n<li>Difundir contenidos delictivos, violentos, pornogr\u00e1ficos, racistas, xen\u00f3fobo, ofensivos, de apolog\u00eda del terrorismo o, en general, contrarios a la ley o al orden p\u00fablico.<\/li>\n<li>Introducir en la red virus inform\u00e1ticos o realizar actuaciones susceptibles de alterar, estropear, interrumpir o generar errores o da\u00f1os en los documentos electr\u00f3nicos, datos o sistemas f\u00edsicos y l\u00f3gicos de\u00a0GESTION DE SERVICIOS PARA LA SALUD Y SEGURIDAD EN CANARIAS S.A.\u00a0o de terceras personas; as\u00ed como obstaculizar el acceso de otros Usuarios al sitio Web y a sus servicios.<\/li>\n<li>Intentar acceder a \u00e1reas restringidas de los sistemas inform\u00e1ticos de\u00a0GESTION DE SERVICIOS PARA LA SALUD Y SEGURIDAD EN CANARIAS S.A.\u00a0o de terceros y, en su caso, extraer informaci\u00f3n.<\/li>\n<li>Vulnerar los derechos de propiedad intelectual o industrial, as\u00ed como violar la confidencialidad de la informaci\u00f3n de\u00a0GESTION DE SERVICIOS PARA LA SALUD Y SEGURIDAD EN CANARIAS S.A.\u00a0o de terceros.<\/li>\n<li>Suplantar la identidad de otro Usuario, de las administraciones p\u00fablicas o de un tercero.<\/li>\n<li>Reproducir, copiar, distribuir, poner a disposici\u00f3n o de cualquier otra forma comunicar p\u00fablicamente, transformar o modificar los Contenidos, a menos que se cuente con la autorizaci\u00f3n del titular de los correspondientes derechos o ello resulte legalmente permitido<\/li>\n<li>Recabar datos con finalidad publicitaria y de remitir publicidad de cualquier clase y comunicaciones con fines de venta u otras de naturaleza comercial sin que medie su previa solicitud o consentimiento.<\/li>\n<\/ul>\n<p><strong>3.2. Procedimiento en caso de realizaci\u00f3n de actividades de car\u00e1cter il\u00edcito<\/strong><\/p>\n<p>En el caso de que cualquier usuario o un tercero considere que existen hechos o circunstancias que revelen el car\u00e1cter il\u00edcito de la utilizaci\u00f3n de cualquier contenido y\/o de la realizaci\u00f3n de cualquier actividad en las p\u00e1ginas Web incluidas o accesibles a trav\u00e9s del sitio Web, deber\u00e1 enviar una notificaci\u00f3n a\u00a0GESTION DE SERVICIOS PARA LA SALUD Y SEGURIDAD EN CANARIAS S.A.\u00a0identific\u00e1ndose debidamente, especificando las supuestas infracciones y declarando expresamente y bajo su responsabilidad que la informaci\u00f3n proporcionada en la notificaci\u00f3n es exacta.<\/p>\n<h2>4.\u00a0 POL\u00cdTICA DE PRIVACIDAD<\/h2>\n<p>El usuario puede consultar c\u00f3mo GESTION DE SERVICIOS PARA LA SALUD Y SEGURIDAD EN CANARIAS S.A. utiliza sus datos y las medidas de seguridad implantadas en el enlace:\u00a0\u00abPol\u00edtica de privacidad\u201d.<\/p>\n<h2>5.\u00a0 POL\u00cdTICA DE COOKIES<\/h2>\n<p>GESTION DE SERVICIOS PARA LA SALUD Y SEGURIDAD EN CANARIAS S.A. instala cookies en el ordenador del usuario. Para conocer m\u00e1s las cookies de nuestro sitio web acuda al siguiente enlace:\u00a0\u00abpol\u00edtica de cookies\u00bb.<\/p>\n<h2>6.\u00a0 NOTIFICACIONES<\/h2>\n<p>Todas las notificaciones y comunicaciones entre los usuarios y GESTION DE SERVICIOS PARA LA SALUD Y SEGURIDAD EN CANARIAS S.A. se considerar\u00e1n eficaces, a todos los efectos, cuando se realicen a trav\u00e9s de correo postal o correo electr\u00f3nico o comunicaci\u00f3n telef\u00f3nica. Los usuarios deber\u00e1n dirigirse a GESTION DE SERVICIOS PARA LA SALUD Y SEGURIDAD EN CANARIAS S.A. mediante:<\/p>\n<ul>\n<li>Env\u00edo por correo postal a la siguiente direcci\u00f3n: GESTION DE SERVICIOS PARA LA SALUD Y SEGURIDAD EN CANARIAS S.A. \u2013 LEON Y CASTILLO 431, 3\u00ba PLANTA, EDIFICIO USOS MULTIPLES VI 35007 &#8211; LAS PALMAS DE GRAN CANARIA.<\/li>\n<li>Env\u00edo por correo electr\u00f3nico a la siguiente direcci\u00f3n: gsc@gsccanarias.com.<\/li>\n<\/ul>\n<h2>7.\u00a0 PROPIEDAD INDUSTRIAL Y PROPIEDAD INTELECTUAL<\/h2>\n<p>Todos los contenidos del sitio Web, como textos, fotograf\u00edas, gr\u00e1ficos, im\u00e1genes, iconos, tecnolog\u00eda, software, as\u00ed como su dise\u00f1o gr\u00e1fico y c\u00f3digos fuente, constituyen una obra cuya propiedad pertenece a GESTION DE SERVICIOS PARA LA SALUD Y SEGURIDAD EN CANARIAS S.A., sin que puedan entenderse cedidos al Usuario ninguno de los derechos de explotaci\u00f3n sobre los mismos m\u00e1s all\u00e1 de lo estrictamente necesario para el correcto uso de la Web.<\/p>\n<p>En definitiva, los usuarios que accedan a este sitio Web pueden visualizar los contenidos y efectuar, en su caso, copias privadas autorizadas siempre que los elementos reproducidos no sean cedidos posteriormente a terceros, ni se instalen a servidores conectados a redes, ni sean objeto de ning\u00fan tipo de explotaci\u00f3n y \u00fanica y exclusivamente mientras se encuentre en vigor el servicio.<\/p>\n<p>Asimismo, todas las marcas, nombres comerciales o signos distintivos de cualquier clase que aparecen en el sitio Web son propiedad de GESTION DE SERVICIOS PARA LA SALUD Y SEGURIDAD EN CANARIAS S.A., sin que pueda entenderse que el uso o acceso al mismo atribuya al Usuario derecho alguno sobre los mismos.<\/p>\n<p>Quedan prohibidas la distribuci\u00f3n, modificaci\u00f3n, cesi\u00f3n o comunicaci\u00f3n p\u00fablica de los contenidos y cualquier otro acto que no haya sido expresamente autorizado por GESTION DE SERVICIOS PARA LA SALUD Y SEGURIDAD EN CANARIAS S.A. En caso de incumplimiento GESTION DE SERVICIOS PARA LA SALUD Y SEGURIDAD EN CANARIAS S.A. proceder\u00e1 a adoptar las medidas legales oportunas.<\/p>\n<h2>8.\u00a0 EXENCI\u00d3N DE RESPONSABILIDAD Y MODIFICACI\u00d3N DEL PRESENTE AVISO LEGAL<\/h2>\n<p>La web www.gsccanarias.com utiliza t\u00e9cnicas de seguridad de la informaci\u00f3n tales como firewalls, procedimientos de control de acceso y mecanismos criptogr\u00e1ficos, todo ello con el objetivo de evitar el acceso no autorizado a los datos y garantizar la confidencialidad de los mismos.<\/p>\n<p>La informaci\u00f3n que se difunde en esta web se hace \u00fanica y exclusivamente a t\u00edtulo informativo, reserv\u00e1ndose GESTION DE SERVICIOS PARA LA SALUD Y SEGURIDAD EN CANARIAS S.A. el derecho de eliminar o suspender su difusi\u00f3n, total o parcialmente, y a modificar la estructura y contenido de este sitio Web sin aviso previo, pudiendo incluso limitar o no permitir el acceso a dicha informaci\u00f3n. GESTION DE SERVICIOS PARA LA SALUD Y SEGURIDAD EN CANARIAS S.A. intenta\u00a0 mantener la calidad y actualizaci\u00f3n de esta informaci\u00f3n y evitar y minimizar posibles errores pero GESTION DE SERVICIOS PARA LA SALUD Y SEGURIDAD EN CANARIAS S.A. no responder\u00e1 de los da\u00f1os o perjuicios causados por decisiones tomadas en base a la informaci\u00f3n difundida; ni de inexactitudes, omisiones o errores contenidos en el mismo, ni de los problemas que se originen por el uso de este sitio Web u otro de conexi\u00f3n externa; ni de los da\u00f1os y\/o perjuicios en el software o hardware del usuario que se deriven del acceso a este sitio Web.<\/p>\n<p>Los Usuarios aceptan expresamente que GESTION DE SERVICIOS PARA LA SALUD Y SEGURIDAD EN CANARIAS S.A. no ser\u00e1 responsable del acceso no autorizado o alteraci\u00f3n de sus transmisiones o datos, de cualquier material o datos enviados o recibidos o no enviados o recibidos, ni de ninguna transacci\u00f3n realizada a trav\u00e9s de su web.<\/p>\n<p>GESTION DE SERVICIOS PARA LA SALUD Y SEGURIDAD EN CANARIAS S.A. se reserva el derecho a modificar el presente aviso legal unilateralmente y sin preaviso en los t\u00e9rminos y condiciones que estime conveniente con la \u00fanica obligaci\u00f3n de informar al usuario de las modificaciones efectuadas a trav\u00e9s de www.gsccanarias.com.<\/p>\n<h2>9.\u00a0 NULIDAD PARCIAL<\/h2>\n<p>Si alguna de las presentes cl\u00e1usulas fuese declarada nula y sin efecto por resoluci\u00f3n firme dictada por autoridad competente, los restantes t\u00e9rminos y condiciones permanecer\u00e1n en vigor, sin que queden afectados por dicha declaraci\u00f3n de nulidad.<\/p>\n<h2>10.\u00a0 LEY APLICABLE Y TRIBUNALES COMPETENTES<\/h2>\n<p>El presente sitio web queda sometido a lo establecido por la legislaci\u00f3n espa\u00f1ola y normativa europea que resulte de aplicaci\u00f3n<\/p>\n<p>Cualquier controversia que surja o guarde relaci\u00f3n con el uso de la p\u00e1gina web o con dichos productos ser\u00e1 sometida a la jurisdicci\u00f3n no exclusiva de los juzgados y tribunales espa\u00f1oles de la provincia de Las Palmas.<\/p>\n<p>Si se trata de un consumidor final nada en la presente cl\u00e1usula afectar\u00e1 a los derechos que como tal le reconoce la legislaci\u00f3n vigente, pudiendo elegir presentar una reclamaci\u00f3n para hacer valer sus derechos en relaci\u00f3n con las presentes Condiciones ante el Juez o Tribunales que correspondan a su domicilio.<\/p>\n<p>&nbsp;<\/p>\n<p><strong>Fecha: 05\/11\/2025<\/strong><\/p>\n<p><strong>Versi\u00f3n: V.1.0<\/strong>[\/vc_column_text][\/vc_column][\/vc_row][vc_row css_animation=\u00bb\u00bb row_type=\u00bbrow\u00bb use_row_as_full_screen_section=\u00bbno\u00bb type=\u00bbfull_width\u00bb angled_section=\u00bbno\u00bb text_align=\u00bbleft\u00bb background_image_as_pattern=\u00bbwithout_pattern\u00bb][vc_column][vc_empty_space height=\u00bb100px\u00bb][\/vc_column][\/vc_row]<\/p>\n<div class=\"print\"><span class=\"page_title\">P\u00e1gina: <span>Aviso legal<\/span><\/span>\n\t\t\t\t\t\t\t\t\t\t\t<span class=\"page_title\">Fecha de impresi\u00f3n: <span>05\/05\/2026 - 15:38:01 UTC<\/span><\/span>\n\t\t\t\t\t\t\t\t\t\t\t<span class=\"stmp_trans_date\">\u00daltima actualizaci\u00f3n: <span>17\/11\/2025 - 09:00:36<\/span><\/span>\n\t\t\t\t\t\t\t\t\t\t\t<span class=\"stmp_trans_date\">Fecha publicaci\u00f3n: <span>18\/01\/2022 - 11:07:26<\/span><\/span>\n\t\t\t\t\t\t\t\t\t\t\t<span class=\"stmp_trans_date\">Fecha creaci\u00f3n: <span>18\/01\/2022 - 11:07:26<\/span><\/span><\/div>\n\t","protected":false},"excerpt":{"rendered":"<p>[vc_row css_animation=\u00bb\u00bb row_type=\u00bbrow\u00bb use_row_as_full_screen_section=\u00bbno\u00bb type=\u00bbfull_width\u00bb angled_section=\u00bbno\u00bb text_align=\u00bbleft\u00bb background_image_as_pattern=\u00bbwithout_pattern\u00bb][vc_column][vc_empty_space height=\u00bb100px\u00bb][\/vc_column][\/vc_row][vc_row css_animation=\u00bb\u00bb row_type=\u00bbrow\u00bb use_row_as_full_screen_section=\u00bbno\u00bb type=\u00bbgrid\u00bb angled_section=\u00bbno\u00bb text_align=\u00bbleft\u00bb background_image_as_pattern=\u00bbwithout_pattern\u00bb z_index=\u00bb\u00bb][vc_column][vc_column_text]AVISO LEGAL\u00a0 \u00a0 &#8211;\u00a0 \u00a0 \u00a0[Versi\u00f3n descargable\/imprimible aqu\u00ed] 1.\u00a0 OBJETO Y ACEPTACI\u00d3N El presente aviso legal regula el uso del sitio Web: www.gsccanarias.com El sitio web www.gsccanarias.com presta servicios&#8230;<\/p>\n","protected":false},"author":1,"featured_media":0,"parent":0,"menu_order":0,"comment_status":"closed","ping_status":"closed","template":"full_width.php","meta":{"footnotes":""},"class_list":["post-228","page","type-page","status-publish","has-post-thumbnail","hentry"],"a3_pvc":{"activated":false,"total_views":0,"today_views":0},"yoast_head":"<!-- This site is optimized with the Yoast SEO plugin v27.5 - https:\/\/yoast.com\/product\/yoast-seo-wordpress\/ -->\n<title>Aviso legal - GSC<\/title>\n<meta name=\"robots\" content=\"index, follow, max-snippet:-1, max-image-preview:large, max-video-preview:-1\" \/>\n<link rel=\"canonical\" href=\"https:\/\/www.gsccanarias.com\/gsc\/aviso-legal\/\" \/>\n<meta property=\"og:locale\" content=\"es_ES\" \/>\n<meta property=\"og:type\" content=\"article\" \/>\n<meta property=\"og:title\" content=\"Aviso legal - GSC\" \/>\n<meta property=\"og:description\" content=\"[vc_row css_animation=\u00bb\u00bb row_type=\u00bbrow\u00bb use_row_as_full_screen_section=\u00bbno\u00bb type=\u00bbfull_width\u00bb angled_section=\u00bbno\u00bb text_align=\u00bbleft\u00bb background_image_as_pattern=\u00bbwithout_pattern\u00bb][vc_column][vc_empty_space height=\u00bb100px\u00bb][\/vc_column][\/vc_row][vc_row css_animation=\u00bb\u00bb row_type=\u00bbrow\u00bb use_row_as_full_screen_section=\u00bbno\u00bb type=\u00bbgrid\u00bb angled_section=\u00bbno\u00bb text_align=\u00bbleft\u00bb background_image_as_pattern=\u00bbwithout_pattern\u00bb z_index=\u00bb\u00bb][vc_column][vc_column_text]AVISO LEGAL\u00a0 \u00a0 &#8211;\u00a0 \u00a0 \u00a0[Versi\u00f3n descargable\/imprimible aqu\u00ed] 1.\u00a0 OBJETO Y ACEPTACI\u00d3N El presente aviso legal regula el uso del sitio Web: www.gsccanarias.com El sitio web www.gsccanarias.com presta servicios...\" \/>\n<meta property=\"og:url\" content=\"https:\/\/www.gsccanarias.com\/gsc\/aviso-legal\/\" \/>\n<meta property=\"og:site_name\" content=\"GSC\" \/>\n<meta property=\"article:modified_time\" content=\"2025-11-17T09:00:36+00:00\" \/>\n<meta name=\"twitter:card\" content=\"summary_large_image\" \/>\n<meta name=\"twitter:label1\" content=\"Tiempo de lectura\" \/>\n\t<meta name=\"twitter:data1\" content=\"10 minutos\" \/>\n<script type=\"application\/ld+json\" class=\"yoast-schema-graph\">{\"@context\":\"https:\\\/\\\/schema.org\",\"@graph\":[{\"@type\":\"WebPage\",\"@id\":\"https:\\\/\\\/www.gsccanarias.com\\\/gsc\\\/aviso-legal\\\/\",\"url\":\"https:\\\/\\\/www.gsccanarias.com\\\/gsc\\\/aviso-legal\\\/\",\"name\":\"Aviso legal - GSC\",\"isPartOf\":{\"@id\":\"https:\\\/\\\/www.gsccanarias.com\\\/gsc\\\/#website\"},\"datePublished\":\"2022-01-18T11:07:26+00:00\",\"dateModified\":\"2025-11-17T09:00:36+00:00\",\"breadcrumb\":{\"@id\":\"https:\\\/\\\/www.gsccanarias.com\\\/gsc\\\/aviso-legal\\\/#breadcrumb\"},\"inLanguage\":\"es\",\"potentialAction\":[{\"@type\":\"ReadAction\",\"target\":[\"https:\\\/\\\/www.gsccanarias.com\\\/gsc\\\/aviso-legal\\\/\"]}]},{\"@type\":\"BreadcrumbList\",\"@id\":\"https:\\\/\\\/www.gsccanarias.com\\\/gsc\\\/aviso-legal\\\/#breadcrumb\",\"itemListElement\":[{\"@type\":\"ListItem\",\"position\":1,\"name\":\"Portada\",\"item\":\"https:\\\/\\\/www.gsccanarias.com\\\/gsc\\\/\"},{\"@type\":\"ListItem\",\"position\":2,\"name\":\"Aviso legal\"}]},{\"@type\":\"WebSite\",\"@id\":\"https:\\\/\\\/www.gsccanarias.com\\\/gsc\\\/#website\",\"url\":\"https:\\\/\\\/www.gsccanarias.com\\\/gsc\\\/\",\"name\":\"GSC\",\"description\":\"Administramos servicios relacionados con la salud, las emergencias, la seguridad y el transporte sanitario\",\"potentialAction\":[{\"@type\":\"SearchAction\",\"target\":{\"@type\":\"EntryPoint\",\"urlTemplate\":\"https:\\\/\\\/www.gsccanarias.com\\\/gsc\\\/?s={search_term_string}\"},\"query-input\":{\"@type\":\"PropertyValueSpecification\",\"valueRequired\":true,\"valueName\":\"search_term_string\"}}],\"inLanguage\":\"es\"}]}<\/script>\n<!-- \/ Yoast SEO plugin. -->","yoast_head_json":{"title":"Aviso legal - GSC","robots":{"index":"index","follow":"follow","max-snippet":"max-snippet:-1","max-image-preview":"max-image-preview:large","max-video-preview":"max-video-preview:-1"},"canonical":"https:\/\/www.gsccanarias.com\/gsc\/aviso-legal\/","og_locale":"es_ES","og_type":"article","og_title":"Aviso legal - GSC","og_description":"[vc_row css_animation=\u00bb\u00bb row_type=\u00bbrow\u00bb use_row_as_full_screen_section=\u00bbno\u00bb type=\u00bbfull_width\u00bb angled_section=\u00bbno\u00bb text_align=\u00bbleft\u00bb background_image_as_pattern=\u00bbwithout_pattern\u00bb][vc_column][vc_empty_space height=\u00bb100px\u00bb][\/vc_column][\/vc_row][vc_row css_animation=\u00bb\u00bb row_type=\u00bbrow\u00bb use_row_as_full_screen_section=\u00bbno\u00bb type=\u00bbgrid\u00bb angled_section=\u00bbno\u00bb text_align=\u00bbleft\u00bb background_image_as_pattern=\u00bbwithout_pattern\u00bb z_index=\u00bb\u00bb][vc_column][vc_column_text]AVISO LEGAL\u00a0 \u00a0 &#8211;\u00a0 \u00a0 \u00a0[Versi\u00f3n descargable\/imprimible aqu\u00ed] 1.\u00a0 OBJETO Y ACEPTACI\u00d3N El presente aviso legal regula el uso del sitio Web: www.gsccanarias.com El sitio web www.gsccanarias.com presta servicios...","og_url":"https:\/\/www.gsccanarias.com\/gsc\/aviso-legal\/","og_site_name":"GSC","article_modified_time":"2025-11-17T09:00:36+00:00","twitter_card":"summary_large_image","twitter_misc":{"Tiempo de lectura":"10 minutos"},"schema":{"@context":"https:\/\/schema.org","@graph":[{"@type":"WebPage","@id":"https:\/\/www.gsccanarias.com\/gsc\/aviso-legal\/","url":"https:\/\/www.gsccanarias.com\/gsc\/aviso-legal\/","name":"Aviso legal - GSC","isPartOf":{"@id":"https:\/\/www.gsccanarias.com\/gsc\/#website"},"datePublished":"2022-01-18T11:07:26+00:00","dateModified":"2025-11-17T09:00:36+00:00","breadcrumb":{"@id":"https:\/\/www.gsccanarias.com\/gsc\/aviso-legal\/#breadcrumb"},"inLanguage":"es","potentialAction":[{"@type":"ReadAction","target":["https:\/\/www.gsccanarias.com\/gsc\/aviso-legal\/"]}]},{"@type":"BreadcrumbList","@id":"https:\/\/www.gsccanarias.com\/gsc\/aviso-legal\/#breadcrumb","itemListElement":[{"@type":"ListItem","position":1,"name":"Portada","item":"https:\/\/www.gsccanarias.com\/gsc\/"},{"@type":"ListItem","position":2,"name":"Aviso legal"}]},{"@type":"WebSite","@id":"https:\/\/www.gsccanarias.com\/gsc\/#website","url":"https:\/\/www.gsccanarias.com\/gsc\/","name":"GSC","description":"Administramos servicios relacionados con la salud, las emergencias, la seguridad y el transporte sanitario","potentialAction":[{"@type":"SearchAction","target":{"@type":"EntryPoint","urlTemplate":"https:\/\/www.gsccanarias.com\/gsc\/?s={search_term_string}"},"query-input":{"@type":"PropertyValueSpecification","valueRequired":true,"valueName":"search_term_string"}}],"inLanguage":"es"}]}},"publishpress_future_workflow_manual_trigger":{"enabledWorkflows":[]},"_links":{"self":[{"href":"https:\/\/www.gsccanarias.com\/gsc\/wp-json\/wp\/v2\/pages\/228","targetHints":{"allow":["GET"]}}],"collection":[{"href":"https:\/\/www.gsccanarias.com\/gsc\/wp-json\/wp\/v2\/pages"}],"about":[{"href":"https:\/\/www.gsccanarias.com\/gsc\/wp-json\/wp\/v2\/types\/page"}],"author":[{"embeddable":true,"href":"https:\/\/www.gsccanarias.com\/gsc\/wp-json\/wp\/v2\/users\/1"}],"replies":[{"embeddable":true,"href":"https:\/\/www.gsccanarias.com\/gsc\/wp-json\/wp\/v2\/comments?post=228"}],"version-history":[{"count":10,"href":"https:\/\/www.gsccanarias.com\/gsc\/wp-json\/wp\/v2\/pages\/228\/revisions"}],"predecessor-version":[{"id":17992,"href":"https:\/\/www.gsccanarias.com\/gsc\/wp-json\/wp\/v2\/pages\/228\/revisions\/17992"}],"wp:attachment":[{"href":"https:\/\/www.gsccanarias.com\/gsc\/wp-json\/wp\/v2\/media?parent=228"}],"curies":[{"name":"wp","href":"https:\/\/api.w.org\/{rel}","templated":true}]}}