{"id":226,"date":"2022-01-18T11:07:18","date_gmt":"2022-01-18T11:07:18","guid":{"rendered":"https:\/\/www.gsccanarias.com\/gsc\/?page_id=226"},"modified":"2025-11-17T09:05:22","modified_gmt":"2025-11-17T09:05:22","slug":"politica-de-privacidad","status":"publish","type":"page","link":"https:\/\/www.gsccanarias.com\/gsc\/politica-de-privacidad\/","title":{"rendered":"Pol\u00edtica de privacidad"},"content":{"rendered":"<p>[vc_row css_animation=\u00bb\u00bb row_type=\u00bbrow\u00bb use_row_as_full_screen_section=\u00bbno\u00bb type=\u00bbfull_width\u00bb angled_section=\u00bbno\u00bb text_align=\u00bbleft\u00bb background_image_as_pattern=\u00bbwithout_pattern\u00bb][vc_column][vc_empty_space height=\u00bb100px\u00bb][\/vc_column][\/vc_row][vc_row css_animation=\u00bb\u00bb row_type=\u00bbrow\u00bb use_row_as_full_screen_section=\u00bbno\u00bb type=\u00bbfull_width\u00bb angled_section=\u00bbno\u00bb text_align=\u00bbleft\u00bb background_image_as_pattern=\u00bbwithout_pattern\u00bb][vc_column][vc_column_text]POL\u00cdTICA DE PRIVACIDAD\u00a0 \u00a0 &#8211;\u00a0 \u00a0 \u00a0[<a href=\"https:\/\/www.gsccanarias.com\/gsc\/wp-content\/uploads\/2025\/11\/2511052698_WEB_POLITICA_PRIVACIDAD.pdf\" target=\"_blank\" rel=\"noopener\"><em>Versi\u00f3n descargable\/imprimible aqu\u00ed<\/em><\/a>]<\/p>\n<h2>NUESTRA POL\u00cdTICA DE PRIVACIDAD DE UN VISTAZO<\/h2>\n<p><strong>\u00bfQui\u00e9nes somos? <\/strong>Somos GESTION DE SERVICIOS PARA LA SALUD Y SEGURIDAD EN CANARIAS S.A. y tratamos sus datos como responsable del Tratamiento. Eso significa que nos hacemos cargo de c\u00f3mo usar y proteger sus datos personales.<\/p>\n<p><strong>\u00bfPara qu\u00e9 usamos tus datos? <\/strong>Usamos los datos que nos has facilitado, tanto online como a trav\u00e9s de cualquier otro medio, para gestionar las solicitudes que nos realices, ofrecerte informaci\u00f3n sobre nuestros servicios, atender consultas o incidencias, realizar gestiones administrativas y contractuales, y cumplir las obligaciones legales derivadas de nuestra actividad.<\/p>\n<p>En caso de que nos hayas autorizado expresamente, tambi\u00e9n podremos usar tus datos para enviarte comunicaciones comerciales relacionadas con nuestros servicios o con el sector de la salud y la seguridad en el trabajo.<\/p>\n<p><strong>\u00bfPor qu\u00e9 los tenemos?\u00a0 <\/strong>Estamos legitimados a tratar sus datos por diferentes motivos. Al rellenar un formulario o mandar un correo-e en el que nos plantea una consulta o sugerencia y tenemos un inter\u00e9s leg\u00edtimo en atenderla.<\/p>\n<p><strong>\u00bfCon qui\u00e9n compartimos tus datos? <\/strong>Solo compartiremos tus datos personales con empresas colaboradoras o proveedores de servicios que act\u00faan por cuenta de GESTI\u00d3N DE SERVICIOS PARA LA SALUD Y SEGURIDAD EN CANARIAS S.A., siempre bajo nuestras instrucciones y dentro del marco de un contrato de encargo del tratamiento, conforme al art\u00edculo 28 del RGPD. Asimismo, podremos comunicar tus datos a entidades financieras cuando sea necesario para la gesti\u00f3n de cobros o pagos, y a organismos p\u00fablicos y autoridades competentes cuando exista una obligaci\u00f3n legal.<\/p>\n<p>En ning\u00fan caso vendemos, alquilamos ni cedemos tus datos personales a terceros para fines comerciales.<\/p>\n<p><strong>\u00bfQu\u00e9 derechos tiene?<\/strong> Tiene derecho a acceder, rectificar o suprimir sus datos personales.\u00a0 Tambi\u00e9n tiene derecho a oponerte a que usemos datos que nos haya autorizado a usar previamente, a portarlos y a no ser objeto de decisiones individualizadas automatizadas.<\/p>\n<p>En el tratamiento de sus datos personales, aplicamos los siguientes principios para garantizar la mayor protecci\u00f3n para ti:<\/p>\n<ul>\n<li><strong>Principio<\/strong><strong> de licitud, lealtad y transparencia:<\/strong> Siempre vamos a requerir su consentimiento para el tratamiento de sus datos personales para uno o varios fines espec\u00edficos que le informaremos previamente con absoluta transparencia.<\/li>\n<li><strong>Principio de minimizaci\u00f3n de datos:<\/strong> Solo vamos a solicitar datos estrictamente necesarios en relaci\u00f3n con los fines para los que los requerimos. Los m\u00ednimos posibles.<\/li>\n<li><strong>Principio de limitaci\u00f3n del plazo de conservaci\u00f3n<\/strong>: los datos ser\u00e1n mantenidos durante no m\u00e1s tiempo del necesario para los fines del tratamiento, en funci\u00f3n a la finalidad, le informaremos del plazo de conservaci\u00f3n correspondiente en el apartado tercero de la presente pol\u00edtica de privacidad.<\/li>\n<li><strong>Principio de integridad y confidencialidad: <\/strong>Sus datos ser\u00e1n tratados de tal manera que se garantice una seguridad adecuada de los datos personales y se garantice confidencialidad. Debe saber que tomamos todas las precauciones necesarias para evitar el acceso no autorizado o uso indebido de los datos de nuestros usuarios por parte de terceros.<\/li>\n<\/ul>\n<p>En esta pol\u00edtica de privacidad encontrar\u00e1 m\u00e1s informaci\u00f3n detallada sobre el uso que hacemos de los datos personales de nuestros clientes, proveedores y usuarios, y en general de todas las personas que mantienen contactos con nosotros, con independencia del medio que hayan utilizado para comunicarse (formulario online, por tel\u00e9fono o por correo-e, de forma presencial).<\/p>\n<p>Nos gusta ser transparentes sobre lo que hacemos con tus datos personales, que entienda las implicaciones de los usos que llevamos a cabo, o los derechos que dispone en relaci\u00f3n con tus datos. Por ese motivo mantenemos actualizada nuestra Pol\u00edtica de Privacidad, el Aviso legal y la Pol\u00edtica de cookies, informaci\u00f3n que puede consultar en esta misma p\u00e1gina web.<\/p>\n<p>En caso de que tenga alguna duda o quieras obtener m\u00e1s informaci\u00f3n sobre la pol\u00edtica de privacidad puede seguir leyendo el documento.<\/p>\n<p>GESTION DE SERVICIOS PARA LA SALUD Y SEGURIDAD EN CANARIAS S.A., se compromete a cumplir la legislaci\u00f3n vigente en cada momento en materia de tratamiento de datos de car\u00e1cter personal. Mediante la siguiente pol\u00edtica de privacidad GESTION DE SERVICIOS PARA LA SALUD Y SEGURIDAD EN CANARIAS S.A., de conformidad con las exigencias previstas en el RGPD y en la LOPDGDD, informa a los usuarios y a las personas de las que trata datos de:<\/p>\n<h2>1.\u00a0\u00a0\u00a0 \u00bfQUI\u00c9N ES EL RESPONSABLE DEL TRATAMIENTO DE TUS DATOS?<\/h2>\n<p>El responsable del tratamiento de sus datos es GESTION DE SERVICIOS PARA LA SALUD Y SEGURIDAD EN CANARIAS S.A.:<\/p>\n<table width=\"100%\">\n<tbody>\n<tr>\n<td width=\"217\"><strong>Identidad <\/strong><\/td>\n<td width=\"425\">GESTION DE SERVICIOS PARA LA SALUD Y SEGURIDAD EN CANARIAS S.A. &#8211; A35378066<\/td>\n<\/tr>\n<tr>\n<td width=\"217\"><strong>Direcci\u00f3n<\/strong><\/td>\n<td width=\"425\">LEON Y CASTILLO 431, 3\u00ba PLANTA, EDIFICIO USOS MULTIPLES VI 35007 &#8211; LAS PALMAS DE GRAN CANARIA<\/td>\n<\/tr>\n<tr>\n<td width=\"217\"><strong>Tel\u00e9fono<\/strong><\/td>\n<td width=\"425\">928498600<\/td>\n<\/tr>\n<tr>\n<td width=\"217\"><strong>Correo-e<\/strong><\/td>\n<td width=\"425\">gsc@gsccanarias.com<\/td>\n<\/tr>\n<tr>\n<td width=\"217\"><strong>Delegado de Protecci\u00f3n de Datos<\/strong><\/td>\n<td width=\"425\">AIXA CORPORE S.L.<\/td>\n<\/tr>\n<tr>\n<td width=\"217\"><strong>Contacto DPD<\/strong><\/td>\n<td width=\"425\">gscdpo@gsccanarias.com<\/td>\n<\/tr>\n<\/tbody>\n<\/table>\n<p><strong>\u00a0<\/strong><\/p>\n<p>GESTION DE SERVICIOS PARA LA SALUD Y SEGURIDAD EN CANARIAS S.A. informa al usuario que los datos que nos facilite a trav\u00e9s de la navegaci\u00f3n por nuestra web, los diferentes formularios de recogida de datos o en el env\u00edo de correos electr\u00f3nicos, van a ser tratados por GESTION DE SERVICIOS PARA LA SALUD Y SEGURIDAD EN CANARIAS S.A. y que dicho tratamiento se encuentra recogido en el Registro de Actividades de tratamiento gestionado por GESTION DE SERVICIOS PARA LA SALUD Y SEGURIDAD EN CANARIAS S.A. conforme a lo establecido en el RGPD.<\/p>\n<p>&nbsp;<\/p>\n<h2>2.\u00a0\u00a0\u00a0 \u00bfPARA QU\u00c9 SE UTILIZAN SUS DATOS PERSONALES?<\/h2>\n<p>En www.gsccanarias.com, tratamos datos tanto de los usuarios de nuestra web, como de terceros que mantienen relaciones con nosotros. Con la finalidad de facilitar que conozca el tratamiento que realizamos de sus datos, hemos diferenciado la finalidad a la que destinamos los datos, los tipos de datos y la base de legitimaci\u00f3n en funci\u00f3n de la categor\u00eda de personas de las que tratamos datos. A continuaci\u00f3n, clasificamos las personas de las que tratamos datos en funci\u00f3n del tipo de relaci\u00f3n que mantienen con GESTION DE SERVICIOS PARA LA SALUD Y SEGURIDAD EN CANARIAS S.A.<\/p>\n<ul>\n<li><strong><u>USUARIOS WEB<\/u><\/strong><\/li>\n<\/ul>\n<p><strong>\u00bfQu\u00e9 datos recopilamos de nuestros usuarios del sitio web?<\/strong><\/p>\n<ol>\n<li><strong>Datos de los usuarios que rellenan cualquiera de los formularios disponibles: <\/strong>Los datos personales que GESTION DE SERVICIOS PARA LA SALUD Y SEGURIDAD EN CANARIAS S.A. solicita incluyen:<\/li>\n<\/ol>\n<ul>\n<li><strong>Datos identificativos: <\/strong>nombre y apellidos, tel\u00e9fono, direcci\u00f3n postal y electr\u00f3nica<\/li>\n<li><strong>Datos relativos a la solicitud<\/strong><\/li>\n<\/ul>\n<ol>\n<li><strong>Datos de los usuarios que navegan por nuestra web: Datos proporcionados por las cookies y por Google Analytics.<\/strong><\/li>\n<\/ol>\n<p><strong>\u00bfCon qu\u00e9 finalidades vamos a tratar sus datos personales?<\/strong><\/p>\n<p><strong>C<\/strong>uando el usuario acepta nuestra pol\u00edtica de privacidad, nos autoriza a utilizar los datos personales suministrados para los siguientes tratamientos:<\/p>\n<ul>\n<li>Remitirle la informaci\u00f3n y prestarle el servicio que soliciten mediante los diversos formularios disponibles en nuestra web.<\/li>\n<\/ul>\n<p><strong>\u00bfC\u00f3mo obtenemos tus datos?<\/strong><\/p>\n<p>Obtenemos tus datos mediante:<\/p>\n<ul>\n<li>El formulario que cumplimenta el usuario web para la finalidad que en \u00e9l se recoge. El formulario est\u00e1 supeditado a la aceptaci\u00f3n de la presente pol\u00edtica de privacidad mediante la casilla indicada.<\/li>\n<\/ul>\n<p><strong>\u00bfCu\u00e1l es la legitimaci\u00f3n para el tratamiento de sus datos?<\/strong><\/p>\n<p>El <strong>consentimiento expreso del usuario <\/strong>(art\u00edculo 6.1.a. RGPD) manifestado mediante la cumplimentaci\u00f3n de los diferentes formularios, la marcaci\u00f3n es la que legitima el tratamiento por parte de GESTION DE SERVICIOS PARA LA SALUD Y SEGURIDAD EN CANARIAS S.A.. El usuario puede revocar en cualquier momento el consentimiento prestado, si bien si revoca el consentimiento, \u00e9ste no afecta a los tratamientos de datos realizados con anterioridad a la revocaci\u00f3n de este.<\/p>\n<p>El <strong>inter\u00e9s leg\u00edtimo<\/strong> para la elaboraci\u00f3n de perfiles de navegaci\u00f3n y detectar las preferencias mediante la instalaci\u00f3n de cookies.<\/p>\n<p>La <strong>ejecuci\u00f3n de un contrato o la adopci\u00f3n de medidas precontractuales<\/strong> cuando el cliente realiza una solicitud mediante los diferentes formularios que dispone el usuario en nuestra web o solicita informaci\u00f3n sobre los servicios prestados por GESTION DE SERVICIOS PARA LA SALUD Y SEGURIDAD EN CANARIAS S.A.<\/p>\n<h2>3.\u00a0\u00a0\u00a0 \u00bfPOR CU\u00c1NTO TIEMPO CONSERVAMOS SUS DATOS?<\/h2>\n<ul>\n<li><strong><u>USUARIOS WEB<\/u><\/strong><\/li>\n<\/ul>\n<p>Aquellos datos que son tratados en base al consentimiento del usuario web se mantendr\u00e1n mientras resulten relevantes para el fin que fueron recogidos y el consentimiento no sea revocado.<\/p>\n<p>Aquellos datos que son tratados en base al inter\u00e9s leg\u00edtimo el tiempo de conservaci\u00f3n ser\u00e1 el vinculado al que motiv\u00f3 la recogida del dato asegurando siempre las garant\u00edas adecuadas y el respeto a los derechos y libertades de los interesados.<\/p>\n<p>Aquellos datos que son tratados en base a la ejecuci\u00f3n de un contrato o la adopci\u00f3n de medidas precontractuales el plazo de conservaci\u00f3n ser\u00e1 aquel en que la relaci\u00f3n contractual se mantenga vigente, as\u00ed como el tiempo posterior que por obligaci\u00f3n legal se deban conservar.<\/p>\n<p>La direcci\u00f3n IP obtenida a trav\u00e9s de las cookies tendr\u00e1 un plazo de conservaci\u00f3n de un a\u00f1o, con la finalidad de demostrar el consentimiento del usuario.<\/p>\n<p>En cuanto al plazo de conservaci\u00f3n de las cookies, puede obtener m\u00e1s informaci\u00f3n en nuestra web en el apartado \u201cPol\u00edtica de cookies\u201d<\/p>\n<h2>4.\u00a0\u00a0\u00a0 INFORMACI\u00d3N ADICIONAL SOBRE EL TRATAMIENTO DE DATOS<\/h2>\n<p><strong>S\u00f3lo los mayores de 14 a\u00f1os<\/strong> pueden facilitar datos a trav\u00e9s de nuestra web y correo-e. Si eres menor de esta edad deber\u00e1s contar con el consentimiento de tus padres o tutores legales.<\/p>\n<p>El Usuario garantiza la autenticidad y actualidad de todos aquellos datos que comunique a GESTION DE SERVICIOS PARA LA SALUD Y SEGURIDAD EN CANARIAS S.A. y declara que es mayor de 14 a\u00f1os, y ser\u00e1 el \u00fanico responsable de las manifestaciones falsas o inexactas que realice.<\/p>\n<p>Los datos de car\u00e1cter personal tratados por GESTION DE SERVICIOS PARA LA SALUD Y SEGURIDAD EN CANARIAS S.A. pueden ser obligatorios o voluntarios. Mediante los formularios web no se le solicitar\u00e1n datos de categor\u00edas especiales para garantizar su privacidad. En caso de que para prestarle un servicio sea necesario recoger datos de categor\u00edas especiales se le solicitar\u00e1n por otra v\u00eda. Los datos que se van a solicitar en los formularios son:<\/p>\n<ul>\n<li>Datos identificativos (nombre y apellidos).<\/li>\n<li>Datos de contacto (tel\u00e9fono, direcci\u00f3n postal y\/o correo electr\u00f3nico).<\/li>\n<li>Datos relativos a la solicitud o consulta realizada.<\/li>\n<li>En su caso, datos de facturaci\u00f3n o de relaci\u00f3n comercial cuando el usuario contrate un servicio.<\/li>\n<\/ul>\n<p>La informaci\u00f3n voluntaria es aquella que el usuario no est\u00e1 obligado a facilitar para contactar con nosotros.<\/p>\n<p>Los campos marcados con un asterisco (*) o con la palabra (requerido) en nuestros formularios son de cumplimentaci\u00f3n obligatoria, la negativa a suministrarlos supondr\u00e1 la imposibilidad de prestarle el servicio o atender su solicitud.<\/p>\n<p>En el caso que nos facilite datos de terceros, manifiestas contar con el consentimiento de estos y te comprometes a trasladarle la informaci\u00f3n que te facilitamos en esta cl\u00e1usula, eximiendo a GESTION DE SERVICIOS PARA LA SALUD Y SEGURIDAD EN CANARIAS S.A. de cualquier tipo de obligaci\u00f3n. No obstante, GESTION DE SERVICIOS PARA LA SALUD Y SEGURIDAD EN CANARIAS S.A. podr\u00e1 llevar a cabo verificaciones para constatar que el tercero ha sido informado adoptando las medidas de diligencia establecidas en la normativa de protecci\u00f3n de datos.<\/p>\n<h2>5.\u00a0\u00a0\u00a0 \u00bfA QU\u00c9 DESTINATARIOS SE COMUNICAR\u00c1N SUS DATOS?<\/h2>\n<p>No se ceder\u00e1n datos a terceros salvo obligaci\u00f3n legal o en el supuesto que sea necesario para atender su solicitud.<\/p>\n<p>Entre los destinatarios a los que pueden ser comunicados sus datos se encuentran:<\/p>\n<ul>\n<li>Administraciones y Organismos p\u00fablicos cuando as\u00ed lo exija la normativa fiscal, laboral, de Seguridad Social o cualquier otra aplicable. Empresas encargadas del tratamiento de datos (proveedores de detecci\u00f3n y prevenci\u00f3n de fraude, servicios tecnol\u00f3gicos, servicios de atenci\u00f3n al cliente, servicios publicitarios y marketing, y, en general, terceros proveedores que sean necesarios para la prestaci\u00f3n de los servicios ofrecidos por GESTION DE SERVICIOS PARA LA SALUD Y SEGURIDAD EN CANARIAS S.A. como proveedores de servicios de mensajer\u00eda y transporte, etc\u2026<\/li>\n<\/ul>\n<h2>6.\u00a0\u00a0\u00a0 \u00bfSE PRODUCEN TRANSFERENCIAS INTERNACIONALES DE DATOS?<\/h2>\n<p>www.gsccanarias.com est\u00e1 alojada en Espa\u00f1a, pa\u00eds que se encuentra en la Uni\u00f3n Europea, en el territorio del Espacio Econ\u00f3mico Europeo, o que cumple con las directrices establecidas en los art\u00edculos 46 y 47 del RGPD, por ello, no se dar\u00e1n transferencias internacionales de los datos aportados por los usuarios en la web.\u00a0Nuestra web solo accede a los datos de los usuarios a trav\u00e9s de los formularios de contacto a disposici\u00f3n del usuario en la web.<\/p>\n<p>No obstante, en caso de que se produzcan transferencias internacionales de datos en relaci\u00f3n de las anteriores cesiones\/comunicaciones para las cuales GESTION DE SERVICIOS PARA LA SALUD Y SEGURIDAD EN CANARIAS S.A. utilizar\u00e1 las herramientas facilitadas en el art\u00edculo 46 y el 49 del RGPD como garant\u00eda de aquellas transferencias realizadas a pa\u00edses que no cuentan con una decisi\u00f3n de adecuaci\u00f3n de la Comisi\u00f3n Europea.<\/p>\n<p>En todo caso, los terceros con los cuales se compartan determinados datos de car\u00e1cter personal habr\u00e1n acreditado con car\u00e1cter previo la adopci\u00f3n de medidas t\u00e9cnicas y organizativas adecuadas para la correcta protecci\u00f3n de estos y se realizar\u00e1n solo con terceros pa\u00edses cuando exista un instrumento jur\u00eddico vinculante conforme a los art\u00edculos 46 y siguientes del RGPD. Con la aceptaci\u00f3n de esta pol\u00edtica de privacidad se acepta que se pueda producir una transferencia internacional de datos de acuerdo con las garant\u00edas indicadas.<\/p>\n<p>En caso de que no se cumplan los requisitos establecidos en el RGPD, el interesado podr\u00e1 otorgar su consentimiento a la transferencia internacional o ejecutarse un contrato en inter\u00e9s del interesado. En caso contrario se deber\u00e1 solicitar una autorizaci\u00f3n a la Autoridad de Control.<\/p>\n<p>GESTION DE SERVICIOS PARA LA SALUD Y SEGURIDAD EN CANARIAS S.A. no vende en ning\u00fan caso datos de sus usuarios a terceros.<\/p>\n<h2>7.\u00a0\u00a0\u00a0 \u00bfQU\u00c9 DERECHOS LE ASISTEN Y C\u00d3MO PUEDE EJERCITARLOS?<\/h2>\n<p>El usuario puede ejercer los siguientes derechos ante GESTION DE SERVICIOS PARA LA SALUD Y SEGURIDAD EN CANARIAS S.A.:<\/p>\n<ol>\n<li>Acceder a sus datos personales<\/li>\n<li>Rectificarlos cuando son inexactos o incompletos<\/li>\n<li>Solicitar la supresi\u00f3n o cancelaci\u00f3n de los datos cuando, entre otros motivos hayan dejado de ser necesarios para los fines para los que fueron recogidos<\/li>\n<li>Oponerse a su tratamiento<\/li>\n<li>Pedir la limitaci\u00f3n del tratamiento de sus datos cuando se den alguna de las condiciones previstas en la normativa<\/li>\n<li>Solicitar la portabilidad de sus datos en los casos previstos en la normativa<\/li>\n<li>Impedir ser objeto de decisiones automatizadas<\/li>\n<li>Revocar los consentimientos otorgados<\/li>\n<\/ol>\n<p>El usuario, para ejercer sus derechos, deber\u00e1 enviar un escrito en el que indique el derecho que desea ejercitar y acompa\u00f1ar documento acreditativo de su identidad y direcci\u00f3n postal o electr\u00f3nica a efectos de notificaci\u00f3n. Esta solicitud puede realizarla, bien mediante correo postal a: GESTION DE SERVICIOS PARA LA SALUD Y SEGURIDAD EN CANARIAS S.A. LEON Y CASTILLO 431, 3\u00ba PLANTA, EDIFICIO USOS MULTIPLES VI 35007 &#8211; LAS PALMAS DE GRAN CANARIA, o bien en la siguiente direcci\u00f3n de correo-e: gscdpo@gsccanarias.com.<\/p>\n<p>Se informa al interesado que GESTION DE SERVICIOS PARA LA SALUD Y SEGURIDAD EN CANARIAS S.A. ha nombrado un Delegado de Protecci\u00f3n de Datos ante el cual podr\u00e1 poner de manifiesto cualquier cuesti\u00f3n relativa al tratamiento de sus datos personales. El interesado podr\u00e1 contactar con el Delegado de Protecci\u00f3n de Datos mediante el siguiente correo electr\u00f3nico gscdpo@gsccanarias.com o en la siguiente direcci\u00f3n postal: LEON Y CASTILLO 431, 3\u00ba PLANTA, EDIFICIO USOS MULTIPLES VI 35007 &#8211; LAS PALMAS DE GRAN CANARIA.<\/p>\n<p>GESTION DE SERVICIOS PARA LA SALUD Y SEGURIDAD EN CANARIAS S.A. deber\u00e1 contestar la solicitud del ejercicio de derechos en el <strong>plazo de un mes<\/strong> a partir de la recepci\u00f3n de la solicitud. Dicho plazo podr\u00e1 prorrogarse otros dos meses en caso necesario, teniendo en cuenta la complejidad y el n\u00famero de solicitudes.\u00a0 Le informaremos de cualquier pr\u00f3rroga en el plazo de un mes a partir de la recepci\u00f3n de la solicitud indicando los motivos de la dilaci\u00f3n.<\/p>\n<p>Asimismo, los interesados tienen derecho a reclamar ante la Autoridad de Control competente (Agencia Espa\u00f1ola de Protecci\u00f3n de Datos) cuando consideren que GESTION DE SERVICIOS PARA LA SALUD Y SEGURIDAD EN CANARIAS S.A. ha vulnerado los derechos que la normativa de protecci\u00f3n de datos les reconoce en <a href=\"http:\/\/www.aepd.es\">www.aepd.es<\/a><\/p>\n<h2>8.\u00a0\u00a0\u00a0 \u00bfEST\u00c1N SEGUROS MIS DATOS?<\/h2>\n<p>GESTION DE SERVICIOS PARA LA SALUD Y SEGURIDAD EN CANARIAS S.A. tiene vigente un contrato con la empresa de Hosting Acens Technologies (Telef\u00f3nica Soluciones De Inform\u00e1tica Y Comunicaciones De Espa\u00f1a S A U) para el alojamiento de su p\u00e1gina web. Es una empresa europea y dispone de los \u00faltimos sistemas en medidas de seguridad.<\/p>\n<p>En todo caso, GESTION DE SERVICIOS PARA LA SALUD Y SEGURIDAD EN CANARIAS S.A. garantiza la adopci\u00f3n de las medidas oportunas para asegurar el tratamiento confidencial de sus datos habida cuenta del car\u00e1cter reservado de los mismos y se compromete a que dichos datos permanezcan secretos, trat\u00e1ndolos con la m\u00e1xima reserva, y declara tener implantadas en su sistema de informaci\u00f3n, las pol\u00edticas de seguridad correspondientes al tipo de datos manejados conforme a lo dispuesto en el\u00a0 REGLAMENTO (UE) 2016\/679 DEL PARLAMENTO EUROPEO Y DEL CONSEJO de 27 de abril de 2016 relativo a la protecci\u00f3n de las personas f\u00edsicas en lo que respecta al tratamiento de datos personales y a la libre circulaci\u00f3n de estos datos (RGPD).<\/p>\n<p>Todos los datos facilitados a trav\u00e9s de nuestra plataforma se recopilan mediante un protocolo seguro. Nuestra web posee un certificado SSL que permite que cuando alg\u00fan usuario visita nuestra web e intercambiar informaci\u00f3n con nosotros se establece una conexi\u00f3n cifrada.<\/p>\n<h2>9.\u00a0\u00a0\u00a0 ENLACES A OTROS SITIOS WEB<\/h2>\n<p>Si opta por abandonar nuestro sitio Web a trav\u00e9s de enlaces a otros sitios Web no pertenecientes a nuestra entidad, GESTION DE SERVICIOS PARA LA SALUD Y SEGURIDAD EN CANARIAS S.A. no se har\u00e1 responsable de las pol\u00edticas de privacidad de dichos sitios Web ni de las cookies que estos puedan almacenar en el ordenador del usuario.<\/p>\n<p><strong>\u00a0<\/strong><\/p>\n<p><strong>Fecha: 05\/11\/2025<\/strong><\/p>\n<p><strong>Versi\u00f3n: V.1.0<\/strong><\/p>\n<p>[\/vc_column_text][\/vc_column][\/vc_row][vc_row css_animation=\u00bb\u00bb row_type=\u00bbrow\u00bb use_row_as_full_screen_section=\u00bbno\u00bb type=\u00bbfull_width\u00bb angled_section=\u00bbno\u00bb text_align=\u00bbleft\u00bb background_image_as_pattern=\u00bbwithout_pattern\u00bb][vc_column][vc_empty_space height=\u00bb100px\u00bb][\/vc_column][\/vc_row]<\/p>\n<div class=\"print\"><span class=\"page_title\">P\u00e1gina: <span>Pol\u00edtica de privacidad<\/span><\/span>\n\t\t\t\t\t\t\t\t\t\t\t<span class=\"page_title\">Fecha de impresi\u00f3n: <span>19\/04\/2026 - 09:14:20 UTC<\/span><\/span>\n\t\t\t\t\t\t\t\t\t\t\t<span class=\"stmp_trans_date\">\u00daltima actualizaci\u00f3n: <span>17\/11\/2025 - 09:05:22<\/span><\/span>\n\t\t\t\t\t\t\t\t\t\t\t<span class=\"stmp_trans_date\">Fecha publicaci\u00f3n: <span>18\/01\/2022 - 11:07:18<\/span><\/span>\n\t\t\t\t\t\t\t\t\t\t\t<span class=\"stmp_trans_date\">Fecha creaci\u00f3n: <span>18\/01\/2022 - 11:07:18<\/span><\/span><\/div>\n\t","protected":false},"excerpt":{"rendered":"<p>[vc_row css_animation=\u00bb\u00bb row_type=\u00bbrow\u00bb use_row_as_full_screen_section=\u00bbno\u00bb type=\u00bbfull_width\u00bb angled_section=\u00bbno\u00bb text_align=\u00bbleft\u00bb background_image_as_pattern=\u00bbwithout_pattern\u00bb][vc_column][vc_empty_space height=\u00bb100px\u00bb][\/vc_column][\/vc_row][vc_row css_animation=\u00bb\u00bb row_type=\u00bbrow\u00bb use_row_as_full_screen_section=\u00bbno\u00bb type=\u00bbfull_width\u00bb angled_section=\u00bbno\u00bb text_align=\u00bbleft\u00bb background_image_as_pattern=\u00bbwithout_pattern\u00bb][vc_column][vc_column_text]POL\u00cdTICA DE PRIVACIDAD\u00a0 \u00a0 &#8211;\u00a0 \u00a0 \u00a0[Versi\u00f3n descargable\/imprimible aqu\u00ed] NUESTRA POL\u00cdTICA DE PRIVACIDAD DE UN VISTAZO \u00bfQui\u00e9nes somos? Somos GESTION DE SERVICIOS PARA LA SALUD Y SEGURIDAD EN CANARIAS S.A&#8230;.<\/p>\n","protected":false},"author":1,"featured_media":0,"parent":0,"menu_order":0,"comment_status":"closed","ping_status":"closed","template":"","meta":{"footnotes":""},"class_list":["post-226","page","type-page","status-publish","has-post-thumbnail","hentry"],"publishpress_future_workflow_manual_trigger":{"enabledWorkflows":[]},"_links":{"self":[{"href":"https:\/\/www.gsccanarias.com\/gsc\/wp-json\/wp\/v2\/pages\/226","targetHints":{"allow":["GET"]}}],"collection":[{"href":"https:\/\/www.gsccanarias.com\/gsc\/wp-json\/wp\/v2\/pages"}],"about":[{"href":"https:\/\/www.gsccanarias.com\/gsc\/wp-json\/wp\/v2\/types\/page"}],"author":[{"embeddable":true,"href":"https:\/\/www.gsccanarias.com\/gsc\/wp-json\/wp\/v2\/users\/1"}],"replies":[{"embeddable":true,"href":"https:\/\/www.gsccanarias.com\/gsc\/wp-json\/wp\/v2\/comments?post=226"}],"version-history":[{"count":8,"href":"https:\/\/www.gsccanarias.com\/gsc\/wp-json\/wp\/v2\/pages\/226\/revisions"}],"predecessor-version":[{"id":17993,"href":"https:\/\/www.gsccanarias.com\/gsc\/wp-json\/wp\/v2\/pages\/226\/revisions\/17993"}],"wp:attachment":[{"href":"https:\/\/www.gsccanarias.com\/gsc\/wp-json\/wp\/v2\/media?parent=226"}],"curies":[{"name":"wp","href":"https:\/\/api.w.org\/{rel}","templated":true}]}}