{"id":219,"date":"2022-01-18T10:49:05","date_gmt":"2022-01-18T10:49:05","guid":{"rendered":"https:\/\/www.gsccanarias.com\/gsc\/?page_id=219"},"modified":"2026-04-23T07:47:13","modified_gmt":"2026-04-23T07:47:13","slug":"estadisticas","status":"publish","type":"page","link":"https:\/\/www.gsccanarias.com\/gsc\/transparencia\/estadisticas\/","title":{"rendered":"Estad\u00edsticas"},"content":{"rendered":"<p>[vc_row css_animation=\u00bb\u00bb row_type=\u00bbrow\u00bb use_row_as_full_screen_section=\u00bbno\u00bb type=\u00bbgrid\u00bb angled_section=\u00bbno\u00bb text_align=\u00bbleft\u00bb background_image_as_pattern=\u00bbwithout_pattern\u00bb z_index=\u00bb\u00bb][vc_column width=\u00bb1\/3&#8243; offset=\u00bbvc_col-lg-3&#8243;][vc_empty_space height=\u00bb100px\u00bb][vc_column_text][\/vc_column_text][vc_empty_space height=\u00bb50px\u00bb][vc_widget_sidebar sidebar_id=\u00bbMenu transparencia\u00bb][\/vc_column][vc_column width=\u00bb2\/3&#8243; offset=\u00bbvc_col-lg-9&#8243;][vc_row_inner row_type=\u00bbrow\u00bb type=\u00bbfull_width\u00bb text_align=\u00bbleft\u00bb css_animation=\u00bb\u00bb][vc_column_inner offset=\u00bbvc_hidden-xs\u00bb][vc_empty_space height=\u00bb100px\u00bb][\/vc_column_inner][vc_column_inner offset=\u00bbvc_hidden-lg vc_hidden-md vc_hidden-sm\u00bb][vc_empty_space height=\u00bb50px\u00bb][\/vc_column_inner][\/vc_row_inner][vc_column_text]<a href=\"https:\/\/www.gsccanarias.com\/gsc\/curriculum-vitae-leon-padilla-ruiz\/\"><\/a><a href=\"https:\/\/www.gsccanarias.com\/gsc\/memorias\/\">\u00a0Enlace a las Memorias [ESTAD\u00cdSTICAS DESDE EL A\u00d1O 2000 A LA ACTUALIDAD]<\/a><\/p>\n<p>Informaci\u00f3n estad\u00edstica necesaria para valorar el grado de cumplimiento y calidad de los servicios p\u00fablicos de GSC.[\/vc_column_text][vc_empty_space height=\u00bb100px\u00bb][\/vc_column][\/vc_row]<\/p>\n<div class=\"print\"><span class=\"page_title\">P\u00e1gina: <span>Estad\u00edsticas<\/span><\/span>\n\t\t\t\t\t\t\t\t\t\t\t<span class=\"page_title\">Fecha de impresi\u00f3n: <span>12\/05\/2026 - 20:56:32 UTC<\/span><\/span>\n\t\t\t\t\t\t\t\t\t\t\t<span class=\"stmp_trans_date\">\u00daltima actualizaci\u00f3n: <span>23\/04\/2026 - 07:47:13<\/span><\/span>\n\t\t\t\t\t\t\t\t\t\t\t<span class=\"stmp_trans_date\">Fecha publicaci\u00f3n: <span>18\/01\/2022 - 10:49:05<\/span><\/span>\n\t\t\t\t\t\t\t\t\t\t\t<span class=\"stmp_trans_date\">Fecha creaci\u00f3n: <span>18\/01\/2022 - 10:49:05<\/span><\/span><\/div>\n\t","protected":false},"excerpt":{"rendered":"<p>[vc_row css_animation=\u00bb\u00bb row_type=\u00bbrow\u00bb use_row_as_full_screen_section=\u00bbno\u00bb type=\u00bbgrid\u00bb angled_section=\u00bbno\u00bb text_align=\u00bbleft\u00bb background_image_as_pattern=\u00bbwithout_pattern\u00bb z_index=\u00bb\u00bb][vc_column width=\u00bb1\/3&#8243; offset=\u00bbvc_col-lg-3&#8243;][vc_empty_space height=\u00bb100px\u00bb][vc_column_text][\/vc_column_text][vc_empty_space height=\u00bb50px\u00bb][vc_widget_sidebar sidebar_id=\u00bbMenu transparencia\u00bb][\/vc_column][vc_column width=\u00bb2\/3&#8243; offset=\u00bbvc_col-lg-9&#8243;][vc_row_inner row_type=\u00bbrow\u00bb type=\u00bbfull_width\u00bb text_align=\u00bbleft\u00bb css_animation=\u00bb\u00bb][vc_column_inner offset=\u00bbvc_hidden-xs\u00bb][vc_empty_space height=\u00bb100px\u00bb][\/vc_column_inner][vc_column_inner offset=\u00bbvc_hidden-lg vc_hidden-md vc_hidden-sm\u00bb][vc_empty_space height=\u00bb50px\u00bb][\/vc_column_inner][\/vc_row_inner][vc_column_text]\u00a0Enlace a las Memorias [ESTAD\u00cdSTICAS DESDE EL A\u00d1O 2000 A LA ACTUALIDAD] Informaci\u00f3n estad\u00edstica necesaria para valorar el grado&#8230;<\/p>\n","protected":false},"author":1,"featured_media":0,"parent":53,"menu_order":0,"comment_status":"closed","ping_status":"closed","template":"full_width.php","meta":{"footnotes":""},"class_list":["post-219","page","type-page","status-publish","has-post-thumbnail","hentry"],"a3_pvc":{"activated":false,"total_views":0,"today_views":0},"yoast_head":"<!-- This site is optimized with the Yoast SEO plugin v27.5 - https:\/\/yoast.com\/product\/yoast-seo-wordpress\/ -->\n<title>Estad\u00edsticas - GSC<\/title>\n<meta name=\"robots\" content=\"index, follow, max-snippet:-1, max-image-preview:large, max-video-preview:-1\" \/>\n<link rel=\"canonical\" href=\"https:\/\/www.gsccanarias.com\/gsc\/transparencia\/estadisticas\/\" \/>\n<meta property=\"og:locale\" content=\"es_ES\" \/>\n<meta property=\"og:type\" content=\"article\" \/>\n<meta property=\"og:title\" content=\"Estad\u00edsticas - GSC\" \/>\n<meta property=\"og:description\" content=\"[vc_row css_animation=\u00bb\u00bb row_type=\u00bbrow\u00bb use_row_as_full_screen_section=\u00bbno\u00bb type=\u00bbgrid\u00bb angled_section=\u00bbno\u00bb text_align=\u00bbleft\u00bb background_image_as_pattern=\u00bbwithout_pattern\u00bb z_index=\u00bb\u00bb][vc_column width=\u00bb1\/3&#8243; offset=\u00bbvc_col-lg-3&#8243;][vc_empty_space height=\u00bb100px\u00bb][vc_column_text][\/vc_column_text][vc_empty_space height=\u00bb50px\u00bb][vc_widget_sidebar sidebar_id=\u00bbMenu transparencia\u00bb][\/vc_column][vc_column width=\u00bb2\/3&#8243; offset=\u00bbvc_col-lg-9&#8243;][vc_row_inner row_type=\u00bbrow\u00bb type=\u00bbfull_width\u00bb text_align=\u00bbleft\u00bb css_animation=\u00bb\u00bb][vc_column_inner offset=\u00bbvc_hidden-xs\u00bb][vc_empty_space height=\u00bb100px\u00bb][\/vc_column_inner][vc_column_inner offset=\u00bbvc_hidden-lg vc_hidden-md vc_hidden-sm\u00bb][vc_empty_space height=\u00bb50px\u00bb][\/vc_column_inner][\/vc_row_inner][vc_column_text]\u00a0Enlace a las Memorias [ESTAD\u00cdSTICAS DESDE EL A\u00d1O 2000 A LA ACTUALIDAD] Informaci\u00f3n estad\u00edstica necesaria para valorar el grado...\" \/>\n<meta property=\"og:url\" content=\"https:\/\/www.gsccanarias.com\/gsc\/transparencia\/estadisticas\/\" \/>\n<meta property=\"og:site_name\" content=\"GSC\" \/>\n<meta property=\"article:modified_time\" content=\"2026-04-23T07:47:13+00:00\" \/>\n<meta property=\"og:image\" content=\"https:\/\/www.gsccanarias.com\/gsc\/wp-content\/uploads\/2019\/03\/Division.png\" \/>\n<meta name=\"twitter:card\" content=\"summary_large_image\" \/>\n<meta name=\"twitter:label1\" content=\"Tiempo de lectura\" \/>\n\t<meta name=\"twitter:data1\" content=\"1 minuto\" \/>\n<script type=\"application\/ld+json\" class=\"yoast-schema-graph\">{\"@context\":\"https:\\\/\\\/schema.org\",\"@graph\":[{\"@type\":\"WebPage\",\"@id\":\"https:\\\/\\\/www.gsccanarias.com\\\/gsc\\\/transparencia\\\/estadisticas\\\/\",\"url\":\"https:\\\/\\\/www.gsccanarias.com\\\/gsc\\\/transparencia\\\/estadisticas\\\/\",\"name\":\"Estad\u00edsticas - GSC\",\"isPartOf\":{\"@id\":\"https:\\\/\\\/www.gsccanarias.com\\\/gsc\\\/#website\"},\"primaryImageOfPage\":{\"@id\":\"https:\\\/\\\/www.gsccanarias.com\\\/gsc\\\/transparencia\\\/estadisticas\\\/#primaryimage\"},\"image\":{\"@id\":\"https:\\\/\\\/www.gsccanarias.com\\\/gsc\\\/transparencia\\\/estadisticas\\\/#primaryimage\"},\"thumbnailUrl\":\"https:\\\/\\\/www.gsccanarias.com\\\/gsc\\\/wp-content\\\/uploads\\\/2019\\\/03\\\/Division.png\",\"datePublished\":\"2022-01-18T10:49:05+00:00\",\"dateModified\":\"2026-04-23T07:47:13+00:00\",\"breadcrumb\":{\"@id\":\"https:\\\/\\\/www.gsccanarias.com\\\/gsc\\\/transparencia\\\/estadisticas\\\/#breadcrumb\"},\"inLanguage\":\"es\",\"potentialAction\":[{\"@type\":\"ReadAction\",\"target\":[\"https:\\\/\\\/www.gsccanarias.com\\\/gsc\\\/transparencia\\\/estadisticas\\\/\"]}]},{\"@type\":\"ImageObject\",\"inLanguage\":\"es\",\"@id\":\"https:\\\/\\\/www.gsccanarias.com\\\/gsc\\\/transparencia\\\/estadisticas\\\/#primaryimage\",\"url\":\"https:\\\/\\\/www.gsccanarias.com\\\/gsc\\\/wp-content\\\/uploads\\\/2019\\\/03\\\/Division.png\",\"contentUrl\":\"https:\\\/\\\/www.gsccanarias.com\\\/gsc\\\/wp-content\\\/uploads\\\/2019\\\/03\\\/Division.png\",\"width\":9,\"height\":10,\"caption\":\"->\"},{\"@type\":\"BreadcrumbList\",\"@id\":\"https:\\\/\\\/www.gsccanarias.com\\\/gsc\\\/transparencia\\\/estadisticas\\\/#breadcrumb\",\"itemListElement\":[{\"@type\":\"ListItem\",\"position\":1,\"name\":\"Portada\",\"item\":\"https:\\\/\\\/www.gsccanarias.com\\\/gsc\\\/\"},{\"@type\":\"ListItem\",\"position\":2,\"name\":\"Transparencia\",\"item\":\"https:\\\/\\\/www.gsccanarias.com\\\/gsc\\\/transparencia\\\/\"},{\"@type\":\"ListItem\",\"position\":3,\"name\":\"Estad\u00edsticas\"}]},{\"@type\":\"WebSite\",\"@id\":\"https:\\\/\\\/www.gsccanarias.com\\\/gsc\\\/#website\",\"url\":\"https:\\\/\\\/www.gsccanarias.com\\\/gsc\\\/\",\"name\":\"GSC\",\"description\":\"Administramos servicios relacionados con la salud, las emergencias, la seguridad y el transporte sanitario\",\"potentialAction\":[{\"@type\":\"SearchAction\",\"target\":{\"@type\":\"EntryPoint\",\"urlTemplate\":\"https:\\\/\\\/www.gsccanarias.com\\\/gsc\\\/?s={search_term_string}\"},\"query-input\":{\"@type\":\"PropertyValueSpecification\",\"valueRequired\":true,\"valueName\":\"search_term_string\"}}],\"inLanguage\":\"es\"}]}<\/script>\n<!-- \/ Yoast SEO plugin. -->","yoast_head_json":{"title":"Estad\u00edsticas - GSC","robots":{"index":"index","follow":"follow","max-snippet":"max-snippet:-1","max-image-preview":"max-image-preview:large","max-video-preview":"max-video-preview:-1"},"canonical":"https:\/\/www.gsccanarias.com\/gsc\/transparencia\/estadisticas\/","og_locale":"es_ES","og_type":"article","og_title":"Estad\u00edsticas - GSC","og_description":"[vc_row css_animation=\u00bb\u00bb row_type=\u00bbrow\u00bb use_row_as_full_screen_section=\u00bbno\u00bb type=\u00bbgrid\u00bb angled_section=\u00bbno\u00bb text_align=\u00bbleft\u00bb background_image_as_pattern=\u00bbwithout_pattern\u00bb z_index=\u00bb\u00bb][vc_column width=\u00bb1\/3&#8243; offset=\u00bbvc_col-lg-3&#8243;][vc_empty_space height=\u00bb100px\u00bb][vc_column_text][\/vc_column_text][vc_empty_space height=\u00bb50px\u00bb][vc_widget_sidebar sidebar_id=\u00bbMenu transparencia\u00bb][\/vc_column][vc_column width=\u00bb2\/3&#8243; offset=\u00bbvc_col-lg-9&#8243;][vc_row_inner row_type=\u00bbrow\u00bb type=\u00bbfull_width\u00bb text_align=\u00bbleft\u00bb css_animation=\u00bb\u00bb][vc_column_inner offset=\u00bbvc_hidden-xs\u00bb][vc_empty_space height=\u00bb100px\u00bb][\/vc_column_inner][vc_column_inner offset=\u00bbvc_hidden-lg vc_hidden-md vc_hidden-sm\u00bb][vc_empty_space height=\u00bb50px\u00bb][\/vc_column_inner][\/vc_row_inner][vc_column_text]\u00a0Enlace a las Memorias [ESTAD\u00cdSTICAS DESDE EL A\u00d1O 2000 A LA ACTUALIDAD] Informaci\u00f3n estad\u00edstica necesaria para valorar el grado...","og_url":"https:\/\/www.gsccanarias.com\/gsc\/transparencia\/estadisticas\/","og_site_name":"GSC","article_modified_time":"2026-04-23T07:47:13+00:00","og_image":[{"url":"https:\/\/www.gsccanarias.com\/gsc\/wp-content\/uploads\/2019\/03\/Division.png","type":"","width":"","height":""}],"twitter_card":"summary_large_image","twitter_misc":{"Tiempo de lectura":"1 minuto"},"schema":{"@context":"https:\/\/schema.org","@graph":[{"@type":"WebPage","@id":"https:\/\/www.gsccanarias.com\/gsc\/transparencia\/estadisticas\/","url":"https:\/\/www.gsccanarias.com\/gsc\/transparencia\/estadisticas\/","name":"Estad\u00edsticas - GSC","isPartOf":{"@id":"https:\/\/www.gsccanarias.com\/gsc\/#website"},"primaryImageOfPage":{"@id":"https:\/\/www.gsccanarias.com\/gsc\/transparencia\/estadisticas\/#primaryimage"},"image":{"@id":"https:\/\/www.gsccanarias.com\/gsc\/transparencia\/estadisticas\/#primaryimage"},"thumbnailUrl":"https:\/\/www.gsccanarias.com\/gsc\/wp-content\/uploads\/2019\/03\/Division.png","datePublished":"2022-01-18T10:49:05+00:00","dateModified":"2026-04-23T07:47:13+00:00","breadcrumb":{"@id":"https:\/\/www.gsccanarias.com\/gsc\/transparencia\/estadisticas\/#breadcrumb"},"inLanguage":"es","potentialAction":[{"@type":"ReadAction","target":["https:\/\/www.gsccanarias.com\/gsc\/transparencia\/estadisticas\/"]}]},{"@type":"ImageObject","inLanguage":"es","@id":"https:\/\/www.gsccanarias.com\/gsc\/transparencia\/estadisticas\/#primaryimage","url":"https:\/\/www.gsccanarias.com\/gsc\/wp-content\/uploads\/2019\/03\/Division.png","contentUrl":"https:\/\/www.gsccanarias.com\/gsc\/wp-content\/uploads\/2019\/03\/Division.png","width":9,"height":10,"caption":"->"},{"@type":"BreadcrumbList","@id":"https:\/\/www.gsccanarias.com\/gsc\/transparencia\/estadisticas\/#breadcrumb","itemListElement":[{"@type":"ListItem","position":1,"name":"Portada","item":"https:\/\/www.gsccanarias.com\/gsc\/"},{"@type":"ListItem","position":2,"name":"Transparencia","item":"https:\/\/www.gsccanarias.com\/gsc\/transparencia\/"},{"@type":"ListItem","position":3,"name":"Estad\u00edsticas"}]},{"@type":"WebSite","@id":"https:\/\/www.gsccanarias.com\/gsc\/#website","url":"https:\/\/www.gsccanarias.com\/gsc\/","name":"GSC","description":"Administramos servicios relacionados con la salud, las emergencias, la seguridad y el transporte sanitario","potentialAction":[{"@type":"SearchAction","target":{"@type":"EntryPoint","urlTemplate":"https:\/\/www.gsccanarias.com\/gsc\/?s={search_term_string}"},"query-input":{"@type":"PropertyValueSpecification","valueRequired":true,"valueName":"search_term_string"}}],"inLanguage":"es"}]}},"publishpress_future_workflow_manual_trigger":{"enabledWorkflows":[]},"_links":{"self":[{"href":"https:\/\/www.gsccanarias.com\/gsc\/wp-json\/wp\/v2\/pages\/219","targetHints":{"allow":["GET"]}}],"collection":[{"href":"https:\/\/www.gsccanarias.com\/gsc\/wp-json\/wp\/v2\/pages"}],"about":[{"href":"https:\/\/www.gsccanarias.com\/gsc\/wp-json\/wp\/v2\/types\/page"}],"author":[{"embeddable":true,"href":"https:\/\/www.gsccanarias.com\/gsc\/wp-json\/wp\/v2\/users\/1"}],"replies":[{"embeddable":true,"href":"https:\/\/www.gsccanarias.com\/gsc\/wp-json\/wp\/v2\/comments?post=219"}],"version-history":[{"count":8,"href":"https:\/\/www.gsccanarias.com\/gsc\/wp-json\/wp\/v2\/pages\/219\/revisions"}],"predecessor-version":[{"id":12497,"href":"https:\/\/www.gsccanarias.com\/gsc\/wp-json\/wp\/v2\/pages\/219\/revisions\/12497"}],"up":[{"embeddable":true,"href":"https:\/\/www.gsccanarias.com\/gsc\/wp-json\/wp\/v2\/pages\/53"}],"wp:attachment":[{"href":"https:\/\/www.gsccanarias.com\/gsc\/wp-json\/wp\/v2\/media?parent=219"}],"curies":[{"name":"wp","href":"https:\/\/api.w.org\/{rel}","templated":true}]}}