{"id":209,"date":"2022-01-18T10:47:12","date_gmt":"2022-01-18T10:47:12","guid":{"rendered":"https:\/\/www.gsccanarias.com\/gsc\/?page_id=209"},"modified":"2026-04-23T06:04:46","modified_gmt":"2026-04-23T06:04:46","slug":"servicios-y-procedimientos","status":"publish","type":"page","link":"https:\/\/www.gsccanarias.com\/gsc\/transparencia\/servicios-y-procedimientos\/","title":{"rendered":"Servicios y procedimientos"},"content":{"rendered":"<p>[vc_row css_animation=\u00bb\u00bb row_type=\u00bbrow\u00bb use_row_as_full_screen_section=\u00bbno\u00bb type=\u00bbgrid\u00bb angled_section=\u00bbno\u00bb text_align=\u00bbleft\u00bb background_image_as_pattern=\u00bbwithout_pattern\u00bb z_index=\u00bb\u00bb][vc_column width=\u00bb1\/3&#8243; offset=\u00bbvc_col-lg-3&#8243;][vc_empty_space height=\u00bb100px\u00bb][vc_column_text][\/vc_column_text][vc_empty_space height=\u00bb50px\u00bb][vc_widget_sidebar sidebar_id=\u00bbMenu transparencia\u00bb][\/vc_column][vc_column width=\u00bb2\/3&#8243; offset=\u00bbvc_col-lg-9&#8243;][vc_row_inner row_type=\u00bbrow\u00bb type=\u00bbfull_width\u00bb text_align=\u00bbleft\u00bb css_animation=\u00bb\u00bb][vc_column_inner offset=\u00bbvc_hidden-xs\u00bb][vc_empty_space height=\u00bb100px\u00bb][\/vc_column_inner][vc_column_inner offset=\u00bbvc_hidden-lg vc_hidden-md vc_hidden-sm\u00bb][vc_empty_space height=\u00bb50px\u00bb][\/vc_column_inner][\/vc_row_inner][vc_column_text]La empresa p\u00fablica GSC tiene encomendados diferentes servicios relacionados con la seguridad y las emergencias, que presta desde sus diferentes divisiones:<\/p>\n<ul>\n<li>Divisi\u00f3n Gerencia<\/li>\n<li>Divisi\u00f3n Econ\u00f3mica, Control y de Servicios Generales<\/li>\n<li>Divisi\u00f3n de Recursos Humanos<\/li>\n<li>Divisi\u00f3n Regional del Servicio de Urgencias Canario<\/li>\n<li>Divisi\u00f3n del CECOES 112<\/li>\n<\/ul>\n<p>En esta secci\u00f3n encontrar\u00e1 la informaci\u00f3n detallada de cada \u00e1rea y los cat\u00e1logos de procedimientos para acceder a los tr\u00e1mites necesarios.[\/vc_column_text][vc_empty_space height=\u00bb100px\u00bb][\/vc_column][\/vc_row]<\/p>\n<div class=\"print\"><span class=\"page_title\">P\u00e1gina: <span>Servicios y procedimientos<\/span><\/span>\n\t\t\t\t\t\t\t\t\t\t\t<span class=\"page_title\">Fecha de impresi\u00f3n: <span>12\/05\/2026 - 20:56:15 UTC<\/span><\/span>\n\t\t\t\t\t\t\t\t\t\t\t<span class=\"stmp_trans_date\">\u00daltima actualizaci\u00f3n: <span>23\/04\/2026 - 06:04:46<\/span><\/span>\n\t\t\t\t\t\t\t\t\t\t\t<span class=\"stmp_trans_date\">Fecha publicaci\u00f3n: <span>18\/01\/2022 - 10:47:12<\/span><\/span>\n\t\t\t\t\t\t\t\t\t\t\t<span class=\"stmp_trans_date\">Fecha creaci\u00f3n: <span>18\/01\/2022 - 10:47:12<\/span><\/span><\/div>\n\t","protected":false},"excerpt":{"rendered":"<p>[vc_row css_animation=\u00bb\u00bb row_type=\u00bbrow\u00bb use_row_as_full_screen_section=\u00bbno\u00bb type=\u00bbgrid\u00bb angled_section=\u00bbno\u00bb text_align=\u00bbleft\u00bb background_image_as_pattern=\u00bbwithout_pattern\u00bb z_index=\u00bb\u00bb][vc_column width=\u00bb1\/3&#8243; offset=\u00bbvc_col-lg-3&#8243;][vc_empty_space height=\u00bb100px\u00bb][vc_column_text][\/vc_column_text][vc_empty_space height=\u00bb50px\u00bb][vc_widget_sidebar sidebar_id=\u00bbMenu transparencia\u00bb][\/vc_column][vc_column width=\u00bb2\/3&#8243; offset=\u00bbvc_col-lg-9&#8243;][vc_row_inner row_type=\u00bbrow\u00bb type=\u00bbfull_width\u00bb text_align=\u00bbleft\u00bb css_animation=\u00bb\u00bb][vc_column_inner offset=\u00bbvc_hidden-xs\u00bb][vc_empty_space height=\u00bb100px\u00bb][\/vc_column_inner][vc_column_inner offset=\u00bbvc_hidden-lg vc_hidden-md vc_hidden-sm\u00bb][vc_empty_space height=\u00bb50px\u00bb][\/vc_column_inner][\/vc_row_inner][vc_column_text]La empresa p\u00fablica GSC tiene encomendados diferentes servicios relacionados con la seguridad y las emergencias, que presta desde sus&#8230;<\/p>\n","protected":false},"author":1,"featured_media":0,"parent":53,"menu_order":0,"comment_status":"closed","ping_status":"closed","template":"full_width.php","meta":{"footnotes":""},"class_list":["post-209","page","type-page","status-publish","has-post-thumbnail","hentry"],"a3_pvc":{"activated":false,"total_views":0,"today_views":0},"yoast_head":"<!-- This site is optimized with the Yoast SEO plugin v27.5 - https:\/\/yoast.com\/product\/yoast-seo-wordpress\/ -->\n<title>Servicios y procedimientos - GSC<\/title>\n<meta name=\"robots\" content=\"index, follow, max-snippet:-1, max-image-preview:large, max-video-preview:-1\" \/>\n<link rel=\"canonical\" href=\"https:\/\/www.gsccanarias.com\/gsc\/transparencia\/servicios-y-procedimientos\/\" \/>\n<meta property=\"og:locale\" content=\"es_ES\" \/>\n<meta property=\"og:type\" content=\"article\" \/>\n<meta property=\"og:title\" content=\"Servicios y procedimientos - GSC\" \/>\n<meta property=\"og:description\" content=\"[vc_row css_animation=\u00bb\u00bb row_type=\u00bbrow\u00bb use_row_as_full_screen_section=\u00bbno\u00bb type=\u00bbgrid\u00bb angled_section=\u00bbno\u00bb text_align=\u00bbleft\u00bb background_image_as_pattern=\u00bbwithout_pattern\u00bb z_index=\u00bb\u00bb][vc_column width=\u00bb1\/3&#8243; offset=\u00bbvc_col-lg-3&#8243;][vc_empty_space height=\u00bb100px\u00bb][vc_column_text][\/vc_column_text][vc_empty_space height=\u00bb50px\u00bb][vc_widget_sidebar sidebar_id=\u00bbMenu transparencia\u00bb][\/vc_column][vc_column width=\u00bb2\/3&#8243; offset=\u00bbvc_col-lg-9&#8243;][vc_row_inner row_type=\u00bbrow\u00bb type=\u00bbfull_width\u00bb text_align=\u00bbleft\u00bb css_animation=\u00bb\u00bb][vc_column_inner offset=\u00bbvc_hidden-xs\u00bb][vc_empty_space height=\u00bb100px\u00bb][\/vc_column_inner][vc_column_inner offset=\u00bbvc_hidden-lg vc_hidden-md vc_hidden-sm\u00bb][vc_empty_space height=\u00bb50px\u00bb][\/vc_column_inner][\/vc_row_inner][vc_column_text]La empresa p\u00fablica GSC tiene encomendados diferentes servicios relacionados con la seguridad y las emergencias, que presta desde sus...\" \/>\n<meta property=\"og:url\" content=\"https:\/\/www.gsccanarias.com\/gsc\/transparencia\/servicios-y-procedimientos\/\" \/>\n<meta property=\"og:site_name\" content=\"GSC\" \/>\n<meta property=\"article:modified_time\" content=\"2026-04-23T06:04:46+00:00\" \/>\n<meta property=\"og:image\" content=\"https:\/\/www.gsccanarias.com\/gsc\/wp-content\/uploads\/2022\/01\/icono_Servicios-y-Procedimientos.svg\" \/>\n<meta name=\"twitter:card\" content=\"summary_large_image\" \/>\n<meta name=\"twitter:label1\" content=\"Tiempo de lectura\" \/>\n\t<meta name=\"twitter:data1\" content=\"1 minuto\" \/>\n<script type=\"application\/ld+json\" class=\"yoast-schema-graph\">{\"@context\":\"https:\\\/\\\/schema.org\",\"@graph\":[{\"@type\":\"WebPage\",\"@id\":\"https:\\\/\\\/www.gsccanarias.com\\\/gsc\\\/transparencia\\\/servicios-y-procedimientos\\\/\",\"url\":\"https:\\\/\\\/www.gsccanarias.com\\\/gsc\\\/transparencia\\\/servicios-y-procedimientos\\\/\",\"name\":\"Servicios y procedimientos - GSC\",\"isPartOf\":{\"@id\":\"https:\\\/\\\/www.gsccanarias.com\\\/gsc\\\/#website\"},\"primaryImageOfPage\":{\"@id\":\"https:\\\/\\\/www.gsccanarias.com\\\/gsc\\\/transparencia\\\/servicios-y-procedimientos\\\/#primaryimage\"},\"image\":{\"@id\":\"https:\\\/\\\/www.gsccanarias.com\\\/gsc\\\/transparencia\\\/servicios-y-procedimientos\\\/#primaryimage\"},\"thumbnailUrl\":\"https:\\\/\\\/www.gsccanarias.com\\\/gsc\\\/wp-content\\\/uploads\\\/2022\\\/01\\\/icono_Servicios-y-Procedimientos.svg\",\"datePublished\":\"2022-01-18T10:47:12+00:00\",\"dateModified\":\"2026-04-23T06:04:46+00:00\",\"breadcrumb\":{\"@id\":\"https:\\\/\\\/www.gsccanarias.com\\\/gsc\\\/transparencia\\\/servicios-y-procedimientos\\\/#breadcrumb\"},\"inLanguage\":\"es\",\"potentialAction\":[{\"@type\":\"ReadAction\",\"target\":[\"https:\\\/\\\/www.gsccanarias.com\\\/gsc\\\/transparencia\\\/servicios-y-procedimientos\\\/\"]}]},{\"@type\":\"ImageObject\",\"inLanguage\":\"es\",\"@id\":\"https:\\\/\\\/www.gsccanarias.com\\\/gsc\\\/transparencia\\\/servicios-y-procedimientos\\\/#primaryimage\",\"url\":\"https:\\\/\\\/www.gsccanarias.com\\\/gsc\\\/wp-content\\\/uploads\\\/2022\\\/01\\\/icono_Institucional.svg\",\"contentUrl\":\"https:\\\/\\\/www.gsccanarias.com\\\/gsc\\\/wp-content\\\/uploads\\\/2022\\\/01\\\/icono_Institucional.svg\"},{\"@type\":\"BreadcrumbList\",\"@id\":\"https:\\\/\\\/www.gsccanarias.com\\\/gsc\\\/transparencia\\\/servicios-y-procedimientos\\\/#breadcrumb\",\"itemListElement\":[{\"@type\":\"ListItem\",\"position\":1,\"name\":\"Portada\",\"item\":\"https:\\\/\\\/www.gsccanarias.com\\\/gsc\\\/\"},{\"@type\":\"ListItem\",\"position\":2,\"name\":\"Transparencia\",\"item\":\"https:\\\/\\\/www.gsccanarias.com\\\/gsc\\\/transparencia\\\/\"},{\"@type\":\"ListItem\",\"position\":3,\"name\":\"Servicios y procedimientos\"}]},{\"@type\":\"WebSite\",\"@id\":\"https:\\\/\\\/www.gsccanarias.com\\\/gsc\\\/#website\",\"url\":\"https:\\\/\\\/www.gsccanarias.com\\\/gsc\\\/\",\"name\":\"GSC\",\"description\":\"Administramos servicios relacionados con la salud, las emergencias, la seguridad y el transporte sanitario\",\"potentialAction\":[{\"@type\":\"SearchAction\",\"target\":{\"@type\":\"EntryPoint\",\"urlTemplate\":\"https:\\\/\\\/www.gsccanarias.com\\\/gsc\\\/?s={search_term_string}\"},\"query-input\":{\"@type\":\"PropertyValueSpecification\",\"valueRequired\":true,\"valueName\":\"search_term_string\"}}],\"inLanguage\":\"es\"}]}<\/script>\n<!-- \/ Yoast SEO plugin. -->","yoast_head_json":{"title":"Servicios y procedimientos - GSC","robots":{"index":"index","follow":"follow","max-snippet":"max-snippet:-1","max-image-preview":"max-image-preview:large","max-video-preview":"max-video-preview:-1"},"canonical":"https:\/\/www.gsccanarias.com\/gsc\/transparencia\/servicios-y-procedimientos\/","og_locale":"es_ES","og_type":"article","og_title":"Servicios y procedimientos - GSC","og_description":"[vc_row css_animation=\u00bb\u00bb row_type=\u00bbrow\u00bb use_row_as_full_screen_section=\u00bbno\u00bb type=\u00bbgrid\u00bb angled_section=\u00bbno\u00bb text_align=\u00bbleft\u00bb background_image_as_pattern=\u00bbwithout_pattern\u00bb z_index=\u00bb\u00bb][vc_column width=\u00bb1\/3&#8243; offset=\u00bbvc_col-lg-3&#8243;][vc_empty_space height=\u00bb100px\u00bb][vc_column_text][\/vc_column_text][vc_empty_space height=\u00bb50px\u00bb][vc_widget_sidebar sidebar_id=\u00bbMenu transparencia\u00bb][\/vc_column][vc_column width=\u00bb2\/3&#8243; offset=\u00bbvc_col-lg-9&#8243;][vc_row_inner row_type=\u00bbrow\u00bb type=\u00bbfull_width\u00bb text_align=\u00bbleft\u00bb css_animation=\u00bb\u00bb][vc_column_inner offset=\u00bbvc_hidden-xs\u00bb][vc_empty_space height=\u00bb100px\u00bb][\/vc_column_inner][vc_column_inner offset=\u00bbvc_hidden-lg vc_hidden-md vc_hidden-sm\u00bb][vc_empty_space height=\u00bb50px\u00bb][\/vc_column_inner][\/vc_row_inner][vc_column_text]La empresa p\u00fablica GSC tiene encomendados diferentes servicios relacionados con la seguridad y las emergencias, que presta desde sus...","og_url":"https:\/\/www.gsccanarias.com\/gsc\/transparencia\/servicios-y-procedimientos\/","og_site_name":"GSC","article_modified_time":"2026-04-23T06:04:46+00:00","og_image":[{"url":"https:\/\/www.gsccanarias.com\/gsc\/wp-content\/uploads\/2022\/01\/icono_Servicios-y-Procedimientos.svg","type":"","width":"","height":""}],"twitter_card":"summary_large_image","twitter_misc":{"Tiempo de lectura":"1 minuto"},"schema":{"@context":"https:\/\/schema.org","@graph":[{"@type":"WebPage","@id":"https:\/\/www.gsccanarias.com\/gsc\/transparencia\/servicios-y-procedimientos\/","url":"https:\/\/www.gsccanarias.com\/gsc\/transparencia\/servicios-y-procedimientos\/","name":"Servicios y procedimientos - GSC","isPartOf":{"@id":"https:\/\/www.gsccanarias.com\/gsc\/#website"},"primaryImageOfPage":{"@id":"https:\/\/www.gsccanarias.com\/gsc\/transparencia\/servicios-y-procedimientos\/#primaryimage"},"image":{"@id":"https:\/\/www.gsccanarias.com\/gsc\/transparencia\/servicios-y-procedimientos\/#primaryimage"},"thumbnailUrl":"https:\/\/www.gsccanarias.com\/gsc\/wp-content\/uploads\/2022\/01\/icono_Servicios-y-Procedimientos.svg","datePublished":"2022-01-18T10:47:12+00:00","dateModified":"2026-04-23T06:04:46+00:00","breadcrumb":{"@id":"https:\/\/www.gsccanarias.com\/gsc\/transparencia\/servicios-y-procedimientos\/#breadcrumb"},"inLanguage":"es","potentialAction":[{"@type":"ReadAction","target":["https:\/\/www.gsccanarias.com\/gsc\/transparencia\/servicios-y-procedimientos\/"]}]},{"@type":"ImageObject","inLanguage":"es","@id":"https:\/\/www.gsccanarias.com\/gsc\/transparencia\/servicios-y-procedimientos\/#primaryimage","url":"https:\/\/www.gsccanarias.com\/gsc\/wp-content\/uploads\/2022\/01\/icono_Institucional.svg","contentUrl":"https:\/\/www.gsccanarias.com\/gsc\/wp-content\/uploads\/2022\/01\/icono_Institucional.svg"},{"@type":"BreadcrumbList","@id":"https:\/\/www.gsccanarias.com\/gsc\/transparencia\/servicios-y-procedimientos\/#breadcrumb","itemListElement":[{"@type":"ListItem","position":1,"name":"Portada","item":"https:\/\/www.gsccanarias.com\/gsc\/"},{"@type":"ListItem","position":2,"name":"Transparencia","item":"https:\/\/www.gsccanarias.com\/gsc\/transparencia\/"},{"@type":"ListItem","position":3,"name":"Servicios y procedimientos"}]},{"@type":"WebSite","@id":"https:\/\/www.gsccanarias.com\/gsc\/#website","url":"https:\/\/www.gsccanarias.com\/gsc\/","name":"GSC","description":"Administramos servicios relacionados con la salud, las emergencias, la seguridad y el transporte sanitario","potentialAction":[{"@type":"SearchAction","target":{"@type":"EntryPoint","urlTemplate":"https:\/\/www.gsccanarias.com\/gsc\/?s={search_term_string}"},"query-input":{"@type":"PropertyValueSpecification","valueRequired":true,"valueName":"search_term_string"}}],"inLanguage":"es"}]}},"publishpress_future_workflow_manual_trigger":{"enabledWorkflows":[]},"_links":{"self":[{"href":"https:\/\/www.gsccanarias.com\/gsc\/wp-json\/wp\/v2\/pages\/209","targetHints":{"allow":["GET"]}}],"collection":[{"href":"https:\/\/www.gsccanarias.com\/gsc\/wp-json\/wp\/v2\/pages"}],"about":[{"href":"https:\/\/www.gsccanarias.com\/gsc\/wp-json\/wp\/v2\/types\/page"}],"author":[{"embeddable":true,"href":"https:\/\/www.gsccanarias.com\/gsc\/wp-json\/wp\/v2\/users\/1"}],"replies":[{"embeddable":true,"href":"https:\/\/www.gsccanarias.com\/gsc\/wp-json\/wp\/v2\/comments?post=209"}],"version-history":[{"count":8,"href":"https:\/\/www.gsccanarias.com\/gsc\/wp-json\/wp\/v2\/pages\/209\/revisions"}],"predecessor-version":[{"id":16467,"href":"https:\/\/www.gsccanarias.com\/gsc\/wp-json\/wp\/v2\/pages\/209\/revisions\/16467"}],"up":[{"embeddable":true,"href":"https:\/\/www.gsccanarias.com\/gsc\/wp-json\/wp\/v2\/pages\/53"}],"wp:attachment":[{"href":"https:\/\/www.gsccanarias.com\/gsc\/wp-json\/wp\/v2\/media?parent=209"}],"curies":[{"name":"wp","href":"https:\/\/api.w.org\/{rel}","templated":true}]}}