{"id":14463,"date":"2024-01-24T10:32:21","date_gmt":"2024-01-24T10:32:21","guid":{"rendered":"https:\/\/www.gsccanarias.com\/gsc\/?page_id=14463"},"modified":"2024-01-24T10:43:11","modified_gmt":"2024-01-24T10:43:11","slug":"curriculum-vitae-maria-noemi-gonzalez-quintana","status":"publish","type":"page","link":"https:\/\/www.gsccanarias.com\/gsc\/curriculum-vitae-maria-noemi-gonzalez-quintana\/","title":{"rendered":"Curr\u00edculum Vitae &#8211; Mar\u00eda Noem\u00ed Gonz\u00e1lez Quintana"},"content":{"rendered":"<p>[vc_row css_animation=\u00bb\u00bb row_type=\u00bbrow\u00bb use_row_as_full_screen_section=\u00bbno\u00bb type=\u00bbfull_width\u00bb angled_section=\u00bbno\u00bb text_align=\u00bbleft\u00bb background_image_as_pattern=\u00bbwithout_pattern\u00bb][vc_column][vc_empty_space height=\u00bb100px\u00bb][\/vc_column][\/vc_row][vc_row css_animation=\u00bb\u00bb row_type=\u00bbrow\u00bb use_row_as_full_screen_section=\u00bbno\u00bb type=\u00bbgrid\u00bb angled_section=\u00bbno\u00bb text_align=\u00bbleft\u00bb background_image_as_pattern=\u00bbwithout_pattern\u00bb z_index=\u00bb\u00bb][vc_column][vc_column_text][\/vc_column_text][vc_empty_space height=\u00bb50px\u00bb][vc_column_text]<strong>Mar\u00eda Noem\u00ed Gonz\u00e1lez Quintana<\/strong><\/p>\n<p><strong>Directora Regional del Servicio de Urgencias Canario<\/strong><\/p>\n<p>Licenciada en Medicina por la Universidad de Las Palmas de Gran Canaria y M\u00e1ster en Gesti\u00f3n sanitaria por la Universidad Fernando Pesoa.<\/p>\n<p>Posee tambi\u00e9n un experto universitario en\u00a0 Asistencia sanitaria a m\u00faltiples v\u00edctimas y cat\u00e1strofes por la Universidad de San Pablo CEU y ha realizado numerosos cursos relacionados con la atenci\u00f3n sanitaria a afectados con distintas patolog\u00edas o lesiones.<\/p>\n<p>Cuenta con una amplia formaci\u00f3n en la World Health Organization (WHO\/OMS) orientada sobre todo al Covid-19 y otras enfermedades infectocontagiosas.<\/p>\n<p>Por otra parte, ha adquirido una importante cualificaci\u00f3n referida a la gesti\u00f3n de proyectos y an\u00e1lisis de datos, que contin\u00faa ampliando en la actualidad.<\/p>\n<p>Tras a\u00f1os de experiencia profesional en distintas instituciones y puestos relacionados con\u00a0 medicina familiar, pediatr\u00eda y urgencias, desde 2007 forma parte de la plantilla del Servicio de Urgencias Canario (SUC), gestionado por la empresa p\u00fablica Gesti\u00f3n de Servicios para la Salud y Seguridad en Canarias (GSC), ejerciendo durante sus primeros a\u00f1os de trabajo como m\u00e9dico coordinadora y m\u00e9dico asistencial de recursos a\u00e9reos.<\/p>\n<p>Tambi\u00e9n ha desempe\u00f1ado distintos puestos de responsabilidad en esta empresa p\u00fablica, ya que ha formado parte de la Unidad T\u00e9cnica y Proyectos Europeos y ha sido responsable de la l\u00ednea de Atenci\u00f3n al Coronavirus en Canarias, del proyecto \u201cParte asistencial digital del SUC\u201d (PAD_SUC) y de Calidad, Sostenibilidad y responsabilidad Social Corporativa de GSC.\u00a0 Adem\u00e1s dirigi\u00f3 el proceso para la obtenci\u00f3n del certificado del sistema de gesti\u00f3n de calidad del SUC conforme a la norma UNE_ EN ISO 9001, conseguido en 2022.<\/p>\n<p>Paralelamente, entre los a\u00f1os 2020 y 2021, fue coordinadora de Salud en Canarias del Estudio Nacional de Seroprevalencia ENE-COVID con el Ministerio de Sanidad, Consumo y Bienestar Social y el Instituto de Salud Carlos III (ISCIII)<\/p>\n<p>Desde 2023, y hasta su nombramiento como directora regional del SUC en enero de 2024, ejerc\u00eda como responsable de la Unidad Regional de Coordinaci\u00f3n y Planificaci\u00f3n del SUC.<\/p>\n<p>[\/vc_column_text][\/vc_column][\/vc_row][vc_row css_animation=\u00bb\u00bb row_type=\u00bbrow\u00bb use_row_as_full_screen_section=\u00bbno\u00bb type=\u00bbfull_width\u00bb angled_section=\u00bbno\u00bb text_align=\u00bbleft\u00bb background_image_as_pattern=\u00bbwithout_pattern\u00bb][vc_column][vc_empty_space height=\u00bb100px\u00bb][\/vc_column][\/vc_row][vc_row css_animation=\u00bb\u00bb row_type=\u00bbrow\u00bb use_row_as_full_screen_section=\u00bbno\u00bb type=\u00bbfull_width\u00bb angled_section=\u00bbno\u00bb text_align=\u00bbleft\u00bb background_image_as_pattern=\u00bbwithout_pattern\u00bb][vc_column]<div class=\"call_to_action normal\" style=\"background-color: #dd9933;\"><div class=\"container_inner\"><div class=\"two_columns_75_25 clearfix\"><div class=\"text_wrapper column1\"><div class=\"call_to_action_text \" style=\"\"><span style=\"color: #000000;\">Curriculum <a href=\"https:\/\/www.gsccanarias.com\/gsc\/wp-content\/uploads\/2023\/11\/CV-Juan-Francisco-Perez-Marrero.odt\" target=\"_blank\" rel=\"noopener\">(<\/a><a href=\"https:\/\/www.gsccanarias.com\/gsc\/wp-content\/uploads\/2024\/01\/CV-Maria-Noemi-Gonzalez-Quintana.odt\" target=\"_blank\" rel=\"noopener\">open document<\/a><a href=\"https:\/\/www.gsccanarias.com\/gsc\/wp-content\/uploads\/2023\/11\/CV-Juan-Francisco-Perez-Marrero.odt\" target=\"_blank\" rel=\"noopener\">)<\/a> &#8211;\u00a0 <a href=\"https:\/\/www.gsccanarias.com\/gsc\/wp-content\/uploads\/2024\/01\/CV-Maria-Noemi-Gonzalez-Quintana.pdf\" target=\"_blank\" rel=\"noopener\">(pdf)<\/a><\/span><\/div><\/div><\/div><\/div><\/div>[\/vc_column][\/vc_row]<\/p>\n<div class=\"print\"><span class=\"page_title\">P\u00e1gina: <span>Curr\u00edculum Vitae &#8211; Mar\u00eda Noem\u00ed Gonz\u00e1lez Quintana<\/span><\/span>\n\t\t\t\t\t\t\t\t\t\t\t<span class=\"page_title\">Fecha de impresi\u00f3n: <span>17\/04\/2026 - 03:36:28 UTC<\/span><\/span>\n\t\t\t\t\t\t\t\t\t\t\t<span class=\"stmp_trans_date\">\u00daltima actualizaci\u00f3n: <span>24\/01\/2024 - 10:43:11<\/span><\/span>\n\t\t\t\t\t\t\t\t\t\t\t<span class=\"stmp_trans_date\">Fecha publicaci\u00f3n: <span>24\/01\/2024 - 10:32:21<\/span><\/span>\n\t\t\t\t\t\t\t\t\t\t\t<span class=\"stmp_trans_date\">Fecha creaci\u00f3n: <span>24\/01\/2024 - 10:32:21<\/span><\/span><\/div>\n\t","protected":false},"excerpt":{"rendered":"<p>[vc_row css_animation=\u00bb\u00bb row_type=\u00bbrow\u00bb use_row_as_full_screen_section=\u00bbno\u00bb type=\u00bbfull_width\u00bb angled_section=\u00bbno\u00bb text_align=\u00bbleft\u00bb background_image_as_pattern=\u00bbwithout_pattern\u00bb][vc_column][vc_empty_space height=\u00bb100px\u00bb][\/vc_column][\/vc_row][vc_row css_animation=\u00bb\u00bb row_type=\u00bbrow\u00bb use_row_as_full_screen_section=\u00bbno\u00bb type=\u00bbgrid\u00bb angled_section=\u00bbno\u00bb text_align=\u00bbleft\u00bb background_image_as_pattern=\u00bbwithout_pattern\u00bb z_index=\u00bb\u00bb][vc_column][vc_column_text][\/vc_column_text][vc_empty_space height=\u00bb50px\u00bb][vc_column_text]Mar\u00eda Noem\u00ed Gonz\u00e1lez Quintana Directora Regional del Servicio de Urgencias Canario Licenciada en Medicina por la Universidad de Las Palmas de Gran Canaria y M\u00e1ster en Gesti\u00f3n sanitaria&#8230;<\/p>\n","protected":false},"author":5,"featured_media":0,"parent":0,"menu_order":0,"comment_status":"closed","ping_status":"closed","template":"full_width.php","meta":{"footnotes":""},"class_list":["post-14463","page","type-page","status-publish","has-post-thumbnail","hentry"],"publishpress_future_workflow_manual_trigger":{"enabledWorkflows":[]},"_links":{"self":[{"href":"https:\/\/www.gsccanarias.com\/gsc\/wp-json\/wp\/v2\/pages\/14463","targetHints":{"allow":["GET"]}}],"collection":[{"href":"https:\/\/www.gsccanarias.com\/gsc\/wp-json\/wp\/v2\/pages"}],"about":[{"href":"https:\/\/www.gsccanarias.com\/gsc\/wp-json\/wp\/v2\/types\/page"}],"author":[{"embeddable":true,"href":"https:\/\/www.gsccanarias.com\/gsc\/wp-json\/wp\/v2\/users\/5"}],"replies":[{"embeddable":true,"href":"https:\/\/www.gsccanarias.com\/gsc\/wp-json\/wp\/v2\/comments?post=14463"}],"version-history":[{"count":2,"href":"https:\/\/www.gsccanarias.com\/gsc\/wp-json\/wp\/v2\/pages\/14463\/revisions"}],"predecessor-version":[{"id":14466,"href":"https:\/\/www.gsccanarias.com\/gsc\/wp-json\/wp\/v2\/pages\/14463\/revisions\/14466"}],"wp:attachment":[{"href":"https:\/\/www.gsccanarias.com\/gsc\/wp-json\/wp\/v2\/media?parent=14463"}],"curies":[{"name":"wp","href":"https:\/\/api.w.org\/{rel}","templated":true}]}}