{"id":14114,"date":"2023-11-24T10:15:40","date_gmt":"2023-11-24T10:15:40","guid":{"rendered":"https:\/\/www.gsccanarias.com\/gsc\/?page_id=14114"},"modified":"2026-04-24T09:33:37","modified_gmt":"2026-04-24T09:33:37","slug":"curriculum-vitae-luis-cabrera-pena","status":"publish","type":"page","link":"https:\/\/www.gsccanarias.com\/gsc\/curriculum-vitae-luis-cabrera-pena\/","title":{"rendered":"Curriculum Vitae &#8211; Luis Cabrera pe\u00f1a"},"content":{"rendered":"<p>[vc_row css_animation=\u00bb\u00bb row_type=\u00bbrow\u00bb use_row_as_full_screen_section=\u00bbno\u00bb type=\u00bbfull_width\u00bb angled_section=\u00bbno\u00bb text_align=\u00bbleft\u00bb background_image_as_pattern=\u00bbwithout_pattern\u00bb][vc_column][vc_empty_space height=\u00bb100px\u00bb][\/vc_column][\/vc_row][vc_row css_animation=\u00bb\u00bb row_type=\u00bbrow\u00bb use_row_as_full_screen_section=\u00bbno\u00bb type=\u00bbgrid\u00bb angled_section=\u00bbno\u00bb text_align=\u00bbleft\u00bb background_image_as_pattern=\u00bbwithout_pattern\u00bb z_index=\u00bb\u00bb][vc_column][vc_empty_space height=\u00bb50px\u00bb][vc_column_text]<strong>Luis Cabrera Pe\u00f1a<\/strong><\/p>\n<p><strong>Director Gerente en funciones de Gesti\u00f3n de Servicios para la Salud y Seguridad en Canarias<\/strong><\/p>\n<p>Licenciado en medicina por la Universidad de La Laguna en la especialidad de m\u00e9dico Generalista y de Familia.<\/p>\n<p>M\u00e1ster Universitario de Medicina de Urgencias por la Universidad de La Laguna y formaci\u00f3n en direcci\u00f3n de empresas sanitarias organizada por la Escuela de Alta Direcci\u00f3n (EADA).<\/p>\n<p>Ha desarrollado actividad docente en diferentes \u00e1mbitos relacionados con la medicina en distintas especialidades, asistencia prehospitalaria e intervenci\u00f3n ante grandes cat\u00e1strofes, as\u00ed como en la gesti\u00f3n de emergencias impartida a operadores de demandas del CECOES 1-1-2,\u00a0 Protecci\u00f3n Civil\u00a0 y en la Academia Canaria de Seguridad, entre otros.<\/p>\n<p>Adem\u00e1s, ha intervenido como ponente y presentado numerosas comunicaciones a nivel nacional e internacional acerca de la medicina extrahospitalaria, la atenci\u00f3n de pacientes en estado cr\u00edtico y la intervenci\u00f3n ante cat\u00e1strofes.<\/p>\n<p>Cabe destacar su labor como director en distintos proyectos como, por ejemplo, el Plan de Emergencias Sanitarias en Cat\u00e1strofes en Canarias (PLESCAN), el Plan Europeo de Innovaci\u00f3n y Nuevas Tecnolog\u00edas aplicadas a las Medicina de Urgencias y Emergencias (INUTECMED) \u00a0y el Proyecto Europeo de Emergencias Sanitarias en Caso de Cat\u00e1strofes en la Macaronesia \u00a0(PLESCAMAC 3),\u00a0 en el que trabaja en la actualidad.<\/p>\n<p>Cuenta con una gran experiencia como profesional m\u00e9dico, sobre todo en el \u00e1rea de urgencias, en centros p\u00fablicos y privados. Adem\u00e1s, asumi\u00f3 la creaci\u00f3n de la l\u00ednea telef\u00f3nica de atenci\u00f3n ante el coronavirus (900 112 061) e intervino como t\u00e9cnico de apoyo a la direcci\u00f3n del Servicio Canario de Salud (SCS), participando en la direcci\u00f3n de varios proyectos como la campa\u00f1a de vacunaci\u00f3n ante la pandemia.<\/p>\n<p>En su trayectoria laboral, de cerca de 30 a\u00f1os, en la empresa p\u00fablica GSC ha ejercido su labor profesional en diferentes puestos: m\u00e9dico coordinador y asistencial del Servicio de Urgencias Canario, director provincial y regional del mismo servicio, \u00a0responsable de la Mesa de Transporte No Urgente en la provincia de Las Palmas, \u00a0coordinador multisectorial del 1-1-2 Canarias y responsable de la sala operativa de Las Palmas de Gran Canaria. En la actualidad ejerce como director gerente, puesto que ha desempe\u00f1ado en diferentes ocasiones.[\/vc_column_text][\/vc_column][\/vc_row][vc_row css_animation=\u00bb\u00bb row_type=\u00bbrow\u00bb use_row_as_full_screen_section=\u00bbno\u00bb type=\u00bbfull_width\u00bb angled_section=\u00bbno\u00bb text_align=\u00bbleft\u00bb background_image_as_pattern=\u00bbwithout_pattern\u00bb][vc_column][vc_empty_space height=\u00bb100px\u00bb][\/vc_column][\/vc_row][vc_row css_animation=\u00bb\u00bb row_type=\u00bbrow\u00bb use_row_as_full_screen_section=\u00bbno\u00bb type=\u00bbfull_width\u00bb angled_section=\u00bbno\u00bb text_align=\u00bbleft\u00bb background_image_as_pattern=\u00bbwithout_pattern\u00bb][vc_column]<div class=\"call_to_action normal\" style=\"background-color: #dd9933;\"><div class=\"container_inner\"><div class=\"two_columns_75_25 clearfix\"><div class=\"text_wrapper column1\"><div class=\"call_to_action_text \" style=\"\"><span style=\"color: #000000;\">Curriculum (<a href=\"https:\/\/www.gsccanarias.com\/gsc\/wp-content\/uploads\/2023\/11\/CV-Luis-Cabrera-Pena.odt\" target=\"_blank\" rel=\"noopener\">open documen<\/a>t) &#8211;\u00a0 (<a href=\"https:\/\/www.gsccanarias.com\/gsc\/wp-content\/uploads\/2023\/11\/CV-Luis-Cabrera-Pena.pdf\" target=\"_blank\" rel=\"noopener\">pdf<\/a>)<\/span><\/div><\/div><\/div><\/div><\/div>[\/vc_column][\/vc_row]<\/p>\n<div class=\"print\"><span class=\"page_title\">P\u00e1gina: <span>Curriculum Vitae &#8211; Luis Cabrera pe\u00f1a<\/span><\/span>\n\t\t\t\t\t\t\t\t\t\t\t<span class=\"page_title\">Fecha de impresi\u00f3n: <span>12\/05\/2026 - 21:04:43 UTC<\/span><\/span>\n\t\t\t\t\t\t\t\t\t\t\t<span class=\"stmp_trans_date\">\u00daltima actualizaci\u00f3n: <span>24\/04\/2026 - 09:33:37<\/span><\/span>\n\t\t\t\t\t\t\t\t\t\t\t<span class=\"stmp_trans_date\">Fecha publicaci\u00f3n: <span>24\/11\/2023 - 10:15:40<\/span><\/span>\n\t\t\t\t\t\t\t\t\t\t\t<span class=\"stmp_trans_date\">Fecha creaci\u00f3n: <span>24\/11\/2023 - 10:15:40<\/span><\/span><\/div>\n\t","protected":false},"excerpt":{"rendered":"<p>[vc_row css_animation=\u00bb\u00bb row_type=\u00bbrow\u00bb use_row_as_full_screen_section=\u00bbno\u00bb type=\u00bbfull_width\u00bb angled_section=\u00bbno\u00bb text_align=\u00bbleft\u00bb background_image_as_pattern=\u00bbwithout_pattern\u00bb][vc_column][vc_empty_space height=\u00bb100px\u00bb][\/vc_column][\/vc_row][vc_row css_animation=\u00bb\u00bb row_type=\u00bbrow\u00bb use_row_as_full_screen_section=\u00bbno\u00bb type=\u00bbgrid\u00bb angled_section=\u00bbno\u00bb text_align=\u00bbleft\u00bb background_image_as_pattern=\u00bbwithout_pattern\u00bb z_index=\u00bb\u00bb][vc_column][vc_empty_space height=\u00bb50px\u00bb][vc_column_text]Luis Cabrera Pe\u00f1a Director Gerente en funciones de Gesti\u00f3n de Servicios para la Salud y Seguridad en Canarias Licenciado en medicina por la Universidad de La Laguna en&#8230;<\/p>\n","protected":false},"author":5,"featured_media":0,"parent":0,"menu_order":0,"comment_status":"closed","ping_status":"closed","template":"full_width.php","meta":{"footnotes":""},"class_list":["post-14114","page","type-page","status-publish","has-post-thumbnail","hentry"],"a3_pvc":{"activated":false,"total_views":0,"today_views":0},"yoast_head":"<!-- This site is optimized with the Yoast SEO plugin v27.5 - https:\/\/yoast.com\/product\/yoast-seo-wordpress\/ -->\n<title>Curriculum Vitae - Luis Cabrera pe\u00f1a - GSC<\/title>\n<meta name=\"robots\" content=\"index, follow, max-snippet:-1, max-image-preview:large, max-video-preview:-1\" \/>\n<link rel=\"canonical\" href=\"https:\/\/www.gsccanarias.com\/gsc\/curriculum-vitae-luis-cabrera-pena\/\" \/>\n<meta property=\"og:locale\" content=\"es_ES\" \/>\n<meta property=\"og:type\" content=\"article\" \/>\n<meta property=\"og:title\" content=\"Curriculum Vitae - Luis Cabrera pe\u00f1a - GSC\" \/>\n<meta property=\"og:description\" content=\"[vc_row css_animation=\u00bb\u00bb row_type=\u00bbrow\u00bb use_row_as_full_screen_section=\u00bbno\u00bb type=\u00bbfull_width\u00bb angled_section=\u00bbno\u00bb text_align=\u00bbleft\u00bb background_image_as_pattern=\u00bbwithout_pattern\u00bb][vc_column][vc_empty_space height=\u00bb100px\u00bb][\/vc_column][\/vc_row][vc_row css_animation=\u00bb\u00bb row_type=\u00bbrow\u00bb use_row_as_full_screen_section=\u00bbno\u00bb type=\u00bbgrid\u00bb angled_section=\u00bbno\u00bb text_align=\u00bbleft\u00bb background_image_as_pattern=\u00bbwithout_pattern\u00bb z_index=\u00bb\u00bb][vc_column][vc_empty_space height=\u00bb50px\u00bb][vc_column_text]Luis Cabrera Pe\u00f1a Director Gerente en funciones de Gesti\u00f3n de Servicios para la Salud y Seguridad en Canarias Licenciado en medicina por la Universidad de La Laguna en...\" \/>\n<meta property=\"og:url\" content=\"https:\/\/www.gsccanarias.com\/gsc\/curriculum-vitae-luis-cabrera-pena\/\" \/>\n<meta property=\"og:site_name\" content=\"GSC\" \/>\n<meta property=\"article:modified_time\" content=\"2026-04-24T09:33:37+00:00\" \/>\n<meta name=\"twitter:card\" content=\"summary_large_image\" \/>\n<meta name=\"twitter:label1\" content=\"Tiempo de lectura\" \/>\n\t<meta name=\"twitter:data1\" content=\"3 minutos\" \/>\n<script type=\"application\/ld+json\" class=\"yoast-schema-graph\">{\"@context\":\"https:\\\/\\\/schema.org\",\"@graph\":[{\"@type\":\"WebPage\",\"@id\":\"https:\\\/\\\/www.gsccanarias.com\\\/gsc\\\/curriculum-vitae-luis-cabrera-pena\\\/\",\"url\":\"https:\\\/\\\/www.gsccanarias.com\\\/gsc\\\/curriculum-vitae-luis-cabrera-pena\\\/\",\"name\":\"Curriculum Vitae - Luis Cabrera pe\u00f1a - GSC\",\"isPartOf\":{\"@id\":\"https:\\\/\\\/www.gsccanarias.com\\\/gsc\\\/#website\"},\"datePublished\":\"2023-11-24T10:15:40+00:00\",\"dateModified\":\"2026-04-24T09:33:37+00:00\",\"breadcrumb\":{\"@id\":\"https:\\\/\\\/www.gsccanarias.com\\\/gsc\\\/curriculum-vitae-luis-cabrera-pena\\\/#breadcrumb\"},\"inLanguage\":\"es\",\"potentialAction\":[{\"@type\":\"ReadAction\",\"target\":[\"https:\\\/\\\/www.gsccanarias.com\\\/gsc\\\/curriculum-vitae-luis-cabrera-pena\\\/\"]}]},{\"@type\":\"BreadcrumbList\",\"@id\":\"https:\\\/\\\/www.gsccanarias.com\\\/gsc\\\/curriculum-vitae-luis-cabrera-pena\\\/#breadcrumb\",\"itemListElement\":[{\"@type\":\"ListItem\",\"position\":1,\"name\":\"Portada\",\"item\":\"https:\\\/\\\/www.gsccanarias.com\\\/gsc\\\/\"},{\"@type\":\"ListItem\",\"position\":2,\"name\":\"Curriculum Vitae &#8211; Luis Cabrera pe\u00f1a\"}]},{\"@type\":\"WebSite\",\"@id\":\"https:\\\/\\\/www.gsccanarias.com\\\/gsc\\\/#website\",\"url\":\"https:\\\/\\\/www.gsccanarias.com\\\/gsc\\\/\",\"name\":\"GSC\",\"description\":\"Administramos servicios relacionados con la salud, las emergencias, la seguridad y el transporte sanitario\",\"potentialAction\":[{\"@type\":\"SearchAction\",\"target\":{\"@type\":\"EntryPoint\",\"urlTemplate\":\"https:\\\/\\\/www.gsccanarias.com\\\/gsc\\\/?s={search_term_string}\"},\"query-input\":{\"@type\":\"PropertyValueSpecification\",\"valueRequired\":true,\"valueName\":\"search_term_string\"}}],\"inLanguage\":\"es\"}]}<\/script>\n<!-- \/ Yoast SEO plugin. -->","yoast_head_json":{"title":"Curriculum Vitae - Luis Cabrera pe\u00f1a - GSC","robots":{"index":"index","follow":"follow","max-snippet":"max-snippet:-1","max-image-preview":"max-image-preview:large","max-video-preview":"max-video-preview:-1"},"canonical":"https:\/\/www.gsccanarias.com\/gsc\/curriculum-vitae-luis-cabrera-pena\/","og_locale":"es_ES","og_type":"article","og_title":"Curriculum Vitae - Luis Cabrera pe\u00f1a - GSC","og_description":"[vc_row css_animation=\u00bb\u00bb row_type=\u00bbrow\u00bb use_row_as_full_screen_section=\u00bbno\u00bb type=\u00bbfull_width\u00bb angled_section=\u00bbno\u00bb text_align=\u00bbleft\u00bb background_image_as_pattern=\u00bbwithout_pattern\u00bb][vc_column][vc_empty_space height=\u00bb100px\u00bb][\/vc_column][\/vc_row][vc_row css_animation=\u00bb\u00bb row_type=\u00bbrow\u00bb use_row_as_full_screen_section=\u00bbno\u00bb type=\u00bbgrid\u00bb angled_section=\u00bbno\u00bb text_align=\u00bbleft\u00bb background_image_as_pattern=\u00bbwithout_pattern\u00bb z_index=\u00bb\u00bb][vc_column][vc_empty_space height=\u00bb50px\u00bb][vc_column_text]Luis Cabrera Pe\u00f1a Director Gerente en funciones de Gesti\u00f3n de Servicios para la Salud y Seguridad en Canarias Licenciado en medicina por la Universidad de La Laguna en...","og_url":"https:\/\/www.gsccanarias.com\/gsc\/curriculum-vitae-luis-cabrera-pena\/","og_site_name":"GSC","article_modified_time":"2026-04-24T09:33:37+00:00","twitter_card":"summary_large_image","twitter_misc":{"Tiempo de lectura":"3 minutos"},"schema":{"@context":"https:\/\/schema.org","@graph":[{"@type":"WebPage","@id":"https:\/\/www.gsccanarias.com\/gsc\/curriculum-vitae-luis-cabrera-pena\/","url":"https:\/\/www.gsccanarias.com\/gsc\/curriculum-vitae-luis-cabrera-pena\/","name":"Curriculum Vitae - Luis Cabrera pe\u00f1a - GSC","isPartOf":{"@id":"https:\/\/www.gsccanarias.com\/gsc\/#website"},"datePublished":"2023-11-24T10:15:40+00:00","dateModified":"2026-04-24T09:33:37+00:00","breadcrumb":{"@id":"https:\/\/www.gsccanarias.com\/gsc\/curriculum-vitae-luis-cabrera-pena\/#breadcrumb"},"inLanguage":"es","potentialAction":[{"@type":"ReadAction","target":["https:\/\/www.gsccanarias.com\/gsc\/curriculum-vitae-luis-cabrera-pena\/"]}]},{"@type":"BreadcrumbList","@id":"https:\/\/www.gsccanarias.com\/gsc\/curriculum-vitae-luis-cabrera-pena\/#breadcrumb","itemListElement":[{"@type":"ListItem","position":1,"name":"Portada","item":"https:\/\/www.gsccanarias.com\/gsc\/"},{"@type":"ListItem","position":2,"name":"Curriculum Vitae &#8211; Luis Cabrera pe\u00f1a"}]},{"@type":"WebSite","@id":"https:\/\/www.gsccanarias.com\/gsc\/#website","url":"https:\/\/www.gsccanarias.com\/gsc\/","name":"GSC","description":"Administramos servicios relacionados con la salud, las emergencias, la seguridad y el transporte sanitario","potentialAction":[{"@type":"SearchAction","target":{"@type":"EntryPoint","urlTemplate":"https:\/\/www.gsccanarias.com\/gsc\/?s={search_term_string}"},"query-input":{"@type":"PropertyValueSpecification","valueRequired":true,"valueName":"search_term_string"}}],"inLanguage":"es"}]}},"publishpress_future_workflow_manual_trigger":{"enabledWorkflows":[]},"_links":{"self":[{"href":"https:\/\/www.gsccanarias.com\/gsc\/wp-json\/wp\/v2\/pages\/14114","targetHints":{"allow":["GET"]}}],"collection":[{"href":"https:\/\/www.gsccanarias.com\/gsc\/wp-json\/wp\/v2\/pages"}],"about":[{"href":"https:\/\/www.gsccanarias.com\/gsc\/wp-json\/wp\/v2\/types\/page"}],"author":[{"embeddable":true,"href":"https:\/\/www.gsccanarias.com\/gsc\/wp-json\/wp\/v2\/users\/5"}],"replies":[{"embeddable":true,"href":"https:\/\/www.gsccanarias.com\/gsc\/wp-json\/wp\/v2\/comments?post=14114"}],"version-history":[{"count":8,"href":"https:\/\/www.gsccanarias.com\/gsc\/wp-json\/wp\/v2\/pages\/14114\/revisions"}],"predecessor-version":[{"id":14127,"href":"https:\/\/www.gsccanarias.com\/gsc\/wp-json\/wp\/v2\/pages\/14114\/revisions\/14127"}],"wp:attachment":[{"href":"https:\/\/www.gsccanarias.com\/gsc\/wp-json\/wp\/v2\/media?parent=14114"}],"curies":[{"name":"wp","href":"https:\/\/api.w.org\/{rel}","templated":true}]}}