{"id":13119,"date":"2023-02-14T14:57:25","date_gmt":"2023-02-14T14:57:25","guid":{"rendered":"https:\/\/www.gsccanarias.com\/gsc\/?page_id=13119"},"modified":"2023-02-17T20:29:05","modified_gmt":"2023-02-17T20:29:05","slug":"curriculum-vitae-juan-ignacio-perez-nievas-hernandez","status":"publish","type":"page","link":"https:\/\/www.gsccanarias.com\/gsc\/curriculum-vitae-juan-ignacio-perez-nievas-hernandez\/","title":{"rendered":"Curriculum Vitae &#8211; Juan Ignacio P\u00e9rez-Nievas Hern\u00e1ndez"},"content":{"rendered":"<p>[vc_row css_animation=\u00bb\u00bb row_type=\u00bbrow\u00bb use_row_as_full_screen_section=\u00bbno\u00bb type=\u00bbfull_width\u00bb angled_section=\u00bbno\u00bb text_align=\u00bbleft\u00bb background_image_as_pattern=\u00bbwithout_pattern\u00bb][vc_column][vc_empty_space height=\u00bb100px\u00bb][\/vc_column][\/vc_row][vc_row css_animation=\u00bb\u00bb row_type=\u00bbrow\u00bb use_row_as_full_screen_section=\u00bbno\u00bb type=\u00bbgrid\u00bb angled_section=\u00bbno\u00bb text_align=\u00bbleft\u00bb background_image_as_pattern=\u00bbwithout_pattern\u00bb z_index=\u00bb\u00bb][vc_column][vc_column_text]<\/p>\n<div class=\"page-header\">\n<h2><strong>Curriculum Vitae &#8211; Juan Ignacio P\u00e9rez-Nievas Hern\u00e1ndez<\/strong><\/h2>\n<\/div>\n<p>[\/vc_column_text][vc_empty_space height=\u00bb50px\u00bb][vc_column_text]<strong>Director Gerente de GSC<\/strong><\/p>\n<p><strong>M\u00e9ritos acad\u00e9micos:<\/strong><\/p>\n<p>2021-2022\u00a0\u00a0\u00a0 Master en Finanzas AFI (Analistas Financieros Internacionales) y Universidad de Nebrija (1500 h.)<\/p>\n<p>2001-2002\u00a0\u00a0\u00a0 Master en Asesor\u00eda Fiscal y Contable, por el IUDE (Instituto Universitario de la Empresa de la Universidad de La Laguna). (500 h.). Sobresaliente M.H.<\/p>\n<p>1998\u00a0 \u00a0Curso de Alta Direcci\u00f3n de Empresas, impartido por el Instituto Internacional de San Telmo (asociado al IESE Business School, Barcelona)<\/p>\n<p>1992\u00a0 \u00a0 Licenciado en Ciencias Empresariales de la Fachhochschule M\u00fcnster (Diplom Betriebswirt), Alemania: Especializaci\u00f3n en Marketing y Finanzas<\/p>\n<p>1992\u00a0 \u00a0 T\u00edtulo Superior en Administraci\u00f3n de Empresas (European Business Programme), del Centro Europeo de Gesti\u00f3n de Empresas, perteneciente a la Universidad de Alcal\u00e1 de Henares y la C\u00e1mara Oficial de Comercio e Industria de Madrid.<\/p>\n<p><strong>Trayectoria profesional:<\/strong><\/p>\n<p>10\/2021-11\/2022\u00a0\u00a0\u00a0 Patagonia Canaria, S.L.: Director General: empresa dedicada a la consultor\u00eda empresarial bajo la marca Babel Consultores.<\/p>\n<p>03\/2020-01\/2021\u00a0\u00a0\u00a0 Landmar Hoteles, S.L: Director General: cadena hotelera ubicada en el destino Tenerife sur, con dos hoteles y 1000 habitaciones, y una facturaci\u00f3n de 45 millones de euros y m\u00e1s de 500 empleados.<\/p>\n<p>06\/2011-02\/2020\u00a0\u00a0\u00a0 Coarco, Cooperativa de Servicios: Director Gerente: principal central de compras del sector de ferreter\u00eda, material de construcci\u00f3n, electrodom\u00e9sticos, material el\u00e9ctrico y menaje de Canarias. 75 empleados y 46 mio. de euros de facturaci\u00f3n. En paralelo, ejerci\u00f3 tambi\u00e9n de Director Gerente de la filial Ferre7 Distribuciones y Suministros, S.L., durante el periodo 1\/2012-2\/2020.<\/p>\n<p>07\/2007-06\/2011\u00a0\u00a0\u00a0 Babel Consultores de Direcci\u00f3n, S.L.: Director General y socio: empresa de consultor\u00eda especializada en procesos de internacionalizaci\u00f3n, marketing y turismo.<\/p>\n<p>10\/2003-06\/2007\u00a0\u00a0\u00a0 Grupo Alisio Canarias Inversiones, S.A. (principal sociedad de capital riesgo de Canarias): Director General y consejero de sociedades participadas, entre otras: Vidrieras Canarias, S.A., participada por el Grupo Saint Gobain (fabricaci\u00f3n de vidrio).<\/p>\n<p>01\/2001-09\/2003\u00a0\u00a0\u00a0 Consorcio de la Zona Especial Canaria (ZEC) (Administraci\u00f3n P\u00fablica Consorciada entre el Ministerio de Econom\u00eda y Hacienda y el Gobierno de Canarias): Director de Agencia de Santa Cruz de Tenerife, con responsabilidades en promoci\u00f3n exterior.<\/p>\n<p>03\/2000-12\/2000\u00a0\u00a0\u00a0 APEICA (Asociaci\u00f3n Provincial de Empresarios Importadores y Concesionarios de Autom\u00f3viles de Tenerife): Secretario General.<\/p>\n<p>06\/1998-01\/2000\u00a0\u00a0\u00a0 Mesa y Honorio, SL, Tenerife (Grupo Vultesa): Director Comercial y Adjunto a Direcci\u00f3n General (Apoderado).<\/p>\n<p>02\/1997-05\/1998\u00a0\u00a0\u00a0 Vultesa, SL, Tenerife: Director de Ventas y de Exportaci\u00f3n<\/p>\n<p>02\/1995-02\/1997\u00a0\u00a0\u00a0 C\u00e1mara Oficial de Comercio, Industria y Navegaci\u00f3n de Santa Cruz de Tenerife: Jefe del Departamento de Comercio Exterior.<\/p>\n<p><strong>Nombramiento, funciones y contacto:<\/strong><\/p>\n<p>Nombramiento: Consejo de Administraci\u00f3n de la sociedad, celebrado el 18 de noviembre de 2022.<\/p>\n<p>Funciones:<\/p>\n<ul>\n<li>Planificaci\u00f3n, direcci\u00f3n y seguimiento de la sociedad.<\/li>\n<li>Representar a la sociedad conforme con aquellas actividades relacionadas con sus funciones.<\/li>\n<li>Coordinar las actividades que realizan las distintas divisiones (CECOES &#8211; Centro de Coordinaci\u00f3n de Emergencias, SUC -Servicio de Urgencias Canario y la divisi\u00f3n econ\u00f3mica), as\u00ed como las cuatro unidades que dependen directamente de gerencia: Unidad de Gesti\u00f3n Administrativa, Unidad de Comunicaci\u00f3n y Atenci\u00f3n Personalizada, Unidad de Tecnolog\u00eda de la Informaci\u00f3n y la Comunicaci\u00f3n y la Unidad de Recursos Humanos y Relaciones Laborales y Prevenci\u00f3n.<\/li>\n<\/ul>\n<p><strong>\u00d3rganos colegiados administrativos o sociales de los que es miembro:<\/strong><\/p>\n<p>Ninguno.<\/p>\n<p><strong>Actividades p\u00fablicas y privadas para las que se le ha concedido la compatibilidad:<\/strong><\/p>\n<p>Ninguna.[\/vc_column_text][\/vc_column][\/vc_row][vc_row css_animation=\u00bb\u00bb row_type=\u00bbrow\u00bb use_row_as_full_screen_section=\u00bbno\u00bb type=\u00bbfull_width\u00bb angled_section=\u00bbno\u00bb text_align=\u00bbleft\u00bb background_image_as_pattern=\u00bbwithout_pattern\u00bb][vc_column][vc_empty_space height=\u00bb100px\u00bb][\/vc_column][\/vc_row][vc_row css_animation=\u00bb\u00bb row_type=\u00bbrow\u00bb use_row_as_full_screen_section=\u00bbno\u00bb type=\u00bbfull_width\u00bb angled_section=\u00bbno\u00bb text_align=\u00bbleft\u00bb background_image_as_pattern=\u00bbwithout_pattern\u00bb][vc_column]<div class=\"call_to_action normal\" style=\"background-color: #dd9933;\"><div class=\"container_inner\"><div class=\"two_columns_75_25 clearfix\"><div class=\"text_wrapper column1\"><div class=\"call_to_action_text \" style=\"\"><span style=\"color: #000000;\">Curriculum (<a href=\"https:\/\/www.gsccanarias.com\/gsc\/wp-content\/uploads\/2023\/02\/CV_Personal-Directivo_v9.00-1.odt\">open document<\/a>) &#8211;\u00a0 (<a href=\"https:\/\/www.gsccanarias.com\/gsc\/wp-content\/uploads\/2023\/02\/CV_Personal-Directivo_v9.00-1.pdf\">pdf<\/a>)<\/span><\/div><\/div><\/div><\/div><\/div>[\/vc_column][\/vc_row]<\/p>\n<div class=\"print\"><span class=\"page_title\">P\u00e1gina: <span>Curriculum Vitae &#8211; Juan Ignacio P\u00e9rez-Nievas Hern\u00e1ndez<\/span><\/span>\n\t\t\t\t\t\t\t\t\t\t\t<span class=\"page_title\">Fecha de impresi\u00f3n: <span>05\/04\/2026 - 11:54:49 UTC<\/span><\/span>\n\t\t\t\t\t\t\t\t\t\t\t<span class=\"stmp_trans_date\">\u00daltima actualizaci\u00f3n: <span>17\/02\/2023 - 20:29:05<\/span><\/span>\n\t\t\t\t\t\t\t\t\t\t\t<span class=\"stmp_trans_date\">Fecha publicaci\u00f3n: <span>14\/02\/2023 - 14:57:25<\/span><\/span>\n\t\t\t\t\t\t\t\t\t\t\t<span class=\"stmp_trans_date\">Fecha creaci\u00f3n: <span>14\/02\/2023 - 14:57:25<\/span><\/span><\/div>\n\t","protected":false},"excerpt":{"rendered":"<p>[vc_row css_animation=\u00bb\u00bb row_type=\u00bbrow\u00bb use_row_as_full_screen_section=\u00bbno\u00bb type=\u00bbfull_width\u00bb angled_section=\u00bbno\u00bb text_align=\u00bbleft\u00bb background_image_as_pattern=\u00bbwithout_pattern\u00bb][vc_column][vc_empty_space height=\u00bb100px\u00bb][\/vc_column][\/vc_row][vc_row css_animation=\u00bb\u00bb row_type=\u00bbrow\u00bb use_row_as_full_screen_section=\u00bbno\u00bb type=\u00bbgrid\u00bb angled_section=\u00bbno\u00bb text_align=\u00bbleft\u00bb background_image_as_pattern=\u00bbwithout_pattern\u00bb z_index=\u00bb\u00bb][vc_column][vc_column_text] Curriculum Vitae &#8211; Juan Ignacio P\u00e9rez-Nievas Hern\u00e1ndez [\/vc_column_text][vc_empty_space height=\u00bb50px\u00bb][vc_column_text]Director Gerente de GSC M\u00e9ritos acad\u00e9micos: 2021-2022\u00a0\u00a0\u00a0 Master en Finanzas AFI (Analistas Financieros Internacionales) y Universidad de Nebrija (1500 h.)&#8230;<\/p>\n","protected":false},"author":5,"featured_media":0,"parent":0,"menu_order":0,"comment_status":"closed","ping_status":"closed","template":"full_width.php","meta":{"footnotes":""},"class_list":["post-13119","page","type-page","status-publish","has-post-thumbnail","hentry"],"publishpress_future_workflow_manual_trigger":{"enabledWorkflows":[]},"_links":{"self":[{"href":"https:\/\/www.gsccanarias.com\/gsc\/wp-json\/wp\/v2\/pages\/13119","targetHints":{"allow":["GET"]}}],"collection":[{"href":"https:\/\/www.gsccanarias.com\/gsc\/wp-json\/wp\/v2\/pages"}],"about":[{"href":"https:\/\/www.gsccanarias.com\/gsc\/wp-json\/wp\/v2\/types\/page"}],"author":[{"embeddable":true,"href":"https:\/\/www.gsccanarias.com\/gsc\/wp-json\/wp\/v2\/users\/5"}],"replies":[{"embeddable":true,"href":"https:\/\/www.gsccanarias.com\/gsc\/wp-json\/wp\/v2\/comments?post=13119"}],"version-history":[{"count":9,"href":"https:\/\/www.gsccanarias.com\/gsc\/wp-json\/wp\/v2\/pages\/13119\/revisions"}],"predecessor-version":[{"id":13138,"href":"https:\/\/www.gsccanarias.com\/gsc\/wp-json\/wp\/v2\/pages\/13119\/revisions\/13138"}],"wp:attachment":[{"href":"https:\/\/www.gsccanarias.com\/gsc\/wp-json\/wp\/v2\/media?parent=13119"}],"curies":[{"name":"wp","href":"https:\/\/api.w.org\/{rel}","templated":true}]}}