{"id":12419,"date":"2022-07-04T13:28:43","date_gmt":"2022-07-04T13:28:43","guid":{"rendered":"https:\/\/www.gsccanarias.com\/gsc\/?page_id=12419"},"modified":"2022-07-04T13:31:30","modified_gmt":"2022-07-04T13:31:30","slug":"curriculum-vitae-leon-padilla-ruiz","status":"publish","type":"page","link":"https:\/\/www.gsccanarias.com\/gsc\/curriculum-vitae-leon-padilla-ruiz\/","title":{"rendered":"Curriculum Vitae &#8211; Le\u00f3n Padilla Ruiz"},"content":{"rendered":"<p>[vc_row css_animation=\u00bb\u00bb row_type=\u00bbrow\u00bb use_row_as_full_screen_section=\u00bbno\u00bb type=\u00bbfull_width\u00bb angled_section=\u00bbno\u00bb text_align=\u00bbleft\u00bb background_image_as_pattern=\u00bbwithout_pattern\u00bb][vc_column][vc_empty_space height=\u00bb100px\u00bb][\/vc_column][\/vc_row][vc_row css_animation=\u00bb\u00bb row_type=\u00bbrow\u00bb use_row_as_full_screen_section=\u00bbno\u00bb type=\u00bbgrid\u00bb angled_section=\u00bbno\u00bb text_align=\u00bbleft\u00bb background_image_as_pattern=\u00bbwithout_pattern\u00bb z_index=\u00bb\u00bb][vc_column][vc_column_text]<\/p>\n<div class=\"page-header\">\n<h2><strong>Curriculum Vitae &#8211; Le\u00f3n Ram\u00f3n Padilla Ruiz<\/strong><\/h2>\n<\/div>\n<p>[\/vc_column_text][vc_empty_space height=\u00bb50px\u00bb][vc_column_text]<strong>Le\u00f3n Ram\u00f3n Padilla Ruiz<\/strong><\/p>\n<p><strong>Director de la Divisi\u00f3n Econ\u00f3mica, Administrativa y de Servicios Sanitarios<\/strong><\/p>\n<p>Licenciado en Administraci\u00f3n y Direcci\u00f3n de Empresas por la UOC y Diplomado en Ciencias Empresariales.<\/p>\n<p>M\u00e1ster en Asesor\u00eda Fiscal y Derecho Tributario Internacional por la Escuela de Estudios T\u00e9cnicos Empresariales y Experto Universitario en Asesor\u00eda Fiscal por la ULPGC. Dispone de Postgrados en Contabilidad Avanzada por la Universidad a distancia de Madrid; Valoraci\u00f3n de empresas y Planes de viabilidad por la Universidad de Valencia y en Controller Financiero por la Universidad Camilo Jos\u00e9 Cela.<\/p>\n<p>Cuenta con el Diploma Superior en Gesti\u00f3n Sanitaria por la Escuela de Servicios Socios Sanitarios de Canarias y ha realizado cursos superiores en LOPD por Bureau Veritas y en Impuesto de Sociedades, impartido por el Centro de Estudios Financieros (CEF), adem\u00e1s del curso ISO-27001 de Seguridad en Sistemas de Informaci\u00f3n.<\/p>\n<p>Ponente en congresos nacionales y regionales sobre costes en hospitales y sobre m\u00e9todos de facturaci\u00f3n a terceros y su implantaci\u00f3n de sistemas en el \u00e1mbito hospitalario. Es coordinador funcional del proyecto con el Servicio Canario de la Salud de integraci\u00f3n Gestor de Facturaci\u00f3n con Seflogic y representante de la Consejer\u00eda de Sanidad en la Comisi\u00f3n Nacional de Tr\u00e1fico.<\/p>\n<p>En su trayectoria profesional ha sido Jefe de Grupo RRHH Complejo Hospitalario Universitario Insular Materno Infantil (1990-1994); Jefe de Grupo Log\u00edstica almac\u00e9n-Suministro Complejo Universitario Insular Materno Infantil (1995-2000) y Jefe de Grupo Facturaci\u00f3n Complejo Hospitalario Universitario Insular Materno Infantil (2000-2012).<\/p>\n<p>En la empresa p\u00fablica GSC, ha ocupado el cargo de Responsable de Facturaci\u00f3n desde 2012 hasta febrero del 2021, fecha en que es nombrado Director de la Divisi\u00f3n Econ\u00f3mica, Administrativa y de Servicios Sanitarios.[\/vc_column_text][\/vc_column][\/vc_row][vc_row css_animation=\u00bb\u00bb row_type=\u00bbrow\u00bb use_row_as_full_screen_section=\u00bbno\u00bb type=\u00bbfull_width\u00bb angled_section=\u00bbno\u00bb text_align=\u00bbleft\u00bb background_image_as_pattern=\u00bbwithout_pattern\u00bb][vc_column][vc_empty_space height=\u00bb100px\u00bb][\/vc_column][\/vc_row][vc_row css_animation=\u00bb\u00bb row_type=\u00bbrow\u00bb use_row_as_full_screen_section=\u00bbno\u00bb type=\u00bbfull_width\u00bb angled_section=\u00bbno\u00bb text_align=\u00bbleft\u00bb background_image_as_pattern=\u00bbwithout_pattern\u00bb][vc_column]<div class=\"call_to_action normal\" style=\"background-color: #dd9933;\"><div class=\"container_inner\"><div class=\"two_columns_75_25 clearfix\"><div class=\"text_wrapper column1\"><div class=\"call_to_action_text \" style=\"\"><span style=\"color: #000000;\">Curriculum (<a href=\"https:\/\/www.gsccanarias.com\/gsc\/wp-content\/uploads\/2022\/07\/Leon-Ramon-Padilla-Ruiz.odt\">open document<\/a>) &#8211;\u00a0 (<a href=\"https:\/\/www.gsccanarias.com\/gsc\/wp-content\/uploads\/2022\/06\/CV-Leon-Ramon-Padilla.pdf\">pdf<\/a>)<\/span><\/div><\/div><\/div><\/div><\/div>[\/vc_column][\/vc_row]<\/p>\n<div class=\"print\"><span class=\"page_title\">P\u00e1gina: <span>Curriculum Vitae &#8211; Le\u00f3n Padilla Ruiz<\/span><\/span>\n\t\t\t\t\t\t\t\t\t\t\t<span class=\"page_title\">Fecha de impresi\u00f3n: <span>12\/05\/2026 - 21:09:19 UTC<\/span><\/span>\n\t\t\t\t\t\t\t\t\t\t\t<span class=\"stmp_trans_date\">\u00daltima actualizaci\u00f3n: <span>04\/07\/2022 - 13:31:30<\/span><\/span>\n\t\t\t\t\t\t\t\t\t\t\t<span class=\"stmp_trans_date\">Fecha publicaci\u00f3n: <span>04\/07\/2022 - 13:28:43<\/span><\/span>\n\t\t\t\t\t\t\t\t\t\t\t<span class=\"stmp_trans_date\">Fecha creaci\u00f3n: <span>04\/07\/2022 - 13:28:43<\/span><\/span><\/div>\n\t","protected":false},"excerpt":{"rendered":"<p>[vc_row css_animation=\u00bb\u00bb row_type=\u00bbrow\u00bb use_row_as_full_screen_section=\u00bbno\u00bb type=\u00bbfull_width\u00bb angled_section=\u00bbno\u00bb text_align=\u00bbleft\u00bb background_image_as_pattern=\u00bbwithout_pattern\u00bb][vc_column][vc_empty_space height=\u00bb100px\u00bb][\/vc_column][\/vc_row][vc_row css_animation=\u00bb\u00bb row_type=\u00bbrow\u00bb use_row_as_full_screen_section=\u00bbno\u00bb type=\u00bbgrid\u00bb angled_section=\u00bbno\u00bb text_align=\u00bbleft\u00bb background_image_as_pattern=\u00bbwithout_pattern\u00bb z_index=\u00bb\u00bb][vc_column][vc_column_text] Curriculum Vitae &#8211; Le\u00f3n Ram\u00f3n Padilla Ruiz [\/vc_column_text][vc_empty_space height=\u00bb50px\u00bb][vc_column_text]Le\u00f3n Ram\u00f3n Padilla Ruiz Director de la Divisi\u00f3n Econ\u00f3mica, Administrativa y de Servicios Sanitarios Licenciado en Administraci\u00f3n y Direcci\u00f3n de&#8230;<\/p>\n","protected":false},"author":4,"featured_media":0,"parent":0,"menu_order":0,"comment_status":"closed","ping_status":"closed","template":"full_width.php","meta":{"footnotes":""},"class_list":["post-12419","page","type-page","status-publish","has-post-thumbnail","hentry"],"a3_pvc":{"activated":false,"total_views":0,"today_views":0},"yoast_head":"<!-- This site is optimized with the Yoast SEO plugin v27.5 - https:\/\/yoast.com\/product\/yoast-seo-wordpress\/ -->\n<title>Curriculum Vitae - Le\u00f3n Padilla Ruiz - GSC<\/title>\n<meta name=\"robots\" content=\"index, follow, max-snippet:-1, max-image-preview:large, max-video-preview:-1\" \/>\n<link rel=\"canonical\" href=\"https:\/\/www.gsccanarias.com\/gsc\/curriculum-vitae-leon-padilla-ruiz\/\" \/>\n<meta property=\"og:locale\" content=\"es_ES\" \/>\n<meta property=\"og:type\" content=\"article\" \/>\n<meta property=\"og:title\" content=\"Curriculum Vitae - Le\u00f3n Padilla Ruiz - GSC\" \/>\n<meta property=\"og:description\" content=\"[vc_row css_animation=\u00bb\u00bb row_type=\u00bbrow\u00bb use_row_as_full_screen_section=\u00bbno\u00bb type=\u00bbfull_width\u00bb angled_section=\u00bbno\u00bb text_align=\u00bbleft\u00bb background_image_as_pattern=\u00bbwithout_pattern\u00bb][vc_column][vc_empty_space height=\u00bb100px\u00bb][\/vc_column][\/vc_row][vc_row css_animation=\u00bb\u00bb row_type=\u00bbrow\u00bb use_row_as_full_screen_section=\u00bbno\u00bb type=\u00bbgrid\u00bb angled_section=\u00bbno\u00bb text_align=\u00bbleft\u00bb background_image_as_pattern=\u00bbwithout_pattern\u00bb z_index=\u00bb\u00bb][vc_column][vc_column_text] Curriculum Vitae &#8211; Le\u00f3n Ram\u00f3n Padilla Ruiz [\/vc_column_text][vc_empty_space height=\u00bb50px\u00bb][vc_column_text]Le\u00f3n Ram\u00f3n Padilla Ruiz Director de la Divisi\u00f3n Econ\u00f3mica, Administrativa y de Servicios Sanitarios Licenciado en Administraci\u00f3n y Direcci\u00f3n de...\" \/>\n<meta property=\"og:url\" content=\"https:\/\/www.gsccanarias.com\/gsc\/curriculum-vitae-leon-padilla-ruiz\/\" \/>\n<meta property=\"og:site_name\" content=\"GSC\" \/>\n<meta property=\"article:modified_time\" content=\"2022-07-04T13:31:30+00:00\" \/>\n<meta name=\"twitter:card\" content=\"summary_large_image\" \/>\n<meta name=\"twitter:label1\" content=\"Tiempo de lectura\" \/>\n\t<meta name=\"twitter:data1\" content=\"2 minutos\" \/>\n<script type=\"application\/ld+json\" class=\"yoast-schema-graph\">{\"@context\":\"https:\\\/\\\/schema.org\",\"@graph\":[{\"@type\":\"WebPage\",\"@id\":\"https:\\\/\\\/www.gsccanarias.com\\\/gsc\\\/curriculum-vitae-leon-padilla-ruiz\\\/\",\"url\":\"https:\\\/\\\/www.gsccanarias.com\\\/gsc\\\/curriculum-vitae-leon-padilla-ruiz\\\/\",\"name\":\"Curriculum Vitae - Le\u00f3n Padilla Ruiz - GSC\",\"isPartOf\":{\"@id\":\"https:\\\/\\\/www.gsccanarias.com\\\/gsc\\\/#website\"},\"datePublished\":\"2022-07-04T13:28:43+00:00\",\"dateModified\":\"2022-07-04T13:31:30+00:00\",\"breadcrumb\":{\"@id\":\"https:\\\/\\\/www.gsccanarias.com\\\/gsc\\\/curriculum-vitae-leon-padilla-ruiz\\\/#breadcrumb\"},\"inLanguage\":\"es\",\"potentialAction\":[{\"@type\":\"ReadAction\",\"target\":[\"https:\\\/\\\/www.gsccanarias.com\\\/gsc\\\/curriculum-vitae-leon-padilla-ruiz\\\/\"]}]},{\"@type\":\"BreadcrumbList\",\"@id\":\"https:\\\/\\\/www.gsccanarias.com\\\/gsc\\\/curriculum-vitae-leon-padilla-ruiz\\\/#breadcrumb\",\"itemListElement\":[{\"@type\":\"ListItem\",\"position\":1,\"name\":\"Portada\",\"item\":\"https:\\\/\\\/www.gsccanarias.com\\\/gsc\\\/\"},{\"@type\":\"ListItem\",\"position\":2,\"name\":\"Curriculum Vitae &#8211; Le\u00f3n Padilla Ruiz\"}]},{\"@type\":\"WebSite\",\"@id\":\"https:\\\/\\\/www.gsccanarias.com\\\/gsc\\\/#website\",\"url\":\"https:\\\/\\\/www.gsccanarias.com\\\/gsc\\\/\",\"name\":\"GSC\",\"description\":\"Administramos servicios relacionados con la salud, las emergencias, la seguridad y el transporte sanitario\",\"potentialAction\":[{\"@type\":\"SearchAction\",\"target\":{\"@type\":\"EntryPoint\",\"urlTemplate\":\"https:\\\/\\\/www.gsccanarias.com\\\/gsc\\\/?s={search_term_string}\"},\"query-input\":{\"@type\":\"PropertyValueSpecification\",\"valueRequired\":true,\"valueName\":\"search_term_string\"}}],\"inLanguage\":\"es\"}]}<\/script>\n<!-- \/ Yoast SEO plugin. -->","yoast_head_json":{"title":"Curriculum Vitae - Le\u00f3n Padilla Ruiz - GSC","robots":{"index":"index","follow":"follow","max-snippet":"max-snippet:-1","max-image-preview":"max-image-preview:large","max-video-preview":"max-video-preview:-1"},"canonical":"https:\/\/www.gsccanarias.com\/gsc\/curriculum-vitae-leon-padilla-ruiz\/","og_locale":"es_ES","og_type":"article","og_title":"Curriculum Vitae - Le\u00f3n Padilla Ruiz - GSC","og_description":"[vc_row css_animation=\u00bb\u00bb row_type=\u00bbrow\u00bb use_row_as_full_screen_section=\u00bbno\u00bb type=\u00bbfull_width\u00bb angled_section=\u00bbno\u00bb text_align=\u00bbleft\u00bb background_image_as_pattern=\u00bbwithout_pattern\u00bb][vc_column][vc_empty_space height=\u00bb100px\u00bb][\/vc_column][\/vc_row][vc_row css_animation=\u00bb\u00bb row_type=\u00bbrow\u00bb use_row_as_full_screen_section=\u00bbno\u00bb type=\u00bbgrid\u00bb angled_section=\u00bbno\u00bb text_align=\u00bbleft\u00bb background_image_as_pattern=\u00bbwithout_pattern\u00bb z_index=\u00bb\u00bb][vc_column][vc_column_text] Curriculum Vitae &#8211; Le\u00f3n Ram\u00f3n Padilla Ruiz [\/vc_column_text][vc_empty_space height=\u00bb50px\u00bb][vc_column_text]Le\u00f3n Ram\u00f3n Padilla Ruiz Director de la Divisi\u00f3n Econ\u00f3mica, Administrativa y de Servicios Sanitarios Licenciado en Administraci\u00f3n y Direcci\u00f3n de...","og_url":"https:\/\/www.gsccanarias.com\/gsc\/curriculum-vitae-leon-padilla-ruiz\/","og_site_name":"GSC","article_modified_time":"2022-07-04T13:31:30+00:00","twitter_card":"summary_large_image","twitter_misc":{"Tiempo de lectura":"2 minutos"},"schema":{"@context":"https:\/\/schema.org","@graph":[{"@type":"WebPage","@id":"https:\/\/www.gsccanarias.com\/gsc\/curriculum-vitae-leon-padilla-ruiz\/","url":"https:\/\/www.gsccanarias.com\/gsc\/curriculum-vitae-leon-padilla-ruiz\/","name":"Curriculum Vitae - Le\u00f3n Padilla Ruiz - GSC","isPartOf":{"@id":"https:\/\/www.gsccanarias.com\/gsc\/#website"},"datePublished":"2022-07-04T13:28:43+00:00","dateModified":"2022-07-04T13:31:30+00:00","breadcrumb":{"@id":"https:\/\/www.gsccanarias.com\/gsc\/curriculum-vitae-leon-padilla-ruiz\/#breadcrumb"},"inLanguage":"es","potentialAction":[{"@type":"ReadAction","target":["https:\/\/www.gsccanarias.com\/gsc\/curriculum-vitae-leon-padilla-ruiz\/"]}]},{"@type":"BreadcrumbList","@id":"https:\/\/www.gsccanarias.com\/gsc\/curriculum-vitae-leon-padilla-ruiz\/#breadcrumb","itemListElement":[{"@type":"ListItem","position":1,"name":"Portada","item":"https:\/\/www.gsccanarias.com\/gsc\/"},{"@type":"ListItem","position":2,"name":"Curriculum Vitae &#8211; Le\u00f3n Padilla Ruiz"}]},{"@type":"WebSite","@id":"https:\/\/www.gsccanarias.com\/gsc\/#website","url":"https:\/\/www.gsccanarias.com\/gsc\/","name":"GSC","description":"Administramos servicios relacionados con la salud, las emergencias, la seguridad y el transporte sanitario","potentialAction":[{"@type":"SearchAction","target":{"@type":"EntryPoint","urlTemplate":"https:\/\/www.gsccanarias.com\/gsc\/?s={search_term_string}"},"query-input":{"@type":"PropertyValueSpecification","valueRequired":true,"valueName":"search_term_string"}}],"inLanguage":"es"}]}},"publishpress_future_workflow_manual_trigger":{"enabledWorkflows":[]},"_links":{"self":[{"href":"https:\/\/www.gsccanarias.com\/gsc\/wp-json\/wp\/v2\/pages\/12419","targetHints":{"allow":["GET"]}}],"collection":[{"href":"https:\/\/www.gsccanarias.com\/gsc\/wp-json\/wp\/v2\/pages"}],"about":[{"href":"https:\/\/www.gsccanarias.com\/gsc\/wp-json\/wp\/v2\/types\/page"}],"author":[{"embeddable":true,"href":"https:\/\/www.gsccanarias.com\/gsc\/wp-json\/wp\/v2\/users\/4"}],"replies":[{"embeddable":true,"href":"https:\/\/www.gsccanarias.com\/gsc\/wp-json\/wp\/v2\/comments?post=12419"}],"version-history":[{"count":2,"href":"https:\/\/www.gsccanarias.com\/gsc\/wp-json\/wp\/v2\/pages\/12419\/revisions"}],"predecessor-version":[{"id":12423,"href":"https:\/\/www.gsccanarias.com\/gsc\/wp-json\/wp\/v2\/pages\/12419\/revisions\/12423"}],"wp:attachment":[{"href":"https:\/\/www.gsccanarias.com\/gsc\/wp-json\/wp\/v2\/media?parent=12419"}],"curies":[{"name":"wp","href":"https:\/\/api.w.org\/{rel}","templated":true}]}}