{"id":12399,"date":"2022-07-04T12:50:27","date_gmt":"2022-07-04T12:50:27","guid":{"rendered":"https:\/\/www.gsccanarias.com\/gsc\/?page_id=12399"},"modified":"2022-07-04T13:07:12","modified_gmt":"2022-07-04T13:07:12","slug":"curriculum-vitae-moises-sanchez","status":"publish","type":"page","link":"https:\/\/www.gsccanarias.com\/gsc\/curriculum-vitae-moises-sanchez\/","title":{"rendered":"Curriculum Vitae &#8211; Mois\u00e9s S\u00e1nchez Arrocha"},"content":{"rendered":"<p>[vc_row css_animation=\u00bb\u00bb row_type=\u00bbrow\u00bb use_row_as_full_screen_section=\u00bbno\u00bb type=\u00bbfull_width\u00bb angled_section=\u00bbno\u00bb text_align=\u00bbleft\u00bb background_image_as_pattern=\u00bbwithout_pattern\u00bb][vc_column][vc_empty_space height=\u00bb100px\u00bb][\/vc_column][\/vc_row][vc_row css_animation=\u00bb\u00bb row_type=\u00bbrow\u00bb use_row_as_full_screen_section=\u00bbno\u00bb type=\u00bbgrid\u00bb angled_section=\u00bbno\u00bb text_align=\u00bbleft\u00bb background_image_as_pattern=\u00bbwithout_pattern\u00bb z_index=\u00bb\u00bb][vc_column][vc_column_text]<\/p>\n<div class=\"page-header\">\n<h2><strong>Curriculum Vitae &#8211; Mois\u00e9s S\u00e1nchez Arrocha<\/strong><\/h2>\n<\/div>\n<p>[\/vc_column_text][vc_empty_space height=\u00bb50px\u00bb][vc_column_text]<strong>Mois\u00e9s S\u00e1nchez Arrocha<\/strong><\/p>\n<p><strong>Director del 1-1-2 Canarias<\/strong><\/p>\n<p>Graduado en Seguridad y Control de Riesgos por la Universidad de Las Palmas de Gran Canaria.<\/p>\n<p>M\u00e1ster en Criminolog\u00eda por la Universidad Internacional de Valencia y m\u00e1ster en Seguridad por la UNED. Es experto profesional universitario en Elaboraci\u00f3n e implantaci\u00f3n de planes de autoprotecci\u00f3n, as\u00ed como en Protecci\u00f3n civil y Gesti\u00f3n de emergencias por la Universidad de Valencia; en Direcci\u00f3n y gesti\u00f3n de seguridad integral por la UNED y en Gesti\u00f3n del riesgo y las emergencias por la Universidad de Barcelona.<\/p>\n<p>Cuenta con experiencia como Director de Seguridad privada y como T\u00e9cnico Redactor de planes de autoprotecci\u00f3n en la Comunidad Aut\u00f3noma de Canarias.<\/p>\n<p>Ha trabajado en el Centro Coordinador de Emergencias y Seguridad CECOES 1-1-2 desde su puesta en funcionamiento en 1998, desarrollando su labor profesional en diferentes puestos en la sala operativa de Santa Cruz de Tenerife como t\u00e9cnico de coordinaci\u00f3n, gestor operativo, coordinador operativo y, durante 19 a\u00f1os, como coordinador multisectorial.<\/p>\n<p>Asimismo, en 2016 fue responsable de la sala operativa en Santa Cruz Tenerife y desde el mes de agosto de 2020 ejerce como director del 1-1-2 Canarias.[\/vc_column_text][\/vc_column][\/vc_row][vc_row css_animation=\u00bb\u00bb row_type=\u00bbrow\u00bb use_row_as_full_screen_section=\u00bbno\u00bb type=\u00bbfull_width\u00bb angled_section=\u00bbno\u00bb text_align=\u00bbleft\u00bb background_image_as_pattern=\u00bbwithout_pattern\u00bb][vc_column][vc_empty_space height=\u00bb100px\u00bb][\/vc_column][\/vc_row][vc_row css_animation=\u00bb\u00bb row_type=\u00bbrow\u00bb use_row_as_full_screen_section=\u00bbno\u00bb type=\u00bbfull_width\u00bb angled_section=\u00bbno\u00bb text_align=\u00bbleft\u00bb background_image_as_pattern=\u00bbwithout_pattern\u00bb][vc_column]<div class=\"call_to_action normal\" style=\"background-color: #dd9933;\"><div class=\"container_inner\"><div class=\"two_columns_75_25 clearfix\"><div class=\"text_wrapper column1\"><div class=\"call_to_action_text \" style=\"\"><span style=\"color: #000000;\">Curriculum (<a href=\"https:\/\/www.gsccanarias.com\/gsc\/wp-content\/uploads\/2022\/07\/Moises-Sanchez-Arrocha.odt\">open document<\/a>) &#8211;\u00a0 (<a href=\"https:\/\/www.gsccanarias.com\/gsc\/wp-content\/uploads\/2022\/07\/CV-Moises-Sanchez.pdf\" target=\"_blank\" rel=\"noopener\">pdf<\/a>)<\/span><\/div><\/div><\/div><\/div><\/div>[\/vc_column][\/vc_row]<\/p>\n<div class=\"print\"><span class=\"page_title\">P\u00e1gina: <span>Curriculum Vitae &#8211; Mois\u00e9s S\u00e1nchez Arrocha<\/span><\/span>\n\t\t\t\t\t\t\t\t\t\t\t<span class=\"page_title\">Fecha de impresi\u00f3n: <span>02\/05\/2026 - 15:49:40 UTC<\/span><\/span>\n\t\t\t\t\t\t\t\t\t\t\t<span class=\"stmp_trans_date\">\u00daltima actualizaci\u00f3n: <span>04\/07\/2022 - 13:07:12<\/span><\/span>\n\t\t\t\t\t\t\t\t\t\t\t<span class=\"stmp_trans_date\">Fecha publicaci\u00f3n: <span>04\/07\/2022 - 12:50:27<\/span><\/span>\n\t\t\t\t\t\t\t\t\t\t\t<span class=\"stmp_trans_date\">Fecha creaci\u00f3n: <span>04\/07\/2022 - 12:50:27<\/span><\/span><\/div>\n\t","protected":false},"excerpt":{"rendered":"<p>[vc_row css_animation=\u00bb\u00bb row_type=\u00bbrow\u00bb use_row_as_full_screen_section=\u00bbno\u00bb type=\u00bbfull_width\u00bb angled_section=\u00bbno\u00bb text_align=\u00bbleft\u00bb background_image_as_pattern=\u00bbwithout_pattern\u00bb][vc_column][vc_empty_space height=\u00bb100px\u00bb][\/vc_column][\/vc_row][vc_row css_animation=\u00bb\u00bb row_type=\u00bbrow\u00bb use_row_as_full_screen_section=\u00bbno\u00bb type=\u00bbgrid\u00bb angled_section=\u00bbno\u00bb text_align=\u00bbleft\u00bb background_image_as_pattern=\u00bbwithout_pattern\u00bb z_index=\u00bb\u00bb][vc_column][vc_column_text] Curriculum Vitae &#8211; Mois\u00e9s S\u00e1nchez Arrocha [\/vc_column_text][vc_empty_space height=\u00bb50px\u00bb][vc_column_text]Mois\u00e9s S\u00e1nchez Arrocha Director del 1-1-2 Canarias Graduado en Seguridad y Control de Riesgos por la Universidad de Las Palmas de&#8230;<\/p>\n","protected":false},"author":4,"featured_media":0,"parent":0,"menu_order":0,"comment_status":"closed","ping_status":"closed","template":"full_width.php","meta":{"footnotes":""},"class_list":["post-12399","page","type-page","status-publish","has-post-thumbnail","hentry"],"a3_pvc":{"activated":false,"total_views":0,"today_views":0},"yoast_head":"<!-- This site is optimized with the Yoast SEO plugin v27.5 - https:\/\/yoast.com\/product\/yoast-seo-wordpress\/ -->\n<title>Curriculum Vitae - Mois\u00e9s S\u00e1nchez Arrocha - GSC<\/title>\n<meta name=\"robots\" content=\"index, follow, max-snippet:-1, max-image-preview:large, max-video-preview:-1\" \/>\n<link rel=\"canonical\" href=\"https:\/\/www.gsccanarias.com\/gsc\/curriculum-vitae-moises-sanchez\/\" \/>\n<meta property=\"og:locale\" content=\"es_ES\" \/>\n<meta property=\"og:type\" content=\"article\" \/>\n<meta property=\"og:title\" content=\"Curriculum Vitae - Mois\u00e9s S\u00e1nchez Arrocha - GSC\" \/>\n<meta property=\"og:description\" content=\"[vc_row css_animation=\u00bb\u00bb row_type=\u00bbrow\u00bb use_row_as_full_screen_section=\u00bbno\u00bb type=\u00bbfull_width\u00bb angled_section=\u00bbno\u00bb text_align=\u00bbleft\u00bb background_image_as_pattern=\u00bbwithout_pattern\u00bb][vc_column][vc_empty_space height=\u00bb100px\u00bb][\/vc_column][\/vc_row][vc_row css_animation=\u00bb\u00bb row_type=\u00bbrow\u00bb use_row_as_full_screen_section=\u00bbno\u00bb type=\u00bbgrid\u00bb angled_section=\u00bbno\u00bb text_align=\u00bbleft\u00bb background_image_as_pattern=\u00bbwithout_pattern\u00bb z_index=\u00bb\u00bb][vc_column][vc_column_text] Curriculum Vitae &#8211; Mois\u00e9s S\u00e1nchez Arrocha [\/vc_column_text][vc_empty_space height=\u00bb50px\u00bb][vc_column_text]Mois\u00e9s S\u00e1nchez Arrocha Director del 1-1-2 Canarias Graduado en Seguridad y Control de Riesgos por la Universidad de Las Palmas de...\" \/>\n<meta property=\"og:url\" content=\"https:\/\/www.gsccanarias.com\/gsc\/curriculum-vitae-moises-sanchez\/\" \/>\n<meta property=\"og:site_name\" content=\"GSC\" \/>\n<meta property=\"article:modified_time\" content=\"2022-07-04T13:07:12+00:00\" \/>\n<meta name=\"twitter:card\" content=\"summary_large_image\" \/>\n<meta name=\"twitter:label1\" content=\"Tiempo de lectura\" \/>\n\t<meta name=\"twitter:data1\" content=\"2 minutos\" \/>\n<script type=\"application\/ld+json\" class=\"yoast-schema-graph\">{\"@context\":\"https:\\\/\\\/schema.org\",\"@graph\":[{\"@type\":\"WebPage\",\"@id\":\"https:\\\/\\\/www.gsccanarias.com\\\/gsc\\\/curriculum-vitae-moises-sanchez\\\/\",\"url\":\"https:\\\/\\\/www.gsccanarias.com\\\/gsc\\\/curriculum-vitae-moises-sanchez\\\/\",\"name\":\"Curriculum Vitae - Mois\u00e9s S\u00e1nchez Arrocha - GSC\",\"isPartOf\":{\"@id\":\"https:\\\/\\\/www.gsccanarias.com\\\/gsc\\\/#website\"},\"datePublished\":\"2022-07-04T12:50:27+00:00\",\"dateModified\":\"2022-07-04T13:07:12+00:00\",\"breadcrumb\":{\"@id\":\"https:\\\/\\\/www.gsccanarias.com\\\/gsc\\\/curriculum-vitae-moises-sanchez\\\/#breadcrumb\"},\"inLanguage\":\"es\",\"potentialAction\":[{\"@type\":\"ReadAction\",\"target\":[\"https:\\\/\\\/www.gsccanarias.com\\\/gsc\\\/curriculum-vitae-moises-sanchez\\\/\"]}]},{\"@type\":\"BreadcrumbList\",\"@id\":\"https:\\\/\\\/www.gsccanarias.com\\\/gsc\\\/curriculum-vitae-moises-sanchez\\\/#breadcrumb\",\"itemListElement\":[{\"@type\":\"ListItem\",\"position\":1,\"name\":\"Portada\",\"item\":\"https:\\\/\\\/www.gsccanarias.com\\\/gsc\\\/\"},{\"@type\":\"ListItem\",\"position\":2,\"name\":\"Curriculum Vitae &#8211; Mois\u00e9s S\u00e1nchez Arrocha\"}]},{\"@type\":\"WebSite\",\"@id\":\"https:\\\/\\\/www.gsccanarias.com\\\/gsc\\\/#website\",\"url\":\"https:\\\/\\\/www.gsccanarias.com\\\/gsc\\\/\",\"name\":\"GSC\",\"description\":\"Administramos servicios relacionados con la salud, las emergencias, la seguridad y el transporte sanitario\",\"potentialAction\":[{\"@type\":\"SearchAction\",\"target\":{\"@type\":\"EntryPoint\",\"urlTemplate\":\"https:\\\/\\\/www.gsccanarias.com\\\/gsc\\\/?s={search_term_string}\"},\"query-input\":{\"@type\":\"PropertyValueSpecification\",\"valueRequired\":true,\"valueName\":\"search_term_string\"}}],\"inLanguage\":\"es\"}]}<\/script>\n<!-- \/ Yoast SEO plugin. -->","yoast_head_json":{"title":"Curriculum Vitae - Mois\u00e9s S\u00e1nchez Arrocha - GSC","robots":{"index":"index","follow":"follow","max-snippet":"max-snippet:-1","max-image-preview":"max-image-preview:large","max-video-preview":"max-video-preview:-1"},"canonical":"https:\/\/www.gsccanarias.com\/gsc\/curriculum-vitae-moises-sanchez\/","og_locale":"es_ES","og_type":"article","og_title":"Curriculum Vitae - Mois\u00e9s S\u00e1nchez Arrocha - GSC","og_description":"[vc_row css_animation=\u00bb\u00bb row_type=\u00bbrow\u00bb use_row_as_full_screen_section=\u00bbno\u00bb type=\u00bbfull_width\u00bb angled_section=\u00bbno\u00bb text_align=\u00bbleft\u00bb background_image_as_pattern=\u00bbwithout_pattern\u00bb][vc_column][vc_empty_space height=\u00bb100px\u00bb][\/vc_column][\/vc_row][vc_row css_animation=\u00bb\u00bb row_type=\u00bbrow\u00bb use_row_as_full_screen_section=\u00bbno\u00bb type=\u00bbgrid\u00bb angled_section=\u00bbno\u00bb text_align=\u00bbleft\u00bb background_image_as_pattern=\u00bbwithout_pattern\u00bb z_index=\u00bb\u00bb][vc_column][vc_column_text] Curriculum Vitae &#8211; Mois\u00e9s S\u00e1nchez Arrocha [\/vc_column_text][vc_empty_space height=\u00bb50px\u00bb][vc_column_text]Mois\u00e9s S\u00e1nchez Arrocha Director del 1-1-2 Canarias Graduado en Seguridad y Control de Riesgos por la Universidad de Las Palmas de...","og_url":"https:\/\/www.gsccanarias.com\/gsc\/curriculum-vitae-moises-sanchez\/","og_site_name":"GSC","article_modified_time":"2022-07-04T13:07:12+00:00","twitter_card":"summary_large_image","twitter_misc":{"Tiempo de lectura":"2 minutos"},"schema":{"@context":"https:\/\/schema.org","@graph":[{"@type":"WebPage","@id":"https:\/\/www.gsccanarias.com\/gsc\/curriculum-vitae-moises-sanchez\/","url":"https:\/\/www.gsccanarias.com\/gsc\/curriculum-vitae-moises-sanchez\/","name":"Curriculum Vitae - Mois\u00e9s S\u00e1nchez Arrocha - GSC","isPartOf":{"@id":"https:\/\/www.gsccanarias.com\/gsc\/#website"},"datePublished":"2022-07-04T12:50:27+00:00","dateModified":"2022-07-04T13:07:12+00:00","breadcrumb":{"@id":"https:\/\/www.gsccanarias.com\/gsc\/curriculum-vitae-moises-sanchez\/#breadcrumb"},"inLanguage":"es","potentialAction":[{"@type":"ReadAction","target":["https:\/\/www.gsccanarias.com\/gsc\/curriculum-vitae-moises-sanchez\/"]}]},{"@type":"BreadcrumbList","@id":"https:\/\/www.gsccanarias.com\/gsc\/curriculum-vitae-moises-sanchez\/#breadcrumb","itemListElement":[{"@type":"ListItem","position":1,"name":"Portada","item":"https:\/\/www.gsccanarias.com\/gsc\/"},{"@type":"ListItem","position":2,"name":"Curriculum Vitae &#8211; Mois\u00e9s S\u00e1nchez Arrocha"}]},{"@type":"WebSite","@id":"https:\/\/www.gsccanarias.com\/gsc\/#website","url":"https:\/\/www.gsccanarias.com\/gsc\/","name":"GSC","description":"Administramos servicios relacionados con la salud, las emergencias, la seguridad y el transporte sanitario","potentialAction":[{"@type":"SearchAction","target":{"@type":"EntryPoint","urlTemplate":"https:\/\/www.gsccanarias.com\/gsc\/?s={search_term_string}"},"query-input":{"@type":"PropertyValueSpecification","valueRequired":true,"valueName":"search_term_string"}}],"inLanguage":"es"}]}},"publishpress_future_workflow_manual_trigger":{"enabledWorkflows":[]},"_links":{"self":[{"href":"https:\/\/www.gsccanarias.com\/gsc\/wp-json\/wp\/v2\/pages\/12399","targetHints":{"allow":["GET"]}}],"collection":[{"href":"https:\/\/www.gsccanarias.com\/gsc\/wp-json\/wp\/v2\/pages"}],"about":[{"href":"https:\/\/www.gsccanarias.com\/gsc\/wp-json\/wp\/v2\/types\/page"}],"author":[{"embeddable":true,"href":"https:\/\/www.gsccanarias.com\/gsc\/wp-json\/wp\/v2\/users\/4"}],"replies":[{"embeddable":true,"href":"https:\/\/www.gsccanarias.com\/gsc\/wp-json\/wp\/v2\/comments?post=12399"}],"version-history":[{"count":5,"href":"https:\/\/www.gsccanarias.com\/gsc\/wp-json\/wp\/v2\/pages\/12399\/revisions"}],"predecessor-version":[{"id":13117,"href":"https:\/\/www.gsccanarias.com\/gsc\/wp-json\/wp\/v2\/pages\/12399\/revisions\/13117"}],"wp:attachment":[{"href":"https:\/\/www.gsccanarias.com\/gsc\/wp-json\/wp\/v2\/media?parent=12399"}],"curies":[{"name":"wp","href":"https:\/\/api.w.org\/{rel}","templated":true}]}}