{"id":1118,"date":"2022-03-21T08:31:26","date_gmt":"2022-03-21T08:31:26","guid":{"rendered":"https:\/\/www.gsccanarias.com\/gsc\/?page_id=1118"},"modified":"2026-04-22T10:09:54","modified_gmt":"2026-04-22T10:09:54","slug":"consejo-de-administracion","status":"publish","type":"page","link":"https:\/\/www.gsccanarias.com\/gsc\/transparencia\/estructura-organica\/consejo-de-administracion\/","title":{"rendered":"Consejo de Administraci\u00f3n"},"content":{"rendered":"<p>[vc_row css_animation=\u00bb\u00bb row_type=\u00bbrow\u00bb use_row_as_full_screen_section=\u00bbno\u00bb type=\u00bbgrid\u00bb angled_section=\u00bbno\u00bb text_align=\u00bbleft\u00bb background_image_as_pattern=\u00bbwithout_pattern\u00bb z_index=\u00bb\u00bb][vc_column width=\u00bb1\/3&#8243; offset=\u00bbvc_col-lg-3&#8243;][vc_empty_space height=\u00bb100px\u00bb][vc_column_text][\/vc_column_text][vc_empty_space height=\u00bb50px\u00bb][vc_widget_sidebar sidebar_id=\u00bbMenu transparencia\u00bb][\/vc_column][vc_column width=\u00bb2\/3&#8243; offset=\u00bbvc_col-lg-9&#8243;][vc_row_inner row_type=\u00bbrow\u00bb type=\u00bbfull_width\u00bb text_align=\u00bbleft\u00bb css_animation=\u00bb\u00bb][vc_column_inner offset=\u00bbvc_hidden-xs\u00bb][vc_empty_space height=\u00bb100px\u00bb][\/vc_column_inner][vc_column_inner offset=\u00bbvc_hidden-lg vc_hidden-md vc_hidden-sm\u00bb][vc_empty_space height=\u00bb50px\u00bb][\/vc_column_inner][\/vc_row_inner][vc_column_text]<strong>Presidenta:<\/strong><\/p>\n<p>EXCMA. SRA. D\u00d1A. ESTHER MAR\u00cdA MONZ\u00d3N MONZ\u00d3N<\/p>\n<p>Consejera de Sanidad<\/p>\n<p>&nbsp;<\/p>\n<p><strong>Vicepresidente:<\/strong><\/p>\n<p><img loading=\"lazy\" decoding=\"async\" class=\"alignnone size-full wp-image-2703\" src=\"https:\/\/www.gsccanarias.com\/gsc\/wp-content\/uploads\/2019\/03\/Division.png\" alt=\"P\u00false para Ir a Curriculum Vitae\" width=\"9\" height=\"10\" \/>EXCMO. SR. D. Manuel Miranda Medina<\/p>\n<p>Consejero de Pol\u00edtica Territorial, Cohesi\u00f3n Territorial y Aguas<\/p>\n<p>&nbsp;<\/p>\n<p><strong>Vocales:<\/strong><\/p>\n<p><img loading=\"lazy\" decoding=\"async\" class=\"alignnone size-full wp-image-2703\" src=\"https:\/\/www.gsccanarias.com\/gsc\/wp-content\/uploads\/2019\/03\/Division.png\" alt=\"P\u00false para Ir a Curriculum Vitae\" width=\"9\" height=\"10\" \/>ILMO. SR. D. ADASAT GOYA GONZ\u00c1LEZ<br \/>\nDirector del Servicio Canario de la Salud<\/p>\n<p><img loading=\"lazy\" decoding=\"async\" class=\"alignnone size-full wp-image-2703\" src=\"https:\/\/www.gsccanarias.com\/gsc\/wp-content\/uploads\/2019\/03\/Division.png\" alt=\"P\u00false para Ir a Curriculum Vitae\" width=\"9\" height=\"10\" \/>ILMA. SRA. D\u00d1A. MAR\u00cdA JES\u00daS LOPEZ &#8211; NEIRA DE LA TORRE<br \/>\nSecretaria General del Servicio Canario de Salud<\/p>\n<p><img loading=\"lazy\" decoding=\"async\" class=\"alignnone size-full wp-image-2703\" src=\"https:\/\/www.gsccanarias.com\/gsc\/wp-content\/uploads\/2019\/03\/Division.png\" alt=\"P\u00false para Ir a Curriculum Vitae\" width=\"9\" height=\"10\" \/>ILMA. SRA. D\u00d1A. ESTHER GLORIA GARC\u00cdA CABRERA<br \/>\nSecretaria General T\u00e9cnica de Sanidad<\/p>\n<p><a href=\"https:\/\/www.gobiernodecanarias.org\/organigrama\/ficha-altos-cargos\/?ou=41967\" target=\"_blank\" rel=\"noopener\"><img loading=\"lazy\" decoding=\"async\" class=\"alignnone size-full wp-image-2703\" src=\"https:\/\/www.gsccanarias.com\/gsc\/wp-content\/uploads\/2019\/03\/Division.png\" alt=\"P\u00false para Ir a Curriculum Vitae\" width=\"9\" height=\"10\" \/><\/a>ILMO. SR. D. MARCOS JOS\u00c9 LORENZO MARTIN<br \/>\nViceconsejero de Pol\u00edtica Territorial, Cohesi\u00f3n Territorial y Aguas<\/p>\n<p><img loading=\"lazy\" decoding=\"async\" class=\"alignnone size-full wp-image-2703\" src=\"https:\/\/www.gsccanarias.com\/gsc\/wp-content\/uploads\/2019\/03\/Division.png\" alt=\"P\u00false para Ir a Curriculum Vitae\" width=\"9\" height=\"10\" \/>ILMO. SR. D. GABRIEL ANDR\u00c9S MEG\u00cdAS MART\u00cdNEZ<br \/>\nViceconsejero de Hacienda y Relaciones con la Uni\u00f3n Europea<\/p>\n<p><img loading=\"lazy\" decoding=\"async\" class=\"alignnone size-full wp-image-2703\" src=\"https:\/\/www.gsccanarias.com\/gsc\/wp-content\/uploads\/2019\/03\/Division.png\" alt=\"P\u00false para Ir a Curriculum Vitae\" width=\"9\" height=\"10\" \/>ILMO. SR. D. SEBASTI\u00c1N FUENTES TARAJANO<br \/>\nDirector General de Recursos Econ\u00f3micos del Servicio Canario de Salud<\/p>\n<p><img loading=\"lazy\" decoding=\"async\" class=\"alignnone size-full wp-image-2703\" src=\"https:\/\/www.gsccanarias.com\/gsc\/wp-content\/uploads\/2019\/03\/Division.png\" alt=\"P\u00false para Ir a Curriculum Vitae\" width=\"9\" height=\"10\" \/>ILMO. SR. D. ANTONIO EL\u00cdAS L\u00d3PEZ GUL\u00cdAS<br \/>\nSecretario General T\u00e9cnico de la Consejer\u00eda de Pol\u00edtica Territorial, Cohesi\u00f3n Territorial y Aguas<\/p>\n<p><img loading=\"lazy\" decoding=\"async\" class=\"alignnone size-full wp-image-2703\" src=\"https:\/\/www.gsccanarias.com\/gsc\/wp-content\/uploads\/2019\/03\/Division.png\" alt=\"P\u00false para Ir a Curriculum Vitae\" width=\"9\" height=\"10\" \/>ILMO. SR. D. FERNANDO FIGUEREO FORCE<br \/>\nDirector General de Emergencias<\/p>\n<p>&nbsp;<\/p>\n<p>Secretaria. Sra. D\u00aa. Otilia Olascoaga Hern\u00e1ndez<\/p>\n<p>&nbsp;<\/p>\n<p>Fecha de nombramiento 11\/09\/2023 y 12\/09\/2023[\/vc_column_text][vc_empty_space height=\u00bb40px\u00bb][vc_column_text]<\/p>\n<div id=\"all\">\n<div id=\"back\">\n<div id=\"contentarea\">\n<div id=\"wrapper2\">\n<div id=\"main\" role=\"main\">\n<article class=\"item-page\"><strong>Modificaciones:<\/strong><\/article>\n<\/div>\n<\/div>\n<\/div>\n<article><a href=\"https:\/\/www.gsccanarias.com\/gsc\/wp-content\/uploads\/2023\/05\/Escritura-no-1.025-Ceses-y-Nombramientos-Miembros-Conj.-Adm.-GSC.pdf\"><img loading=\"lazy\" decoding=\"async\" class=\"alignnone wp-image-2703 \" src=\"https:\/\/www.gsccanarias.com\/gsc\/wp-content\/uploads\/2019\/03\/Division.png\" alt=\"\" width=\"9\" height=\"10\" \/><\/a> <a href=\"https:\/\/www.gsccanarias.com\/gsc\/wp-content\/uploads\/2024\/04\/acuerdo-consejo-gobierno-29-1-24-1.pdf\" target=\"_blank\" rel=\"noopener\"><strong>29\/01\/2024<\/strong> PROPUESTA DE ACUERDO DE CESE Y NOMBRAMIENTO DE REPRESENTANTES DE LA ADMINISTRACI\u00d3N DE LA COMUNIDAD AUT\u00d3NOMA DE CANARIAS Y DE LAS ENTIDADES DE DERECHO P\u00daBLICO VINCULADAS O DEPENDIENTES DE LA MISMA EN EL CONSEJO DE ADMINISTRACI\u00d3N DE LA SOCIEDAD MERCANTIL P\u00daBLICA GESTI\u00d3N DE SERVICIOS PARA LA SALUD Y SEGURIDAD EN CANARIAS, S.A. (GSC). (CONSEJER\u00cdA DE HACIENDA Y RELACIONES CON LA UNI\u00d3N EUROPEA).<\/a><\/article>\n<div id=\"contentarea\">\n<div id=\"wrapper2\">\n<div id=\"main\" role=\"main\">\n<article><a href=\"https:\/\/www.gsccanarias.com\/gsc\/wp-content\/uploads\/2023\/05\/Escritura-no-1.025-Ceses-y-Nombramientos-Miembros-Conj.-Adm.-GSC.pdf\"><img loading=\"lazy\" decoding=\"async\" class=\"alignnone wp-image-2703 \" src=\"https:\/\/www.gsccanarias.com\/gsc\/wp-content\/uploads\/2019\/03\/Division.png\" alt=\"\" width=\"9\" height=\"10\" \/><\/a><a href=\"https:\/\/www.gsccanarias.com\/gsc\/wp-content\/uploads\/2023\/10\/3-AG-11.9.23-ceses-nombram-representantes-sociedades-mercantiles-GSC.pdf\"><strong>11\/09\/2023<\/strong> PROPUESTA DE ACUERDO DE CESES, NOMBRAMIENTOS Y AUTORIZACI\u00d3N DE COMPATIBILIDAD DE LOS REPRESENTANTES DE LA CONSEJER\u00cdA DE HACIENDA Y RELACIONES EN LA UNI\u00d3N EUROPEA EN LOS CONSEJOS DE ADMINISTRACI\u00d3N DE LAS SOCIEDADES MERCANTILES P\u00daBLICAS DE DE LA COMUNIDAD<br \/>\nAUT\u00d3NOMA DE CANARIAS. (CONSEJER\u00cdA DE HACIENDA Y RELACIONES CON LA UNI\u00d3N EUROPEA).<\/a><\/article>\n<article><a href=\"https:\/\/www.gsccanarias.com\/gsc\/wp-content\/uploads\/2023\/05\/Escritura-no-1.025-Ceses-y-Nombramientos-Miembros-Conj.-Adm.-GSC.pdf\"><img loading=\"lazy\" decoding=\"async\" class=\"alignnone wp-image-2703 \" src=\"https:\/\/www.gsccanarias.com\/gsc\/wp-content\/uploads\/2019\/03\/Division.png\" alt=\"\" width=\"9\" height=\"10\" \/><\/a> <a href=\"https:\/\/www.gsccanarias.com\/gsc\/wp-content\/uploads\/2023\/10\/1-AG-4.9.23-cese-nombramientos-GSC.pdf\"><strong>04\/09\/2023<\/strong> PROPUESTA DE ACUERDO DE CESES, NOMBRAMIENTOS Y DE AUTORIZACI\u00d3N DE COMPATIBILIDAD DE REPRESENTANTES DE LA ADMINISTRACI\u00d3N DE LA COMUNIDAD AUT\u00d3NOMA DE CANARIAS Y DE LAS ENTIDADES DE DERECHO P\u00daBLICO VINCULADAS O DEPENDIENTES DE LA MISMA EN LA JUNTA GENERAL Y EN EL CONSEJO DE ADMINISTRACI\u00d3N DE LA SOCIEDAD MERCANTIL P\u00daBLICA \u201cGESTI\u00d3N DE SERVICIOS PARA LA SALUD Y SEGURIDAD EN CANARIAS, S.A.\u201d.<\/a><\/article>\n<article><a href=\"https:\/\/www.gsccanarias.com\/gsc\/wp-content\/uploads\/2023\/05\/Escritura-no-1.025-Ceses-y-Nombramientos-Miembros-Conj.-Adm.-GSC.pdf\"><img loading=\"lazy\" decoding=\"async\" class=\"alignnone wp-image-2703 \" src=\"https:\/\/www.gsccanarias.com\/gsc\/wp-content\/uploads\/2019\/03\/Division.png\" alt=\"\" width=\"9\" height=\"10\" \/><strong>19\/04\/2023<\/strong> ESCRITURA 1.025 CESES Y NOMBRAMIENTOS DE MIEMBROS DEL CONSEJO DE ADMINISTRACI\u00d3N DE GSC<\/a><\/article>\n<article><a href=\"https:\/\/www.gsccanarias.com\/gsc\/wp-content\/uploads\/2022\/06\/10022022-PROPUESTA-DE-ACUERDO-DE-RATIFICACION-DE-CESES-ASI-COMO-DE-CESE-Y-NOMBRAMIENTOS-DE-REPRESENTANTES.pdf\" target=\"_blank\" rel=\"noopener\"><strong><img loading=\"lazy\" decoding=\"async\" class=\"alignnone size-full wp-image-2703\" src=\"https:\/\/www.gsccanarias.com\/gsc\/wp-content\/uploads\/2019\/03\/Division.png\" alt=\"P\u00false para Ir a Curriculum Vitae\" width=\"9\" height=\"10\" \/>10\/02\/2022<\/strong><\/a><a href=\"https:\/\/www.gsccanarias.com\/gsc\/wp-content\/uploads\/2022\/06\/10022022-PROPUESTA-DE-ACUERDO-DE-RATIFICACION-DE-CESES-ASI-COMO-DE-CESE-Y-NOMBRAMIENTOS-DE-REPRESENTANTES.pdf\" target=\"_blank\" rel=\"noopener noreferrer\">PROPUESTA DE ACUERDO DE RATIFICACI\u00d3N DE CESES, AS\u00cd COMO DE CESE Y NOMBRAMIENTOS DE REPRESENTANTES DE LA ADMINISTRACI\u00d3N DE LA COMUNIDAD AUT\u00d3NOMA DE CANARIAS Y DE LAS ENTIDADES DE DERECHO P\u00daBLICO VINCULADAS O DEPENDIENTES EN EL CONSEJO DE ADMINISTRACI\u00d3N DE LA SOCIEDAD MERCANTIL P\u00daBLICA GESTI\u00d3N DE SERVICIOS PARA LA SALUD Y SEGURIDAD DE CANARIAS, S.A.<\/a><\/article>\n<article class=\"item-page\"><a href=\"https:\/\/www.gsccanarias.com\/gsc\/wp-content\/uploads\/2022\/03\/20210503_Escritura1024_renuncia_consejeros_gsc.pdf\" target=\"_blank\" rel=\"noopener\"><strong><img loading=\"lazy\" decoding=\"async\" class=\"alignnone size-full wp-image-2703\" src=\"https:\/\/www.gsccanarias.com\/gsc\/wp-content\/uploads\/2019\/03\/Division.png\" alt=\"P\u00false para Ir a Curriculum Vitae\" width=\"9\" height=\"10\" \/>03\/05\/2021\u00a0<\/strong>ELEVACI\u00d3N A P\u00daBLICO DE ACUERDOS SOCIALES DE LA ENTIDAD GESTI\u00d3N DE SERVICIOS PARA LA SALUD Y SEGURIDAD EN CANARIAS S.A. (Escrituras de Renuncia Consejeros)<\/a><strong><br \/>\n<\/strong><\/article>\n<article class=\"item-page\"><a href=\"https:\/\/www.gsccanarias.com\/gsc\/wp-content\/uploads\/2022\/03\/20210325_Designacion_Blas_Trujillo_miembro_Junta_general.pdf\" target=\"_blank\" rel=\"noopener\"><strong><img loading=\"lazy\" decoding=\"async\" class=\"alignnone size-full wp-image-2703\" src=\"https:\/\/www.gsccanarias.com\/gsc\/wp-content\/uploads\/2019\/03\/Division.png\" alt=\"P\u00false para Ir a Curriculum Vitae\" width=\"9\" height=\"10\" \/>25\/03\/2021<\/strong>\u00a0&#8211;\u00a0\u00a0<span class=\"fontstyle0\">PROPUESTA DE ACUERDO DE NOMBRAMIENTO DE REPRESENTANTE DE LA ADMINISTRACI\u00d3N DE LA COMUNIDAD AUT\u00d3NOMA DE CANARIAS Y DE LAS ENTIDADES DE DERECHO P\u00daBLICO VINCULADAS O DEPENDIENTES DE LA MISMA EN LA JUNTA GENERAL DE LA SOCIEDAD MERCANTIL P\u00daBLICA GESTI\u00d3N DE SERVICIOS PARA LA SALUD Y SEGURIDAD DE CANARIAS, S.A. (GSC).(CONSEJER\u00cdA DE HACIENDA, PRESUPUESTOS Y ASUNTOSEUROPEOS)<\/span><\/a><\/article>\n<article class=\"item-page\"><a href=\"https:\/\/www.gsccanarias.com\/gsc\/wp-content\/uploads\/2022\/03\/GSC_20200507_AcuerdodeCesesyNombramientos.pdf\" target=\"_blank\" rel=\"noopener\"><strong><img loading=\"lazy\" decoding=\"async\" class=\"alignnone size-full wp-image-2703\" src=\"https:\/\/www.gsccanarias.com\/gsc\/wp-content\/uploads\/2019\/03\/Division.png\" alt=\"P\u00false para Ir a Curriculum Vitae\" width=\"9\" height=\"10\" \/>07\/05\/2020<\/strong>\u00a0&#8211; PROPUESTA DE ACUERDO DE CESES Y NOMBRAMIENTOS DE REPRESENTANTES DE LA ADMINISTRACI\u00d3N DE LA COMUNIDAD AUT\u00d3NOMA DE CANARIAS Y DE LAS ENTIDADES DE DERECHO P\u00daBLICO VINCULADAS O DEPENDIENTES DE LA MISMA EN EL CONSEJO DE ADMINISTRACI\u00d3N DE LA SOCIEDAD MERCANTIL P\u00daBLICA GESTI\u00d3N DE SERVICIOS PARA LA SALUD Y SEGURIDAD EN CANARIAS, S.A.\u201d. (CONSEJER\u00cdA DE HACIENDA, PRESUPUESTOS Y ASUNTOS EUROPEOS)<\/a><\/article>\n<article class=\"item-page\"><a href=\"https:\/\/www.gsccanarias.com\/gsc\/wp-content\/uploads\/2022\/03\/GSC_20200326_DesignaciondeJulioPerezensustituciondeTeresaOval.pdf\" target=\"_blank\" rel=\"noopener\"><strong><img loading=\"lazy\" decoding=\"async\" class=\"alignnone size-full wp-image-2703\" src=\"https:\/\/www.gsccanarias.com\/gsc\/wp-content\/uploads\/2019\/03\/Division.png\" alt=\"P\u00false para Ir a Curriculum Vitae\" width=\"9\" height=\"10\" \/>26\/03\/2020<\/strong> &#8211; PROPUESTA DE ACUERDO DE CESES Y NOMBRAMIENTOS DE REPRESENTANTES DE LA ADMINISTRACI\u00d3N DE LA COMUNIDAD AUT\u00d3NOMA DE CANARIAS Y DE LAS ENTIDADES DE DERECHO P\u00daBLICO VINCULADAS O DEPENDIENTES DE LA MISMA EN LA JUNTA GENERAL Y EN EL CONSEJO DE ADMINISTRACI\u00d3N DE LA SOCIEDAD MERCANTIL P\u00daBLICA \u201cGESTI\u00d3N DE SERVICIOS PARA LA SALUD Y SEGURIDAD EN CANARIAS, S.A.\u201d. (CONSEJER\u00cdA DE HACIENDA, PRESUPUESTOS Y ASUNTOS EUROPEOS)<\/a><\/article>\n<\/div>\n<\/div>\n<\/div>\n<\/div>\n<\/div>\n<div id=\"footer-outer\">\n<div id=\"footer-sub\">\n<footer id=\"footer\">\n<div class=\"custom\"><\/div>\n<\/footer>\n<\/div>\n<\/div>\n<p>[\/vc_column_text][vc_empty_space height=\u00bb100px\u00bb][\/vc_column][\/vc_row]<\/p>\n<div class=\"print\"><span class=\"page_title\">P\u00e1gina: <span>Consejo de Administraci\u00f3n<\/span><\/span>\n\t\t\t\t\t\t\t\t\t\t\t<span class=\"page_title\">Fecha de impresi\u00f3n: <span>25\/04\/2026 - 14:53:49 UTC<\/span><\/span>\n\t\t\t\t\t\t\t\t\t\t\t<span class=\"stmp_trans_date\">\u00daltima actualizaci\u00f3n: <span>22\/04\/2026 - 10:09:54<\/span><\/span>\n\t\t\t\t\t\t\t\t\t\t\t<span class=\"stmp_trans_date\">Fecha publicaci\u00f3n: <span>21\/03\/2022 - 08:31:26<\/span><\/span>\n\t\t\t\t\t\t\t\t\t\t\t<span class=\"stmp_trans_date\">Fecha creaci\u00f3n: <span>21\/03\/2022 - 08:31:26<\/span><\/span><\/div>\n\t","protected":false},"excerpt":{"rendered":"<p>[vc_row css_animation=\u00bb\u00bb row_type=\u00bbrow\u00bb use_row_as_full_screen_section=\u00bbno\u00bb type=\u00bbgrid\u00bb angled_section=\u00bbno\u00bb text_align=\u00bbleft\u00bb background_image_as_pattern=\u00bbwithout_pattern\u00bb z_index=\u00bb\u00bb][vc_column width=\u00bb1\/3&#8243; offset=\u00bbvc_col-lg-3&#8243;][vc_empty_space height=\u00bb100px\u00bb][vc_column_text][\/vc_column_text][vc_empty_space height=\u00bb50px\u00bb][vc_widget_sidebar sidebar_id=\u00bbMenu transparencia\u00bb][\/vc_column][vc_column width=\u00bb2\/3&#8243; offset=\u00bbvc_col-lg-9&#8243;][vc_row_inner row_type=\u00bbrow\u00bb type=\u00bbfull_width\u00bb text_align=\u00bbleft\u00bb css_animation=\u00bb\u00bb][vc_column_inner offset=\u00bbvc_hidden-xs\u00bb][vc_empty_space height=\u00bb100px\u00bb][\/vc_column_inner][vc_column_inner offset=\u00bbvc_hidden-lg vc_hidden-md vc_hidden-sm\u00bb][vc_empty_space height=\u00bb50px\u00bb][\/vc_column_inner][\/vc_row_inner][vc_column_text]Presidenta: EXCMA. SRA. D\u00d1A. ESTHER MAR\u00cdA MONZ\u00d3N MONZ\u00d3N Consejera de Sanidad &nbsp; Vicepresidente: EXCMO. SR. D. Manuel Miranda Medina&#8230;<\/p>\n","protected":false},"author":1,"featured_media":0,"parent":1112,"menu_order":0,"comment_status":"closed","ping_status":"closed","template":"full_width.php","meta":{"footnotes":""},"class_list":["post-1118","page","type-page","status-publish","has-post-thumbnail","hentry"],"a3_pvc":{"activated":false,"total_views":0,"today_views":0},"publishpress_future_workflow_manual_trigger":{"enabledWorkflows":[]},"_links":{"self":[{"href":"https:\/\/www.gsccanarias.com\/gsc\/wp-json\/wp\/v2\/pages\/1118","targetHints":{"allow":["GET"]}}],"collection":[{"href":"https:\/\/www.gsccanarias.com\/gsc\/wp-json\/wp\/v2\/pages"}],"about":[{"href":"https:\/\/www.gsccanarias.com\/gsc\/wp-json\/wp\/v2\/types\/page"}],"author":[{"embeddable":true,"href":"https:\/\/www.gsccanarias.com\/gsc\/wp-json\/wp\/v2\/users\/1"}],"replies":[{"embeddable":true,"href":"https:\/\/www.gsccanarias.com\/gsc\/wp-json\/wp\/v2\/comments?post=1118"}],"version-history":[{"count":49,"href":"https:\/\/www.gsccanarias.com\/gsc\/wp-json\/wp\/v2\/pages\/1118\/revisions"}],"predecessor-version":[{"id":19000,"href":"https:\/\/www.gsccanarias.com\/gsc\/wp-json\/wp\/v2\/pages\/1118\/revisions\/19000"}],"up":[{"embeddable":true,"href":"https:\/\/www.gsccanarias.com\/gsc\/wp-json\/wp\/v2\/pages\/1112"}],"wp:attachment":[{"href":"https:\/\/www.gsccanarias.com\/gsc\/wp-json\/wp\/v2\/media?parent=1118"}],"curies":[{"name":"wp","href":"https:\/\/api.w.org\/{rel}","templated":true}]}}