{"id":1116,"date":"2022-03-21T08:31:08","date_gmt":"2022-03-21T08:31:08","guid":{"rendered":"https:\/\/www.gsccanarias.com\/gsc\/?page_id=1116"},"modified":"2025-03-13T12:02:50","modified_gmt":"2025-03-13T12:02:50","slug":"equipo-directivo","status":"publish","type":"page","link":"https:\/\/www.gsccanarias.com\/gsc\/transparencia\/estructura-organica\/equipo-directivo\/","title":{"rendered":"Equipo Directivo"},"content":{"rendered":"<p>[vc_row css_animation=\u00bb\u00bb row_type=\u00bbrow\u00bb use_row_as_full_screen_section=\u00bbno\u00bb type=\u00bbgrid\u00bb angled_section=\u00bbno\u00bb text_align=\u00bbleft\u00bb background_image_as_pattern=\u00bbwithout_pattern\u00bb z_index=\u00bb\u00bb][vc_column width=\u00bb1\/3&#8243; offset=\u00bbvc_col-lg-3&#8243;][vc_empty_space height=\u00bb100px\u00bb][vc_column_text][\/vc_column_text][vc_empty_space height=\u00bb50px\u00bb][vc_widget_sidebar sidebar_id=\u00bbMenu transparencia\u00bb][\/vc_column][vc_column width=\u00bb2\/3&#8243; offset=\u00bbvc_col-lg-9&#8243;][vc_row_inner row_type=\u00bbrow\u00bb type=\u00bbfull_width\u00bb text_align=\u00bbleft\u00bb css_animation=\u00bb\u00bb][vc_column_inner offset=\u00bbvc_hidden-xs\u00bb][vc_empty_space height=\u00bb100px\u00bb][\/vc_column_inner][vc_column_inner offset=\u00bbvc_hidden-lg vc_hidden-md vc_hidden-sm\u00bb][vc_empty_space height=\u00bb50px\u00bb][\/vc_column_inner][\/vc_row_inner][vc_column_text]<\/p>\n<p align=\"justify\"><strong>Direcci\u00f3n Gerencia<br \/>\n<\/strong> <a href=\"https:\/\/www.gsccanarias.com\/gsc\/curriculum-vitae-luis-cabrera-pena\/\">Luis Cabrera Pe\u00f1a<\/a><\/p>\n<p>La Direcci\u00f3n Gerencia tiene adscritas\u00a0cuatro unidades que se encargan de dar soporte a todas las divisiones de la empresa: Unidad de Gesti\u00f3n Administrativa; Unidad de Comunicaci\u00f3n y Atenci\u00f3n Personalizada; Unidad de Tecnolog\u00eda de la Informaci\u00f3n y la Comunicaci\u00f3n; Unidad de Seguridad y Prevenci\u00f3n.<\/p>\n<ul>\n<li>Sede regional (ubicaci\u00f3n en Santa Cruz de Tenerife y Las Palmas de Gran Canaria)<\/li>\n<\/ul>\n<p>&nbsp;<\/p>\n<p><strong>Divisi\u00f3n Centro Coordinador de Emergencias y Seguridad (CECOES) 1-1-2<\/strong><\/p>\n<p><a href=\"https:\/\/www.gsccanarias.com\/gsc\/curriculum-vitae-moises-sanchez\/\"><img loading=\"lazy\" decoding=\"async\" class=\"alignnone size-full wp-image-2703\" src=\"https:\/\/www.gsccanarias.com\/gsc\/wp-content\/uploads\/2019\/03\/Division.png\" alt=\"P\u00false para Ir a Curriculum Vitae\" width=\"9\" height=\"10\" \/> \u00a0Mois\u00e9s S\u00e1nchez Arrocha<\/a><\/p>\n<p>Dirige el\u00a0Centro Coordinador de Emergencias y Seguridad CECOES 1-1-2, un servicio p\u00fablico que da respuesta a todas las llamadas de emergencia que se producen en las islas llamando gratuitamente al 1-1-2, lo que permite que cualquier alerta, ya sea sanitaria, de seguridad, de salvamento, extinci\u00f3n o rescate, pueda ser gestionada de una forma integral.<\/p>\n<ul>\n<li>Sede regional (ubicaci\u00f3n Santa Cruz de Tenerife y Las Palmas de Gran Canaria)<\/li>\n<\/ul>\n<p>&nbsp;<\/p>\n<p><strong>Divisi\u00f3n del Servicio de Urgencias Canario (SUC)<\/strong><\/p>\n<p><img loading=\"lazy\" decoding=\"async\" class=\"alignnone size-full wp-image-2703\" src=\"https:\/\/www.gsccanarias.com\/gsc\/wp-content\/uploads\/2019\/03\/Division.png\" alt=\"P\u00false para Ir a Curriculum Vitae\" width=\"9\" height=\"10\" \/>\u00a0 <a href=\"https:\/\/www.gsccanarias.com\/gsc\/curriculum-vitae-maria-noemi-gonzalez-quintana\/\" target=\"_blank\" rel=\"noopener\">Mar\u00eda Noem\u00ed Gonz\u00e1lez Quintana<\/a><\/p>\n<p>Dirige la asistencia prehospitalaria y el transporte sanitario urgente en las Islas. Tambi\u00e9n tiene encomendados los servicios de transporte sanitario no urgente (programado y diferido).<\/p>\n<p><strong>\u00a0<\/strong><\/p>\n<p><strong>Divisi\u00f3n Econ\u00f3mica, Control\u00a0 y de Servicios Generales\u00a0<\/strong><\/p>\n<p><img loading=\"lazy\" decoding=\"async\" class=\"alignnone size-full wp-image-2703\" src=\"https:\/\/www.gsccanarias.com\/gsc\/wp-content\/uploads\/2019\/03\/Division.png\" alt=\"P\u00false para Ir a Curriculum Vitae\" width=\"9\" height=\"10\" \/> <a href=\"https:\/\/www.gsccanarias.com\/gsc\/curriculum-vitae-francisco-rodriguez-millan\/\">Francisco Rodr\u00edguez Mill\u00e1n<\/a><\/p>\n<p align=\"justify\">Bajo su direcci\u00f3n se centra la gesti\u00f3n de tres grandes \u00e1reas: Econ\u00f3mica y Financiera, Control de Gesti\u00f3n y Compras y Recaudaci\u00f3n Facturaci\u00f3n.<\/p>\n<ul>\n<li>Sede regional (ubicaci\u00f3n Las Palmas de Gran Canaria)<\/li>\n<\/ul>\n<p>&nbsp;<\/p>\n<p><strong>Divisi\u00f3n\u00a0Recursos Humanos y Relaciones Laborales<\/strong><\/p>\n<p><a href=\"https:\/\/www.gsccanarias.com\/gsc\/curriculum-vitae-leon-padilla-ruiz\/\"><img loading=\"lazy\" decoding=\"async\" class=\"alignnone size-full wp-image-2703\" src=\"https:\/\/www.gsccanarias.com\/gsc\/wp-content\/uploads\/2019\/03\/Division.png\" alt=\"P\u00false para Ir a Curriculum Vitae\" width=\"9\" height=\"10\" \/><\/a> Luis Cabrera Pe\u00f1a<\/p>\n<p align=\"justify\">Bajo su direcci\u00f3n se centra la gesti\u00f3n de la Unidad de Recursos Humanos y Relaciones Laborales y Prevenci\u00f3n.<\/p>\n<ul>\n<li>Sede regional (Santa Cruz de Tenerife y Las Palmas de Gran Canaria)<\/li>\n<\/ul>\n<p><strong><img loading=\"lazy\" decoding=\"async\" class=\"alignnone wp-image-160\" src=\"https:\/\/www.gsccanarias.com\/gsc\/wp-content\/uploads\/2022\/01\/icono_Localizacion.svg\" alt=\"\" width=\"28\" height=\"37\" \/><\/strong><\/p>\n<p><strong>Tenerife: <\/strong><\/p>\n<p>Carretera de La Esperanza, N\u00ba 10.<\/p>\n<p>38291 San Crist\u00f3bal de La Laguna<\/p>\n<p><strong><img decoding=\"async\" class=\"alignnone size-medium wp-image-161\" src=\"https:\/\/www.gsccanarias.com\/gsc\/wp-content\/uploads\/2022\/01\/icono_Telefono.svg\" alt=\"\" width=\"26px\" height=\"1\" \/><\/strong><\/p>\n<p>Tel\u00e9fono: 922 238 600<br \/>\nFax: 922 249 392<\/p>\n<p>&nbsp;<\/p>\n<p><strong><img loading=\"lazy\" decoding=\"async\" class=\"alignnone wp-image-160\" src=\"https:\/\/www.gsccanarias.com\/gsc\/wp-content\/uploads\/2022\/01\/icono_Localizacion.svg\" alt=\"\" width=\"28\" height=\"37\" \/><\/strong><\/p>\n<p><strong>Gran Canaria: <\/strong><\/p>\n<p>C\/ Real del Castillo, 152. Quinta Planta.<\/p>\n<p>Hospital Juan Carlos I. Ala Centro.<\/p>\n<p>35014 Las Palmas de Gran Canaria<\/p>\n<p><strong><img decoding=\"async\" class=\"alignnone size-medium wp-image-161\" src=\"https:\/\/www.gsccanarias.com\/gsc\/wp-content\/uploads\/2022\/01\/icono_Telefono.svg\" alt=\"\" width=\"26px\" height=\"1\" \/><\/strong><\/p>\n<p>Tel\u00e9fono: 928 498 600<br \/>\nFax: 928 274 274[\/vc_column_text][vc_empty_space height=\u00bb100px\u00bb][\/vc_column][\/vc_row]<\/p>\n<div class=\"print\"><span class=\"page_title\">P\u00e1gina: <span>Equipo Directivo<\/span><\/span>\n\t\t\t\t\t\t\t\t\t\t\t<span class=\"page_title\">Fecha de impresi\u00f3n: <span>17\/04\/2026 - 02:19:38 UTC<\/span><\/span>\n\t\t\t\t\t\t\t\t\t\t\t<span class=\"stmp_trans_date\">\u00daltima actualizaci\u00f3n: <span>13\/03\/2025 - 12:02:50<\/span><\/span>\n\t\t\t\t\t\t\t\t\t\t\t<span class=\"stmp_trans_date\">Fecha publicaci\u00f3n: <span>21\/03\/2022 - 08:31:08<\/span><\/span>\n\t\t\t\t\t\t\t\t\t\t\t<span class=\"stmp_trans_date\">Fecha creaci\u00f3n: <span>21\/03\/2022 - 08:31:08<\/span><\/span><\/div>\n\t","protected":false},"excerpt":{"rendered":"<p>[vc_row css_animation=\u00bb\u00bb row_type=\u00bbrow\u00bb use_row_as_full_screen_section=\u00bbno\u00bb type=\u00bbgrid\u00bb angled_section=\u00bbno\u00bb text_align=\u00bbleft\u00bb background_image_as_pattern=\u00bbwithout_pattern\u00bb z_index=\u00bb\u00bb][vc_column width=\u00bb1\/3&#8243; offset=\u00bbvc_col-lg-3&#8243;][vc_empty_space height=\u00bb100px\u00bb][vc_column_text][\/vc_column_text][vc_empty_space height=\u00bb50px\u00bb][vc_widget_sidebar sidebar_id=\u00bbMenu transparencia\u00bb][\/vc_column][vc_column width=\u00bb2\/3&#8243; offset=\u00bbvc_col-lg-9&#8243;][vc_row_inner row_type=\u00bbrow\u00bb type=\u00bbfull_width\u00bb text_align=\u00bbleft\u00bb css_animation=\u00bb\u00bb][vc_column_inner offset=\u00bbvc_hidden-xs\u00bb][vc_empty_space height=\u00bb100px\u00bb][\/vc_column_inner][vc_column_inner offset=\u00bbvc_hidden-lg vc_hidden-md vc_hidden-sm\u00bb][vc_empty_space height=\u00bb50px\u00bb][\/vc_column_inner][\/vc_row_inner][vc_column_text] Direcci\u00f3n Gerencia Luis Cabrera Pe\u00f1a La Direcci\u00f3n Gerencia tiene adscritas\u00a0cuatro unidades que se encargan de dar soporte a&#8230;<\/p>\n","protected":false},"author":1,"featured_media":0,"parent":1112,"menu_order":0,"comment_status":"closed","ping_status":"closed","template":"full_width.php","meta":{"footnotes":""},"class_list":["post-1116","page","type-page","status-publish","has-post-thumbnail","hentry"],"publishpress_future_workflow_manual_trigger":{"enabledWorkflows":[]},"_links":{"self":[{"href":"https:\/\/www.gsccanarias.com\/gsc\/wp-json\/wp\/v2\/pages\/1116","targetHints":{"allow":["GET"]}}],"collection":[{"href":"https:\/\/www.gsccanarias.com\/gsc\/wp-json\/wp\/v2\/pages"}],"about":[{"href":"https:\/\/www.gsccanarias.com\/gsc\/wp-json\/wp\/v2\/types\/page"}],"author":[{"embeddable":true,"href":"https:\/\/www.gsccanarias.com\/gsc\/wp-json\/wp\/v2\/users\/1"}],"replies":[{"embeddable":true,"href":"https:\/\/www.gsccanarias.com\/gsc\/wp-json\/wp\/v2\/comments?post=1116"}],"version-history":[{"count":58,"href":"https:\/\/www.gsccanarias.com\/gsc\/wp-json\/wp\/v2\/pages\/1116\/revisions"}],"predecessor-version":[{"id":16396,"href":"https:\/\/www.gsccanarias.com\/gsc\/wp-json\/wp\/v2\/pages\/1116\/revisions\/16396"}],"up":[{"embeddable":true,"href":"https:\/\/www.gsccanarias.com\/gsc\/wp-json\/wp\/v2\/pages\/1112"}],"wp:attachment":[{"href":"https:\/\/www.gsccanarias.com\/gsc\/wp-json\/wp\/v2\/media?parent=1116"}],"curies":[{"name":"wp","href":"https:\/\/api.w.org\/{rel}","templated":true}]}}