{"id":1085,"date":"2022-03-07T10:32:01","date_gmt":"2022-03-07T10:32:01","guid":{"rendered":"https:\/\/www.gsccanarias.com\/gsc\/?page_id=1085"},"modified":"2022-07-01T08:30:13","modified_gmt":"2022-07-01T08:30:13","slug":"jornadas","status":"publish","type":"page","link":"https:\/\/www.gsccanarias.com\/gsc\/jornadas\/","title":{"rendered":"Jornadas"},"content":{"rendered":"<p>[vc_row css_animation=\u00bb\u00bb row_type=\u00bbrow\u00bb use_row_as_full_screen_section=\u00bbno\u00bb type=\u00bbfull_width\u00bb angled_section=\u00bbno\u00bb text_align=\u00bbleft\u00bb background_image_as_pattern=\u00bbwithout_pattern\u00bb][vc_column][vc_empty_space height=\u00bb100px\u00bb][vc_column_text]La empresa p\u00fablica GSC organiza congresos y jornadas en el \u00e1mbito de la seguridad y las emergencias, a trav\u00e9s de sus principales servicios: CECOES 1-1-2 y SUC.<\/p>\n<p>En este sentido, el Centro Coordinador de Emergencias y Seguridad (CECOES) 1-1-2 promueve encuentros sobre tecnolog\u00eda y su aplicaci\u00f3n en el \u00e1mbito de las nuevas emergencias y la transformaci\u00f3n digital. En sus siete ediciones ha conseguido citar en Canarias a ponentes de reconocido prestigio para compartir experiencias y contribuir a crear un entorno m\u00e1s seguro en los centros de coordinaci\u00f3n y ofrecer unos servicios punteros, modernos y accesibles, para todos los ciudadanos.[\/vc_column_text][vc_empty_space height=\u00bb20px\u00bb]<a  itemprop=\"url\" href=\"https:\/\/www.112canarias.com\/112\/divulgacion\/congresos-y-jornadas\/\" target=\"_self\"  class=\"qbutton  default\" style=\"\">M\u00e1s informaci\u00f3n<\/a>[vc_empty_space height=\u00bb50px\u00bb][\/vc_column][\/vc_row][vc_row css_animation=\u00bb\u00bb row_type=\u00bbrow\u00bb use_row_as_full_screen_section=\u00bbno\u00bb type=\u00bbfull_width\u00bb angled_section=\u00bbno\u00bb text_align=\u00bbleft\u00bb background_image_as_pattern=\u00bbwithout_pattern\u00bb][vc_column][vc_column_text]Por su parte, el Servicio de Urgencias Canario (SUC) divulga su participaci\u00f3n en proyectos europeos, cofinanciados con Fondos FEDER, de asistencia sanitaria en situaciones de cat\u00e1strofes, como son: La deslocalizaci\u00f3n de la Asistencia M\u00e9dica en urgencias en situaciones de cat\u00e1strofe (DEMA);\u00a0 Innovaci\u00f3n y Nuevas Tecnolog\u00edas aplicadas a la Medicina de Urgencias y Emergencias (INUTECMED); Plan de Emergencia Sanitaria en caso de Cat\u00e1strofe en la Macaronesia (PLESCAMAC) y Red Euroafricana de Emergencia Sanitaria (REACT).[\/vc_column_text][vc_empty_space height=\u00bb20px\u00bb]<a  itemprop=\"url\" href=\"https:\/\/www.succanarias.com\/suc\/actividad\/#proyectos-europeos\" target=\"_self\"  class=\"qbutton  default\" style=\"\">M\u00e1s informaci\u00f3n<\/a>[vc_empty_space height=\u00bb100px\u00bb][\/vc_column][\/vc_row]<\/p>\n<div class=\"print\"><span class=\"page_title\">P\u00e1gina: <span>Jornadas<\/span><\/span>\n\t\t\t\t\t\t\t\t\t\t\t<span class=\"page_title\">Fecha de impresi\u00f3n: <span>12\/04\/2026 - 09:39:56 UTC<\/span><\/span>\n\t\t\t\t\t\t\t\t\t\t\t<span class=\"stmp_trans_date\">\u00daltima actualizaci\u00f3n: <span>01\/07\/2022 - 08:30:13<\/span><\/span>\n\t\t\t\t\t\t\t\t\t\t\t<span class=\"stmp_trans_date\">Fecha publicaci\u00f3n: <span>07\/03\/2022 - 10:32:01<\/span><\/span>\n\t\t\t\t\t\t\t\t\t\t\t<span class=\"stmp_trans_date\">Fecha creaci\u00f3n: <span>07\/03\/2022 - 10:32:01<\/span><\/span><\/div>\n\t","protected":false},"excerpt":{"rendered":"<p>[vc_row css_animation=\u00bb\u00bb row_type=\u00bbrow\u00bb use_row_as_full_screen_section=\u00bbno\u00bb type=\u00bbfull_width\u00bb angled_section=\u00bbno\u00bb text_align=\u00bbleft\u00bb background_image_as_pattern=\u00bbwithout_pattern\u00bb][vc_column][vc_empty_space height=\u00bb100px\u00bb][vc_column_text]La empresa p\u00fablica GSC organiza congresos y jornadas en el \u00e1mbito de la seguridad y las emergencias, a trav\u00e9s de sus principales servicios: CECOES 1-1-2 y SUC. En este sentido, el Centro Coordinador de Emergencias y Seguridad&#8230;<\/p>\n","protected":false},"author":1,"featured_media":0,"parent":0,"menu_order":0,"comment_status":"closed","ping_status":"closed","template":"","meta":{"footnotes":""},"class_list":["post-1085","page","type-page","status-publish","has-post-thumbnail","hentry"],"publishpress_future_workflow_manual_trigger":{"enabledWorkflows":[]},"_links":{"self":[{"href":"https:\/\/www.gsccanarias.com\/gsc\/wp-json\/wp\/v2\/pages\/1085","targetHints":{"allow":["GET"]}}],"collection":[{"href":"https:\/\/www.gsccanarias.com\/gsc\/wp-json\/wp\/v2\/pages"}],"about":[{"href":"https:\/\/www.gsccanarias.com\/gsc\/wp-json\/wp\/v2\/types\/page"}],"author":[{"embeddable":true,"href":"https:\/\/www.gsccanarias.com\/gsc\/wp-json\/wp\/v2\/users\/1"}],"replies":[{"embeddable":true,"href":"https:\/\/www.gsccanarias.com\/gsc\/wp-json\/wp\/v2\/comments?post=1085"}],"version-history":[{"count":6,"href":"https:\/\/www.gsccanarias.com\/gsc\/wp-json\/wp\/v2\/pages\/1085\/revisions"}],"predecessor-version":[{"id":12360,"href":"https:\/\/www.gsccanarias.com\/gsc\/wp-json\/wp\/v2\/pages\/1085\/revisions\/12360"}],"wp:attachment":[{"href":"https:\/\/www.gsccanarias.com\/gsc\/wp-json\/wp\/v2\/media?parent=1085"}],"curies":[{"name":"wp","href":"https:\/\/api.w.org\/{rel}","templated":true}]}}